{"id":5,"date":"2025-10-16T15:22:27","date_gmt":"2025-10-16T13:22:27","guid":{"rendered":"https:\/\/www.chu-tours.fr\/neurochirurgie\/?page_id=5"},"modified":"2026-02-23T11:10:03","modified_gmt":"2026-02-23T10:10:03","slug":"presentation-du-service-de-neurochirurgie","status":"publish","type":"page","link":"https:\/\/www.chu-tours.fr\/neurochirurgie\/","title":{"rendered":"Pr\u00e9sentation du service de Neurochirurgie"},"content":{"rendered":"\t\t<div data-elementor-type=\"wp-page\" data-elementor-id=\"5\" class=\"elementor elementor-5\" data-elementor-post-type=\"page\">\n\t\t\t\t<div class=\"elementor-element elementor-element-dbab9b6 e-con-full e-flex e-con e-parent\" data-id=\"dbab9b6\" data-element_type=\"container\">\n\t\t\t\t<div class=\"elementor-element elementor-element-d3dc147 elementor-widget elementor-widget-heading\" data-id=\"d3dc147\" data-element_type=\"widget\" data-widget_type=\"heading.default\">\n\t\t\t\t<div class=\"elementor-widget-container\">\n\t\t\t<style>\/*! elementor - v3.23.0 - 15-07-2024 *\/\n.elementor-heading-title{padding:0;margin:0;line-height:1}.elementor-widget-heading .elementor-heading-title[class*=elementor-size-]>a{color:inherit;font-size:inherit;line-height:inherit}.elementor-widget-heading .elementor-heading-title.elementor-size-small{font-size:15px}.elementor-widget-heading .elementor-heading-title.elementor-size-medium{font-size:19px}.elementor-widget-heading .elementor-heading-title.elementor-size-large{font-size:29px}.elementor-widget-heading .elementor-heading-title.elementor-size-xl{font-size:39px}.elementor-widget-heading .elementor-heading-title.elementor-size-xxl{font-size:59px}<\/style><h2 class=\"elementor-heading-title elementor-size-default\">Service de Neurochirurgie<\/h2>\t\t<\/div>\n\t\t\t\t<\/div>\n\t\t\t\t<div class=\"elementor-element elementor-element-7f27011 elementor-widget elementor-widget-image\" data-id=\"7f27011\" data-element_type=\"widget\" data-widget_type=\"image.default\">\n\t\t\t\t<div class=\"elementor-widget-container\">\n\t\t\t<style>\/*! elementor - v3.23.0 - 15-07-2024 *\/\n.elementor-widget-image{text-align:center}.elementor-widget-image a{display:inline-block}.elementor-widget-image a img[src$=\".svg\"]{width:48px}.elementor-widget-image img{vertical-align:middle;display:inline-block}<\/style>\t\t\t\t\t\t\t\t\t\t<img fetchpriority=\"high\" decoding=\"async\" width=\"960\" height=\"620\" src=\"https:\/\/www.chu-tours.fr\/neurochirurgie\/wp-content\/uploads\/sites\/18\/2026\/02\/accueil-neurochir.jpg\" class=\"attachment-full size-full wp-image-496\" alt=\"accueil Neurochirurgie, image d&#039;une intervention\" srcset=\"https:\/\/www.chu-tours.fr\/neurochirurgie\/wp-content\/uploads\/sites\/18\/2026\/02\/accueil-neurochir.jpg 960w, https:\/\/www.chu-tours.fr\/neurochirurgie\/wp-content\/uploads\/sites\/18\/2026\/02\/accueil-neurochir-300x194.jpg 300w, https:\/\/www.chu-tours.fr\/neurochirurgie\/wp-content\/uploads\/sites\/18\/2026\/02\/accueil-neurochir-768x496.jpg 768w\" sizes=\"(max-width: 960px) 100vw, 960px\" \/>\t\t\t\t\t\t\t\t\t\t\t\t\t<\/div>\n\t\t\t\t<\/div>\n\t\t\t\t<div class=\"elementor-element elementor-element-bf53476 elementor-widget elementor-widget-text-editor\" data-id=\"bf53476\" data-element_type=\"widget\" data-widget_type=\"text-editor.default\">\n\t\t\t\t<div class=\"elementor-widget-container\">\n\t\t\t<style>\/*! elementor - v3.23.0 - 15-07-2024 *\/\n.elementor-widget-text-editor.elementor-drop-cap-view-stacked .elementor-drop-cap{background-color:#69727d;color:#fff}.elementor-widget-text-editor.elementor-drop-cap-view-framed .elementor-drop-cap{color:#69727d;border:3px solid;background-color:transparent}.elementor-widget-text-editor:not(.elementor-drop-cap-view-default) .elementor-drop-cap{margin-top:8px}.elementor-widget-text-editor:not(.elementor-drop-cap-view-default) .elementor-drop-cap-letter{width:1em;height:1em}.elementor-widget-text-editor .elementor-drop-cap{float:left;text-align:center;line-height:1;font-size:50px}.elementor-widget-text-editor .elementor-drop-cap-letter{display:inline-block}<\/style>\t\t\t\t<p style=\"text-align: justify;\"><span style=\"font-size: 14pt;\">L\u2019\u00e9quipe de neurochirurgie est compos\u00e9e de <b>8 neurochirurgiens <\/b>dont <strong>2 neurochirurgiens p\u00e9diatriques<\/strong> et de <strong>6 internes de neurochirurgie<\/strong> assurant la permanence des soins sur les trois h\u00f4pitaux (Bretonneau, Clocheville et Trousseau).<\/span><\/p><p style=\"text-align: justify;\"><span style=\"font-size: 14pt;\">Le service est compos\u00e9 de :<\/span><\/p>\t\t\t\t\t\t<\/div>\n\t\t\t\t<\/div>\n\t\t<div class=\"elementor-element elementor-element-8feceae e-con-full e-flex e-con e-child\" data-id=\"8feceae\" data-element_type=\"container\" data-settings=\"{&quot;background_background&quot;:&quot;classic&quot;}\">\n\t\t<div class=\"elementor-element elementor-element-047c900 e-con-full e-flex e-con e-child\" data-id=\"047c900\" data-element_type=\"container\">\n\t\t\t\t<div class=\"elementor-element elementor-element-2ae1987 elementor-widget elementor-widget-counter\" data-id=\"2ae1987\" data-element_type=\"widget\" data-widget_type=\"counter.default\">\n\t\t\t\t<div class=\"elementor-widget-container\">\n\t\t\t<style>\/*! elementor - v3.23.0 - 15-07-2024 *\/\n.elementor-counter{display:flex;justify-content:center;align-items:stretch;flex-direction:column-reverse}.elementor-counter .elementor-counter-number{flex-grow:var(--counter-number-grow,0)}.elementor-counter .elementor-counter-number-wrapper{flex:1;display:flex;font-size:69px;font-weight:600;line-height:1;text-align:center}.elementor-counter .elementor-counter-number-prefix{text-align:end;flex-grow:var(--counter-prefix-grow,1);white-space:pre-wrap}.elementor-counter .elementor-counter-number-suffix{text-align:start;flex-grow:var(--counter-suffix-grow,1);white-space:pre-wrap}.elementor-counter .elementor-counter-title{flex:1;display:flex;justify-content:center;align-items:center;margin:0;padding:0;font-size:19px;font-weight:400;line-height:2.5}<\/style>\t\t<div class=\"elementor-counter\">\n\t\t\t\t\t\t<div class=\"elementor-counter-number-wrapper\">\n\t\t\t\t<span class=\"elementor-counter-number-prefix\"><\/span>\n\t\t\t\t<span class=\"elementor-counter-number\" data-duration=\"2000\" data-to-value=\"30\" data-from-value=\"0\" data-delimiter=\",\">0<\/span>\n\t\t\t\t<span class=\"elementor-counter-number-suffix\"><\/span>\n\t\t\t<\/div>\n\t\t<\/div>\n\t\t\t\t<\/div>\n\t\t\t\t<\/div>\n\t\t\t\t<div class=\"elementor-element elementor-element-547f050 elementor-widget elementor-widget-text-editor\" data-id=\"547f050\" data-element_type=\"widget\" data-widget_type=\"text-editor.default\">\n\t\t\t\t<div class=\"elementor-widget-container\">\n\t\t\t\t\t\t\t<p>\u00a0lits d\u2019hospitalisation conventionnelle<\/p>\t\t\t\t\t\t<\/div>\n\t\t\t\t<\/div>\n\t\t\t\t<\/div>\n\t\t<div class=\"elementor-element elementor-element-12e3fc6 e-con-full e-flex e-con e-child\" data-id=\"12e3fc6\" data-element_type=\"container\">\n\t\t\t\t<div class=\"elementor-element elementor-element-55da8d1 elementor-widget elementor-widget-counter\" data-id=\"55da8d1\" data-element_type=\"widget\" data-widget_type=\"counter.default\">\n\t\t\t\t<div class=\"elementor-widget-container\">\n\t\t\t\t\t<div class=\"elementor-counter\">\n\t\t\t\t\t\t<div class=\"elementor-counter-number-wrapper\">\n\t\t\t\t<span class=\"elementor-counter-number-prefix\"><\/span>\n\t\t\t\t<span class=\"elementor-counter-number\" data-duration=\"2000\" data-to-value=\"12\" data-from-value=\"0\" data-delimiter=\",\">0<\/span>\n\t\t\t\t<span class=\"elementor-counter-number-suffix\"><\/span>\n\t\t\t<\/div>\n\t\t<\/div>\n\t\t\t\t<\/div>\n\t\t\t\t<\/div>\n\t\t\t\t<div class=\"elementor-element elementor-element-24629cc elementor-widget elementor-widget-text-editor\" data-id=\"24629cc\" data-element_type=\"widget\" data-widget_type=\"text-editor.default\">\n\t\t\t\t<div class=\"elementor-widget-container\">\n\t\t\t\t\t\t\t<p style=\"text-align: center;\">lits d\u2019unit\u00e9s de soins continus neurochirurgicaux<\/p>\t\t\t\t\t\t<\/div>\n\t\t\t\t<\/div>\n\t\t\t\t<\/div>\n\t\t<div class=\"elementor-element elementor-element-853281d e-con-full e-flex e-con e-child\" data-id=\"853281d\" data-element_type=\"container\">\n\t\t\t\t<div class=\"elementor-element elementor-element-c41bf64 elementor-widget elementor-widget-counter\" data-id=\"c41bf64\" data-element_type=\"widget\" data-widget_type=\"counter.default\">\n\t\t\t\t<div class=\"elementor-widget-container\">\n\t\t\t\t\t<div class=\"elementor-counter\">\n\t\t\t\t\t\t<div class=\"elementor-counter-number-wrapper\">\n\t\t\t\t<span class=\"elementor-counter-number-prefix\"><\/span>\n\t\t\t\t<span class=\"elementor-counter-number\" data-duration=\"2000\" data-to-value=\"8\" data-from-value=\"0\" data-delimiter=\",\">0<\/span>\n\t\t\t\t<span class=\"elementor-counter-number-suffix\"><\/span>\n\t\t\t<\/div>\n\t\t<\/div>\n\t\t\t\t<\/div>\n\t\t\t\t<\/div>\n\t\t\t\t<div class=\"elementor-element elementor-element-ec04d35 elementor-widget elementor-widget-text-editor\" data-id=\"ec04d35\" data-element_type=\"widget\" data-widget_type=\"text-editor.default\">\n\t\t\t\t<div class=\"elementor-widget-container\">\n\t\t\t\t\t\t\t<p style=\"text-align: center;\">lits de r\u00e9animation neurochirurgicale situ\u00e9s \u00e0 l\u2019h\u00f4pital Bretonneau<\/p>\t\t\t\t\t\t<\/div>\n\t\t\t\t<\/div>\n\t\t\t\t<\/div>\n\t\t\t\t<\/div>\n\t\t\t\t<div class=\"elementor-element elementor-element-6f255aa elementor-widget elementor-widget-text-editor\" data-id=\"6f255aa\" data-element_type=\"widget\" data-widget_type=\"text-editor.default\">\n\t\t\t\t<div class=\"elementor-widget-container\">\n\t\t\t\t\t\t\t<p style=\"text-align: justify;\"><strong><span style=\"font-size: 14pt;\">Nous prenons en charge aussi bien les pathologies cr\u00e2niennes (tumorales, vasculaires, hydroc\u00e9phalie, traumatiques) que rachidiennes (d\u00e9g\u00e9n\u00e9ratives, d\u00e9formatives ou traumatiques).<\/span><\/strong><\/p><p style=\"text-align: justify;\"><span style=\"font-size: 14pt;\">Au total plus de <strong>1600<\/strong> patients ont \u00e9t\u00e9 pris en charge au bloc op\u00e9ratoire en 2024 avec plus de <strong>2600<\/strong> hospitalisations et <strong>7000<\/strong> consultations.<\/span><\/p>\t\t\t\t\t\t<\/div>\n\t\t\t\t<\/div>\n\t\t\t\t<\/div>\n\t\t<div class=\"elementor-element elementor-element-bd62fd0 e-flex e-con-boxed e-con e-parent\" data-id=\"bd62fd0\" data-element_type=\"container\">\n\t\t\t\t\t<div class=\"e-con-inner\">\n\t\t\t\t<div class=\"elementor-element elementor-element-19059f8 elementor-view-framed elementor-shape-circle elementor-position-top elementor-mobile-position-top elementor-widget elementor-widget-icon-box\" data-id=\"19059f8\" data-element_type=\"widget\" data-widget_type=\"icon-box.default\">\n\t\t\t\t<div class=\"elementor-widget-container\">\n\t\t\t<link rel=\"stylesheet\" href=\"https:\/\/www.chu-tours.fr\/neurochirurgie\/wp-content\/plugins\/elementor\/assets\/css\/widget-icon-box.min.css\">\t\t<div class=\"elementor-icon-box-wrapper\">\n\n\t\t\t\t\t\t<div class=\"elementor-icon-box-icon\">\n\t\t\t\t<a href=\"\/neurochirurgie\/nous-contacter\/\" class=\"elementor-icon elementor-animation-\" tabindex=\"-1\">\n\t\t\t\t<svg aria-hidden=\"true\" class=\"e-font-icon-svg e-fas-info\" viewBox=\"0 0 192 512\" xmlns=\"http:\/\/www.w3.org\/2000\/svg\"><path d=\"M20 424.229h20V279.771H20c-11.046 0-20-8.954-20-20V212c0-11.046 8.954-20 20-20h112c11.046 0 20 8.954 20 20v212.229h20c11.046 0 20 8.954 20 20V492c0 11.046-8.954 20-20 20H20c-11.046 0-20-8.954-20-20v-47.771c0-11.046 8.954-20 20-20zM96 0C56.235 0 24 32.235 24 72s32.235 72 72 72 72-32.235 72-72S135.764 0 96 0z\"><\/path><\/svg>\t\t\t\t<\/a>\n\t\t\t<\/div>\n\t\t\t\n\t\t\t\t\t\t<div class=\"elementor-icon-box-content\">\n\n\t\t\t\t\t\t\t\t\t<h3 class=\"elementor-icon-box-title\">\n\t\t\t\t\t\t<a href=\"\/neurochirurgie\/nous-contacter\/\" >\n\t\t\t\t\t\t\tContact\t\t\t\t\t\t<\/a>\n\t\t\t\t\t<\/h3>\n\t\t\t\t\n\t\t\t\t\n\t\t\t<\/div>\n\t\t\t\n\t\t<\/div>\n\t\t\t\t<\/div>\n\t\t\t\t<\/div>\n\t\t\t\t\t<\/div>\n\t\t\t\t<\/div>\n\t\t\t\t<\/div>\n\t\t","protected":false},"excerpt":{"rendered":"<p>Service de Neurochirurgie L\u2019\u00e9quipe de neurochirurgie est compos\u00e9e de 8 neurochirurgiens dont 2 neurochirurgiens p\u00e9diatriques et de 6 internes de neurochirurgie assurant la permanence des soins sur les trois h\u00f4pitaux (Bretonneau, Clocheville et Trousseau). Le service est compos\u00e9 de : 0 \u00a0lits d\u2019hospitalisation conventionnelle 0 lits d\u2019unit\u00e9s de soins continus neurochirurgicaux 0 lits de r\u00e9animation [&hellip;]<\/p>\n","protected":false},"author":4,"featured_media":0,"parent":0,"menu_order":0,"comment_status":"closed","ping_status":"closed","template":"","meta":{"_seopress_robots_primary_cat":"","_seopress_titles_title":"CHRU de Tours. Service de Neurochirurgie.","_seopress_titles_desc":"","_seopress_robots_index":"","_exactmetrics_skip_tracking":false,"_exactmetrics_sitenote_active":false,"_exactmetrics_sitenote_note":"","_exactmetrics_sitenote_category":0,"_genesis_hide_title":false,"_genesis_hide_breadcrumbs":false,"_genesis_hide_singular_image":false,"_genesis_hide_footer_widgets":false,"_genesis_custom_body_class":"","_genesis_custom_post_class":"","_genesis_layout":"","footnotes":""},"publishpress_future_action":{"enabled":false,"date":"2026-04-26 18:24:41","action":"change-status","newStatus":"draft","terms":[],"taxonomy":""},"_links":{"self":[{"href":"https:\/\/www.chu-tours.fr\/neurochirurgie\/wp-json\/wp\/v2\/pages\/5"}],"collection":[{"href":"https:\/\/www.chu-tours.fr\/neurochirurgie\/wp-json\/wp\/v2\/pages"}],"about":[{"href":"https:\/\/www.chu-tours.fr\/neurochirurgie\/wp-json\/wp\/v2\/types\/page"}],"author":[{"embeddable":true,"href":"https:\/\/www.chu-tours.fr\/neurochirurgie\/wp-json\/wp\/v2\/users\/4"}],"replies":[{"embeddable":true,"href":"https:\/\/www.chu-tours.fr\/neurochirurgie\/wp-json\/wp\/v2\/comments?post=5"}],"version-history":[{"count":20,"href":"https:\/\/www.chu-tours.fr\/neurochirurgie\/wp-json\/wp\/v2\/pages\/5\/revisions"}],"predecessor-version":[{"id":506,"href":"https:\/\/www.chu-tours.fr\/neurochirurgie\/wp-json\/wp\/v2\/pages\/5\/revisions\/506"}],"wp:attachment":[{"href":"https:\/\/www.chu-tours.fr\/neurochirurgie\/wp-json\/wp\/v2\/media?parent=5"}],"curies":[{"name":"wp","href":"https:\/\/api.w.org\/{rel}","templated":true}]}}