{"id":330,"date":"2025-11-10T12:05:08","date_gmt":"2025-11-10T11:05:08","guid":{"rendered":"https:\/\/www.chu-tours.fr\/neurochirurgie\/?page_id=330"},"modified":"2026-03-11T12:14:46","modified_gmt":"2026-03-11T11:14:46","slug":"arthrodese","status":"publish","type":"page","link":"https:\/\/www.chu-tours.fr\/neurochirurgie\/arthrodese\/","title":{"rendered":"Arthrod\u00e8se"},"content":{"rendered":"\t\t<div data-elementor-type=\"wp-page\" data-elementor-id=\"330\" class=\"elementor elementor-330\" data-elementor-post-type=\"page\">\n\t\t\t\t<div class=\"elementor-element elementor-element-6fc6744 e-con-full e-flex e-con e-parent\" data-id=\"6fc6744\" data-element_type=\"container\">\n\t\t\t\t<div class=\"elementor-element elementor-element-48d98ec elementor-widget elementor-widget-text-editor\" data-id=\"48d98ec\" data-element_type=\"widget\" data-widget_type=\"text-editor.default\">\n\t\t\t\t<div class=\"elementor-widget-container\">\n\t\t\t<style>\/*! elementor - v3.23.0 - 15-07-2024 *\/\n.elementor-widget-text-editor.elementor-drop-cap-view-stacked .elementor-drop-cap{background-color:#69727d;color:#fff}.elementor-widget-text-editor.elementor-drop-cap-view-framed .elementor-drop-cap{color:#69727d;border:3px solid;background-color:transparent}.elementor-widget-text-editor:not(.elementor-drop-cap-view-default) .elementor-drop-cap{margin-top:8px}.elementor-widget-text-editor:not(.elementor-drop-cap-view-default) .elementor-drop-cap-letter{width:1em;height:1em}.elementor-widget-text-editor .elementor-drop-cap{float:left;text-align:center;line-height:1;font-size:50px}.elementor-widget-text-editor .elementor-drop-cap-letter{display:inline-block}<\/style>\t\t\t\t<h2>Qu\u2019est-ce qu\u2019une arthrod\u00e8se\u00a0?<\/h2><p>L\u2019arthrod\u00e8se est une technique chirurgicale ayant pour but la<strong> fusion<\/strong> entre elles d\u2019au moins deux vert\u00e8bres.<\/p><p>Elle peut se faire par voie post\u00e9rieure (passage par le dos), par voie ant\u00e9rieure (passage par le ventre), ou par voie lat\u00e9rale (passage par le flanc).<\/p><p>Cette fusion osseuse est acquise par\u00a0:<\/p><ul><li>le positionnement de <strong>vis, de tiges, et parfois de cages<\/strong>, pour maintenir les vert\u00e8bres entre elle le temps que la fusion osseuse se fasse<\/li><li>par la mise en place de <strong>greffe osseuse<\/strong> afin de favoriser cette consolidation osseuse.<\/li><\/ul>\t\t\t\t\t\t<\/div>\n\t\t\t\t<\/div>\n\t\t\t\t<div class=\"elementor-element elementor-element-04132c5 elementor-widget elementor-widget-image\" data-id=\"04132c5\" data-element_type=\"widget\" data-widget_type=\"image.default\">\n\t\t\t\t<div class=\"elementor-widget-container\">\n\t\t\t<style>\/*! elementor - v3.23.0 - 15-07-2024 *\/\n.elementor-widget-image{text-align:center}.elementor-widget-image a{display:inline-block}.elementor-widget-image a img[src$=\".svg\"]{width:48px}.elementor-widget-image img{vertical-align:middle;display:inline-block}<\/style>\t\t\t\t\t\t\t<figure class=\"wp-caption\">\n\t\t\t\t\t\t\t\t\t\t<img fetchpriority=\"high\" decoding=\"async\" width=\"768\" height=\"526\" src=\"https:\/\/www.chu-tours.fr\/neurochirurgie\/wp-content\/uploads\/sites\/18\/2026\/03\/arthrodese-cervicale-768x526.jpg\" class=\"attachment-medium_large size-medium_large wp-image-577\" alt=\"arthrod\u00e8se cervicale\" srcset=\"https:\/\/www.chu-tours.fr\/neurochirurgie\/wp-content\/uploads\/sites\/18\/2026\/03\/arthrodese-cervicale-768x526.jpg 768w, https:\/\/www.chu-tours.fr\/neurochirurgie\/wp-content\/uploads\/sites\/18\/2026\/03\/arthrodese-cervicale-300x205.jpg 300w, https:\/\/www.chu-tours.fr\/neurochirurgie\/wp-content\/uploads\/sites\/18\/2026\/03\/arthrodese-cervicale-1024x701.jpg 1024w, https:\/\/www.chu-tours.fr\/neurochirurgie\/wp-content\/uploads\/sites\/18\/2026\/03\/arthrodese-cervicale.jpg 1521w\" sizes=\"(max-width: 768px) 100vw, 768px\" \/>\t\t\t\t\t\t\t\t\t\t\t<figcaption class=\"widget-image-caption wp-caption-text\">Figure 1. Arthrod\u00e8se cervicale<\/figcaption>\n\t\t\t\t\t\t\t\t\t\t<\/figure>\n\t\t\t\t\t\t\t<\/div>\n\t\t\t\t<\/div>\n\t\t\t\t<div class=\"elementor-element elementor-element-2a828d7 elementor-widget elementor-widget-text-editor\" data-id=\"2a828d7\" data-element_type=\"widget\" data-widget_type=\"text-editor.default\">\n\t\t\t\t<div class=\"elementor-widget-container\">\n\t\t\t\t\t\t\t<h2>Pourquoi r\u00e9aliser une arthrod\u00e8se ?<\/h2><p>Elle est indiqu\u00e9e dans plusieurs pathologies rachidiennes, entre autres\u00a0:<\/p><ul><li><strong>Spondylolisth\u00e9sis<\/strong> (glissement d\u2019une vert\u00e8bre par rapport \u00e0 une autre)<\/li><li><strong>Arthrose lombaire <\/strong><\/li><li><strong>D\u00e9formation de la colonne vert\u00e9brale <\/strong><\/li><li><strong>Discopathie<\/strong> \u00e9volu\u00e9e r\u00e9sistante au traitement m\u00e9dical.<\/li><\/ul><p>Selon la pathologie, les ant\u00e9c\u00e9dents chirurgicaux, les particularit\u00e9s anatomiques, votre chirurgien choisira la voie d\u2019abord la plus adapt\u00e9e.<\/p>\t\t\t\t\t\t<\/div>\n\t\t\t\t<\/div>\n\t\t\t\t<\/div>\n\t\t<div class=\"elementor-element elementor-element-a5314f8 e-con-full e-flex e-con e-parent\" data-id=\"a5314f8\" data-element_type=\"container\">\n\t\t\t\t<div class=\"elementor-element elementor-element-819bbf6 elementor-widget elementor-widget-image\" data-id=\"819bbf6\" data-element_type=\"widget\" data-widget_type=\"image.default\">\n\t\t\t\t<div class=\"elementor-widget-container\">\n\t\t\t\t\t\t\t\t\t\t\t\t\t<img decoding=\"async\" width=\"1087\" height=\"395\" src=\"https:\/\/www.chu-tours.fr\/neurochirurgie\/wp-content\/uploads\/sites\/18\/2026\/02\/Arthrodese.png\" class=\"attachment-full size-full wp-image-561\" alt=\"Radiographie pr\u00e9 et post op\u00e9ratoire d\u2019une arthrod\u00e8se pour correction de scoliose\" srcset=\"https:\/\/www.chu-tours.fr\/neurochirurgie\/wp-content\/uploads\/sites\/18\/2026\/02\/Arthrodese.png 1087w, https:\/\/www.chu-tours.fr\/neurochirurgie\/wp-content\/uploads\/sites\/18\/2026\/02\/Arthrodese-300x109.png 300w, https:\/\/www.chu-tours.fr\/neurochirurgie\/wp-content\/uploads\/sites\/18\/2026\/02\/Arthrodese-1024x372.png 1024w, https:\/\/www.chu-tours.fr\/neurochirurgie\/wp-content\/uploads\/sites\/18\/2026\/02\/Arthrodese-768x279.png 768w\" sizes=\"(max-width: 1087px) 100vw, 1087px\" \/>\t\t\t\t\t\t\t\t\t\t\t\t\t<\/div>\n\t\t\t\t<\/div>\n\t\t\t\t<div class=\"elementor-element elementor-element-2adbca1 elementor-widget elementor-widget-text-editor\" data-id=\"2adbca1\" data-element_type=\"widget\" data-widget_type=\"text-editor.default\">\n\t\t\t\t<div class=\"elementor-widget-container\">\n\t\t\t\t\t\t\t<p style=\"text-align: center;\"><span style=\"font-size: 14pt; color: #333333;\"><em><strong>Radiographie pr\u00e9 et post op\u00e9ratoire d\u2019une arthrod\u00e8se pour correction de scoliose<br \/><\/strong><\/em><\/span><\/p>\t\t\t\t\t\t<\/div>\n\t\t\t\t<\/div>\n\t\t\t\t<\/div>\n\t\t<div class=\"elementor-element elementor-element-3eb6e94 e-con-full e-flex e-con e-parent\" data-id=\"3eb6e94\" data-element_type=\"container\">\n\t\t\t\t<div class=\"elementor-element elementor-element-f18f2f1 elementor-widget elementor-widget-text-editor\" data-id=\"f18f2f1\" data-element_type=\"widget\" data-widget_type=\"text-editor.default\">\n\t\t\t\t<div class=\"elementor-widget-container\">\n\t\t\t\t\t\t\t<h2>Quelles sont les principes des chirurgies\u00a0?<\/h2><h3>Voie post\u00e9rieure\u00a0:<\/h3><ul><li>Sous anesth\u00e9sie g\u00e9n\u00e9rale, en d\u00e9cubitus ventral<\/li><li>Incision dorsale, dont la taille d\u00e9pend du nombre d\u2019\u00e9tages \u00e0 fixer.<\/li><li>Dissection des plans musculaire pour atteindre les vert\u00e8bres<\/li><li>Mise en place de vis, de tige, \u00e9ventuellement d\u2019une cage, de greffe osseuse pr\u00e9lev\u00e9e localement<\/li><li>Fermeture, \u00e9ventuellement mise en place d\u2019un drain pour \u00e9viter l\u2019apparition d\u2019un h\u00e9matome<\/li><\/ul><p>Dans les suites, on pr\u00e9conise une verticalisation pr\u00e9coce selon les douleurs, avec un retour \u00e0 domicile ou en centre de convalescence entre 48h (pour les montages courts) et 1 semaine (lors d\u2019arthrod\u00e8se \u00e9tendue).<\/p><h3>Voie ant\u00e9rieure\u00a0:<\/h3><ul><li>Sous anesth\u00e9sie g\u00e9n\u00e9rale, en d\u00e9cubitus dorsal<\/li><li>Incision horizontal ou verticale aux alentours de l\u2019ombilic<\/li><li>On r\u00e9cline l\u2019appareil digestif pour arriver sur la face ant\u00e9rieure de la vert\u00e8bre<\/li><li>On retire le disque intervert\u00e9bral, et l\u2019on place une cage pr\u00e9 rempli de greffe osseuse<\/li><li>Fermeture sans drainage<\/li><\/ul><p>Dans les suites, le retour \u00e0 domicile se fait g\u00e9n\u00e9ralement au bout de 24-48h , une fois reprise du transit .<\/p><h3>Voie lat\u00e9rale\u00a0:<\/h3><ul><li>Sous anesth\u00e9sie g\u00e9n\u00e9ral, en d\u00e9cubitus lat\u00e9ral<\/li><li>Incision d\u2019une 10<sup>aine<\/sup> cm dans le flanc (gauche en grande majorit\u00e9).<\/li><li>On r\u00e9cline est \u00e9l\u00e9ments musculaire et digestif pour arriver sur les vert\u00e8bres par le c\u00f4t\u00e9<\/li><li>On retire le disque intervert\u00e9bral, et l\u2019on place une cage pr\u00e9 rempli de greffe osseuse.<\/li><li>Fermeture sans drainage<\/li><\/ul><p>Dans les suites, le retour \u00e0 domicile se fait g\u00e9n\u00e9ralement au bout de 48h, selon les douleurs.\u00a0\u00a0<\/p>\t\t\t\t\t\t<\/div>\n\t\t\t\t<\/div>\n\t\t\t\t<\/div>\n\t\t\t\t<\/div>\n\t\t","protected":false},"excerpt":{"rendered":"<p>Qu\u2019est-ce qu\u2019une arthrod\u00e8se\u00a0? L\u2019arthrod\u00e8se est une technique chirurgicale ayant pour but la fusion entre elles d\u2019au moins deux vert\u00e8bres. Elle peut se faire par voie post\u00e9rieure (passage par le dos), par voie ant\u00e9rieure (passage par le ventre), ou par voie lat\u00e9rale (passage par le flanc). Cette fusion osseuse est acquise par\u00a0: le positionnement de vis, [&hellip;]<\/p>\n","protected":false},"author":4,"featured_media":0,"parent":0,"menu_order":0,"comment_status":"closed","ping_status":"closed","template":"","meta":{"_seopress_robots_primary_cat":"","_seopress_titles_title":"","_seopress_titles_desc":"","_seopress_robots_index":"","_exactmetrics_skip_tracking":false,"_exactmetrics_sitenote_active":false,"_exactmetrics_sitenote_note":"","_exactmetrics_sitenote_category":0,"_genesis_hide_title":false,"_genesis_hide_breadcrumbs":false,"_genesis_hide_singular_image":false,"_genesis_hide_footer_widgets":false,"_genesis_custom_body_class":"","_genesis_custom_post_class":"","_genesis_layout":"","footnotes":""},"publishpress_future_action":{"enabled":false,"date":"2026-04-26 19:44:37","action":"change-status","newStatus":"draft","terms":[],"taxonomy":""},"_links":{"self":[{"href":"https:\/\/www.chu-tours.fr\/neurochirurgie\/wp-json\/wp\/v2\/pages\/330"}],"collection":[{"href":"https:\/\/www.chu-tours.fr\/neurochirurgie\/wp-json\/wp\/v2\/pages"}],"about":[{"href":"https:\/\/www.chu-tours.fr\/neurochirurgie\/wp-json\/wp\/v2\/types\/page"}],"author":[{"embeddable":true,"href":"https:\/\/www.chu-tours.fr\/neurochirurgie\/wp-json\/wp\/v2\/users\/4"}],"replies":[{"embeddable":true,"href":"https:\/\/www.chu-tours.fr\/neurochirurgie\/wp-json\/wp\/v2\/comments?post=330"}],"version-history":[{"count":20,"href":"https:\/\/www.chu-tours.fr\/neurochirurgie\/wp-json\/wp\/v2\/pages\/330\/revisions"}],"predecessor-version":[{"id":622,"href":"https:\/\/www.chu-tours.fr\/neurochirurgie\/wp-json\/wp\/v2\/pages\/330\/revisions\/622"}],"wp:attachment":[{"href":"https:\/\/www.chu-tours.fr\/neurochirurgie\/wp-json\/wp\/v2\/media?parent=330"}],"curies":[{"name":"wp","href":"https:\/\/api.w.org\/{rel}","templated":true}]}}