{"id":100,"date":"2025-10-21T15:48:23","date_gmt":"2025-10-21T13:48:23","guid":{"rendered":"https:\/\/www.chu-tours.fr\/neurochirurgie\/?page_id=100"},"modified":"2026-02-23T11:15:05","modified_gmt":"2026-02-23T10:15:05","slug":"le-bloc-operatoire","status":"publish","type":"page","link":"https:\/\/www.chu-tours.fr\/neurochirurgie\/le-bloc-operatoire\/","title":{"rendered":"Le Bloc op\u00e9ratoire"},"content":{"rendered":"\t\t<div data-elementor-type=\"wp-page\" data-elementor-id=\"100\" class=\"elementor elementor-100\" data-elementor-post-type=\"page\">\n\t\t\t\t<div class=\"elementor-element elementor-element-b2da23a e-con-full e-flex e-con e-parent\" data-id=\"b2da23a\" data-element_type=\"container\">\n\t\t\t\t<div class=\"elementor-element elementor-element-994725c elementor-widget elementor-widget-image\" data-id=\"994725c\" data-element_type=\"widget\" data-widget_type=\"image.default\">\n\t\t\t\t<div class=\"elementor-widget-container\">\n\t\t\t<style>\/*! elementor - v3.23.0 - 15-07-2024 *\/\n.elementor-widget-image{text-align:center}.elementor-widget-image a{display:inline-block}.elementor-widget-image a img[src$=\".svg\"]{width:48px}.elementor-widget-image img{vertical-align:middle;display:inline-block}<\/style>\t\t\t\t\t\t\t\t\t\t<img fetchpriority=\"high\" decoding=\"async\" width=\"701\" height=\"386\" src=\"https:\/\/www.chu-tours.fr\/neurochirurgie\/wp-content\/uploads\/sites\/18\/2026\/02\/bloc-operatoire.jpg\" class=\"attachment-full size-full wp-image-507\" alt=\"Bloc op\u00e9ratoire\" srcset=\"https:\/\/www.chu-tours.fr\/neurochirurgie\/wp-content\/uploads\/sites\/18\/2026\/02\/bloc-operatoire.jpg 701w, https:\/\/www.chu-tours.fr\/neurochirurgie\/wp-content\/uploads\/sites\/18\/2026\/02\/bloc-operatoire-300x165.jpg 300w, https:\/\/www.chu-tours.fr\/neurochirurgie\/wp-content\/uploads\/sites\/18\/2026\/02\/bloc-operatoire-510x281.jpg 510w, https:\/\/www.chu-tours.fr\/neurochirurgie\/wp-content\/uploads\/sites\/18\/2026\/02\/bloc-operatoire-490x270.jpg 490w\" sizes=\"(max-width: 701px) 100vw, 701px\" \/>\t\t\t\t\t\t\t\t\t\t\t\t\t<\/div>\n\t\t\t\t<\/div>\n\t\t\t\t<\/div>\n\t\t<div class=\"elementor-element elementor-element-d60f851 e-flex e-con-boxed e-con e-parent\" data-id=\"d60f851\" data-element_type=\"container\">\n\t\t\t\t\t<div class=\"e-con-inner\">\n\t\t\t\t<div class=\"elementor-element elementor-element-1ebd6e3 elementor-widget elementor-widget-text-editor\" data-id=\"1ebd6e3\" data-element_type=\"widget\" data-widget_type=\"text-editor.default\">\n\t\t\t\t<div class=\"elementor-widget-container\">\n\t\t\t<style>\/*! elementor - v3.23.0 - 15-07-2024 *\/\n.elementor-widget-text-editor.elementor-drop-cap-view-stacked .elementor-drop-cap{background-color:#69727d;color:#fff}.elementor-widget-text-editor.elementor-drop-cap-view-framed .elementor-drop-cap{color:#69727d;border:3px solid;background-color:transparent}.elementor-widget-text-editor:not(.elementor-drop-cap-view-default) .elementor-drop-cap{margin-top:8px}.elementor-widget-text-editor:not(.elementor-drop-cap-view-default) .elementor-drop-cap-letter{width:1em;height:1em}.elementor-widget-text-editor .elementor-drop-cap{float:left;text-align:center;line-height:1;font-size:50px}.elementor-widget-text-editor .elementor-drop-cap-letter{display:inline-block}<\/style>\t\t\t\t<h3>Bloc<\/h3><ul><li><span style=\"color: #ed1164;\">11 infirmier(e)s de blocs<\/span> d\u00e9di\u00e9es \u00e0 la neurochirurgie<\/li><li><span style=\"color: #ed1164;\">1 cadre<\/span>\u00a0: Mme BLANCHARD Magali<\/li><li><span style=\"color: #ed1164;\">3 salles<\/span> d\u00e9di\u00e9es \u00e0 la neurochirurgie.<\/li><\/ul>\t\t\t\t\t\t<\/div>\n\t\t\t\t<\/div>\n\t\t\t\t\t<\/div>\n\t\t\t\t<\/div>\n\t\t\t\t<\/div>\n\t\t","protected":false},"excerpt":{"rendered":"<p>Bloc 11 infirmier(e)s de blocs d\u00e9di\u00e9es \u00e0 la neurochirurgie 1 cadre\u00a0: Mme BLANCHARD Magali 3 salles d\u00e9di\u00e9es \u00e0 la neurochirurgie.<\/p>\n","protected":false},"author":4,"featured_media":0,"parent":0,"menu_order":0,"comment_status":"closed","ping_status":"closed","template":"","meta":{"_seopress_robots_primary_cat":"","_seopress_titles_title":"","_seopress_titles_desc":"","_seopress_robots_index":"","_exactmetrics_skip_tracking":false,"_exactmetrics_sitenote_active":false,"_exactmetrics_sitenote_note":"","_exactmetrics_sitenote_category":0,"_genesis_hide_title":false,"_genesis_hide_breadcrumbs":false,"_genesis_hide_singular_image":false,"_genesis_hide_footer_widgets":false,"_genesis_custom_body_class":"","_genesis_custom_post_class":"","_genesis_layout":"","footnotes":""},"publishpress_future_action":{"enabled":false,"date":"2026-04-26 19:52:38","action":"change-status","newStatus":"draft","terms":[],"taxonomy":""},"_links":{"self":[{"href":"https:\/\/www.chu-tours.fr\/neurochirurgie\/wp-json\/wp\/v2\/pages\/100"}],"collection":[{"href":"https:\/\/www.chu-tours.fr\/neurochirurgie\/wp-json\/wp\/v2\/pages"}],"about":[{"href":"https:\/\/www.chu-tours.fr\/neurochirurgie\/wp-json\/wp\/v2\/types\/page"}],"author":[{"embeddable":true,"href":"https:\/\/www.chu-tours.fr\/neurochirurgie\/wp-json\/wp\/v2\/users\/4"}],"replies":[{"embeddable":true,"href":"https:\/\/www.chu-tours.fr\/neurochirurgie\/wp-json\/wp\/v2\/comments?post=100"}],"version-history":[{"count":7,"href":"https:\/\/www.chu-tours.fr\/neurochirurgie\/wp-json\/wp\/v2\/pages\/100\/revisions"}],"predecessor-version":[{"id":510,"href":"https:\/\/www.chu-tours.fr\/neurochirurgie\/wp-json\/wp\/v2\/pages\/100\/revisions\/510"}],"wp:attachment":[{"href":"https:\/\/www.chu-tours.fr\/neurochirurgie\/wp-json\/wp\/v2\/media?parent=100"}],"curies":[{"name":"wp","href":"https:\/\/api.w.org\/{rel}","templated":true}]}}