{"id":892,"date":"2022-11-21T14:42:14","date_gmt":"2022-11-21T13:42:14","guid":{"rendered":"https:\/\/www.chu-tours.fr\/maternite\/?page_id=892"},"modified":"2023-11-13T12:05:34","modified_gmt":"2023-11-13T11:05:34","slug":"des-equipements-de-pointe-pour-une-prise-en-charge-securitaire","status":"publish","type":"page","link":"https:\/\/www.chu-tours.fr\/maternite\/des-equipements-de-pointe-pour-une-prise-en-charge-securitaire\/","title":{"rendered":"Des \u00e9quipements de pointe pour une prise en charge s\u00e9curitaire"},"content":{"rendered":"\t\t<div data-elementor-type=\"wp-page\" data-elementor-id=\"892\" class=\"elementor elementor-892\" data-elementor-post-type=\"page\">\n\t\t\t\t\t\t<section class=\"elementor-section elementor-top-section elementor-element elementor-element-0ab4935 elementor-section-full_width elementor-section-content-top elementor-section-height-default elementor-section-height-default\" data-id=\"0ab4935\" data-element_type=\"section\" id=\"hero\" data-settings=\"{&quot;background_background&quot;:&quot;video&quot;}\">\n\t\t\t\t\t\t<div class=\"elementor-container elementor-column-gap-no\">\n\t\t\t\t\t<div class=\"elementor-column elementor-col-100 elementor-top-column elementor-element elementor-element-0a3d74f\" data-id=\"0a3d74f\" data-element_type=\"column\">\n\t\t\t<div class=\"elementor-widget-wrap elementor-element-populated\">\n\t\t\t\t\t\t<div class=\"elementor-element elementor-element-c07f713 elementor-widget elementor-widget-menu-anchor\" data-id=\"c07f713\" data-element_type=\"widget\" data-widget_type=\"menu-anchor.default\">\n\t\t\t\t<div class=\"elementor-widget-container\">\n\t\t\t<style>\/*! elementor - v3.23.0 - 15-07-2024 *\/\nbody.elementor-page .elementor-widget-menu-anchor{margin-bottom:0}<\/style>\t\t<div class=\"elementor-menu-anchor\" id=\"top\"><\/div>\n\t\t\t\t<\/div>\n\t\t\t\t<\/div>\n\t\t\t\t<div class=\"elementor-element elementor-element-8d0bf76 elementor-absolute elementor-widget__width-initial elementor-widget elementor-widget-heading\" data-id=\"8d0bf76\" data-element_type=\"widget\" data-settings=\"{&quot;_position&quot;:&quot;absolute&quot;}\" data-widget_type=\"heading.default\">\n\t\t\t\t<div class=\"elementor-widget-container\">\n\t\t\t<style>\/*! elementor - v3.23.0 - 15-07-2024 *\/\n.elementor-heading-title{padding:0;margin:0;line-height:1}.elementor-widget-heading .elementor-heading-title[class*=elementor-size-]>a{color:inherit;font-size:inherit;line-height:inherit}.elementor-widget-heading .elementor-heading-title.elementor-size-small{font-size:15px}.elementor-widget-heading .elementor-heading-title.elementor-size-medium{font-size:19px}.elementor-widget-heading .elementor-heading-title.elementor-size-large{font-size:29px}.elementor-widget-heading .elementor-heading-title.elementor-size-xl{font-size:39px}.elementor-widget-heading .elementor-heading-title.elementor-size-xxl{font-size:59px}<\/style><h1 class=\"elementor-heading-title elementor-size-default\">Des \u00e9quipements de pointe<br \/>pour une prise en charge s\u00e9curitaire<\/h1>\t\t<\/div>\n\t\t\t\t<\/div>\n\t\t\t\t<div class=\"elementor-element elementor-element-4d3c2a5 custom-hero-image elementor-widget elementor-widget-image\" data-id=\"4d3c2a5\" data-element_type=\"widget\" data-widget_type=\"image.default\">\n\t\t\t\t<div class=\"elementor-widget-container\">\n\t\t\t<style>\/*! elementor - v3.23.0 - 15-07-2024 *\/\n.elementor-widget-image{text-align:center}.elementor-widget-image a{display:inline-block}.elementor-widget-image a img[src$=\".svg\"]{width:48px}.elementor-widget-image img{vertical-align:middle;display:inline-block}<\/style>\t\t\t\t\t\t\t\t\t\t<img fetchpriority=\"high\" decoding=\"async\" width=\"1024\" height=\"768\" src=\"https:\/\/www.chu-tours.fr\/maternite\/wp-content\/uploads\/sites\/14\/2023\/04\/equipement-de-pointe_web.jpg\" class=\"attachment-slider-home size-slider-home wp-image-3411\" alt=\"Maternit\u00e9 Olympe de Gouges - h\u00f4pital Bretonneau - \u00e9quipement de pointe\" srcset=\"https:\/\/www.chu-tours.fr\/maternite\/wp-content\/uploads\/sites\/14\/2023\/04\/equipement-de-pointe_web.jpg 1024w, https:\/\/www.chu-tours.fr\/maternite\/wp-content\/uploads\/sites\/14\/2023\/04\/equipement-de-pointe_web-300x225.jpg 300w, https:\/\/www.chu-tours.fr\/maternite\/wp-content\/uploads\/sites\/14\/2023\/04\/equipement-de-pointe_web-768x576.jpg 768w, https:\/\/www.chu-tours.fr\/maternite\/wp-content\/uploads\/sites\/14\/2023\/04\/equipement-de-pointe_web-70x52.jpg 70w\" sizes=\"(max-width: 1024px) 100vw, 1024px\" \/>\t\t\t\t\t\t\t\t\t\t\t\t\t<\/div>\n\t\t\t\t<\/div>\n\t\t\t\t\t<\/div>\n\t\t<\/div>\n\t\t\t\t\t<\/div>\n\t\t<\/section>\n\t\t\t\t<section class=\"elementor-section elementor-top-section elementor-element elementor-element-7b7ce7c elementor-section-boxed elementor-section-height-default elementor-section-height-default\" data-id=\"7b7ce7c\" data-element_type=\"section\">\n\t\t\t\t\t\t<div class=\"elementor-container elementor-column-gap-default\">\n\t\t\t\t\t<div class=\"elementor-column elementor-col-100 elementor-top-column elementor-element elementor-element-769b31a\" data-id=\"769b31a\" data-element_type=\"column\">\n\t\t\t<div class=\"elementor-widget-wrap elementor-element-populated\">\n\t\t\t\t\t\t<div class=\"elementor-element elementor-element-5d1da86 elementor-widget elementor-widget-spacer\" data-id=\"5d1da86\" data-element_type=\"widget\" data-widget_type=\"spacer.default\">\n\t\t\t\t<div class=\"elementor-widget-container\">\n\t\t\t<style>\/*! elementor - v3.23.0 - 15-07-2024 *\/\n.elementor-column .elementor-spacer-inner{height:var(--spacer-size)}.e-con{--container-widget-width:100%}.e-con-inner>.elementor-widget-spacer,.e-con>.elementor-widget-spacer{width:var(--container-widget-width,var(--spacer-size));--align-self:var(--container-widget-align-self,initial);--flex-shrink:0}.e-con-inner>.elementor-widget-spacer>.elementor-widget-container,.e-con>.elementor-widget-spacer>.elementor-widget-container{height:100%;width:100%}.e-con-inner>.elementor-widget-spacer>.elementor-widget-container>.elementor-spacer,.e-con>.elementor-widget-spacer>.elementor-widget-container>.elementor-spacer{height:100%}.e-con-inner>.elementor-widget-spacer>.elementor-widget-container>.elementor-spacer>.elementor-spacer-inner,.e-con>.elementor-widget-spacer>.elementor-widget-container>.elementor-spacer>.elementor-spacer-inner{height:var(--container-widget-height,var(--spacer-size))}.e-con-inner>.elementor-widget-spacer.elementor-widget-empty,.e-con>.elementor-widget-spacer.elementor-widget-empty{position:relative;min-height:22px;min-width:22px}.e-con-inner>.elementor-widget-spacer.elementor-widget-empty .elementor-widget-empty-icon,.e-con>.elementor-widget-spacer.elementor-widget-empty .elementor-widget-empty-icon{position:absolute;top:0;bottom:0;left:0;right:0;margin:auto;padding:0;width:22px;height:22px}<\/style>\t\t<div class=\"elementor-spacer\">\n\t\t\t<div class=\"elementor-spacer-inner\"><\/div>\n\t\t<\/div>\n\t\t\t\t<\/div>\n\t\t\t\t<\/div>\n\t\t\t\t\t<\/div>\n\t\t<\/div>\n\t\t\t\t\t<\/div>\n\t\t<\/section>\n\t\t\t\t<section class=\"elementor-section elementor-top-section elementor-element elementor-element-c3620b5 elementor-section-boxed elementor-section-height-default elementor-section-height-default\" data-id=\"c3620b5\" data-element_type=\"section\">\n\t\t\t\t\t\t<div class=\"elementor-container elementor-column-gap-default\">\n\t\t\t\t\t<div class=\"elementor-column elementor-col-100 elementor-top-column elementor-element elementor-element-0a80c73\" data-id=\"0a80c73\" data-element_type=\"column\">\n\t\t\t<div class=\"elementor-widget-wrap elementor-element-populated\">\n\t\t\t\t\t\t<div class=\"elementor-element elementor-element-1c1a4b2 elementor-widget elementor-widget-text-editor\" data-id=\"1c1a4b2\" data-element_type=\"widget\" data-widget_type=\"text-editor.default\">\n\t\t\t\t<div class=\"elementor-widget-container\">\n\t\t\t<style>\/*! elementor - v3.23.0 - 15-07-2024 *\/\n.elementor-widget-text-editor.elementor-drop-cap-view-stacked .elementor-drop-cap{background-color:#69727d;color:#fff}.elementor-widget-text-editor.elementor-drop-cap-view-framed .elementor-drop-cap{color:#69727d;border:3px solid;background-color:transparent}.elementor-widget-text-editor:not(.elementor-drop-cap-view-default) .elementor-drop-cap{margin-top:8px}.elementor-widget-text-editor:not(.elementor-drop-cap-view-default) .elementor-drop-cap-letter{width:1em;height:1em}.elementor-widget-text-editor .elementor-drop-cap{float:left;text-align:center;line-height:1;font-size:50px}.elementor-widget-text-editor .elementor-drop-cap-letter{display:inline-block}<\/style>\t\t\t\t<p>La maternit\u00e9 du CHRU est \u00e0 la fois une maternit\u00e9 de proximit\u00e9 qui accueille les grossesses de d\u00e9roulement normal, dans le respect de la physiologie et des souhaits de chaque patiente, m<span style=\"font-weight: var( --e-global-typography-text-font-weight ); font-size: 1rem;\">ais c\u2019est \u00e9galement un centre disposant d\u2019\u00e9quipements de pointe permettant d\u2019accueillir les grossesses plus \u00e0 risque ou compliqu\u00e9es, qui lui sont adress\u00e9es de toute la <\/span><strong style=\"font-size: 1rem;\">r\u00e9gion\u00a0Centre<\/strong><span style=\"font-weight: var( --e-global-typography-text-font-weight ); font-size: 1rem;\">\u00a0:<\/span><\/p><ul><li>Centre de d\u00e9pistage des risques de la grossesse (<a href=\"\/maternite\/pregnant-see-centre-de-depistage-du-premier-trimestre\/\" target=\"_blank\" rel=\"noopener\"><strong>PregnanT\u00b7SEE<\/strong><\/a>),<\/li><li>Prise en charge sp\u00e9cialis\u00e9e des <strong>grossesses g\u00e9mellaires<\/strong> avec possibilit\u00e9 de chirurgie par foetoscopie laser de leurs complications sp\u00e9cifiques,<\/li><li>Centre de diagnostic pr\u00e9natal et m\u00e9decine f\u0153tale et r\u00e9alisation de gestes de m\u00e9decine f\u0153tale, \u00a0<\/li><li>Accueil des femmes en situation de <a href=\"https:\/\/www.chu-tours.fr\/maternite\/un-chez-soi-a-lhopital\/#handicap\" target=\"_blank\" rel=\"noopener\"><strong>handicap<\/strong><\/a>,<\/li><\/ul>\t\t\t\t\t\t<\/div>\n\t\t\t\t<\/div>\n\t\t\t\t<div class=\"elementor-element elementor-element-3bea4e3 elementor-widget elementor-widget-image\" data-id=\"3bea4e3\" data-element_type=\"widget\" data-widget_type=\"image.default\">\n\t\t\t\t<div class=\"elementor-widget-container\">\n\t\t\t\t\t\t\t\t\t\t\t\t\t<img decoding=\"async\" width=\"225\" height=\"300\" src=\"https:\/\/www.chu-tours.fr\/maternite\/wp-content\/uploads\/sites\/14\/2023\/04\/patiente-echo-3d-225x300.jpg\" class=\"attachment-medium size-medium wp-image-3500\" alt=\"patiente non voyante d\u00e9couvrant l\u2019impression 3D du visage de son f\u0153tus apr\u00e8s \u00e9chographie sp\u00e9cialis\u00e9e\" srcset=\"https:\/\/www.chu-tours.fr\/maternite\/wp-content\/uploads\/sites\/14\/2023\/04\/patiente-echo-3d-225x300.jpg 225w, https:\/\/www.chu-tours.fr\/maternite\/wp-content\/uploads\/sites\/14\/2023\/04\/patiente-echo-3d-768x1024.jpg 768w, https:\/\/www.chu-tours.fr\/maternite\/wp-content\/uploads\/sites\/14\/2023\/04\/patiente-echo-3d-1152x1536.jpg 1152w, https:\/\/www.chu-tours.fr\/maternite\/wp-content\/uploads\/sites\/14\/2023\/04\/patiente-echo-3d-1536x2048.jpg 1536w, https:\/\/www.chu-tours.fr\/maternite\/wp-content\/uploads\/sites\/14\/2023\/04\/patiente-echo-3d-scaled.jpg 1920w\" sizes=\"(max-width: 225px) 100vw, 225px\" \/>\t\t\t\t\t\t\t\t\t\t\t\t\t<\/div>\n\t\t\t\t<\/div>\n\t\t\t\t<div class=\"elementor-element elementor-element-aa95cd2 elementor-widget elementor-widget-text-editor\" data-id=\"aa95cd2\" data-element_type=\"widget\" data-widget_type=\"text-editor.default\">\n\t\t\t\t<div class=\"elementor-widget-container\">\n\t\t\t\t\t\t\t<p><em>Patiente non voyante d\u00e9couvrant l\u2019impression 3D<br \/>du visage de son f\u0153tus apr\u00e8s \u00e9chographie sp\u00e9cialis\u00e9e <\/em><\/p>\t\t\t\t\t\t<\/div>\n\t\t\t\t<\/div>\n\t\t\t\t<div class=\"elementor-element elementor-element-0294f0f elementor-widget elementor-widget-text-editor\" data-id=\"0294f0f\" data-element_type=\"widget\" data-widget_type=\"text-editor.default\">\n\t\t\t\t<div class=\"elementor-widget-container\">\n\t\t\t\t\t\t\t<ul><li>Maternit\u00e9 disposant d\u2019un <span style=\"color: #ed1164;\"><strong>service de p\u00e9diatrie de<\/strong> <strong>niveau 3 <\/strong><\/span>et\u00a0d\u2019une <span style=\"color: #ed1164;\"><strong>unit\u00e9 Kangourou<\/strong> <\/span>permettant des <strong>soins \u00e0 la maman et son b\u00e9b\u00e9 dans une m\u00eame chambre<\/strong>.<\/li><\/ul><p><strong>Tous ces \u00e9quipements vous assurent une prise en charge adapt\u00e9e \u00e0 votre situation, s\u00e9curitaire quel que soit votre niveau de risque<\/strong>.<\/p>\t\t\t\t\t\t<\/div>\n\t\t\t\t<\/div>\n\t\t\t\t\t<\/div>\n\t\t<\/div>\n\t\t\t\t\t<\/div>\n\t\t<\/section>\n\t\t\t\t<section class=\"elementor-section elementor-top-section elementor-element elementor-element-e727d84 elementor-section-boxed elementor-section-height-default elementor-section-height-default\" data-id=\"e727d84\" data-element_type=\"section\">\n\t\t\t\t\t\t<div class=\"elementor-container elementor-column-gap-default\">\n\t\t\t\t\t<div class=\"elementor-column elementor-col-100 elementor-top-column elementor-element elementor-element-73b37d6\" data-id=\"73b37d6\" data-element_type=\"column\">\n\t\t\t<div class=\"elementor-widget-wrap elementor-element-populated\">\n\t\t\t\t\t\t<div class=\"elementor-element elementor-element-323afd2 elementor-view-stacked elementor-fixed elementor-shape-circle elementor-widget elementor-widget-icon\" data-id=\"323afd2\" data-element_type=\"widget\" data-settings=\"{&quot;_position&quot;:&quot;fixed&quot;}\" data-widget_type=\"icon.default\">\n\t\t\t\t<div class=\"elementor-widget-container\">\n\t\t\t\t\t<div class=\"elementor-icon-wrapper\">\n\t\t\t<a class=\"elementor-icon elementor-animation-pulse\" href=\"#top\">\n\t\t\t<i aria-hidden=\"true\" class=\"far fa-arrow-alt-circle-up\"><\/i>\t\t\t<\/a>\n\t\t<\/div>\n\t\t\t\t<\/div>\n\t\t\t\t<\/div>\n\t\t\t\t\t<\/div>\n\t\t<\/div>\n\t\t\t\t\t<\/div>\n\t\t<\/section>\n\t\t\t\t<\/div>\n\t\t","protected":false},"excerpt":{"rendered":"<p>Des \u00e9quipements de pointe pour une prise en charge s\u00e9curitaire La maternit\u00e9 du CHRU est \u00e0 la fois une maternit\u00e9 de proximit\u00e9 qui accueille les grossesses de d\u00e9roulement normal, dans le respect de la physiologie et des souhaits de chaque patiente, mais c\u2019est \u00e9galement un centre disposant d\u2019\u00e9quipements de pointe permettant d\u2019accueillir les grossesses plus [&hellip;]<\/p>\n","protected":false},"author":4,"featured_media":0,"parent":0,"menu_order":0,"comment_status":"closed","ping_status":"closed","template":"elementor_header_footer","meta":{"_seopress_robots_primary_cat":"","_seopress_titles_title":"CHRU de Tours - Maternit\u00e9 Olympe de Gouges. Des  \u00e9quipements de pointe.","_seopress_titles_desc":"La Maternit\u00e9 Olympe de Gouges du CHRU de Tours est situ\u00e9e sur le site de l&#039;h\u00f4pital Bretonneau. Retrouvez sur cette page toutes les informations concernant les \u00e9quipements de pointe\r\nde la maternit\u00e9 pour une prise en charge s\u00e9curitaire.","_seopress_robots_index":"","_exactmetrics_skip_tracking":false,"_exactmetrics_sitenote_active":false,"_exactmetrics_sitenote_note":"","_exactmetrics_sitenote_category":0,"_genesis_hide_title":false,"_genesis_hide_breadcrumbs":false,"_genesis_hide_singular_image":false,"_genesis_hide_footer_widgets":false,"_genesis_custom_body_class":"","_genesis_custom_post_class":"","_genesis_layout":"","footnotes":""},"publishpress_future_action":{"enabled":false,"date":"2026-05-20 19:57:21","action":"change-status","newStatus":"draft","terms":[],"taxonomy":""},"_links":{"self":[{"href":"https:\/\/www.chu-tours.fr\/maternite\/wp-json\/wp\/v2\/pages\/892"}],"collection":[{"href":"https:\/\/www.chu-tours.fr\/maternite\/wp-json\/wp\/v2\/pages"}],"about":[{"href":"https:\/\/www.chu-tours.fr\/maternite\/wp-json\/wp\/v2\/types\/page"}],"author":[{"embeddable":true,"href":"https:\/\/www.chu-tours.fr\/maternite\/wp-json\/wp\/v2\/users\/4"}],"replies":[{"embeddable":true,"href":"https:\/\/www.chu-tours.fr\/maternite\/wp-json\/wp\/v2\/comments?post=892"}],"version-history":[{"count":143,"href":"https:\/\/www.chu-tours.fr\/maternite\/wp-json\/wp\/v2\/pages\/892\/revisions"}],"predecessor-version":[{"id":4787,"href":"https:\/\/www.chu-tours.fr\/maternite\/wp-json\/wp\/v2\/pages\/892\/revisions\/4787"}],"wp:attachment":[{"href":"https:\/\/www.chu-tours.fr\/maternite\/wp-json\/wp\/v2\/media?parent=892"}],"curies":[{"name":"wp","href":"https:\/\/api.w.org\/{rel}","templated":true}]}}