{"id":4991,"date":"2026-04-27T12:00:29","date_gmt":"2026-04-27T10:00:29","guid":{"rendered":"https:\/\/www.chu-tours.fr\/maternite\/?page_id=4991"},"modified":"2026-05-07T14:02:34","modified_gmt":"2026-05-07T12:02:34","slug":"alimentation-au-lait-infantile-les-etapes-pour-lelaboration-dun-biberon","status":"publish","type":"page","link":"https:\/\/www.chu-tours.fr\/maternite\/alimentation-au-lait-infantile-les-etapes-pour-lelaboration-dun-biberon\/","title":{"rendered":"Alimentation au lait infantile : les \u00e9tapes pour l&#8217;\u00e9laboration d&#8217;un biberon"},"content":{"rendered":"\t\t<div data-elementor-type=\"wp-page\" data-elementor-id=\"4991\" class=\"elementor elementor-4991\" data-elementor-post-type=\"page\">\n\t\t\t\t\t\t<section class=\"elementor-section elementor-top-section elementor-element elementor-element-085e8ba elementor-section-boxed elementor-section-height-default elementor-section-height-default\" data-id=\"085e8ba\" data-element_type=\"section\">\n\t\t\t\t\t\t<div class=\"elementor-container elementor-column-gap-default\">\n\t\t\t\t\t<div class=\"elementor-column elementor-col-100 elementor-top-column elementor-element elementor-element-fb7cda9\" data-id=\"fb7cda9\" data-element_type=\"column\">\n\t\t\t<div class=\"elementor-widget-wrap elementor-element-populated\">\n\t\t\t\t\t\t<div class=\"elementor-element elementor-element-ec0c56d elementor-widget elementor-widget-text-editor\" data-id=\"ec0c56d\" data-element_type=\"widget\" data-widget_type=\"text-editor.default\">\n\t\t\t\t<div class=\"elementor-widget-container\">\n\t\t\t<style>\/*! elementor - v3.23.0 - 15-07-2024 *\/\n.elementor-widget-text-editor.elementor-drop-cap-view-stacked .elementor-drop-cap{background-color:#69727d;color:#fff}.elementor-widget-text-editor.elementor-drop-cap-view-framed .elementor-drop-cap{color:#69727d;border:3px solid;background-color:transparent}.elementor-widget-text-editor:not(.elementor-drop-cap-view-default) .elementor-drop-cap{margin-top:8px}.elementor-widget-text-editor:not(.elementor-drop-cap-view-default) .elementor-drop-cap-letter{width:1em;height:1em}.elementor-widget-text-editor .elementor-drop-cap{float:left;text-align:center;line-height:1;font-size:50px}.elementor-widget-text-editor .elementor-drop-cap-letter{display:inline-block}<\/style>\t\t\t\t<h2>Un geste sain pour votre b\u00e9b\u00e9, un engagement pour la plan\u00e8te<\/h2><p>Dans le cadre de sa d\u00e9marche \u00e9co-responsable, le CHRU s&#8217;engage activement pour la sant\u00e9 des nouveau-n\u00e9s et la pr\u00e9servation de l&#8217;environnement. Nous rempla\u00e7ons d\u00e9sormais les kits individuels en plastique par l&#8217;utilisation de biberons en verre, permettant une r\u00e9duction significative des d\u00e9chets et une meilleure ma\u00eetrise de l&#8217;exposition aux perturbateurs endocriniens. Cette transition nous permet de vous offrir un environnement plus naturel et s\u00e9curis\u00e9 d\u00e8s les premiers jours de vie de votre enfant.<\/p><p>Vous trouverez sur cette page les bonnes pratiques pour pr\u00e9parer sereinement le biberon de votre b\u00e9b\u00e9. Nous avons con\u00e7u pour vous des supports p\u00e9dagogiques simples pour vous accompagner pas \u00e0 pas dans l&#8217;apprentissage de ces nouveaux gestes.<\/p><h3>Suivez les \u00e9tapes pour l\u2019\u00e9laboration du biberon :<\/h3><ul><li><strong>En vid\u00e9o :<\/strong><\/li><\/ul>\t\t\t\t\t\t<\/div>\n\t\t\t\t<\/div>\n\t\t\t\t<div class=\"elementor-element elementor-element-afb1830 elementor-widget elementor-widget-video\" data-id=\"afb1830\" data-element_type=\"widget\" data-settings=\"{&quot;youtube_url&quot;:&quot;https:\\\/\\\/youtu.be\\\/zHRzjXipJBM&quot;,&quot;video_type&quot;:&quot;youtube&quot;,&quot;controls&quot;:&quot;yes&quot;}\" data-widget_type=\"video.default\">\n\t\t\t\t<div class=\"elementor-widget-container\">\n\t\t\t<style>\/*! elementor - v3.23.0 - 15-07-2024 *\/\n.elementor-widget-video .elementor-widget-container{overflow:hidden;transform:translateZ(0)}.elementor-widget-video .elementor-wrapper{aspect-ratio:var(--video-aspect-ratio)}.elementor-widget-video .elementor-wrapper iframe,.elementor-widget-video .elementor-wrapper video{height:100%;width:100%;display:flex;border:none;background-color:#000}@supports not (aspect-ratio:1\/1){.elementor-widget-video .elementor-wrapper{position:relative;overflow:hidden;height:0;padding-bottom:calc(100% \/ var(--video-aspect-ratio))}.elementor-widget-video .elementor-wrapper iframe,.elementor-widget-video .elementor-wrapper video{position:absolute;top:0;right:0;bottom:0;left:0}}.elementor-widget-video .elementor-open-inline .elementor-custom-embed-image-overlay{position:absolute;top:0;right:0;bottom:0;left:0;background-size:cover;background-position:50%}.elementor-widget-video .elementor-custom-embed-image-overlay{cursor:pointer;text-align:center}.elementor-widget-video .elementor-custom-embed-image-overlay:hover .elementor-custom-embed-play i{opacity:1}.elementor-widget-video .elementor-custom-embed-image-overlay img{display:block;width:100%;aspect-ratio:var(--video-aspect-ratio);-o-object-fit:cover;object-fit:cover;-o-object-position:center center;object-position:center center}@supports not (aspect-ratio:1\/1){.elementor-widget-video .elementor-custom-embed-image-overlay{position:relative;overflow:hidden;height:0;padding-bottom:calc(100% \/ var(--video-aspect-ratio))}.elementor-widget-video .elementor-custom-embed-image-overlay img{position:absolute;top:0;right:0;bottom:0;left:0}}.elementor-widget-video .e-hosted-video .elementor-video{-o-object-fit:cover;object-fit:cover}.e-con-inner>.elementor-widget-video,.e-con>.elementor-widget-video{width:var(--container-widget-width);--flex-grow:var(--container-widget-flex-grow)}<\/style>\t\t<div class=\"elementor-wrapper elementor-open-inline\">\n\t\t\t<div class=\"elementor-video\"><\/div>\t\t<\/div>\n\t\t\t\t<\/div>\n\t\t\t\t<\/div>\n\t\t\t\t\t<\/div>\n\t\t<\/div>\n\t\t\t\t\t<\/div>\n\t\t<\/section>\n\t\t\t\t<section class=\"elementor-section elementor-top-section elementor-element elementor-element-f1b28a3 elementor-section-boxed elementor-section-height-default elementor-section-height-default\" data-id=\"f1b28a3\" data-element_type=\"section\">\n\t\t\t\t\t\t<div class=\"elementor-container elementor-column-gap-default\">\n\t\t\t\t\t<div class=\"elementor-column elementor-col-100 elementor-top-column elementor-element elementor-element-d085025\" data-id=\"d085025\" data-element_type=\"column\">\n\t\t\t<div class=\"elementor-widget-wrap\">\n\t\t\t\t\t\t\t<\/div>\n\t\t<\/div>\n\t\t\t\t\t<\/div>\n\t\t<\/section>\n\t\t\t\t<section class=\"elementor-section elementor-top-section elementor-element elementor-element-577c8d6 elementor-section-boxed elementor-section-height-default elementor-section-height-default\" data-id=\"577c8d6\" data-element_type=\"section\">\n\t\t\t\t\t\t<div class=\"elementor-container elementor-column-gap-default\">\n\t\t\t\t\t<div class=\"elementor-column elementor-col-100 elementor-top-column elementor-element elementor-element-f793f61\" data-id=\"f793f61\" data-element_type=\"column\">\n\t\t\t<div class=\"elementor-widget-wrap elementor-element-populated\">\n\t\t\t\t\t\t<div class=\"elementor-element elementor-element-3191acc elementor-widget elementor-widget-text-editor\" data-id=\"3191acc\" data-element_type=\"widget\" data-widget_type=\"text-editor.default\">\n\t\t\t\t<div class=\"elementor-widget-container\">\n\t\t\t\t\t\t\t<ul><li><strong>En image :<\/strong><\/li><\/ul>\t\t\t\t\t\t<\/div>\n\t\t\t\t<\/div>\n\t\t\t\t<div class=\"elementor-element elementor-element-3caa124 elementor-button-danger elementor-align-center elementor-widget elementor-widget-button\" data-id=\"3caa124\" data-element_type=\"widget\" data-widget_type=\"button.default\">\n\t\t\t\t<div class=\"elementor-widget-container\">\n\t\t\t\t\t<div class=\"elementor-button-wrapper\">\n\t\t\t<a class=\"elementor-button elementor-button-link elementor-size-sm\" href=\"https:\/\/www.chu-tours.fr\/maternite\/wp-content\/uploads\/sites\/14\/2026\/04\/Affiche_info_biberon_patientes-V5.pdf\" target=\"_blank\">\n\t\t\t\t\t\t<span class=\"elementor-button-content-wrapper\">\n\t\t\t\t\t\t<span class=\"elementor-button-icon\">\n\t\t\t\t<i aria-hidden=\"true\" class=\"far fa-file-pdf\"><\/i>\t\t\t<\/span>\n\t\t\t\t\t\t\t\t\t<span class=\"elementor-button-text\">T\u00e9l\u00e9chargez l'affiche<\/span>\n\t\t\t\t\t<\/span>\n\t\t\t\t\t<\/a>\n\t\t<\/div>\n\t\t\t\t<\/div>\n\t\t\t\t<\/div>\n\t\t\t\t<div class=\"elementor-element elementor-element-5a35454 elementor-widget elementor-widget-spacer\" data-id=\"5a35454\" data-element_type=\"widget\" data-widget_type=\"spacer.default\">\n\t\t\t\t<div class=\"elementor-widget-container\">\n\t\t\t<style>\/*! elementor - v3.23.0 - 15-07-2024 *\/\n.elementor-column .elementor-spacer-inner{height:var(--spacer-size)}.e-con{--container-widget-width:100%}.e-con-inner>.elementor-widget-spacer,.e-con>.elementor-widget-spacer{width:var(--container-widget-width,var(--spacer-size));--align-self:var(--container-widget-align-self,initial);--flex-shrink:0}.e-con-inner>.elementor-widget-spacer>.elementor-widget-container,.e-con>.elementor-widget-spacer>.elementor-widget-container{height:100%;width:100%}.e-con-inner>.elementor-widget-spacer>.elementor-widget-container>.elementor-spacer,.e-con>.elementor-widget-spacer>.elementor-widget-container>.elementor-spacer{height:100%}.e-con-inner>.elementor-widget-spacer>.elementor-widget-container>.elementor-spacer>.elementor-spacer-inner,.e-con>.elementor-widget-spacer>.elementor-widget-container>.elementor-spacer>.elementor-spacer-inner{height:var(--container-widget-height,var(--spacer-size))}.e-con-inner>.elementor-widget-spacer.elementor-widget-empty,.e-con>.elementor-widget-spacer.elementor-widget-empty{position:relative;min-height:22px;min-width:22px}.e-con-inner>.elementor-widget-spacer.elementor-widget-empty .elementor-widget-empty-icon,.e-con>.elementor-widget-spacer.elementor-widget-empty .elementor-widget-empty-icon{position:absolute;top:0;bottom:0;left:0;right:0;margin:auto;padding:0;width:22px;height:22px}<\/style>\t\t<div class=\"elementor-spacer\">\n\t\t\t<div class=\"elementor-spacer-inner\"><\/div>\n\t\t<\/div>\n\t\t\t\t<\/div>\n\t\t\t\t<\/div>\n\t\t\t\t<div class=\"elementor-element elementor-element-7a88050 elementor-widget elementor-widget-image\" data-id=\"7a88050\" data-element_type=\"widget\" data-widget_type=\"image.default\">\n\t\t\t\t<div class=\"elementor-widget-container\">\n\t\t\t<style>\/*! elementor - v3.23.0 - 15-07-2024 *\/\n.elementor-widget-image{text-align:center}.elementor-widget-image a{display:inline-block}.elementor-widget-image a img[src$=\".svg\"]{width:48px}.elementor-widget-image img{vertical-align:middle;display:inline-block}<\/style>\t\t\t\t\t\t\t\t\t\t<img fetchpriority=\"high\" decoding=\"async\" width=\"1190\" height=\"842\" src=\"https:\/\/www.chu-tours.fr\/maternite\/wp-content\/uploads\/sites\/14\/2026\/04\/Affiche_info_biberon_patientes_web.jpg\" class=\"attachment-full size-full wp-image-5008\" alt=\"Alimentation au lait infantile : les \u00e9tapes pour l\u2019\u00e9laboration d\u2019un biberon\" srcset=\"https:\/\/www.chu-tours.fr\/maternite\/wp-content\/uploads\/sites\/14\/2026\/04\/Affiche_info_biberon_patientes_web.jpg 1190w, https:\/\/www.chu-tours.fr\/maternite\/wp-content\/uploads\/sites\/14\/2026\/04\/Affiche_info_biberon_patientes_web-300x212.jpg 300w, https:\/\/www.chu-tours.fr\/maternite\/wp-content\/uploads\/sites\/14\/2026\/04\/Affiche_info_biberon_patientes_web-1024x725.jpg 1024w, https:\/\/www.chu-tours.fr\/maternite\/wp-content\/uploads\/sites\/14\/2026\/04\/Affiche_info_biberon_patientes_web-768x543.jpg 768w\" sizes=\"(max-width: 1190px) 100vw, 1190px\" \/>\t\t\t\t\t\t\t\t\t\t\t\t\t<\/div>\n\t\t\t\t<\/div>\n\t\t\t\t<div class=\"elementor-element elementor-element-0036bb6 elementor-widget elementor-widget-text-editor\" data-id=\"0036bb6\" data-element_type=\"widget\" data-widget_type=\"text-editor.default\">\n\t\t\t\t<div class=\"elementor-widget-container\">\n\t\t\t\t\t\t\t<h3>Pourquoi ce changement ?<\/h3><ul><li><strong>Sant\u00e9<\/strong> : Le verre est un mat\u00e9riau inerte qui ne lib\u00e8re aucune substance chimique lors de la chauffe.<\/li><li><strong>\u00c9cologie<\/strong> : Un geste concret pour diminuer l&#8217;empreinte plastique de notre \u00e9tablissement.<\/li><li><strong>Simplicit\u00e9<\/strong> : Des \u00e9tapes claires pour une pr\u00e9paration s\u00e9curis\u00e9e \u00e0 l&#8217;h\u00f4pital comme \u00e0 la maison.<\/li><\/ul>\t\t\t\t\t\t<\/div>\n\t\t\t\t<\/div>\n\t\t\t\t\t<\/div>\n\t\t<\/div>\n\t\t\t\t\t<\/div>\n\t\t<\/section>\n\t\t\t\t<\/div>\n\t\t","protected":false},"excerpt":{"rendered":"<p>Un geste sain pour votre b\u00e9b\u00e9, un engagement pour la plan\u00e8te Dans le cadre de sa d\u00e9marche \u00e9co-responsable, le CHRU s&#8217;engage activement pour la sant\u00e9 des nouveau-n\u00e9s et la pr\u00e9servation de l&#8217;environnement. Nous rempla\u00e7ons d\u00e9sormais les kits individuels en plastique par l&#8217;utilisation de biberons en verre, permettant une r\u00e9duction significative des d\u00e9chets et une meilleure [&hellip;]<\/p>\n","protected":false},"author":4,"featured_media":0,"parent":0,"menu_order":0,"comment_status":"closed","ping_status":"closed","template":"","meta":{"_seopress_robots_primary_cat":"","_seopress_titles_title":"","_seopress_titles_desc":"","_seopress_robots_index":"","_exactmetrics_skip_tracking":false,"_exactmetrics_sitenote_active":false,"_exactmetrics_sitenote_note":"","_exactmetrics_sitenote_category":0,"_genesis_hide_title":false,"_genesis_hide_breadcrumbs":false,"_genesis_hide_singular_image":false,"_genesis_hide_footer_widgets":false,"_genesis_custom_body_class":"","_genesis_custom_post_class":"","_genesis_layout":"","footnotes":""},"publishpress_future_action":{"enabled":false,"date":"2026-05-20 19:56:38","action":"change-status","newStatus":"draft","terms":[],"taxonomy":""},"_links":{"self":[{"href":"https:\/\/www.chu-tours.fr\/maternite\/wp-json\/wp\/v2\/pages\/4991"}],"collection":[{"href":"https:\/\/www.chu-tours.fr\/maternite\/wp-json\/wp\/v2\/pages"}],"about":[{"href":"https:\/\/www.chu-tours.fr\/maternite\/wp-json\/wp\/v2\/types\/page"}],"author":[{"embeddable":true,"href":"https:\/\/www.chu-tours.fr\/maternite\/wp-json\/wp\/v2\/users\/4"}],"replies":[{"embeddable":true,"href":"https:\/\/www.chu-tours.fr\/maternite\/wp-json\/wp\/v2\/comments?post=4991"}],"version-history":[{"count":20,"href":"https:\/\/www.chu-tours.fr\/maternite\/wp-json\/wp\/v2\/pages\/4991\/revisions"}],"predecessor-version":[{"id":5043,"href":"https:\/\/www.chu-tours.fr\/maternite\/wp-json\/wp\/v2\/pages\/4991\/revisions\/5043"}],"wp:attachment":[{"href":"https:\/\/www.chu-tours.fr\/maternite\/wp-json\/wp\/v2\/media?parent=4991"}],"curies":[{"name":"wp","href":"https:\/\/api.w.org\/{rel}","templated":true}]}}