{"id":4658,"date":"2023-06-15T16:20:08","date_gmt":"2023-06-15T14:20:08","guid":{"rendered":"https:\/\/www.chu-tours.fr\/maternite\/?page_id=4658"},"modified":"2026-05-07T14:35:25","modified_gmt":"2026-05-07T12:35:25","slug":"parcours-en-procreation-medicalement-assistee","status":"publish","type":"page","link":"https:\/\/www.chu-tours.fr\/maternite\/parcours-en-procreation-medicalement-assistee\/","title":{"rendered":"Parcours en Procr\u00e9ation M\u00e9dicalement Assist\u00e9e"},"content":{"rendered":"\t\t<div data-elementor-type=\"wp-page\" data-elementor-id=\"4658\" class=\"elementor elementor-4658\" data-elementor-post-type=\"page\">\n\t\t\t\t\t\t<section class=\"elementor-section elementor-top-section elementor-element elementor-element-f3ac880 elementor-section-boxed elementor-section-height-default elementor-section-height-default\" data-id=\"f3ac880\" data-element_type=\"section\">\n\t\t\t\t\t\t<div class=\"elementor-container elementor-column-gap-default\">\n\t\t\t\t\t<div class=\"elementor-column elementor-col-100 elementor-top-column elementor-element elementor-element-1b85e64\" data-id=\"1b85e64\" data-element_type=\"column\">\n\t\t\t<div class=\"elementor-widget-wrap elementor-element-populated\">\n\t\t\t\t\t\t<div class=\"elementor-element elementor-element-88b02ed elementor-alert-danger elementor-widget elementor-widget-alert\" data-id=\"88b02ed\" data-element_type=\"widget\" data-widget_type=\"alert.default\">\n\t\t\t\t<div class=\"elementor-widget-container\">\n\t\t\t<style>.elementor-alert{padding:15px;border-left:5px solid transparent;position:relative;text-align:start}.elementor-alert .elementor-alert-title{display:block;font-weight:700}.elementor-alert .elementor-alert-description{font-size:13px}.elementor-alert button.elementor-alert-dismiss{position:absolute;right:var(--dismiss-icon-horizontal-position,10px);top:var(--dismiss-icon-vertical-position,10px);padding:3px;font-size:var(--dismiss-icon-size,20px);line-height:1;background:transparent;color:var(--dismiss-icon-normal-color,inherit);border:none;cursor:pointer;transition-duration:var(--dismiss-icon-hover-transition-duration,.3s)}.elementor-alert button.elementor-alert-dismiss:hover{color:var(--dismiss-icon-hover-color,inherit)}.elementor-alert button.elementor-alert-dismiss svg{width:var(--dismiss-icon-size,20px);height:var(--dismiss-icon-size,20px);fill:var(--dismiss-icon-normal-color,currentColor);transition-duration:var(--dismiss-icon-hover-transition-duration,.3s)}.elementor-alert button.elementor-alert-dismiss svg:hover{fill:var(--dismiss-icon-hover-color,currentColor)}.elementor-alert-info .elementor-alert{color:#31708f;background-color:#d9edf7;border-color:#bcdff1}.elementor-alert-success .elementor-alert{color:#3c763d;background-color:#dff0d8;border-color:#cae6be}.elementor-alert-warning .elementor-alert{color:#8a6d3b;background-color:#fcf8e3;border-color:#f9f0c3}.elementor-alert-danger .elementor-alert{color:#a94442;background-color:#f2dede;border-color:#e8c4c4}@media (max-width:767px){.elementor-alert{padding:10px}.elementor-alert button.elementor-alert-dismiss{right:7px;top:7px}}<\/style>\t\t<div class=\"elementor-alert\" role=\"alert\">\n\n\t\t\t\t\t\t<span class=\"elementor-alert-title\">INFORMATION<\/span>\n\t\t\t\n\t\t\t\t\t\t<span class=\"elementor-alert-description\">En visitant le service de M\u00e9decine et Biologie de la Reproduction vous allez quitter le site de la maternit\u00e9. Ces liens s'ouvriront dans un nouvel onglet afin de faciliter votre navigation.<\/span>\n\t\t\t\n\t\t\t\t\t\t<button type=\"button\" class=\"elementor-alert-dismiss\">\n\t\t\t\t\t\t\t\t\t<span aria-hidden=\"true\">&times;<\/span>\n\t\t\t\t\t\t\t\t<span class=\"elementor-screen-only\">Ignorer cette alerte.<\/span>\n\t\t\t<\/button>\n\t\t\t\n\t\t<\/div>\n\t\t\t\t<\/div>\n\t\t\t\t<\/div>\n\t\t\t\t<div class=\"elementor-element elementor-element-ceda044 elementor-widget elementor-widget-text-editor\" data-id=\"ceda044\" data-element_type=\"widget\" data-widget_type=\"text-editor.default\">\n\t\t\t\t<div class=\"elementor-widget-container\">\n\t\t\t<style>\/*! elementor - v3.23.0 - 15-07-2024 *\/\n.elementor-widget-text-editor.elementor-drop-cap-view-stacked .elementor-drop-cap{background-color:#69727d;color:#fff}.elementor-widget-text-editor.elementor-drop-cap-view-framed .elementor-drop-cap{color:#69727d;border:3px solid;background-color:transparent}.elementor-widget-text-editor:not(.elementor-drop-cap-view-default) .elementor-drop-cap{margin-top:8px}.elementor-widget-text-editor:not(.elementor-drop-cap-view-default) .elementor-drop-cap-letter{width:1em;height:1em}.elementor-widget-text-editor .elementor-drop-cap{float:left;text-align:center;line-height:1;font-size:50px}.elementor-widget-text-editor .elementor-drop-cap-letter{display:inline-block}<\/style>\t\t\t\t<ul class=\"conteneur-niveau-3\"><li class=\"niveau-3\"><a class=\"titre-niveau-3\" title=\"Acc\u00e9der \u00e0 la page Pr\u00e9sentation du service\" href=\"https:\/\/www.chu-tours.fr\/mbr-presentation-du-service-de-medecine-et-biologie-de-la-reproduction\/\" target=\"_blank\" rel=\"noopener\">Pr\u00e9sentation du service de M\u00e9decine et Biologie de la Reproduction<\/a><\/li><li class=\"niveau-3\"><a class=\"titre-niveau-3\" title=\"Acc\u00e9der \u00e0 la page Les activit\u00e9s du centre\" href=\"https:\/\/www.chu-tours.fr\/mbr-presentation-du-service-de-medecine-et-biologie-de-la-reproduction\/mbr-les-activites-du-centre-linduction-dovulation\/\" target=\"_blank\" rel=\"noopener\">Les activit\u00e9s du centre<\/a><\/li><li class=\"niveau-3\"><a class=\"titre-niveau-3\" title=\"Acc\u00e9der \u00e0 la page Demande de projet parental\" href=\"https:\/\/www.chu-tours.fr\/mbr-presentation-du-service-de-medecine-et-biologie-de-la-reproduction\/mbr-le-couple-infertile-la-premiere-consultation\/\" target=\"_blank\" rel=\"noopener\">Demande de projet parental<\/a><\/li><li class=\"niveau-3\"><a class=\"titre-niveau-3\" title=\"Acc\u00e9der \u00e0 la page Prise de rendez-vous\" href=\"https:\/\/www.chu-tours.fr\/mbr-presentation-du-service-de-medecine-et-biologie-de-la-reproduction\/mbr-prise-de-rendez-vous\/\" target=\"_blank\" rel=\"noopener\">Prise de rendez-vous<\/a><\/li><\/ul>\t\t\t\t\t\t<\/div>\n\t\t\t\t<\/div>\n\t\t\t\t\t<\/div>\n\t\t<\/div>\n\t\t\t\t\t<\/div>\n\t\t<\/section>\n\t\t\t\t<section class=\"elementor-section elementor-top-section elementor-element elementor-element-cc6dff1 elementor-section-boxed elementor-section-height-default elementor-section-height-default\" data-id=\"cc6dff1\" data-element_type=\"section\">\n\t\t\t\t\t\t<div class=\"elementor-container elementor-column-gap-default\">\n\t\t\t\t\t<div class=\"elementor-column elementor-col-100 elementor-top-column elementor-element elementor-element-8f89427\" data-id=\"8f89427\" data-element_type=\"column\">\n\t\t\t<div class=\"elementor-widget-wrap elementor-element-populated\">\n\t\t\t\t\t\t<div class=\"elementor-element elementor-element-74e6716 elementor-widget elementor-widget-image\" data-id=\"74e6716\" data-element_type=\"widget\" data-widget_type=\"image.default\">\n\t\t\t\t<div class=\"elementor-widget-container\">\n\t\t\t<style>\/*! elementor - v3.23.0 - 15-07-2024 *\/\n.elementor-widget-image{text-align:center}.elementor-widget-image a{display:inline-block}.elementor-widget-image a img[src$=\".svg\"]{width:48px}.elementor-widget-image img{vertical-align:middle;display:inline-block}<\/style>\t\t\t\t\t\t\t\t\t\t<img fetchpriority=\"high\" decoding=\"async\" width=\"388\" height=\"219\" src=\"https:\/\/www.chu-tours.fr\/maternite\/wp-content\/uploads\/sites\/14\/2023\/06\/fecondation-in-vitro-388x219.jpg\" class=\"attachment-actus-home size-actus-home wp-image-4676\" alt=\"f\u00e9condation in vitro\" srcset=\"https:\/\/www.chu-tours.fr\/maternite\/wp-content\/uploads\/sites\/14\/2023\/06\/fecondation-in-vitro-388x219.jpg 388w, https:\/\/www.chu-tours.fr\/maternite\/wp-content\/uploads\/sites\/14\/2023\/06\/fecondation-in-vitro-656x369.jpg 656w\" sizes=\"(max-width: 388px) 100vw, 388px\" \/>\t\t\t\t\t\t\t\t\t\t\t\t\t<\/div>\n\t\t\t\t<\/div>\n\t\t\t\t\t<\/div>\n\t\t<\/div>\n\t\t\t\t\t<\/div>\n\t\t<\/section>\n\t\t\t\t<\/div>\n\t\t","protected":false},"excerpt":{"rendered":"<p>INFORMATION En visitant le service de M\u00e9decine et Biologie de la Reproduction vous allez quitter le site de la maternit\u00e9. Ces liens s&#8217;ouvriront dans un nouvel onglet afin de faciliter votre navigation. &times; Ignorer cette alerte. Pr\u00e9sentation du service de M\u00e9decine et Biologie de la Reproduction Les activit\u00e9s du centre Demande de projet parental Prise [&hellip;]<\/p>\n","protected":false},"author":4,"featured_media":0,"parent":0,"menu_order":0,"comment_status":"closed","ping_status":"closed","template":"","meta":{"_seopress_robots_primary_cat":"","_seopress_titles_title":"CHRU de Tours. Parcours en Procr\u00e9ation M\u00e9dicalement Assist\u00e9e.","_seopress_titles_desc":"Pr\u00e9sentation du service de M\u00e9decine et Biologie de la Reproduction.","_seopress_robots_index":"","_exactmetrics_skip_tracking":false,"_exactmetrics_sitenote_active":false,"_exactmetrics_sitenote_note":"","_exactmetrics_sitenote_category":0,"_genesis_hide_title":false,"_genesis_hide_breadcrumbs":false,"_genesis_hide_singular_image":false,"_genesis_hide_footer_widgets":false,"_genesis_custom_body_class":"","_genesis_custom_post_class":"","_genesis_layout":"","footnotes":""},"publishpress_future_action":{"enabled":false,"date":"2026-05-20 19:57:48","action":"change-status","newStatus":"draft","terms":[],"taxonomy":""},"_links":{"self":[{"href":"https:\/\/www.chu-tours.fr\/maternite\/wp-json\/wp\/v2\/pages\/4658"}],"collection":[{"href":"https:\/\/www.chu-tours.fr\/maternite\/wp-json\/wp\/v2\/pages"}],"about":[{"href":"https:\/\/www.chu-tours.fr\/maternite\/wp-json\/wp\/v2\/types\/page"}],"author":[{"embeddable":true,"href":"https:\/\/www.chu-tours.fr\/maternite\/wp-json\/wp\/v2\/users\/4"}],"replies":[{"embeddable":true,"href":"https:\/\/www.chu-tours.fr\/maternite\/wp-json\/wp\/v2\/comments?post=4658"}],"version-history":[{"count":20,"href":"https:\/\/www.chu-tours.fr\/maternite\/wp-json\/wp\/v2\/pages\/4658\/revisions"}],"predecessor-version":[{"id":5047,"href":"https:\/\/www.chu-tours.fr\/maternite\/wp-json\/wp\/v2\/pages\/4658\/revisions\/5047"}],"wp:attachment":[{"href":"https:\/\/www.chu-tours.fr\/maternite\/wp-json\/wp\/v2\/media?parent=4658"}],"curies":[{"name":"wp","href":"https:\/\/api.w.org\/{rel}","templated":true}]}}