{"id":334,"date":"2023-04-17T11:45:30","date_gmt":"2023-04-17T09:45:30","guid":{"rendered":"https:\/\/www.chu-tours.fr\/maternite\/?page_id=334"},"modified":"2023-11-13T11:48:16","modified_gmt":"2023-11-13T10:48:16","slug":"mon-parcours-grossesse","status":"publish","type":"page","link":"https:\/\/www.chu-tours.fr\/maternite\/mon-parcours-grossesse\/","title":{"rendered":"Mon parcours grossesse"},"content":{"rendered":"\t\t<div data-elementor-type=\"wp-page\" data-elementor-id=\"334\" class=\"elementor elementor-334\" data-elementor-post-type=\"page\">\n\t\t\t\t\t\t<section class=\"elementor-section elementor-top-section elementor-element elementor-element-c3620b5 elementor-hidden-tablet elementor-hidden-mobile_extra elementor-hidden-mobile elementor-section-boxed elementor-section-height-default elementor-section-height-default\" data-id=\"c3620b5\" data-element_type=\"section\">\n\t\t\t\t\t\t<div class=\"elementor-container elementor-column-gap-default\">\n\t\t\t\t\t<div class=\"elementor-column elementor-col-100 elementor-top-column elementor-element elementor-element-0a80c73\" data-id=\"0a80c73\" data-element_type=\"column\">\n\t\t\t<div class=\"elementor-widget-wrap elementor-element-populated\">\n\t\t\t\t\t\t<div class=\"elementor-element elementor-element-1c1a4b2 elementor-widget elementor-widget-text-editor\" data-id=\"1c1a4b2\" data-element_type=\"widget\" data-widget_type=\"text-editor.default\">\n\t\t\t\t<div class=\"elementor-widget-container\">\n\t\t\t<style>\/*! elementor - v3.23.0 - 15-07-2024 *\/\n.elementor-widget-text-editor.elementor-drop-cap-view-stacked .elementor-drop-cap{background-color:#69727d;color:#fff}.elementor-widget-text-editor.elementor-drop-cap-view-framed .elementor-drop-cap{color:#69727d;border:3px solid;background-color:transparent}.elementor-widget-text-editor:not(.elementor-drop-cap-view-default) .elementor-drop-cap{margin-top:8px}.elementor-widget-text-editor:not(.elementor-drop-cap-view-default) .elementor-drop-cap-letter{width:1em;height:1em}.elementor-widget-text-editor .elementor-drop-cap{float:left;text-align:center;line-height:1;font-size:50px}.elementor-widget-text-editor .elementor-drop-cap-letter{display:inline-block}<\/style>\t\t\t\t<p><strong>L&#8217;infographie de votre parcours grossesse est une image r\u00e9active. <\/strong><\/p><p><strong><span style=\"color: #ed1164;\">Survolez l&#8217;image pour en savoir plus<\/span><\/strong> et cliquez sur les liens propos\u00e9s pour \u00eatre redirig\u00e9\u00b7e vers la rubrique concern\u00e9e.<\/p>\t\t\t\t\t\t<\/div>\n\t\t\t\t<\/div>\n\t\t\t\t\t<\/div>\n\t\t<\/div>\n\t\t\t\t\t<\/div>\n\t\t<\/section>\n\t\t\t\t<section class=\"elementor-section elementor-top-section elementor-element elementor-element-3c8d4cd elementor-section-boxed elementor-section-height-default elementor-section-height-default\" data-id=\"3c8d4cd\" data-element_type=\"section\">\n\t\t\t\t\t\t<div class=\"elementor-container elementor-column-gap-default\">\n\t\t\t\t\t<div class=\"elementor-column elementor-col-100 elementor-top-column elementor-element elementor-element-f51da72\" data-id=\"f51da72\" data-element_type=\"column\">\n\t\t\t<div class=\"elementor-widget-wrap\">\n\t\t\t\t\t\t\t<\/div>\n\t\t<\/div>\n\t\t\t\t\t<\/div>\n\t\t<\/section>\n\t\t\t\t<section class=\"elementor-section elementor-top-section elementor-element elementor-element-af52e04 elementor-hidden-tablet elementor-hidden-mobile_extra elementor-hidden-mobile elementor-section-boxed elementor-section-height-default elementor-section-height-default\" data-id=\"af52e04\" data-element_type=\"section\">\n\t\t\t\t\t\t<div class=\"elementor-container elementor-column-gap-default\">\n\t\t\t\t\t<div class=\"elementor-column elementor-col-100 elementor-top-column elementor-element elementor-element-ea0d507\" data-id=\"ea0d507\" data-element_type=\"column\">\n\t\t\t<div class=\"elementor-widget-wrap elementor-element-populated\">\n\t\t\t\t\t\t<div class=\"elementor-element elementor-element-5c9fc83 elementor-hidden-mobile_extra elementor-hidden-mobile elementor-widget elementor-widget-html\" data-id=\"5c9fc83\" data-element_type=\"widget\" data-widget_type=\"html.default\">\n\t\t\t\t<div class=\"elementor-widget-container\">\n\t\t\t<!-- Image Map -->\r\n<img decoding=\"async\" src=\"\/maternite\/wp-content\/uploads\/sites\/14\/2023\/02\/timeline_maternite_v7b.jpg\" usemap=\"#parcours-grossesse\">\r\n\r\n<map name=\"parcours-grossesse\">\r\n    <area target=\"_blank\" alt=\"Consultations\" title=\"Consultations\" href=\"\/maternite\/votre-suivi-avant-la-naissance#consults\" coords=\"158,295,1,252\" shape=\"rect\">\r\n    <area target=\"_blank\" alt=\"Pregnant\u00b7See\" title=\"Pregnant\u00b7See\" href=\"\/maternite\/pregnant-see-centre-de-depistage-du-premier-trimestre\/\" coords=\"122,154,252,191\" shape=\"rect\">\r\n    <area target=\"_blank\" alt=\"Entretien  Pr\u00e9natal Pr\u00e9coce\" title=\"Entretien  Pr\u00e9natal Pr\u00e9coce\" href=\"\/maternite\/votre-suivi-avant-la-naissance#epp\" coords=\"240,205,320,284\" shape=\"rect\">\r\n    <area target=\"_blank\" alt=\"Pr\u00e9paration \u00e0 la naissance\" title=\"Pr\u00e9paration \u00e0 la naissance\" href=\"\/maternite\/votre-suivi-avant-la-naissance#prepa-naissance\" coords=\"488,246,723,284\" shape=\"rect\">\r\n    <area target=\"_blank\" alt=\"Consultation d'anesth\u00e9sie\" title=\"Consultation d'anesth\u00e9sie\" href=\"\/maternite\/votre-suivi-avant-la-naissance#consult-anesthesie\" coords=\"675,141,802,186\" shape=\"rect\">\r\n    <area target=\"_blank\" alt=\"Echographies\" title=\"Echographies\" href=\"\/maternite\/votre-suivi-avant-la-naissance#echos\" coords=\"3,411,647,456\" shape=\"rect\">\r\n    <area target=\"_blank\" alt=\"La Naissance\" title=\"La Naissance\" href=\"\/maternite\/votre-suivi-le-jour-de-la-naissance\/\" coords=\"782,301,882,306,883,413,776,402\" shape=\"poly\">\r\n    <area target=\"_blank\" alt=\"Le S\u00e9jour\" title=\"Le S\u00e9jour\" href=\"\/maternite\/un-chez-soi-a-lhopital\/\" coords=\"901,306,908,411,1014,406,1009,297\" shape=\"poly\">\r\n    <area target=\"_blank\" alt=\"Le Retour \u00e0 la maison\" title=\"Le Retour \u00e0 la maison\" href=\"\/maternite\/mon-parcours-grossesse\/votre-suivi-apres-la-naissance#retour-maison\" coords=\"1026,400,1132,410,1138,302,1034,296\" shape=\"poly\">\r\n    <area target=\"_blank\" alt=\"L'Hospitalisation pendant la grossesse\" title=\"L'Hospitalisation pendant la grossesse\" href=\"\/maternite\/votre-suivi-avant-la-naissance#hospitalisation-grossesse\" coords=\"113,626,127,580,142,558,207,537,207,563,506,563,506,651,137,651,137,632\" shape=\"poly\">\r\n    <area target=\"_blank\" alt=\"Les Urgences\" title=\"Les Urgences\" href=\"\/maternite\/votre-suivi-avant-la-naissance#urgences\" coords=\"665,631,686,606,670,592,700,556,729,558,758,535,759,559,1061,564,1060,652,685,652,690,626,679,629\" shape=\"poly\">\r\n<\/map>\t\t<\/div>\n\t\t\t\t<\/div>\n\t\t\t\t\t<\/div>\n\t\t<\/div>\n\t\t\t\t\t<\/div>\n\t\t<\/section>\n\t\t\t\t<section class=\"elementor-section elementor-top-section elementor-element elementor-element-b5a226d elementor-hidden-widescreen elementor-hidden-desktop elementor-hidden-laptop elementor-hidden-tablet_extra elementor-section-boxed elementor-section-height-default elementor-section-height-default\" data-id=\"b5a226d\" data-element_type=\"section\">\n\t\t\t\t\t\t<div class=\"elementor-container elementor-column-gap-default\">\n\t\t\t\t\t<div class=\"elementor-column elementor-col-100 elementor-top-column elementor-element elementor-element-952da61\" data-id=\"952da61\" data-element_type=\"column\">\n\t\t\t<div class=\"elementor-widget-wrap elementor-element-populated\">\n\t\t\t\t\t\t<div class=\"elementor-element elementor-element-c72031c elementor-hidden-widescreen elementor-hidden-desktop elementor-hidden-tablet_extra elementor-widget elementor-widget-image\" data-id=\"c72031c\" data-element_type=\"widget\" data-widget_type=\"image.default\">\n\t\t\t\t<div class=\"elementor-widget-container\">\n\t\t\t<style>\/*! elementor - v3.23.0 - 15-07-2024 *\/\n.elementor-widget-image{text-align:center}.elementor-widget-image a{display:inline-block}.elementor-widget-image a img[src$=\".svg\"]{width:48px}.elementor-widget-image img{vertical-align:middle;display:inline-block}<\/style>\t\t\t\t\t\t\t\t\t\t<img fetchpriority=\"high\" decoding=\"async\" width=\"1024\" height=\"578\" src=\"https:\/\/www.chu-tours.fr\/maternite\/wp-content\/uploads\/sites\/14\/2023\/02\/timeline_maternite_v7b-1024x578.jpg\" class=\"attachment-large size-large wp-image-2175\" alt=\"Votre parcours grossesse\" srcset=\"https:\/\/www.chu-tours.fr\/maternite\/wp-content\/uploads\/sites\/14\/2023\/02\/timeline_maternite_v7b-1024x578.jpg 1024w, https:\/\/www.chu-tours.fr\/maternite\/wp-content\/uploads\/sites\/14\/2023\/02\/timeline_maternite_v7b-300x169.jpg 300w, https:\/\/www.chu-tours.fr\/maternite\/wp-content\/uploads\/sites\/14\/2023\/02\/timeline_maternite_v7b-768x433.jpg 768w, https:\/\/www.chu-tours.fr\/maternite\/wp-content\/uploads\/sites\/14\/2023\/02\/timeline_maternite_v7b-388x219.jpg 388w, https:\/\/www.chu-tours.fr\/maternite\/wp-content\/uploads\/sites\/14\/2023\/02\/timeline_maternite_v7b-656x369.jpg 656w, https:\/\/www.chu-tours.fr\/maternite\/wp-content\/uploads\/sites\/14\/2023\/02\/timeline_maternite_v7b.jpg 1157w\" sizes=\"(max-width: 1024px) 100vw, 1024px\" \/>\t\t\t\t\t\t\t\t\t\t\t\t\t<\/div>\n\t\t\t\t<\/div>\n\t\t\t\t\t<\/div>\n\t\t<\/div>\n\t\t\t\t\t<\/div>\n\t\t<\/section>\n\t\t\t\t<section class=\"elementor-section elementor-top-section elementor-element elementor-element-83a44f1 elementor-hidden-widescreen elementor-hidden-desktop elementor-hidden-laptop elementor-hidden-tablet_extra elementor-section-boxed elementor-section-height-default elementor-section-height-default\" data-id=\"83a44f1\" data-element_type=\"section\">\n\t\t\t\t\t\t<div class=\"elementor-container elementor-column-gap-default\">\n\t\t\t\t\t<div class=\"elementor-column elementor-col-100 elementor-top-column elementor-element elementor-element-e856e72\" data-id=\"e856e72\" data-element_type=\"column\">\n\t\t\t<div class=\"elementor-widget-wrap elementor-element-populated\">\n\t\t\t\t\t\t<div class=\"elementor-element elementor-element-45d888b elementor-widget elementor-widget-heading\" data-id=\"45d888b\" data-element_type=\"widget\" data-widget_type=\"heading.default\">\n\t\t\t\t<div class=\"elementor-widget-container\">\n\t\t\t<style>\/*! elementor - v3.23.0 - 15-07-2024 *\/\n.elementor-heading-title{padding:0;margin:0;line-height:1}.elementor-widget-heading .elementor-heading-title[class*=elementor-size-]>a{color:inherit;font-size:inherit;line-height:inherit}.elementor-widget-heading .elementor-heading-title.elementor-size-small{font-size:15px}.elementor-widget-heading .elementor-heading-title.elementor-size-medium{font-size:19px}.elementor-widget-heading .elementor-heading-title.elementor-size-large{font-size:29px}.elementor-widget-heading .elementor-heading-title.elementor-size-xl{font-size:39px}.elementor-widget-heading .elementor-heading-title.elementor-size-xxl{font-size:59px}<\/style><h2 class=\"elementor-heading-title elementor-size-default\">Mon parcours grossesse<\/h2>\t\t<\/div>\n\t\t\t\t<\/div>\n\t\t\t\t\t<\/div>\n\t\t<\/div>\n\t\t\t\t\t<\/div>\n\t\t<\/section>\n\t\t\t\t<section class=\"elementor-section elementor-top-section elementor-element elementor-element-c748c8a elementor-hidden-widescreen elementor-hidden-desktop elementor-hidden-laptop elementor-hidden-tablet_extra elementor-section-boxed elementor-section-height-default elementor-section-height-default\" data-id=\"c748c8a\" data-element_type=\"section\">\n\t\t\t\t\t\t<div class=\"elementor-container elementor-column-gap-default\">\n\t\t\t\t\t<div class=\"elementor-column elementor-col-100 elementor-top-column elementor-element elementor-element-574d882\" data-id=\"574d882\" data-element_type=\"column\">\n\t\t\t<div class=\"elementor-widget-wrap elementor-element-populated\">\n\t\t\t\t\t\t<div class=\"elementor-element elementor-element-f9aa942 elementor-widget elementor-widget-heading\" data-id=\"f9aa942\" data-element_type=\"widget\" data-widget_type=\"heading.default\">\n\t\t\t\t<div class=\"elementor-widget-container\">\n\t\t\t<h3 class=\"elementor-heading-title elementor-size-default\">Avant la naissance<\/h3>\t\t<\/div>\n\t\t\t\t<\/div>\n\t\t\t\t<div class=\"elementor-element elementor-element-687d81f elementor-widget elementor-widget-text-editor\" data-id=\"687d81f\" data-element_type=\"widget\" data-widget_type=\"text-editor.default\">\n\t\t\t\t<div class=\"elementor-widget-container\">\n\t\t\t\t\t\t\t<ul><li><a href=\"\/maternite\/pregnant-see-centre-de-depistage-du-premier-trimestre\/\" rel=\"noopener\">Pregnant\u00b7See<\/a><\/li><li><a href=\"\/maternite\/votre-suivi-avant-la-naissance\/#epp\" rel=\"noopener\">Entretien Pr\u00e9natal Pr\u00e9coce<\/a><\/li><li><a href=\"\/maternite\/votre-suivi-avant-la-naissance\/#inscription\" rel=\"noopener\">Inscription \u00e0 la maternit\u00e9<\/a><\/li><li><a href=\"\/maternite\/votre-suivi-avant-la-naissance\/#consults\" rel=\"noopener\">Consultations de suivi de grossesse<\/a><\/li><li><a href=\"\/maternite\/votre-suivi-avant-la-naissance\/#prepa-naissance\" rel=\"noopener\">Pr\u00e9paration \u00e0 la naissance et ateliers<\/a><\/li><li><a href=\"\/maternite\/votre-suivi-avant-la-naissance\/#echos\" rel=\"noopener\">\u00c9chographies<\/a><\/li><li><a href=\"\/maternite\/votre-suivi-avant-la-naissance\/#consult-anesthesie\" rel=\"noopener\">Consultation d&#8217;anesth\u00e9sie<\/a><\/li><li><span style=\"color: #ed1164;\"><a style=\"color: #ed1164;\" href=\"\/maternite\/votre-suivi-avant-la-naissance\/#urgences\" rel=\"noopener\">En cas d&#8217;urgence<\/a><\/span><\/li><li><a href=\"\/maternite\/votre-suivi-avant-la-naissance\/#hospitalisation-grossesse\" rel=\"noopener\">L&#8217;hospitalisation pendant la grossesse<\/a><\/li><\/ul>\t\t\t\t\t\t<\/div>\n\t\t\t\t<\/div>\n\t\t\t\t\t<\/div>\n\t\t<\/div>\n\t\t\t\t\t<\/div>\n\t\t<\/section>\n\t\t\t\t<section class=\"elementor-section elementor-top-section elementor-element elementor-element-032b109 elementor-hidden-widescreen elementor-hidden-desktop elementor-hidden-laptop elementor-hidden-tablet_extra elementor-section-boxed elementor-section-height-default elementor-section-height-default\" data-id=\"032b109\" data-element_type=\"section\">\n\t\t\t\t\t\t<div class=\"elementor-container elementor-column-gap-default\">\n\t\t\t\t\t<div class=\"elementor-column elementor-col-100 elementor-top-column elementor-element elementor-element-f6272df\" data-id=\"f6272df\" data-element_type=\"column\">\n\t\t\t<div class=\"elementor-widget-wrap elementor-element-populated\">\n\t\t\t\t\t\t<div class=\"elementor-element elementor-element-5374134 elementor-widget elementor-widget-heading\" data-id=\"5374134\" data-element_type=\"widget\" data-widget_type=\"heading.default\">\n\t\t\t\t<div class=\"elementor-widget-container\">\n\t\t\t<h3 class=\"elementor-heading-title elementor-size-default\">Le jour de la naissance<\/h3>\t\t<\/div>\n\t\t\t\t<\/div>\n\t\t\t\t<div class=\"elementor-element elementor-element-6bbbf39 elementor-widget elementor-widget-text-editor\" data-id=\"6bbbf39\" data-element_type=\"widget\" data-widget_type=\"text-editor.default\">\n\t\t\t\t<div class=\"elementor-widget-container\">\n\t\t\t\t\t\t\t<ul><li class=\"niveau-4\"><a class=\"titre-niveau-4\" title=\"Acc\u00e9der \u00e0 la page Arriv\u00e9e aux urgences\" href=\"https:\/\/www.chu-tours.fr\/maternite\/votre-suivi-le-jour-de-la-naissance\/#arrivee-urgences\">Arriv\u00e9e aux urgences<\/a><\/li><li class=\"niveau-4\"><a class=\"titre-niveau-4\" title=\"Acc\u00e9der \u00e0 la page En salle de naissance\" href=\"https:\/\/www.chu-tours.fr\/maternite\/votre-suivi-le-jour-de-la-naissance\/#ensalledenaissance\">En salle de naissance<\/a><\/li><li class=\"niveau-4\"><a class=\"titre-niveau-4\" title=\"Acc\u00e9der \u00e0 la page En cas de c\u00e9sarienne\" href=\"https:\/\/www.chu-tours.fr\/maternite\/votre-suivi-le-jour-de-la-naissance\/#encasdecesarienne\">En cas de c\u00e9sarienne<\/a><\/li><\/ul>\t\t\t\t\t\t<\/div>\n\t\t\t\t<\/div>\n\t\t\t\t\t<\/div>\n\t\t<\/div>\n\t\t\t\t\t<\/div>\n\t\t<\/section>\n\t\t\t\t<section class=\"elementor-section elementor-top-section elementor-element elementor-element-7e74dc2 elementor-hidden-widescreen elementor-hidden-desktop elementor-hidden-laptop elementor-hidden-tablet_extra elementor-section-boxed elementor-section-height-default elementor-section-height-default\" data-id=\"7e74dc2\" data-element_type=\"section\">\n\t\t\t\t\t\t<div class=\"elementor-container elementor-column-gap-default\">\n\t\t\t\t\t<div class=\"elementor-column elementor-col-100 elementor-top-column elementor-element elementor-element-ab52db4\" data-id=\"ab52db4\" data-element_type=\"column\">\n\t\t\t<div class=\"elementor-widget-wrap elementor-element-populated\">\n\t\t\t\t\t\t<div class=\"elementor-element elementor-element-83faa4a elementor-widget elementor-widget-heading\" data-id=\"83faa4a\" data-element_type=\"widget\" data-widget_type=\"heading.default\">\n\t\t\t\t<div class=\"elementor-widget-container\">\n\t\t\t<h3 class=\"elementor-heading-title elementor-size-default\">Apr\u00e8s la naissance<\/h3>\t\t<\/div>\n\t\t\t\t<\/div>\n\t\t\t\t<div class=\"elementor-element elementor-element-33b28a3 elementor-widget elementor-widget-text-editor\" data-id=\"33b28a3\" data-element_type=\"widget\" data-widget_type=\"text-editor.default\">\n\t\t\t\t<div class=\"elementor-widget-container\">\n\t\t\t\t\t\t\t<ul><li class=\"niveau-4\"><a class=\"titre-niveau-4\" title=\"Acc\u00e9der \u00e0 la page L\u2019\u00e9quipe\" href=\"https:\/\/www.chu-tours.fr\/maternite\/mon-parcours-grossesse\/votre-suivi-apres-la-naissance\/#equipe\" target=\"\">L\u2019\u00e9quipe<\/a><\/li><li class=\"niveau-4\"><a class=\"titre-niveau-4\" title=\"Acc\u00e9der \u00e0 la page Allaitement maternel\" href=\"https:\/\/www.chu-tours.fr\/maternite\/accompagner-votre-allaitement-maternel\/\" target=\"\">Allaitement maternel<\/a><\/li><li class=\"niveau-4\"><a class=\"titre-niveau-4\" title=\"Acc\u00e9der \u00e0 la page Organisation des soins\" href=\"https:\/\/www.chu-tours.fr\/maternite\/mon-parcours-grossesse\/votre-suivi-apres-la-naissance\/#orga-soins\" target=\"\">Organisation des soins<\/a><\/li><li class=\"niveau-4\"><a class=\"titre-niveau-4\" title=\"Acc\u00e9der \u00e0 la page D\u00e9clarer votre enfant\" href=\"https:\/\/www.chu-tours.fr\/maternite\/mon-parcours-grossesse\/votre-suivi-apres-la-naissance\/#declarer-votre-enfant\" target=\"\">D\u00e9clarer votre enfant<\/a><\/li><li class=\"niveau-4\"><a class=\"titre-niveau-4\" title=\"Acc\u00e9der \u00e0 la page Pr\u00e9parer le retour \u00e0 la maison\" href=\"https:\/\/www.chu-tours.fr\/maternite\/mon-parcours-grossesse\/votre-suivi-apres-la-naissance\/#retour-maison\" target=\"\">Pr\u00e9parer le retour \u00e0 la maison<\/a><\/li><li class=\"niveau-4\"><a class=\"titre-niveau-4\" title=\"Acc\u00e9der \u00e0 la page La sortie\" href=\"https:\/\/www.chu-tours.fr\/maternite\/mon-parcours-grossesse\/votre-suivi-apres-la-naissance\/#sortie\" target=\"\">La sortie<\/a><\/li><\/ul>\t\t\t\t\t\t<\/div>\n\t\t\t\t<\/div>\n\t\t\t\t\t<\/div>\n\t\t<\/div>\n\t\t\t\t\t<\/div>\n\t\t<\/section>\n\t\t\t\t<section class=\"elementor-section elementor-top-section elementor-element elementor-element-da9cc04 elementor-section-boxed elementor-section-height-default elementor-section-height-default\" data-id=\"da9cc04\" data-element_type=\"section\">\n\t\t\t\t\t\t<div class=\"elementor-container elementor-column-gap-default\">\n\t\t\t\t\t<div class=\"elementor-column elementor-col-100 elementor-top-column elementor-element elementor-element-c98d53b\" data-id=\"c98d53b\" data-element_type=\"column\">\n\t\t\t<div class=\"elementor-widget-wrap elementor-element-populated\">\n\t\t\t\t\t\t<div class=\"elementor-element elementor-element-d4dbd58 elementor-view-stacked elementor-fixed elementor-shape-circle elementor-widget elementor-widget-icon\" data-id=\"d4dbd58\" data-element_type=\"widget\" id=\"icon\" data-settings=\"{&quot;_position&quot;:&quot;fixed&quot;}\" data-widget_type=\"icon.default\">\n\t\t\t\t<div class=\"elementor-widget-container\">\n\t\t\t\t\t<div class=\"elementor-icon-wrapper\">\n\t\t\t<a class=\"elementor-icon elementor-animation-pulse\" href=\"#top\">\n\t\t\t<i aria-hidden=\"true\" class=\"far fa-arrow-alt-circle-up\"><\/i>\t\t\t<\/a>\n\t\t<\/div>\n\t\t\t\t<\/div>\n\t\t\t\t<\/div>\n\t\t\t\t\t<\/div>\n\t\t<\/div>\n\t\t\t\t\t<\/div>\n\t\t<\/section>\n\t\t\t\t<\/div>\n\t\t","protected":false},"excerpt":{"rendered":"<p>L&#8217;infographie de votre parcours grossesse est une image r\u00e9active. Survolez l&#8217;image pour en savoir plus et cliquez sur les liens propos\u00e9s pour \u00eatre redirig\u00e9\u00b7e vers la rubrique concern\u00e9e. Mon parcours grossesse Avant la naissance Pregnant\u00b7See Entretien Pr\u00e9natal Pr\u00e9coce Inscription \u00e0 la maternit\u00e9 Consultations de suivi de grossesse Pr\u00e9paration \u00e0 la naissance et ateliers \u00c9chographies Consultation [&hellip;]<\/p>\n","protected":false},"author":4,"featured_media":0,"parent":0,"menu_order":0,"comment_status":"closed","ping_status":"closed","template":"","meta":{"_seopress_robots_primary_cat":"","_seopress_titles_title":"CHRU de Tours - Maternit\u00e9 Olympe de Gouges. Mon parcours grossesse.","_seopress_titles_desc":"La Maternit\u00e9 Olympe de Gouges du CHRU de Tours est situ\u00e9e sur le site de l&#039;h\u00f4pital Bretonneau. Toutes les informations concernant votre suivi avant et apr\u00e8s l&#039;accouchement \u00e0 la maternit\u00e9.","_seopress_robots_index":"","_exactmetrics_skip_tracking":false,"_exactmetrics_sitenote_active":false,"_exactmetrics_sitenote_note":"","_exactmetrics_sitenote_category":0,"_genesis_hide_title":false,"_genesis_hide_breadcrumbs":false,"_genesis_hide_singular_image":false,"_genesis_hide_footer_widgets":false,"_genesis_custom_body_class":"","_genesis_custom_post_class":"","_genesis_layout":"","footnotes":""},"publishpress_future_action":{"enabled":false,"date":"2026-05-22 09:50:19","action":"change-status","newStatus":"draft","terms":[],"taxonomy":""},"_links":{"self":[{"href":"https:\/\/www.chu-tours.fr\/maternite\/wp-json\/wp\/v2\/pages\/334"}],"collection":[{"href":"https:\/\/www.chu-tours.fr\/maternite\/wp-json\/wp\/v2\/pages"}],"about":[{"href":"https:\/\/www.chu-tours.fr\/maternite\/wp-json\/wp\/v2\/types\/page"}],"author":[{"embeddable":true,"href":"https:\/\/www.chu-tours.fr\/maternite\/wp-json\/wp\/v2\/users\/4"}],"replies":[{"embeddable":true,"href":"https:\/\/www.chu-tours.fr\/maternite\/wp-json\/wp\/v2\/comments?post=334"}],"version-history":[{"count":387,"href":"https:\/\/www.chu-tours.fr\/maternite\/wp-json\/wp\/v2\/pages\/334\/revisions"}],"predecessor-version":[{"id":4782,"href":"https:\/\/www.chu-tours.fr\/maternite\/wp-json\/wp\/v2\/pages\/334\/revisions\/4782"}],"wp:attachment":[{"href":"https:\/\/www.chu-tours.fr\/maternite\/wp-json\/wp\/v2\/media?parent=334"}],"curies":[{"name":"wp","href":"https:\/\/api.w.org\/{rel}","templated":true}]}}