{"id":99,"date":"2024-12-09T15:05:53","date_gmt":"2024-12-09T14:05:53","guid":{"rendered":"https:\/\/www.chu-tours.fr\/mat\/?page_id=99"},"modified":"2026-01-28T10:56:02","modified_gmt":"2026-01-28T09:56:02","slug":"journee-annuelle","status":"publish","type":"page","link":"https:\/\/www.chu-tours.fr\/mat\/journee-annuelle\/","title":{"rendered":"Journ\u00e9e annuelle"},"content":{"rendered":"\t\t<div data-elementor-type=\"wp-page\" data-elementor-id=\"99\" class=\"elementor elementor-99\" data-elementor-post-type=\"page\">\n\t\t\t\t<div class=\"elementor-element elementor-element-e3f3a57 e-flex e-con-boxed e-con e-parent\" data-id=\"e3f3a57\" data-element_type=\"container\">\n\t\t\t\t\t<div class=\"e-con-inner\">\n\t\t\t\t<div class=\"elementor-element elementor-element-98c0c98 elementor-widget elementor-widget-heading\" data-id=\"98c0c98\" data-element_type=\"widget\" data-widget_type=\"heading.default\">\n\t\t\t\t<div class=\"elementor-widget-container\">\n\t\t\t<style>\/*! elementor - v3.23.0 - 15-07-2024 *\/\n.elementor-heading-title{padding:0;margin:0;line-height:1}.elementor-widget-heading .elementor-heading-title[class*=elementor-size-]>a{color:inherit;font-size:inherit;line-height:inherit}.elementor-widget-heading .elementor-heading-title.elementor-size-small{font-size:15px}.elementor-widget-heading .elementor-heading-title.elementor-size-medium{font-size:19px}.elementor-widget-heading .elementor-heading-title.elementor-size-large{font-size:29px}.elementor-widget-heading .elementor-heading-title.elementor-size-xl{font-size:39px}.elementor-widget-heading .elementor-heading-title.elementor-size-xxl{font-size:59px}<\/style><h2 class=\"elementor-heading-title elementor-size-default\">2026<\/h2>\t\t<\/div>\n\t\t\t\t<\/div>\n\t\t<div class=\"elementor-element elementor-element-7129776 e-con-full e-flex e-con e-child\" data-id=\"7129776\" data-element_type=\"container\">\n\t\t\t\t<div class=\"elementor-element elementor-element-3820d85 elementor-widget__width-initial elementor-widget elementor-widget-image\" data-id=\"3820d85\" data-element_type=\"widget\" data-widget_type=\"image.default\">\n\t\t\t\t<div class=\"elementor-widget-container\">\n\t\t\t<style>\/*! elementor - v3.23.0 - 15-07-2024 *\/\n.elementor-widget-image{text-align:center}.elementor-widget-image a{display:inline-block}.elementor-widget-image a img[src$=\".svg\"]{width:48px}.elementor-widget-image img{vertical-align:middle;display:inline-block}<\/style>\t\t\t\t\t\t\t\t\t\t\t<a href=\"https:\/\/www.chu-tours.fr\/mat\/wp-content\/uploads\/sites\/17\/2026\/01\/Affiche-4e-journee-CRMR-MAT.jpg\" data-elementor-open-lightbox=\"yes\" data-elementor-lightbox-title=\"Affiche 4e journee CRMR MAT\" data-e-action-hash=\"#elementor-action%3Aaction%3Dlightbox%26settings%3DeyJpZCI6NjgyLCJ1cmwiOiJodHRwczpcL1wvd3d3LmNodS10b3Vycy5mclwvbWF0XC93cC1jb250ZW50XC91cGxvYWRzXC9zaXRlc1wvMTdcLzIwMjZcLzAxXC9BZmZpY2hlLTRlLWpvdXJuZWUtQ1JNUi1NQVQuanBnIn0%3D\">\n\t\t\t\t\t\t\t<img fetchpriority=\"high\" decoding=\"async\" width=\"1500\" height=\"2000\" src=\"https:\/\/www.chu-tours.fr\/mat\/wp-content\/uploads\/sites\/17\/2026\/01\/Affiche-4e-journee-CRMR-MAT.jpg\" class=\"attachment-full size-full wp-image-682\" alt=\"4\u00e8me \u00e9dition Journ\u00e9e organis\u00e9e par le Centre de R\u00e9f\u00e9rence Maladies Rares des Microangiopathies Thrombotiques\" srcset=\"https:\/\/www.chu-tours.fr\/mat\/wp-content\/uploads\/sites\/17\/2026\/01\/Affiche-4e-journee-CRMR-MAT.jpg 1500w, https:\/\/www.chu-tours.fr\/mat\/wp-content\/uploads\/sites\/17\/2026\/01\/Affiche-4e-journee-CRMR-MAT-225x300.jpg 225w, https:\/\/www.chu-tours.fr\/mat\/wp-content\/uploads\/sites\/17\/2026\/01\/Affiche-4e-journee-CRMR-MAT-768x1024.jpg 768w, https:\/\/www.chu-tours.fr\/mat\/wp-content\/uploads\/sites\/17\/2026\/01\/Affiche-4e-journee-CRMR-MAT-1152x1536.jpg 1152w\" sizes=\"(max-width: 1500px) 100vw, 1500px\" \/>\t\t\t\t\t\t\t\t<\/a>\n\t\t\t\t\t\t\t\t\t\t\t\t\t<\/div>\n\t\t\t\t<\/div>\n\t\t\t\t<div class=\"elementor-element elementor-element-22a43d9 elementor-widget__width-initial elementor-widget elementor-widget-image\" data-id=\"22a43d9\" data-element_type=\"widget\" data-widget_type=\"image.default\">\n\t\t\t\t<div class=\"elementor-widget-container\">\n\t\t\t\t\t\t\t\t\t\t\t\t\t\t<a href=\"https:\/\/www.chu-tours.fr\/mat\/wp-content\/uploads\/sites\/17\/2026\/01\/Programme-4e-journee-CRMR-MAT-10-2-2026.png\" data-elementor-open-lightbox=\"yes\" data-elementor-lightbox-title=\"Programme 4e journee CRMR MAT-10-2-2026\" data-e-action-hash=\"#elementor-action%3Aaction%3Dlightbox%26settings%3DeyJpZCI6Njg1LCJ1cmwiOiJodHRwczpcL1wvd3d3LmNodS10b3Vycy5mclwvbWF0XC93cC1jb250ZW50XC91cGxvYWRzXC9zaXRlc1wvMTdcLzIwMjZcLzAxXC9Qcm9ncmFtbWUtNGUtam91cm5lZS1DUk1SLU1BVC0xMC0yLTIwMjYucG5nIn0%3D\">\n\t\t\t\t\t\t\t<img decoding=\"async\" width=\"1654\" height=\"2339\" src=\"https:\/\/www.chu-tours.fr\/mat\/wp-content\/uploads\/sites\/17\/2026\/01\/Programme-4e-journee-CRMR-MAT-10-2-2026.png\" class=\"attachment-full size-full wp-image-685\" alt=\"4\u00e8me \u00e9dition Journ\u00e9e organis\u00e9e par le Centre de R\u00e9f\u00e9rence Maladies Rares des Microangiopathies Thrombotiques\" srcset=\"https:\/\/www.chu-tours.fr\/mat\/wp-content\/uploads\/sites\/17\/2026\/01\/Programme-4e-journee-CRMR-MAT-10-2-2026.png 1654w, https:\/\/www.chu-tours.fr\/mat\/wp-content\/uploads\/sites\/17\/2026\/01\/Programme-4e-journee-CRMR-MAT-10-2-2026-212x300.png 212w, https:\/\/www.chu-tours.fr\/mat\/wp-content\/uploads\/sites\/17\/2026\/01\/Programme-4e-journee-CRMR-MAT-10-2-2026-724x1024.png 724w, https:\/\/www.chu-tours.fr\/mat\/wp-content\/uploads\/sites\/17\/2026\/01\/Programme-4e-journee-CRMR-MAT-10-2-2026-768x1086.png 768w, https:\/\/www.chu-tours.fr\/mat\/wp-content\/uploads\/sites\/17\/2026\/01\/Programme-4e-journee-CRMR-MAT-10-2-2026-1086x1536.png 1086w, https:\/\/www.chu-tours.fr\/mat\/wp-content\/uploads\/sites\/17\/2026\/01\/Programme-4e-journee-CRMR-MAT-10-2-2026-1448x2048.png 1448w\" sizes=\"(max-width: 1654px) 100vw, 1654px\" \/>\t\t\t\t\t\t\t\t<\/a>\n\t\t\t\t\t\t\t\t\t\t\t\t\t<\/div>\n\t\t\t\t<\/div>\n\t\t\t\t<\/div>\n\t\t\t\t\t<\/div>\n\t\t\t\t<\/div>\n\t\t<div class=\"elementor-element elementor-element-d9cd4b8 e-flex e-con-boxed e-con e-parent\" data-id=\"d9cd4b8\" data-element_type=\"container\">\n\t\t\t\t\t<div class=\"e-con-inner\">\n\t\t\t\t<div class=\"elementor-element elementor-element-dd3eb36 elementor-widget elementor-widget-heading\" data-id=\"dd3eb36\" data-element_type=\"widget\" data-widget_type=\"heading.default\">\n\t\t\t\t<div class=\"elementor-widget-container\">\n\t\t\t<h2 class=\"elementor-heading-title elementor-size-default\">2025<\/h2>\t\t<\/div>\n\t\t\t\t<\/div>\n\t\t\t\t<div class=\"elementor-element elementor-element-3b06547 elementor-widget elementor-widget-image\" data-id=\"3b06547\" data-element_type=\"widget\" data-widget_type=\"image.default\">\n\t\t\t\t<div class=\"elementor-widget-container\">\n\t\t\t\t\t\t\t\t\t\t\t\t\t\t<a href=\"https:\/\/www.chu-tours.fr\/mat\/wp-content\/uploads\/sites\/17\/2024\/12\/JA-2025.png\" data-elementor-open-lightbox=\"yes\" data-elementor-lightbox-title=\"JA-2025\" data-e-action-hash=\"#elementor-action%3Aaction%3Dlightbox%26settings%3DeyJpZCI6MTAzLCJ1cmwiOiJodHRwczpcL1wvd3d3LmNodS10b3Vycy5mclwvbWF0XC93cC1jb250ZW50XC91cGxvYWRzXC9zaXRlc1wvMTdcLzIwMjRcLzEyXC9KQS0yMDI1LnBuZyJ9\">\n\t\t\t\t\t\t\t<img decoding=\"async\" width=\"1024\" height=\"694\" src=\"https:\/\/www.chu-tours.fr\/mat\/wp-content\/uploads\/sites\/17\/2024\/12\/JA-2025-1024x694.png\" class=\"attachment-large size-large wp-image-103\" alt=\"Programme journ\u00e9e annuelle 2025\" srcset=\"https:\/\/www.chu-tours.fr\/mat\/wp-content\/uploads\/sites\/17\/2024\/12\/JA-2025-1024x694.png 1024w, https:\/\/www.chu-tours.fr\/mat\/wp-content\/uploads\/sites\/17\/2024\/12\/JA-2025-300x203.png 300w, https:\/\/www.chu-tours.fr\/mat\/wp-content\/uploads\/sites\/17\/2024\/12\/JA-2025-768x521.png 768w, https:\/\/www.chu-tours.fr\/mat\/wp-content\/uploads\/sites\/17\/2024\/12\/JA-2025-1536x1041.png 1536w, https:\/\/www.chu-tours.fr\/mat\/wp-content\/uploads\/sites\/17\/2024\/12\/JA-2025.png 1648w\" sizes=\"(max-width: 1024px) 100vw, 1024px\" \/>\t\t\t\t\t\t\t\t<\/a>\n\t\t\t\t\t\t\t\t\t\t\t\t\t<\/div>\n\t\t\t\t<\/div>\n\t\t\t\t<div class=\"elementor-element elementor-element-9fd8def elementor-widget elementor-widget-spacer\" data-id=\"9fd8def\" data-element_type=\"widget\" data-widget_type=\"spacer.default\">\n\t\t\t\t<div class=\"elementor-widget-container\">\n\t\t\t<style>\/*! elementor - v3.23.0 - 15-07-2024 *\/\n.elementor-column .elementor-spacer-inner{height:var(--spacer-size)}.e-con{--container-widget-width:100%}.e-con-inner>.elementor-widget-spacer,.e-con>.elementor-widget-spacer{width:var(--container-widget-width,var(--spacer-size));--align-self:var(--container-widget-align-self,initial);--flex-shrink:0}.e-con-inner>.elementor-widget-spacer>.elementor-widget-container,.e-con>.elementor-widget-spacer>.elementor-widget-container{height:100%;width:100%}.e-con-inner>.elementor-widget-spacer>.elementor-widget-container>.elementor-spacer,.e-con>.elementor-widget-spacer>.elementor-widget-container>.elementor-spacer{height:100%}.e-con-inner>.elementor-widget-spacer>.elementor-widget-container>.elementor-spacer>.elementor-spacer-inner,.e-con>.elementor-widget-spacer>.elementor-widget-container>.elementor-spacer>.elementor-spacer-inner{height:var(--container-widget-height,var(--spacer-size))}.e-con-inner>.elementor-widget-spacer.elementor-widget-empty,.e-con>.elementor-widget-spacer.elementor-widget-empty{position:relative;min-height:22px;min-width:22px}.e-con-inner>.elementor-widget-spacer.elementor-widget-empty .elementor-widget-empty-icon,.e-con>.elementor-widget-spacer.elementor-widget-empty .elementor-widget-empty-icon{position:absolute;top:0;bottom:0;left:0;right:0;margin:auto;padding:0;width:22px;height:22px}<\/style>\t\t<div class=\"elementor-spacer\">\n\t\t\t<div class=\"elementor-spacer-inner\"><\/div>\n\t\t<\/div>\n\t\t\t\t<\/div>\n\t\t\t\t<\/div>\n\t\t\t\t\t<\/div>\n\t\t\t\t<\/div>\n\t\t<div class=\"elementor-element elementor-element-d3552be e-flex e-con-boxed e-con e-parent\" data-id=\"d3552be\" data-element_type=\"container\">\n\t\t\t\t\t<div class=\"e-con-inner\">\n\t\t\t\t<div class=\"elementor-element elementor-element-e8e551f elementor-widget elementor-widget-toggle\" data-id=\"e8e551f\" data-element_type=\"widget\" data-widget_type=\"toggle.default\">\n\t\t\t\t<div class=\"elementor-widget-container\">\n\t\t\t<style>\/*! elementor - v3.23.0 - 15-07-2024 *\/\n.elementor-toggle{text-align:start}.elementor-toggle .elementor-tab-title{font-weight:700;line-height:1;margin:0;padding:15px;border-bottom:1px solid #d5d8dc;cursor:pointer;outline:none}.elementor-toggle .elementor-tab-title .elementor-toggle-icon{display:inline-block;width:1em}.elementor-toggle .elementor-tab-title .elementor-toggle-icon svg{margin-inline-start:-5px;width:1em;height:1em}.elementor-toggle .elementor-tab-title .elementor-toggle-icon.elementor-toggle-icon-right{float:right;text-align:right}.elementor-toggle .elementor-tab-title .elementor-toggle-icon.elementor-toggle-icon-left{float:left;text-align:left}.elementor-toggle .elementor-tab-title .elementor-toggle-icon .elementor-toggle-icon-closed{display:block}.elementor-toggle .elementor-tab-title .elementor-toggle-icon .elementor-toggle-icon-opened{display:none}.elementor-toggle .elementor-tab-title.elementor-active{border-bottom:none}.elementor-toggle .elementor-tab-title.elementor-active .elementor-toggle-icon-closed{display:none}.elementor-toggle .elementor-tab-title.elementor-active .elementor-toggle-icon-opened{display:block}.elementor-toggle .elementor-tab-content{padding:15px;border-bottom:1px solid #d5d8dc;display:none}@media (max-width:767px){.elementor-toggle .elementor-tab-title{padding:12px}.elementor-toggle .elementor-tab-content{padding:12px 10px}}.e-con-inner>.elementor-widget-toggle,.e-con>.elementor-widget-toggle{width:var(--container-widget-width);--flex-grow:var(--container-widget-flex-grow)}<\/style>\t\t<div class=\"elementor-toggle\">\n\t\t\t\t\t\t\t<div class=\"elementor-toggle-item\">\n\t\t\t\t\t<div id=\"elementor-tab-title-2441\" class=\"elementor-tab-title\" data-tab=\"1\" role=\"button\" aria-controls=\"elementor-tab-content-2441\" aria-expanded=\"false\">\n\t\t\t\t\t\t\t\t\t\t\t\t<span class=\"elementor-toggle-icon elementor-toggle-icon-left\" aria-hidden=\"true\">\n\t\t\t\t\t\t\t\t\t\t\t\t\t\t\t<span class=\"elementor-toggle-icon-closed\"><svg class=\"e-font-icon-svg e-fas-caret-right\" viewBox=\"0 0 192 512\" xmlns=\"http:\/\/www.w3.org\/2000\/svg\"><path d=\"M0 384.662V127.338c0-17.818 21.543-26.741 34.142-14.142l128.662 128.662c7.81 7.81 7.81 20.474 0 28.284L34.142 398.804C21.543 411.404 0 402.48 0 384.662z\"><\/path><\/svg><\/span>\n\t\t\t\t\t\t\t\t<span class=\"elementor-toggle-icon-opened\"><svg class=\"elementor-toggle-icon-opened e-font-icon-svg e-fas-caret-up\" viewBox=\"0 0 320 512\" xmlns=\"http:\/\/www.w3.org\/2000\/svg\"><path d=\"M288.662 352H31.338c-17.818 0-26.741-21.543-14.142-34.142l128.662-128.662c7.81-7.81 20.474-7.81 28.284 0l128.662 128.662c12.6 12.599 3.676 34.142-14.142 34.142z\"><\/path><\/svg><\/span>\n\t\t\t\t\t\t\t\t\t\t\t\t\t<\/span>\n\t\t\t\t\t\t\t\t\t\t\t\t<a class=\"elementor-toggle-title\" tabindex=\"0\">2023<\/a>\n\t\t\t\t\t<\/div>\n\n\t\t\t\t\t<div id=\"elementor-tab-content-2441\" class=\"elementor-tab-content elementor-clearfix\" data-tab=\"1\" role=\"region\" aria-labelledby=\"elementor-tab-title-2441\"><ul><li><p><a href=\"https:\/\/www.chu-tours.fr\/actualites\/liste-des-actualites\/2e-rencontre-regionale-du-centre-de-reference-maladie-rare-crmr-constitutif-du-centre-val-de-loire-microangiopathies-thrombotiques-mat\/\" target=\"_blank\" rel=\"noopener\">2e rencontre r\u00e9gionale du Centre de R\u00e9f\u00e9rence Maladie Rare (CRMR) Constitutif du Centre Val de Loire \u00ab Microangiopathies Thrombotiques \u00bb (MAT) &#8211; CHRU de Tours<\/a><\/p><\/li><li><a href=\"https:\/\/www.chu-tours.fr\/actualites\/liste-des-actualites\/2e-rencontre-regionale-du-centre-de-reference-maladie-rare-crmr-constitutif-du-centre-val-de-loire-microangiopathies-thrombotiques-mat\/\" target=\"_blank\" rel=\"noopener\">https:\/\/marih.fr\/agenda\/reunion-crmr-constitutif-microangiopathies-thrombotiques\/<\/a><\/li><\/ul><\/div>\n\t\t\t\t<\/div>\n\t\t\t\t\t\t\t\t<\/div>\n\t\t\t\t<\/div>\n\t\t\t\t<\/div>\n\t\t\t\t\t<\/div>\n\t\t\t\t<\/div>\n\t\t\t\t<\/div>\n\t\t","protected":false},"excerpt":{"rendered":"<p>2026 2025 2023 2e rencontre r\u00e9gionale du Centre de R\u00e9f\u00e9rence Maladie Rare (CRMR) Constitutif du Centre Val de Loire \u00ab Microangiopathies Thrombotiques \u00bb (MAT) &#8211; CHRU de Tours https:\/\/marih.fr\/agenda\/reunion-crmr-constitutif-microangiopathies-thrombotiques\/<\/p>\n","protected":false},"author":4,"featured_media":0,"parent":0,"menu_order":0,"comment_status":"closed","ping_status":"closed","template":"","meta":{"_seopress_robots_primary_cat":"","_seopress_titles_title":"","_seopress_titles_desc":"","_seopress_robots_index":"","_exactmetrics_skip_tracking":false,"_exactmetrics_sitenote_active":false,"_exactmetrics_sitenote_note":"","_exactmetrics_sitenote_category":0,"_genesis_hide_title":false,"_genesis_hide_breadcrumbs":false,"_genesis_hide_singular_image":false,"_genesis_hide_footer_widgets":false,"_genesis_custom_body_class":"","_genesis_custom_post_class":"","_genesis_layout":"","footnotes":""},"publishpress_future_action":{"enabled":false,"date":"2026-04-15 11:34:36","action":"change-status","newStatus":"draft","terms":[],"taxonomy":""},"_links":{"self":[{"href":"https:\/\/www.chu-tours.fr\/mat\/wp-json\/wp\/v2\/pages\/99"}],"collection":[{"href":"https:\/\/www.chu-tours.fr\/mat\/wp-json\/wp\/v2\/pages"}],"about":[{"href":"https:\/\/www.chu-tours.fr\/mat\/wp-json\/wp\/v2\/types\/page"}],"author":[{"embeddable":true,"href":"https:\/\/www.chu-tours.fr\/mat\/wp-json\/wp\/v2\/users\/4"}],"replies":[{"embeddable":true,"href":"https:\/\/www.chu-tours.fr\/mat\/wp-json\/wp\/v2\/comments?post=99"}],"version-history":[{"count":16,"href":"https:\/\/www.chu-tours.fr\/mat\/wp-json\/wp\/v2\/pages\/99\/revisions"}],"predecessor-version":[{"id":699,"href":"https:\/\/www.chu-tours.fr\/mat\/wp-json\/wp\/v2\/pages\/99\/revisions\/699"}],"wp:attachment":[{"href":"https:\/\/www.chu-tours.fr\/mat\/wp-json\/wp\/v2\/media?parent=99"}],"curies":[{"name":"wp","href":"https:\/\/api.w.org\/{rel}","templated":true}]}}