{"id":703,"date":"2026-01-28T11:03:05","date_gmt":"2026-01-28T10:03:05","guid":{"rendered":"https:\/\/www.chu-tours.fr\/mat\/?page_id=703"},"modified":"2026-01-28T11:03:05","modified_gmt":"2026-01-28T10:03:05","slug":"le-8-avril-2026-reunion-scientifique","status":"publish","type":"page","link":"https:\/\/www.chu-tours.fr\/mat\/le-8-avril-2026-reunion-scientifique\/","title":{"rendered":"Le 8 avril 2026, r\u00e9union scientifique"},"content":{"rendered":"<p>2\u00e8me \u00e9dition Matrix r\u00e9volution<\/p>\n<p>Le 8 avril 2026, r\u00e9union scientifique pour les m\u00e9decins investigateurs de MATRIX &#8211; Les \u00e9tudes ancillaires \u2013 Paris<\/p>\n<p><img fetchpriority=\"high\" decoding=\"async\" class=\"aligncenter wp-image-706 size-full\" src=\"https:\/\/www.chu-tours.fr\/mat\/wp-content\/uploads\/sites\/17\/2026\/01\/2eme-edition-Matrix-revolution-2026.jpg\" alt=\"2\u00e8me \u00e9dition Matrix revolution\" width=\"1280\" height=\"720\" srcset=\"https:\/\/www.chu-tours.fr\/mat\/wp-content\/uploads\/sites\/17\/2026\/01\/2eme-edition-Matrix-revolution-2026.jpg 1280w, https:\/\/www.chu-tours.fr\/mat\/wp-content\/uploads\/sites\/17\/2026\/01\/2eme-edition-Matrix-revolution-2026-300x169.jpg 300w, https:\/\/www.chu-tours.fr\/mat\/wp-content\/uploads\/sites\/17\/2026\/01\/2eme-edition-Matrix-revolution-2026-1024x576.jpg 1024w, https:\/\/www.chu-tours.fr\/mat\/wp-content\/uploads\/sites\/17\/2026\/01\/2eme-edition-Matrix-revolution-2026-768x432.jpg 768w, https:\/\/www.chu-tours.fr\/mat\/wp-content\/uploads\/sites\/17\/2026\/01\/2eme-edition-Matrix-revolution-2026-388x219.jpg 388w, https:\/\/www.chu-tours.fr\/mat\/wp-content\/uploads\/sites\/17\/2026\/01\/2eme-edition-Matrix-revolution-2026-656x369.jpg 656w\" sizes=\"(max-width: 1280px) 100vw, 1280px\" \/><\/p>\n","protected":false},"excerpt":{"rendered":"<p>2\u00e8me \u00e9dition Matrix r\u00e9volution Le 8 avril 2026, r\u00e9union scientifique pour les m\u00e9decins investigateurs de MATRIX &#8211; Les \u00e9tudes ancillaires \u2013 Paris<\/p>\n","protected":false},"author":4,"featured_media":684,"parent":0,"menu_order":0,"comment_status":"closed","ping_status":"closed","template":"","meta":{"_seopress_robots_primary_cat":"","_seopress_titles_title":"","_seopress_titles_desc":"","_seopress_robots_index":"","_exactmetrics_skip_tracking":false,"_exactmetrics_sitenote_active":false,"_exactmetrics_sitenote_note":"","_exactmetrics_sitenote_category":0,"_genesis_hide_title":false,"_genesis_hide_breadcrumbs":false,"_genesis_hide_singular_image":false,"_genesis_hide_footer_widgets":false,"_genesis_custom_body_class":"","_genesis_custom_post_class":"","_genesis_layout":"","footnotes":""},"publishpress_future_action":{"enabled":false,"date":"2026-04-13 12:11:32","action":"change-status","newStatus":"draft","terms":[],"taxonomy":""},"_links":{"self":[{"href":"https:\/\/www.chu-tours.fr\/mat\/wp-json\/wp\/v2\/pages\/703"}],"collection":[{"href":"https:\/\/www.chu-tours.fr\/mat\/wp-json\/wp\/v2\/pages"}],"about":[{"href":"https:\/\/www.chu-tours.fr\/mat\/wp-json\/wp\/v2\/types\/page"}],"author":[{"embeddable":true,"href":"https:\/\/www.chu-tours.fr\/mat\/wp-json\/wp\/v2\/users\/4"}],"replies":[{"embeddable":true,"href":"https:\/\/www.chu-tours.fr\/mat\/wp-json\/wp\/v2\/comments?post=703"}],"version-history":[{"count":1,"href":"https:\/\/www.chu-tours.fr\/mat\/wp-json\/wp\/v2\/pages\/703\/revisions"}],"predecessor-version":[{"id":707,"href":"https:\/\/www.chu-tours.fr\/mat\/wp-json\/wp\/v2\/pages\/703\/revisions\/707"}],"wp:featuredmedia":[{"embeddable":true,"href":"https:\/\/www.chu-tours.fr\/mat\/wp-json\/wp\/v2\/media\/684"}],"wp:attachment":[{"href":"https:\/\/www.chu-tours.fr\/mat\/wp-json\/wp\/v2\/media?parent=703"}],"curies":[{"name":"wp","href":"https:\/\/api.w.org\/{rel}","templated":true}]}}