{"id":690,"date":"2026-01-28T10:50:35","date_gmt":"2026-01-28T09:50:35","guid":{"rendered":"https:\/\/www.chu-tours.fr\/mat\/?page_id=690"},"modified":"2026-01-28T10:50:35","modified_gmt":"2026-01-28T09:50:35","slug":"4eme-edition-journee-crmr-mat","status":"publish","type":"page","link":"https:\/\/www.chu-tours.fr\/mat\/4eme-edition-journee-crmr-mat\/","title":{"rendered":"4\u00e8me \u00e9dition &#8211; Journ\u00e9e CRMR MAT"},"content":{"rendered":"<p>4\u00e8me \u00e9dition Journ\u00e9e organis\u00e9e par le Centre de R\u00e9f\u00e9rence Maladies Rares des Microangiopathies Thrombotiques.<\/p>\n<p>M\u00e9decin Coordonnateur :\u00a0 Pr Jean-Michel HALIMI.<\/p>\n<p style=\"text-align: center;\"><a href=\"https:\/\/www.chu-tours.fr\/mat\/wp-content\/uploads\/sites\/17\/2026\/01\/Affiche-4e-journee-CRMR-MAT.jpg\" target=\"_blank\" rel=\"noopener\"><img fetchpriority=\"high\" decoding=\"async\" class=\"aligncenter wp-image-682 size-medium\" src=\"https:\/\/www.chu-tours.fr\/mat\/wp-content\/uploads\/sites\/17\/2026\/01\/Affiche-4e-journee-CRMR-MAT-225x300.jpg\" alt=\"4\u00e8me \u00e9dition Journ\u00e9e organis\u00e9e par le Centre de R\u00e9f\u00e9rence Maladies Rares des Microangiopathies Thrombotiques\" width=\"225\" height=\"300\" srcset=\"https:\/\/www.chu-tours.fr\/mat\/wp-content\/uploads\/sites\/17\/2026\/01\/Affiche-4e-journee-CRMR-MAT-225x300.jpg 225w, https:\/\/www.chu-tours.fr\/mat\/wp-content\/uploads\/sites\/17\/2026\/01\/Affiche-4e-journee-CRMR-MAT-768x1024.jpg 768w, https:\/\/www.chu-tours.fr\/mat\/wp-content\/uploads\/sites\/17\/2026\/01\/Affiche-4e-journee-CRMR-MAT-1152x1536.jpg 1152w, https:\/\/www.chu-tours.fr\/mat\/wp-content\/uploads\/sites\/17\/2026\/01\/Affiche-4e-journee-CRMR-MAT.jpg 1500w\" sizes=\"(max-width: 225px) 100vw, 225px\" \/><\/a><\/p>\n","protected":false},"excerpt":{"rendered":"<p>4\u00e8me \u00e9dition Journ\u00e9e organis\u00e9e par le Centre de R\u00e9f\u00e9rence Maladies Rares des Microangiopathies Thrombotiques. M\u00e9decin Coordonnateur :\u00a0 Pr Jean-Michel HALIMI.<\/p>\n","protected":false},"author":4,"featured_media":683,"parent":0,"menu_order":0,"comment_status":"closed","ping_status":"closed","template":"","meta":{"_seopress_robots_primary_cat":"","_seopress_titles_title":"","_seopress_titles_desc":"","_seopress_robots_index":"","_exactmetrics_skip_tracking":false,"_exactmetrics_sitenote_active":false,"_exactmetrics_sitenote_note":"","_exactmetrics_sitenote_category":0,"_genesis_hide_title":false,"_genesis_hide_breadcrumbs":false,"_genesis_hide_singular_image":false,"_genesis_hide_footer_widgets":false,"_genesis_custom_body_class":"","_genesis_custom_post_class":"","_genesis_layout":"","footnotes":""},"publishpress_future_action":{"enabled":false,"date":"2026-04-13 12:11:32","action":"change-status","newStatus":"draft","terms":[],"taxonomy":""},"_links":{"self":[{"href":"https:\/\/www.chu-tours.fr\/mat\/wp-json\/wp\/v2\/pages\/690"}],"collection":[{"href":"https:\/\/www.chu-tours.fr\/mat\/wp-json\/wp\/v2\/pages"}],"about":[{"href":"https:\/\/www.chu-tours.fr\/mat\/wp-json\/wp\/v2\/types\/page"}],"author":[{"embeddable":true,"href":"https:\/\/www.chu-tours.fr\/mat\/wp-json\/wp\/v2\/users\/4"}],"replies":[{"embeddable":true,"href":"https:\/\/www.chu-tours.fr\/mat\/wp-json\/wp\/v2\/comments?post=690"}],"version-history":[{"count":1,"href":"https:\/\/www.chu-tours.fr\/mat\/wp-json\/wp\/v2\/pages\/690\/revisions"}],"predecessor-version":[{"id":693,"href":"https:\/\/www.chu-tours.fr\/mat\/wp-json\/wp\/v2\/pages\/690\/revisions\/693"}],"wp:featuredmedia":[{"embeddable":true,"href":"https:\/\/www.chu-tours.fr\/mat\/wp-json\/wp\/v2\/media\/683"}],"wp:attachment":[{"href":"https:\/\/www.chu-tours.fr\/mat\/wp-json\/wp\/v2\/media?parent=690"}],"curies":[{"name":"wp","href":"https:\/\/api.w.org\/{rel}","templated":true}]}}