{"id":61,"date":"2024-12-09T14:23:20","date_gmt":"2024-12-09T13:23:20","guid":{"rendered":"https:\/\/www.chu-tours.fr\/mat\/?page_id=61"},"modified":"2026-01-28T10:57:51","modified_gmt":"2026-01-28T09:57:51","slug":"rapport-dactivite","status":"publish","type":"page","link":"https:\/\/www.chu-tours.fr\/mat\/rapport-dactivite\/","title":{"rendered":"Rapport d\u2019activit\u00e9"},"content":{"rendered":"\t\t<div data-elementor-type=\"wp-page\" data-elementor-id=\"61\" class=\"elementor elementor-61\" data-elementor-post-type=\"page\">\n\t\t\t\t<div class=\"elementor-element elementor-element-09d5174 e-flex e-con-boxed e-con e-parent\" data-id=\"09d5174\" data-element_type=\"container\">\n\t\t\t\t\t<div class=\"e-con-inner\">\n\t\t\t\t<div class=\"elementor-element elementor-element-f2ac3aa elementor-widget elementor-widget-text-editor\" data-id=\"f2ac3aa\" data-element_type=\"widget\" data-widget_type=\"text-editor.default\">\n\t\t\t\t<div class=\"elementor-widget-container\">\n\t\t\t<style>\/*! elementor - v3.23.0 - 15-07-2024 *\/\n.elementor-widget-text-editor.elementor-drop-cap-view-stacked .elementor-drop-cap{background-color:#69727d;color:#fff}.elementor-widget-text-editor.elementor-drop-cap-view-framed .elementor-drop-cap{color:#69727d;border:3px solid;background-color:transparent}.elementor-widget-text-editor:not(.elementor-drop-cap-view-default) .elementor-drop-cap{margin-top:8px}.elementor-widget-text-editor:not(.elementor-drop-cap-view-default) .elementor-drop-cap-letter{width:1em;height:1em}.elementor-widget-text-editor .elementor-drop-cap{float:left;text-align:center;line-height:1;font-size:50px}.elementor-widget-text-editor .elementor-drop-cap-letter{display:inline-block}<\/style>\t\t\t\t<p><strong>Rapport d\u2019activit\u00e9 Pyramig\u00a0 \u00e0 t\u00e9l\u00e9charger<\/strong> :<\/p><ul><li><a href=\"https:\/\/www.chu-tours.fr\/mat\/wp-content\/uploads\/sites\/17\/2024\/12\/Rapport-Piramig-2022.pdf\" target=\"_blank\" rel=\"noopener\">2022<\/a><\/li><li><a href=\"https:\/\/www.chu-tours.fr\/mat\/wp-content\/uploads\/sites\/17\/2024\/12\/Rapport-Piramig-2023.pdf\" target=\"_blank\" rel=\"noopener\">2023<\/a><\/li><li><a href=\"https:\/\/www.chu-tours.fr\/mat\/wp-content\/uploads\/sites\/17\/2026\/01\/Rapport-dactivite-Pyramig-2024.pdf\" target=\"_blank\" rel=\"noopener\">2024<\/a><\/li><\/ul>\t\t\t\t\t\t<\/div>\n\t\t\t\t<\/div>\n\t\t\t\t\t<\/div>\n\t\t\t\t<\/div>\n\t\t\t\t<\/div>\n\t\t","protected":false},"excerpt":{"rendered":"<p>Rapport d\u2019activit\u00e9 Pyramig\u00a0 \u00e0 t\u00e9l\u00e9charger : 2022 2023 2024<\/p>\n","protected":false},"author":4,"featured_media":0,"parent":0,"menu_order":0,"comment_status":"closed","ping_status":"closed","template":"","meta":{"_seopress_robots_primary_cat":"","_seopress_titles_title":"","_seopress_titles_desc":"","_seopress_robots_index":"","_exactmetrics_skip_tracking":false,"_exactmetrics_sitenote_active":false,"_exactmetrics_sitenote_note":"","_exactmetrics_sitenote_category":0,"_genesis_hide_title":false,"_genesis_hide_breadcrumbs":false,"_genesis_hide_singular_image":false,"_genesis_hide_footer_widgets":false,"_genesis_custom_body_class":"","_genesis_custom_post_class":"","_genesis_layout":"","footnotes":""},"publishpress_future_action":{"enabled":false,"date":"2026-04-15 11:50:47","action":"change-status","newStatus":"draft","terms":[],"taxonomy":""},"_links":{"self":[{"href":"https:\/\/www.chu-tours.fr\/mat\/wp-json\/wp\/v2\/pages\/61"}],"collection":[{"href":"https:\/\/www.chu-tours.fr\/mat\/wp-json\/wp\/v2\/pages"}],"about":[{"href":"https:\/\/www.chu-tours.fr\/mat\/wp-json\/wp\/v2\/types\/page"}],"author":[{"embeddable":true,"href":"https:\/\/www.chu-tours.fr\/mat\/wp-json\/wp\/v2\/users\/4"}],"replies":[{"embeddable":true,"href":"https:\/\/www.chu-tours.fr\/mat\/wp-json\/wp\/v2\/comments?post=61"}],"version-history":[{"count":7,"href":"https:\/\/www.chu-tours.fr\/mat\/wp-json\/wp\/v2\/pages\/61\/revisions"}],"predecessor-version":[{"id":702,"href":"https:\/\/www.chu-tours.fr\/mat\/wp-json\/wp\/v2\/pages\/61\/revisions\/702"}],"wp:attachment":[{"href":"https:\/\/www.chu-tours.fr\/mat\/wp-json\/wp\/v2\/media?parent=61"}],"curies":[{"name":"wp","href":"https:\/\/api.w.org\/{rel}","templated":true}]}}