{"id":47,"date":"2024-12-09T13:08:54","date_gmt":"2024-12-09T12:08:54","guid":{"rendered":"https:\/\/www.chu-tours.fr\/mat\/?page_id=47"},"modified":"2025-01-16T10:38:44","modified_gmt":"2025-01-16T09:38:44","slug":"obtention-du-prix-michel-olmer-sur-la-maladie-renale-chronique-2024","status":"publish","type":"page","link":"https:\/\/www.chu-tours.fr\/mat\/obtention-du-prix-michel-olmer-sur-la-maladie-renale-chronique-2024\/","title":{"rendered":"Obtention du Prix \u201cMichel Olmer\u201d sur la Maladie r\u00e9nale chronique, 2024"},"content":{"rendered":"\t\t<div data-elementor-type=\"wp-page\" data-elementor-id=\"47\" class=\"elementor elementor-47\" data-elementor-post-type=\"page\">\n\t\t\t\t<div class=\"elementor-element elementor-element-30174cb e-flex e-con-boxed e-con e-parent\" data-id=\"30174cb\" data-element_type=\"container\">\n\t\t\t\t\t<div class=\"e-con-inner\">\n\t\t\t\t<div class=\"elementor-element elementor-element-09dc7bd elementor-widget elementor-widget-image\" data-id=\"09dc7bd\" data-element_type=\"widget\" data-widget_type=\"image.default\">\n\t\t\t\t<div class=\"elementor-widget-container\">\n\t\t\t<style>\/*! elementor - v3.23.0 - 15-07-2024 *\/\n.elementor-widget-image{text-align:center}.elementor-widget-image a{display:inline-block}.elementor-widget-image a img[src$=\".svg\"]{width:48px}.elementor-widget-image img{vertical-align:middle;display:inline-block}<\/style>\t\t\t\t\t\t\t\t\t\t<img decoding=\"async\" width=\"300\" height=\"108\" src=\"https:\/\/www.chu-tours.fr\/mat\/wp-content\/uploads\/sites\/17\/2024\/12\/logo-fondation-rein-300x108.jpg\" class=\"attachment-medium size-medium wp-image-41\" alt=\"\" srcset=\"https:\/\/www.chu-tours.fr\/mat\/wp-content\/uploads\/sites\/17\/2024\/12\/logo-fondation-rein-300x108.jpg 300w, https:\/\/www.chu-tours.fr\/mat\/wp-content\/uploads\/sites\/17\/2024\/12\/logo-fondation-rein.jpg 410w\" sizes=\"(max-width: 300px) 100vw, 300px\" \/>\t\t\t\t\t\t\t\t\t\t\t\t\t<\/div>\n\t\t\t\t<\/div>\n\t\t\t\t\t<\/div>\n\t\t\t\t<\/div>\n\t\t<div class=\"elementor-element elementor-element-176f0f2 e-flex e-con-boxed e-con e-parent\" data-id=\"176f0f2\" data-element_type=\"container\">\n\t\t\t\t\t<div class=\"e-con-inner\">\n\t\t\t\t<div class=\"elementor-element elementor-element-c95c9b2 elementor-widget elementor-widget-text-editor\" data-id=\"c95c9b2\" data-element_type=\"widget\" data-widget_type=\"text-editor.default\">\n\t\t\t\t<div class=\"elementor-widget-container\">\n\t\t\t<style>\/*! elementor - v3.23.0 - 15-07-2024 *\/\n.elementor-widget-text-editor.elementor-drop-cap-view-stacked .elementor-drop-cap{background-color:#69727d;color:#fff}.elementor-widget-text-editor.elementor-drop-cap-view-framed .elementor-drop-cap{color:#69727d;border:3px solid;background-color:transparent}.elementor-widget-text-editor:not(.elementor-drop-cap-view-default) .elementor-drop-cap{margin-top:8px}.elementor-widget-text-editor:not(.elementor-drop-cap-view-default) .elementor-drop-cap-letter{width:1em;height:1em}.elementor-widget-text-editor .elementor-drop-cap{float:left;text-align:center;line-height:1;font-size:50px}.elementor-widget-text-editor .elementor-drop-cap-letter{display:inline-block}<\/style>\t\t\t\t<p><b>Activation des voies de signalisation purinergiques au cours des microangiopathies thrombotiques (TMA): application pour le diagnostic de TMA et la protection r\u00e9nale \u00a0 <\/b><\/p><p>Jean-Michel Halimi, Tours \u2013 INSERM UMR 1327 ISCHEMIA \u00ab Membrane signaling and inflammation in reperfusion injuries \u00bb.<\/p><p style=\"text-align: justify;\"><b>R\u00e9sum\u00e9<\/b> : Les microangiopathies thrombotiques (MAT) sont des maladies rares et graves dont le pronostic r\u00e9nal est p\u00e9joratif. Par ailleurs, il n\u2019y a pas de traitement pour 90% des patients car les m\u00e9canismes de la TMA restent mal connus \u00e0 ce jour.<\/p><p style=\"text-align: justify;\">Au cours des MAT, l\u2019endoth\u00e9lium qui borde les vaisseaux sanguins est l\u00e9s\u00e9 et, active les r\u00e9cepteurs purinergiques (P2X, P2Y) et leurs voies de signalisation. Ces l\u00e9sions de l\u2019endoth\u00e9lium entrainent une isch\u00e9mie des organes, parfois fatale. A ce jour, l\u2019implication des voies purinergiques n\u2019a jamais \u00e9t\u00e9 \u00e9tudi\u00e9e. Leur mode d\u2019activation et leur valeur comme marqueur pronostique ou comme cible th\u00e9rapeutique n\u2019ont pas \u00e9t\u00e9 \u00e9valu\u00e9s chez les ayant une MAT, quelle qu\u2019en soit la cause.<\/p><p style=\"text-align: justify;\">Notre \u00e9quipe a r\u00e9cemment identifi\u00e9 le r\u00f4le important du r\u00e9cepteur P2Y11 dans un autre mod\u00e8le d\u2019isch\u00e9mie d\u2019organe et a montr\u00e9 que les r\u00e9cepteurs proinflammatoires P2X4 et P2X7 entrainent la lib\u00e9ration de nanov\u00e9sicules qui peuvent jouer un r\u00f4le dans l\u2018isch\u00e9mie d\u2019organes. Ils pourraient constituer de nouveaux biomarqueurs au cours des MAT.<\/p><p style=\"text-align: justify;\">Notre projet a pour but d\u2019identifier l\u2019implication exacte de l\u2019activation de ces r\u00e9cepteur purinergiques afin de proposer une protection d\u2019organes \u00e0 tous les patients ayant une MAT, quelle qu\u2019en soit la cause.\u00a0<\/p>\t\t\t\t\t\t<\/div>\n\t\t\t\t<\/div>\n\t\t\t\t\t<\/div>\n\t\t\t\t<\/div>\n\t\t\t\t<\/div>\n\t\t","protected":false},"excerpt":{"rendered":"<p>Activation des voies de signalisation purinergiques au cours des microangiopathies thrombotiques (TMA): application pour le diagnostic de TMA et la protection r\u00e9nale \u00a0 Jean-Michel Halimi, Tours \u2013 INSERM UMR 1327 ISCHEMIA \u00ab Membrane signaling and inflammation in reperfusion injuries \u00bb. R\u00e9sum\u00e9 : Les microangiopathies thrombotiques (MAT) sont des maladies rares et graves dont le pronostic [&hellip;]<\/p>\n","protected":false},"author":4,"featured_media":396,"parent":0,"menu_order":0,"comment_status":"closed","ping_status":"closed","template":"","meta":{"_seopress_robots_primary_cat":"","_seopress_titles_title":"","_seopress_titles_desc":"","_seopress_robots_index":"","_exactmetrics_skip_tracking":false,"_exactmetrics_sitenote_active":false,"_exactmetrics_sitenote_note":"","_exactmetrics_sitenote_category":0,"_genesis_hide_title":false,"_genesis_hide_breadcrumbs":false,"_genesis_hide_singular_image":false,"_genesis_hide_footer_widgets":false,"_genesis_custom_body_class":"","_genesis_custom_post_class":"","_genesis_layout":"","footnotes":""},"publishpress_future_action":{"enabled":false,"date":"2026-04-15 13:33:49","action":"change-status","newStatus":"draft","terms":[],"taxonomy":""},"_links":{"self":[{"href":"https:\/\/www.chu-tours.fr\/mat\/wp-json\/wp\/v2\/pages\/47"}],"collection":[{"href":"https:\/\/www.chu-tours.fr\/mat\/wp-json\/wp\/v2\/pages"}],"about":[{"href":"https:\/\/www.chu-tours.fr\/mat\/wp-json\/wp\/v2\/types\/page"}],"author":[{"embeddable":true,"href":"https:\/\/www.chu-tours.fr\/mat\/wp-json\/wp\/v2\/users\/4"}],"replies":[{"embeddable":true,"href":"https:\/\/www.chu-tours.fr\/mat\/wp-json\/wp\/v2\/comments?post=47"}],"version-history":[{"count":5,"href":"https:\/\/www.chu-tours.fr\/mat\/wp-json\/wp\/v2\/pages\/47\/revisions"}],"predecessor-version":[{"id":397,"href":"https:\/\/www.chu-tours.fr\/mat\/wp-json\/wp\/v2\/pages\/47\/revisions\/397"}],"wp:featuredmedia":[{"embeddable":true,"href":"https:\/\/www.chu-tours.fr\/mat\/wp-json\/wp\/v2\/media\/396"}],"wp:attachment":[{"href":"https:\/\/www.chu-tours.fr\/mat\/wp-json\/wp\/v2\/media?parent=47"}],"curies":[{"name":"wp","href":"https:\/\/api.w.org\/{rel}","templated":true}]}}