{"id":353,"date":"2024-12-24T16:08:40","date_gmt":"2024-12-24T15:08:40","guid":{"rendered":"https:\/\/www.chu-tours.fr\/mat\/?page_id=353"},"modified":"2025-01-16T10:48:31","modified_gmt":"2025-01-16T09:48:31","slug":"reunion-scientifique-6-mars-2025","status":"publish","type":"page","link":"https:\/\/www.chu-tours.fr\/mat\/reunion-scientifique-6-mars-2025\/","title":{"rendered":"R\u00e9union scientifique &#8211; 6 mars 2025"},"content":{"rendered":"<p><b>Le 6 mars 2025, r\u00e9union scientifique pour les acteurs de la recherche en n\u00e9phrologie &#8211; SHU\/MAT &#8211; <\/b><b>Paris<\/b><\/p>\n<p><a href=\"https:\/\/www.chu-tours.fr\/mat\/wp-content\/uploads\/sites\/17\/2024\/12\/matrix-revolution.png\"><img fetchpriority=\"high\" decoding=\"async\" class=\"aligncenter wp-image-184 size-medium\" src=\"https:\/\/www.chu-tours.fr\/mat\/wp-content\/uploads\/sites\/17\/2024\/12\/matrix-revolution-300x208.png\" alt=\"R\u00e9union scientifique pour les acteurs de la recherche en n\u00e9phrologie - SHU\/MAT Necker - Paris\" width=\"300\" height=\"208\" srcset=\"https:\/\/www.chu-tours.fr\/mat\/wp-content\/uploads\/sites\/17\/2024\/12\/matrix-revolution-300x208.png 300w, https:\/\/www.chu-tours.fr\/mat\/wp-content\/uploads\/sites\/17\/2024\/12\/matrix-revolution-1024x708.png 1024w, https:\/\/www.chu-tours.fr\/mat\/wp-content\/uploads\/sites\/17\/2024\/12\/matrix-revolution-768x531.png 768w, https:\/\/www.chu-tours.fr\/mat\/wp-content\/uploads\/sites\/17\/2024\/12\/matrix-revolution.png 1376w\" sizes=\"(max-width: 300px) 100vw, 300px\" \/><\/a><\/p>\n","protected":false},"excerpt":{"rendered":"<p>Le 6 mars 2025, r\u00e9union scientifique pour les acteurs de la recherche en n\u00e9phrologie &#8211; SHU\/MAT &#8211; Paris<\/p>\n","protected":false},"author":4,"featured_media":184,"parent":0,"menu_order":0,"comment_status":"closed","ping_status":"closed","template":"","meta":{"_seopress_robots_primary_cat":"","_seopress_titles_title":"","_seopress_titles_desc":"","_seopress_robots_index":"","_exactmetrics_skip_tracking":false,"_exactmetrics_sitenote_active":false,"_exactmetrics_sitenote_note":"","_exactmetrics_sitenote_category":0,"_genesis_hide_title":false,"_genesis_hide_breadcrumbs":false,"_genesis_hide_singular_image":false,"_genesis_hide_footer_widgets":false,"_genesis_custom_body_class":"","_genesis_custom_post_class":"","_genesis_layout":"","footnotes":""},"publishpress_future_action":{"enabled":false,"date":"2026-04-13 12:16:23","action":"change-status","newStatus":"draft","terms":[],"taxonomy":""},"_links":{"self":[{"href":"https:\/\/www.chu-tours.fr\/mat\/wp-json\/wp\/v2\/pages\/353"}],"collection":[{"href":"https:\/\/www.chu-tours.fr\/mat\/wp-json\/wp\/v2\/pages"}],"about":[{"href":"https:\/\/www.chu-tours.fr\/mat\/wp-json\/wp\/v2\/types\/page"}],"author":[{"embeddable":true,"href":"https:\/\/www.chu-tours.fr\/mat\/wp-json\/wp\/v2\/users\/4"}],"replies":[{"embeddable":true,"href":"https:\/\/www.chu-tours.fr\/mat\/wp-json\/wp\/v2\/comments?post=353"}],"version-history":[{"count":2,"href":"https:\/\/www.chu-tours.fr\/mat\/wp-json\/wp\/v2\/pages\/353\/revisions"}],"predecessor-version":[{"id":406,"href":"https:\/\/www.chu-tours.fr\/mat\/wp-json\/wp\/v2\/pages\/353\/revisions\/406"}],"wp:featuredmedia":[{"embeddable":true,"href":"https:\/\/www.chu-tours.fr\/mat\/wp-json\/wp\/v2\/media\/184"}],"wp:attachment":[{"href":"https:\/\/www.chu-tours.fr\/mat\/wp-json\/wp\/v2\/media?parent=353"}],"curies":[{"name":"wp","href":"https:\/\/api.w.org\/{rel}","templated":true}]}}