{"id":341,"date":"2024-12-24T16:07:10","date_gmt":"2024-12-24T15:07:10","guid":{"rendered":"https:\/\/www.chu-tours.fr\/mat\/?page_id=341"},"modified":"2026-01-28T11:03:41","modified_gmt":"2026-01-28T10:03:41","slug":"actualites-2","status":"publish","type":"page","link":"https:\/\/www.chu-tours.fr\/mat\/actualites-2\/","title":{"rendered":"Actualit\u00e9s"},"content":{"rendered":"\t\t<div data-elementor-type=\"wp-page\" data-elementor-id=\"341\" class=\"elementor elementor-341\" data-elementor-post-type=\"page\">\n\t\t\t\t<div class=\"elementor-element elementor-element-937f38b e-flex e-con-boxed e-con e-parent\" data-id=\"937f38b\" data-element_type=\"container\">\n\t\t\t\t\t<div class=\"e-con-inner\">\n\t\t\t\t<div class=\"elementor-element elementor-element-febaf25 elementor-grid-3 elementor-grid-tablet-2 elementor-grid-mobile-1 elementor-posts--thumbnail-top elementor-card-shadow-yes elementor-posts__hover-gradient elementor-widget elementor-widget-posts\" data-id=\"febaf25\" data-element_type=\"widget\" data-settings=\"{&quot;cards_columns&quot;:&quot;3&quot;,&quot;cards_columns_tablet&quot;:&quot;2&quot;,&quot;cards_columns_mobile&quot;:&quot;1&quot;,&quot;cards_row_gap&quot;:{&quot;unit&quot;:&quot;px&quot;,&quot;size&quot;:35,&quot;sizes&quot;:[]},&quot;cards_row_gap_tablet&quot;:{&quot;unit&quot;:&quot;px&quot;,&quot;size&quot;:&quot;&quot;,&quot;sizes&quot;:[]},&quot;cards_row_gap_mobile&quot;:{&quot;unit&quot;:&quot;px&quot;,&quot;size&quot;:&quot;&quot;,&quot;sizes&quot;:[]}}\" data-widget_type=\"posts.cards\">\n\t\t\t\t<div class=\"elementor-widget-container\">\n\t\t\t<link rel=\"stylesheet\" href=\"https:\/\/www.chu-tours.fr\/mat\/wp-content\/plugins\/elementor-pro\/assets\/css\/widget-posts.min.css?ver=1721310483\">\t\t<div class=\"elementor-posts-container elementor-posts elementor-posts--skin-cards elementor-grid\">\n\t\t\t\t<article class=\"elementor-post elementor-grid-item post-703 page type-page status-publish has-post-thumbnail entry\">\n\t\t\t<div class=\"elementor-post__card\">\n\t\t\t\t<a class=\"elementor-post__thumbnail__link\" href=\"https:\/\/www.chu-tours.fr\/mat\/le-8-avril-2026-reunion-scientifique\/\" tabindex=\"-1\" ><div class=\"elementor-post__thumbnail\"><img decoding=\"async\" width=\"300\" height=\"165\" src=\"https:\/\/www.chu-tours.fr\/mat\/wp-content\/uploads\/sites\/17\/2026\/01\/2eme-edition-Matrix-revolution-2026_510x281-300x165.png\" class=\"attachment-medium size-medium wp-image-684\" alt=\"2\u00e8me \u00e9dition Matrix r\u00e9volution\" srcset=\"https:\/\/www.chu-tours.fr\/mat\/wp-content\/uploads\/sites\/17\/2026\/01\/2eme-edition-Matrix-revolution-2026_510x281-300x165.png 300w, https:\/\/www.chu-tours.fr\/mat\/wp-content\/uploads\/sites\/17\/2026\/01\/2eme-edition-Matrix-revolution-2026_510x281-490x270.png 490w, https:\/\/www.chu-tours.fr\/mat\/wp-content\/uploads\/sites\/17\/2026\/01\/2eme-edition-Matrix-revolution-2026_510x281.png 510w\" sizes=\"(max-width: 300px) 100vw, 300px\" \/><\/div><\/a>\n\t\t\t\t<div class=\"elementor-post__text\">\n\t\t\t\t<h3 class=\"elementor-post__title\">\n\t\t\t<a href=\"https:\/\/www.chu-tours.fr\/mat\/le-8-avril-2026-reunion-scientifique\/\" >\n\t\t\t\tLe 8 avril 2026, r\u00e9union scientifique\t\t\t<\/a>\n\t\t<\/h3>\n\t\t\t\t<div class=\"elementor-post__excerpt\">\n\t\t\t<p>2\u00e8me \u00e9dition Matrix r\u00e9volution Le 8 avril 2026, r\u00e9union scientifique pour les m\u00e9decins investigateurs de MATRIX &#8211; Les \u00e9tudes ancillaires \u2013 Paris<\/p>\n\t\t<\/div>\n\t\t\t\t\t<div class=\"elementor-post__read-more-wrapper\">\n\t\t\n\t\t<a class=\"elementor-post__read-more\" href=\"https:\/\/www.chu-tours.fr\/mat\/le-8-avril-2026-reunion-scientifique\/\" aria-label=\"En savoir plus sur Le 8 avril 2026, r\u00e9union scientifique\" tabindex=\"-1\" >\n\t\t\tLire la suite \u00bb\t\t<\/a>\n\n\t\t\t\t\t<\/div>\n\t\t\t\t<\/div>\n\t\t\t\t<div class=\"elementor-post__meta-data\">\n\t\t\t\t\t<span class=\"elementor-post-date\">\n\t\t\t28 janvier 2026\t\t<\/span>\n\t\t\t\t<\/div>\n\t\t\t\t\t<\/div>\n\t\t<\/article>\n\t\t\t\t<article class=\"elementor-post elementor-grid-item post-353 page type-page status-publish has-post-thumbnail entry\">\n\t\t\t<div class=\"elementor-post__card\">\n\t\t\t\t<a class=\"elementor-post__thumbnail__link\" href=\"https:\/\/www.chu-tours.fr\/mat\/reunion-scientifique-6-mars-2025\/\" tabindex=\"-1\" ><div class=\"elementor-post__thumbnail\"><img fetchpriority=\"high\" decoding=\"async\" width=\"300\" height=\"208\" src=\"https:\/\/www.chu-tours.fr\/mat\/wp-content\/uploads\/sites\/17\/2024\/12\/matrix-revolution-300x208.png\" class=\"attachment-medium size-medium wp-image-184\" alt=\"R\u00e9union scientifique pour les acteurs de la recherche en n\u00e9phrologie - SHU\/MAT Necker - Paris\" srcset=\"https:\/\/www.chu-tours.fr\/mat\/wp-content\/uploads\/sites\/17\/2024\/12\/matrix-revolution-300x208.png 300w, https:\/\/www.chu-tours.fr\/mat\/wp-content\/uploads\/sites\/17\/2024\/12\/matrix-revolution-1024x708.png 1024w, https:\/\/www.chu-tours.fr\/mat\/wp-content\/uploads\/sites\/17\/2024\/12\/matrix-revolution-768x531.png 768w, https:\/\/www.chu-tours.fr\/mat\/wp-content\/uploads\/sites\/17\/2024\/12\/matrix-revolution.png 1376w\" sizes=\"(max-width: 300px) 100vw, 300px\" \/><\/div><\/a>\n\t\t\t\t<div class=\"elementor-post__text\">\n\t\t\t\t<h3 class=\"elementor-post__title\">\n\t\t\t<a href=\"https:\/\/www.chu-tours.fr\/mat\/reunion-scientifique-6-mars-2025\/\" >\n\t\t\t\tR\u00e9union scientifique &#8211; 6 mars 2025\t\t\t<\/a>\n\t\t<\/h3>\n\t\t\t\t<div class=\"elementor-post__excerpt\">\n\t\t\t<p>Le 6 mars 2025, r\u00e9union scientifique pour les acteurs de la recherche en n\u00e9phrologie &#8211; SHU\/MAT &#8211; Paris<\/p>\n\t\t<\/div>\n\t\t\t\t\t<div class=\"elementor-post__read-more-wrapper\">\n\t\t\n\t\t<a class=\"elementor-post__read-more\" href=\"https:\/\/www.chu-tours.fr\/mat\/reunion-scientifique-6-mars-2025\/\" aria-label=\"En savoir plus sur R\u00e9union scientifique &#8211; 6 mars 2025\" tabindex=\"-1\" >\n\t\t\tLire la suite \u00bb\t\t<\/a>\n\n\t\t\t\t\t<\/div>\n\t\t\t\t<\/div>\n\t\t\t\t<div class=\"elementor-post__meta-data\">\n\t\t\t\t\t<span class=\"elementor-post-date\">\n\t\t\t24 d\u00e9cembre 2024\t\t<\/span>\n\t\t\t\t<\/div>\n\t\t\t\t\t<\/div>\n\t\t<\/article>\n\t\t\t\t<\/div>\n\t\t\n\t\t\t\t<\/div>\n\t\t\t\t<\/div>\n\t\t\t\t\t<\/div>\n\t\t\t\t<\/div>\n\t\t\t\t<\/div>\n\t\t","protected":false},"excerpt":{"rendered":"","protected":false},"author":4,"featured_media":0,"parent":0,"menu_order":0,"comment_status":"closed","ping_status":"closed","template":"","meta":{"_seopress_robots_primary_cat":"","_seopress_titles_title":"","_seopress_titles_desc":"","_seopress_robots_index":"","_exactmetrics_skip_tracking":false,"_exactmetrics_sitenote_active":false,"_exactmetrics_sitenote_note":"","_exactmetrics_sitenote_category":0,"_genesis_hide_title":false,"_genesis_hide_breadcrumbs":false,"_genesis_hide_singular_image":false,"_genesis_hide_footer_widgets":false,"_genesis_custom_body_class":"","_genesis_custom_post_class":"","_genesis_layout":"","footnotes":""},"publishpress_future_action":{"enabled":false,"date":"2026-04-15 11:42:04","action":"change-status","newStatus":"draft","terms":[],"taxonomy":""},"_links":{"self":[{"href":"https:\/\/www.chu-tours.fr\/mat\/wp-json\/wp\/v2\/pages\/341"}],"collection":[{"href":"https:\/\/www.chu-tours.fr\/mat\/wp-json\/wp\/v2\/pages"}],"about":[{"href":"https:\/\/www.chu-tours.fr\/mat\/wp-json\/wp\/v2\/types\/page"}],"author":[{"embeddable":true,"href":"https:\/\/www.chu-tours.fr\/mat\/wp-json\/wp\/v2\/users\/4"}],"replies":[{"embeddable":true,"href":"https:\/\/www.chu-tours.fr\/mat\/wp-json\/wp\/v2\/comments?post=341"}],"version-history":[{"count":10,"href":"https:\/\/www.chu-tours.fr\/mat\/wp-json\/wp\/v2\/pages\/341\/revisions"}],"predecessor-version":[{"id":710,"href":"https:\/\/www.chu-tours.fr\/mat\/wp-json\/wp\/v2\/pages\/341\/revisions\/710"}],"wp:attachment":[{"href":"https:\/\/www.chu-tours.fr\/mat\/wp-json\/wp\/v2\/media?parent=341"}],"curies":[{"name":"wp","href":"https:\/\/api.w.org\/{rel}","templated":true}]}}