{"id":32,"date":"2024-12-09T14:20:32","date_gmt":"2024-12-09T13:20:32","guid":{"rendered":"https:\/\/www.chu-tours.fr\/mat\/?page_id=32"},"modified":"2025-01-16T15:38:53","modified_gmt":"2025-01-16T14:38:53","slug":"3eme-edition-journee-organisee-par-le-centre-de-reference-maladies-rares-des-microangiopathies-thrombotiques","status":"publish","type":"page","link":"https:\/\/www.chu-tours.fr\/mat\/3eme-edition-journee-organisee-par-le-centre-de-reference-maladies-rares-des-microangiopathies-thrombotiques\/","title":{"rendered":"3\u00e8me \u00e9dition Journ\u00e9e organis\u00e9e par le Centre de R\u00e9f\u00e9rence Maladies Rares des Microangiopathies Thrombotiques"},"content":{"rendered":"\t\t<div data-elementor-type=\"wp-page\" data-elementor-id=\"32\" class=\"elementor elementor-32\" data-elementor-post-type=\"page\">\n\t\t\t\t<div class=\"elementor-element elementor-element-176f0f2 e-flex e-con-boxed e-con e-parent\" data-id=\"176f0f2\" data-element_type=\"container\">\n\t\t\t\t\t<div class=\"e-con-inner\">\n\t\t\t\t<div class=\"elementor-element elementor-element-c95c9b2 elementor-widget elementor-widget-text-editor\" data-id=\"c95c9b2\" data-element_type=\"widget\" data-widget_type=\"text-editor.default\">\n\t\t\t\t<div class=\"elementor-widget-container\">\n\t\t\t<style>\/*! elementor - v3.23.0 - 15-07-2024 *\/\n.elementor-widget-text-editor.elementor-drop-cap-view-stacked .elementor-drop-cap{background-color:#69727d;color:#fff}.elementor-widget-text-editor.elementor-drop-cap-view-framed .elementor-drop-cap{color:#69727d;border:3px solid;background-color:transparent}.elementor-widget-text-editor:not(.elementor-drop-cap-view-default) .elementor-drop-cap{margin-top:8px}.elementor-widget-text-editor:not(.elementor-drop-cap-view-default) .elementor-drop-cap-letter{width:1em;height:1em}.elementor-widget-text-editor .elementor-drop-cap{float:left;text-align:center;line-height:1;font-size:50px}.elementor-widget-text-editor .elementor-drop-cap-letter{display:inline-block}<\/style>\t\t\t\t<p><b>3<\/b><b>\u00e8me<\/b><b> \u00e9dition Journ\u00e9e organis\u00e9e par le Centre de R\u00e9f\u00e9rence Maladies Rares des Microangiopathies Thrombotiques <\/b><\/p><p>M\u00e9decin Coordonnateur :\u00a0 Pr Jean-Michel HALIMI.<\/p><p><span style=\"color: #ed1164;\"><strong>&gt;&gt;<\/strong><\/span> <a href=\"https:\/\/www.chu-tours.fr\/mat\/wp-content\/uploads\/sites\/17\/2024\/12\/Affiche-Journee-MAT-2025.pdf\" target=\"_blank\" rel=\"noopener\">T\u00e9l\u00e9chargez l&#8217;affiche<\/a><\/p>\t\t\t\t\t\t<\/div>\n\t\t\t\t<\/div>\n\t\t\t\t\t<\/div>\n\t\t\t\t<\/div>\n\t\t<div class=\"elementor-element elementor-element-50e981e e-flex e-con-boxed e-con e-parent\" data-id=\"50e981e\" data-element_type=\"container\">\n\t\t\t\t\t<div class=\"e-con-inner\">\n\t\t\t\t<div class=\"elementor-element elementor-element-8c23ff6 elementor-widget elementor-widget-image\" data-id=\"8c23ff6\" data-element_type=\"widget\" data-widget_type=\"image.default\">\n\t\t\t\t<div class=\"elementor-widget-container\">\n\t\t\t<style>\/*! elementor - v3.23.0 - 15-07-2024 *\/\n.elementor-widget-image{text-align:center}.elementor-widget-image a{display:inline-block}.elementor-widget-image a img[src$=\".svg\"]{width:48px}.elementor-widget-image img{vertical-align:middle;display:inline-block}<\/style>\t\t\t\t\t\t\t\t\t\t<img fetchpriority=\"high\" decoding=\"async\" width=\"507\" height=\"712\" src=\"https:\/\/www.chu-tours.fr\/mat\/wp-content\/uploads\/sites\/17\/2024\/12\/MAT_3emes-journees.jpg\" class=\"attachment-full size-full wp-image-28\" alt=\"3\u00e8me \u00e9dition Journ\u00e9e organis\u00e9e par le Centre de R\u00e9f\u00e9rence Maladies Rares des Microangiopathies Thrombotiques\" srcset=\"https:\/\/www.chu-tours.fr\/mat\/wp-content\/uploads\/sites\/17\/2024\/12\/MAT_3emes-journees.jpg 507w, https:\/\/www.chu-tours.fr\/mat\/wp-content\/uploads\/sites\/17\/2024\/12\/MAT_3emes-journees-214x300.jpg 214w\" sizes=\"(max-width: 507px) 100vw, 507px\" \/>\t\t\t\t\t\t\t\t\t\t\t\t\t<\/div>\n\t\t\t\t<\/div>\n\t\t\t\t\t<\/div>\n\t\t\t\t<\/div>\n\t\t\t\t<\/div>\n\t\t","protected":false},"excerpt":{"rendered":"<p>3\u00e8me \u00e9dition Journ\u00e9e organis\u00e9e par le Centre de R\u00e9f\u00e9rence Maladies Rares des Microangiopathies Thrombotiques M\u00e9decin Coordonnateur :\u00a0 Pr Jean-Michel HALIMI. &gt;&gt; T\u00e9l\u00e9chargez l&#8217;affiche<\/p>\n","protected":false},"author":4,"featured_media":29,"parent":0,"menu_order":0,"comment_status":"closed","ping_status":"closed","template":"","meta":{"_seopress_robots_primary_cat":"","_seopress_titles_title":"","_seopress_titles_desc":"","_seopress_robots_index":"","_exactmetrics_skip_tracking":false,"_exactmetrics_sitenote_active":false,"_exactmetrics_sitenote_note":"","_exactmetrics_sitenote_category":0,"_genesis_hide_title":false,"_genesis_hide_breadcrumbs":false,"_genesis_hide_singular_image":false,"_genesis_hide_footer_widgets":false,"_genesis_custom_body_class":"","_genesis_custom_post_class":"","_genesis_layout":"","footnotes":""},"publishpress_future_action":{"enabled":false,"date":"2026-04-13 12:15:20","action":"change-status","newStatus":"draft","terms":[],"taxonomy":""},"_links":{"self":[{"href":"https:\/\/www.chu-tours.fr\/mat\/wp-json\/wp\/v2\/pages\/32"}],"collection":[{"href":"https:\/\/www.chu-tours.fr\/mat\/wp-json\/wp\/v2\/pages"}],"about":[{"href":"https:\/\/www.chu-tours.fr\/mat\/wp-json\/wp\/v2\/types\/page"}],"author":[{"embeddable":true,"href":"https:\/\/www.chu-tours.fr\/mat\/wp-json\/wp\/v2\/users\/4"}],"replies":[{"embeddable":true,"href":"https:\/\/www.chu-tours.fr\/mat\/wp-json\/wp\/v2\/comments?post=32"}],"version-history":[{"count":9,"href":"https:\/\/www.chu-tours.fr\/mat\/wp-json\/wp\/v2\/pages\/32\/revisions"}],"predecessor-version":[{"id":497,"href":"https:\/\/www.chu-tours.fr\/mat\/wp-json\/wp\/v2\/pages\/32\/revisions\/497"}],"wp:featuredmedia":[{"embeddable":true,"href":"https:\/\/www.chu-tours.fr\/mat\/wp-json\/wp\/v2\/media\/29"}],"wp:attachment":[{"href":"https:\/\/www.chu-tours.fr\/mat\/wp-json\/wp\/v2\/media?parent=32"}],"curies":[{"name":"wp","href":"https:\/\/api.w.org\/{rel}","templated":true}]}}