{"id":185,"date":"2024-12-13T10:54:29","date_gmt":"2024-12-13T09:54:29","guid":{"rendered":"https:\/\/www.chu-tours.fr\/mat\/?page_id=185"},"modified":"2024-12-13T12:23:38","modified_gmt":"2024-12-13T11:23:38","slug":"aspects-administratifs-et-reglementaires","status":"publish","type":"page","link":"https:\/\/www.chu-tours.fr\/mat\/aspects-administratifs-et-reglementaires\/","title":{"rendered":"Aspects administratifs et r\u00e9glementaires"},"content":{"rendered":"\t\t<div data-elementor-type=\"wp-page\" data-elementor-id=\"185\" class=\"elementor elementor-185\" data-elementor-post-type=\"page\">\n\t\t\t\t<div class=\"elementor-element elementor-element-ff4d80f e-flex e-con-boxed e-con e-parent\" data-id=\"ff4d80f\" data-element_type=\"container\">\n\t\t\t\t\t<div class=\"e-con-inner\">\n\t\t\t\t<div class=\"elementor-element elementor-element-63d018e elementor-widget elementor-widget-text-editor\" data-id=\"63d018e\" data-element_type=\"widget\" data-widget_type=\"text-editor.default\">\n\t\t\t\t<div class=\"elementor-widget-container\">\n\t\t\t<style>\/*! elementor - v3.23.0 - 15-07-2024 *\/\n.elementor-widget-text-editor.elementor-drop-cap-view-stacked .elementor-drop-cap{background-color:#69727d;color:#fff}.elementor-widget-text-editor.elementor-drop-cap-view-framed .elementor-drop-cap{color:#69727d;border:3px solid;background-color:transparent}.elementor-widget-text-editor:not(.elementor-drop-cap-view-default) .elementor-drop-cap{margin-top:8px}.elementor-widget-text-editor:not(.elementor-drop-cap-view-default) .elementor-drop-cap-letter{width:1em;height:1em}.elementor-widget-text-editor .elementor-drop-cap{float:left;text-align:center;line-height:1;font-size:50px}.elementor-widget-text-editor .elementor-drop-cap-letter{display:inline-block}<\/style>\t\t\t\t<blockquote><p>L\u2019\u00e9tude Matrix est port\u00e9e depuis 2022 par le CHRU de Tours, sous la coordination du Pr. Jean-Michel HALIMI (UMR, ISCHEMIA 1327) et r\u00e9gie par un conseil scientifique constitu\u00e9 d\u2019experts Fran\u00e7ais reconnus \u00e0 l\u2019international.<\/p><\/blockquote>\t\t\t\t\t\t<\/div>\n\t\t\t\t<\/div>\n\t\t\t\t\t<\/div>\n\t\t\t\t<\/div>\n\t\t<div class=\"elementor-element elementor-element-4d8e932 e-flex e-con-boxed e-con e-parent\" data-id=\"4d8e932\" data-element_type=\"container\">\n\t\t\t\t\t<div class=\"e-con-inner\">\n\t\t\t\t<div class=\"elementor-element elementor-element-394ddce elementor-widget elementor-widget-image\" data-id=\"394ddce\" data-element_type=\"widget\" data-widget_type=\"image.default\">\n\t\t\t\t<div class=\"elementor-widget-container\">\n\t\t\t<style>\/*! elementor - v3.23.0 - 15-07-2024 *\/\n.elementor-widget-image{text-align:center}.elementor-widget-image a{display:inline-block}.elementor-widget-image a img[src$=\".svg\"]{width:48px}.elementor-widget-image img{vertical-align:middle;display:inline-block}<\/style>\t\t\t\t\t\t\t\t\t\t<img fetchpriority=\"high\" decoding=\"async\" width=\"1024\" height=\"357\" src=\"https:\/\/www.chu-tours.fr\/mat\/wp-content\/uploads\/sites\/17\/2024\/12\/aspects-reglementaires-v2-1024x357.png\" class=\"attachment-large size-large wp-image-195\" alt=\"\" srcset=\"https:\/\/www.chu-tours.fr\/mat\/wp-content\/uploads\/sites\/17\/2024\/12\/aspects-reglementaires-v2-1024x357.png 1024w, https:\/\/www.chu-tours.fr\/mat\/wp-content\/uploads\/sites\/17\/2024\/12\/aspects-reglementaires-v2-300x104.png 300w, https:\/\/www.chu-tours.fr\/mat\/wp-content\/uploads\/sites\/17\/2024\/12\/aspects-reglementaires-v2-768x267.png 768w, https:\/\/www.chu-tours.fr\/mat\/wp-content\/uploads\/sites\/17\/2024\/12\/aspects-reglementaires-v2-1536x535.png 1536w, https:\/\/www.chu-tours.fr\/mat\/wp-content\/uploads\/sites\/17\/2024\/12\/aspects-reglementaires-v2.png 1746w\" sizes=\"(max-width: 1024px) 100vw, 1024px\" \/>\t\t\t\t\t\t\t\t\t\t\t\t\t<\/div>\n\t\t\t\t<\/div>\n\t\t\t\t<div class=\"elementor-element elementor-element-15e8e01 elementor-absolute elementor-widget elementor-widget-text-editor\" data-id=\"15e8e01\" data-element_type=\"widget\" data-settings=\"{&quot;_position&quot;:&quot;absolute&quot;}\" data-widget_type=\"text-editor.default\">\n\t\t\t\t<div class=\"elementor-widget-container\">\n\t\t\t\t\t\t\t<p style=\"text-align: right;\"><a href=\"https:\/\/clinicaltrials.gov\/study\/NCT05991245\" target=\"_blank\" rel=\"noopener\">https:\/\/clinicaltrials.gov\/study\/NCT05991245<\/a><\/p>\t\t\t\t\t\t<\/div>\n\t\t\t\t<\/div>\n\t\t\t\t<div class=\"elementor-element elementor-element-96dffa2 elementor-widget elementor-widget-text-editor\" data-id=\"96dffa2\" data-element_type=\"widget\" data-widget_type=\"text-editor.default\">\n\t\t\t\t<div class=\"elementor-widget-container\">\n\t\t\t\t\t\t\t<p><b>Crit\u00e8res d\u2019inclusions <\/b>:<\/p><ol><li>Patients adultes de 18 ans ou plus<\/li><li>Ayant subi une biopsie r\u00e9nale du rein natif pour insuffisance r\u00e9nale depuis 2009.<\/li><li>Pr\u00e9sence de MAT syst\u00e9mique classiquement d\u00e9fini par une h\u00e9moglobine &lt;120 g\/L, augmentation des lactates d\u00e9shydrog\u00e9nases (LDH), diminution de l&#8217;haptoglobine, schizocytos et num\u00e9ration plaquettaire &lt;150 000\/\u03bcl, et\/ou pr\u00e9sence de MAT art\u00e9riolaire ou r\u00e9nal glom\u00e9rulaire comme indiqu\u00e9 par le pathologiste (incluant turgescence endoth\u00e9liale, m\u00e9sangiolyse, double contours, pr\u00e9sence de thrombus, n\u00e9crose fibrino\u00efde de la paroi art\u00e9rielle).<\/li><\/ol><p><b>Crit\u00e8re d\u2019exclusion <\/b>:<\/p><ol><li>Transplantation r\u00e9nale<\/li><li>Patients s\u2019opposant au traitement des donn\u00e9es<\/li><\/ol>\t\t\t\t\t\t<\/div>\n\t\t\t\t<\/div>\n\t\t\t\t\t<\/div>\n\t\t\t\t<\/div>\n\t\t\t\t<\/div>\n\t\t","protected":false},"excerpt":{"rendered":"<p>L\u2019\u00e9tude Matrix est port\u00e9e depuis 2022 par le CHRU de Tours, sous la coordination du Pr. Jean-Michel HALIMI (UMR, ISCHEMIA 1327) et r\u00e9gie par un conseil scientifique constitu\u00e9 d\u2019experts Fran\u00e7ais reconnus \u00e0 l\u2019international. https:\/\/clinicaltrials.gov\/study\/NCT05991245 Crit\u00e8res d\u2019inclusions : Patients adultes de 18 ans ou plus Ayant subi une biopsie r\u00e9nale du rein natif pour insuffisance r\u00e9nale [&hellip;]<\/p>\n","protected":false},"author":4,"featured_media":0,"parent":0,"menu_order":0,"comment_status":"closed","ping_status":"closed","template":"","meta":{"_seopress_robots_primary_cat":"","_seopress_titles_title":"","_seopress_titles_desc":"","_seopress_robots_index":"","_exactmetrics_skip_tracking":false,"_exactmetrics_sitenote_active":false,"_exactmetrics_sitenote_note":"","_exactmetrics_sitenote_category":0,"_genesis_hide_title":false,"_genesis_hide_breadcrumbs":false,"_genesis_hide_singular_image":false,"_genesis_hide_footer_widgets":false,"_genesis_custom_body_class":"","_genesis_custom_post_class":"","_genesis_layout":"","footnotes":""},"publishpress_future_action":{"enabled":false,"date":"2026-04-15 11:47:37","action":"change-status","newStatus":"draft","terms":[],"taxonomy":""},"_links":{"self":[{"href":"https:\/\/www.chu-tours.fr\/mat\/wp-json\/wp\/v2\/pages\/185"}],"collection":[{"href":"https:\/\/www.chu-tours.fr\/mat\/wp-json\/wp\/v2\/pages"}],"about":[{"href":"https:\/\/www.chu-tours.fr\/mat\/wp-json\/wp\/v2\/types\/page"}],"author":[{"embeddable":true,"href":"https:\/\/www.chu-tours.fr\/mat\/wp-json\/wp\/v2\/users\/4"}],"replies":[{"embeddable":true,"href":"https:\/\/www.chu-tours.fr\/mat\/wp-json\/wp\/v2\/comments?post=185"}],"version-history":[{"count":16,"href":"https:\/\/www.chu-tours.fr\/mat\/wp-json\/wp\/v2\/pages\/185\/revisions"}],"predecessor-version":[{"id":207,"href":"https:\/\/www.chu-tours.fr\/mat\/wp-json\/wp\/v2\/pages\/185\/revisions\/207"}],"wp:attachment":[{"href":"https:\/\/www.chu-tours.fr\/mat\/wp-json\/wp\/v2\/media?parent=185"}],"curies":[{"name":"wp","href":"https:\/\/api.w.org\/{rel}","templated":true}]}}