{"id":17,"date":"2024-12-09T12:35:10","date_gmt":"2024-12-09T11:35:10","guid":{"rendered":"https:\/\/www.chu-tours.fr\/mat\/?page_id=17"},"modified":"2026-01-28T10:51:23","modified_gmt":"2026-01-28T09:51:23","slug":"actualites","status":"publish","type":"page","link":"https:\/\/www.chu-tours.fr\/mat\/actualites\/","title":{"rendered":"Actualit\u00e9s"},"content":{"rendered":"\t\t<div data-elementor-type=\"wp-page\" data-elementor-id=\"17\" class=\"elementor elementor-17\" data-elementor-post-type=\"page\">\n\t\t\t\t<div class=\"elementor-element elementor-element-9212363 e-flex e-con-boxed e-con e-parent\" data-id=\"9212363\" data-element_type=\"container\">\n\t\t\t\t\t<div class=\"e-con-inner\">\n\t\t\t\t<div class=\"elementor-element elementor-element-46360de elementor-grid-3 elementor-grid-tablet-2 elementor-grid-mobile-1 elementor-posts--thumbnail-top elementor-widget elementor-widget-posts\" data-id=\"46360de\" data-element_type=\"widget\" data-settings=\"{&quot;classic_masonry&quot;:&quot;yes&quot;,&quot;classic_columns&quot;:&quot;3&quot;,&quot;classic_columns_tablet&quot;:&quot;2&quot;,&quot;classic_columns_mobile&quot;:&quot;1&quot;,&quot;classic_row_gap&quot;:{&quot;unit&quot;:&quot;px&quot;,&quot;size&quot;:35,&quot;sizes&quot;:[]},&quot;classic_row_gap_tablet&quot;:{&quot;unit&quot;:&quot;px&quot;,&quot;size&quot;:&quot;&quot;,&quot;sizes&quot;:[]},&quot;classic_row_gap_mobile&quot;:{&quot;unit&quot;:&quot;px&quot;,&quot;size&quot;:&quot;&quot;,&quot;sizes&quot;:[]}}\" data-widget_type=\"posts.classic\">\n\t\t\t\t<div class=\"elementor-widget-container\">\n\t\t\t<link rel=\"stylesheet\" href=\"https:\/\/www.chu-tours.fr\/mat\/wp-content\/plugins\/elementor-pro\/assets\/css\/widget-posts.min.css?ver=1721310483\">\t\t<div class=\"elementor-posts-container elementor-posts elementor-posts--skin-classic elementor-grid\">\n\t\t\t\t<article class=\"elementor-post elementor-grid-item post-690 page type-page status-publish has-post-thumbnail entry\">\n\t\t\t\t<a class=\"elementor-post__thumbnail__link\" href=\"https:\/\/www.chu-tours.fr\/mat\/4eme-edition-journee-crmr-mat\/\" tabindex=\"-1\" >\n\t\t\t<div class=\"elementor-post__thumbnail\"><img decoding=\"async\" width=\"300\" height=\"165\" src=\"https:\/\/www.chu-tours.fr\/mat\/wp-content\/uploads\/sites\/17\/2026\/01\/4e-journee-MAT_510x281-300x165.png\" class=\"attachment-medium size-medium wp-image-683\" alt=\"4\u00e8me \u00e9dition Journ\u00e9e organis\u00e9e par le Centre de R\u00e9f\u00e9rence Maladies Rares des Microangiopathies Thrombotiques\" srcset=\"https:\/\/www.chu-tours.fr\/mat\/wp-content\/uploads\/sites\/17\/2026\/01\/4e-journee-MAT_510x281-300x165.png 300w, https:\/\/www.chu-tours.fr\/mat\/wp-content\/uploads\/sites\/17\/2026\/01\/4e-journee-MAT_510x281-490x270.png 490w, https:\/\/www.chu-tours.fr\/mat\/wp-content\/uploads\/sites\/17\/2026\/01\/4e-journee-MAT_510x281.png 510w\" sizes=\"(max-width: 300px) 100vw, 300px\" \/><\/div>\n\t\t<\/a>\n\t\t\t\t<div class=\"elementor-post__text\">\n\t\t\t\t<h3 class=\"elementor-post__title\">\n\t\t\t<a href=\"https:\/\/www.chu-tours.fr\/mat\/4eme-edition-journee-crmr-mat\/\" >\n\t\t\t\t4\u00e8me \u00e9dition &#8211; Journ\u00e9e CRMR MAT\t\t\t<\/a>\n\t\t<\/h3>\n\t\t\t\t<div class=\"elementor-post__meta-data\">\n\t\t\t\t\t<span class=\"elementor-post-date\">\n\t\t\t28 janvier 2026\t\t<\/span>\n\t\t\t\t<\/div>\n\t\t\n\t\t<a class=\"elementor-post__read-more\" href=\"https:\/\/www.chu-tours.fr\/mat\/4eme-edition-journee-crmr-mat\/\" aria-label=\"En savoir plus sur 4\u00e8me \u00e9dition &#8211; Journ\u00e9e CRMR MAT\" tabindex=\"-1\" >\n\t\t\tLire la suite \u00bb\t\t<\/a>\n\n\t\t\t\t<\/div>\n\t\t\t\t<\/article>\n\t\t\t\t<article class=\"elementor-post elementor-grid-item post-32 page type-page status-publish has-post-thumbnail entry\">\n\t\t\t\t<a class=\"elementor-post__thumbnail__link\" href=\"https:\/\/www.chu-tours.fr\/mat\/3eme-edition-journee-organisee-par-le-centre-de-reference-maladies-rares-des-microangiopathies-thrombotiques\/\" tabindex=\"-1\" >\n\t\t\t<div class=\"elementor-post__thumbnail\"><img decoding=\"async\" width=\"300\" height=\"165\" src=\"https:\/\/www.chu-tours.fr\/mat\/wp-content\/uploads\/sites\/17\/2024\/12\/MAT_3emes-journees_510x281-300x165.png\" class=\"attachment-medium size-medium wp-image-29\" alt=\"3\u00e8me \u00e9dition Journ\u00e9e organis\u00e9e par le Centre de R\u00e9f\u00e9rence Maladies Rares des Microangiopathies Thrombotiques\" srcset=\"https:\/\/www.chu-tours.fr\/mat\/wp-content\/uploads\/sites\/17\/2024\/12\/MAT_3emes-journees_510x281-300x165.png 300w, https:\/\/www.chu-tours.fr\/mat\/wp-content\/uploads\/sites\/17\/2024\/12\/MAT_3emes-journees_510x281-490x270.png 490w, https:\/\/www.chu-tours.fr\/mat\/wp-content\/uploads\/sites\/17\/2024\/12\/MAT_3emes-journees_510x281.png 510w\" sizes=\"(max-width: 300px) 100vw, 300px\" \/><\/div>\n\t\t<\/a>\n\t\t\t\t<div class=\"elementor-post__text\">\n\t\t\t\t<h3 class=\"elementor-post__title\">\n\t\t\t<a href=\"https:\/\/www.chu-tours.fr\/mat\/3eme-edition-journee-organisee-par-le-centre-de-reference-maladies-rares-des-microangiopathies-thrombotiques\/\" >\n\t\t\t\t3\u00e8me \u00e9dition Journ\u00e9e organis\u00e9e par le Centre de R\u00e9f\u00e9rence Maladies Rares des Microangiopathies Thrombotiques\t\t\t<\/a>\n\t\t<\/h3>\n\t\t\t\t<div class=\"elementor-post__meta-data\">\n\t\t\t\t\t<span class=\"elementor-post-date\">\n\t\t\t9 d\u00e9cembre 2024\t\t<\/span>\n\t\t\t\t<\/div>\n\t\t\n\t\t<a class=\"elementor-post__read-more\" href=\"https:\/\/www.chu-tours.fr\/mat\/3eme-edition-journee-organisee-par-le-centre-de-reference-maladies-rares-des-microangiopathies-thrombotiques\/\" aria-label=\"En savoir plus sur 3\u00e8me \u00e9dition Journ\u00e9e organis\u00e9e par le Centre de R\u00e9f\u00e9rence Maladies Rares des Microangiopathies Thrombotiques\" tabindex=\"-1\" >\n\t\t\tLire la suite \u00bb\t\t<\/a>\n\n\t\t\t\t<\/div>\n\t\t\t\t<\/article>\n\t\t\t\t<article class=\"elementor-post elementor-grid-item post-39 page type-page status-publish has-post-thumbnail entry\">\n\t\t\t\t<a class=\"elementor-post__thumbnail__link\" href=\"https:\/\/www.chu-tours.fr\/mat\/obtention-du-financement-projet-de-recherche-airg-france-2024\/\" tabindex=\"-1\" >\n\t\t\t<div class=\"elementor-post__thumbnail\"><img decoding=\"async\" width=\"300\" height=\"165\" src=\"https:\/\/www.chu-tours.fr\/mat\/wp-content\/uploads\/sites\/17\/2025\/01\/MAT-financement-airg_510x281-300x165.png\" class=\"attachment-medium size-medium wp-image-395\" alt=\"Obtention du financement : projet de recherche AIRG-France 2024\" srcset=\"https:\/\/www.chu-tours.fr\/mat\/wp-content\/uploads\/sites\/17\/2025\/01\/MAT-financement-airg_510x281-300x165.png 300w, https:\/\/www.chu-tours.fr\/mat\/wp-content\/uploads\/sites\/17\/2025\/01\/MAT-financement-airg_510x281-490x270.png 490w, https:\/\/www.chu-tours.fr\/mat\/wp-content\/uploads\/sites\/17\/2025\/01\/MAT-financement-airg_510x281.png 510w\" sizes=\"(max-width: 300px) 100vw, 300px\" \/><\/div>\n\t\t<\/a>\n\t\t\t\t<div class=\"elementor-post__text\">\n\t\t\t\t<h3 class=\"elementor-post__title\">\n\t\t\t<a href=\"https:\/\/www.chu-tours.fr\/mat\/obtention-du-financement-projet-de-recherche-airg-france-2024\/\" >\n\t\t\t\tObtention du financement :  projet de recherche AIRG-France 2024\t\t\t<\/a>\n\t\t<\/h3>\n\t\t\t\t<div class=\"elementor-post__meta-data\">\n\t\t\t\t\t<span class=\"elementor-post-date\">\n\t\t\t9 d\u00e9cembre 2024\t\t<\/span>\n\t\t\t\t<\/div>\n\t\t\n\t\t<a class=\"elementor-post__read-more\" href=\"https:\/\/www.chu-tours.fr\/mat\/obtention-du-financement-projet-de-recherche-airg-france-2024\/\" aria-label=\"En savoir plus sur Obtention du financement :  projet de recherche AIRG-France 2024\" tabindex=\"-1\" >\n\t\t\tLire la suite \u00bb\t\t<\/a>\n\n\t\t\t\t<\/div>\n\t\t\t\t<\/article>\n\t\t\t\t<article class=\"elementor-post elementor-grid-item post-47 page type-page status-publish has-post-thumbnail entry\">\n\t\t\t\t<a class=\"elementor-post__thumbnail__link\" href=\"https:\/\/www.chu-tours.fr\/mat\/obtention-du-prix-michel-olmer-sur-la-maladie-renale-chronique-2024\/\" tabindex=\"-1\" >\n\t\t\t<div class=\"elementor-post__thumbnail\"><img loading=\"lazy\" decoding=\"async\" width=\"300\" height=\"165\" src=\"https:\/\/www.chu-tours.fr\/mat\/wp-content\/uploads\/sites\/17\/2025\/01\/MAT-prix-olmer_510x281-300x165.png\" class=\"attachment-medium size-medium wp-image-396\" alt=\"Obtention du Prix \u201cMichel Olmer\u201d sur la Maladie r\u00e9nale chronique, 2024\" srcset=\"https:\/\/www.chu-tours.fr\/mat\/wp-content\/uploads\/sites\/17\/2025\/01\/MAT-prix-olmer_510x281-300x165.png 300w, https:\/\/www.chu-tours.fr\/mat\/wp-content\/uploads\/sites\/17\/2025\/01\/MAT-prix-olmer_510x281-490x270.png 490w, https:\/\/www.chu-tours.fr\/mat\/wp-content\/uploads\/sites\/17\/2025\/01\/MAT-prix-olmer_510x281.png 510w\" sizes=\"(max-width: 300px) 100vw, 300px\" \/><\/div>\n\t\t<\/a>\n\t\t\t\t<div class=\"elementor-post__text\">\n\t\t\t\t<h3 class=\"elementor-post__title\">\n\t\t\t<a href=\"https:\/\/www.chu-tours.fr\/mat\/obtention-du-prix-michel-olmer-sur-la-maladie-renale-chronique-2024\/\" >\n\t\t\t\tObtention du Prix \u201cMichel Olmer\u201d sur la Maladie r\u00e9nale chronique, 2024\t\t\t<\/a>\n\t\t<\/h3>\n\t\t\t\t<div class=\"elementor-post__meta-data\">\n\t\t\t\t\t<span class=\"elementor-post-date\">\n\t\t\t9 d\u00e9cembre 2024\t\t<\/span>\n\t\t\t\t<\/div>\n\t\t\n\t\t<a class=\"elementor-post__read-more\" href=\"https:\/\/www.chu-tours.fr\/mat\/obtention-du-prix-michel-olmer-sur-la-maladie-renale-chronique-2024\/\" aria-label=\"En savoir plus sur Obtention du Prix \u201cMichel Olmer\u201d sur la Maladie r\u00e9nale chronique, 2024\" tabindex=\"-1\" >\n\t\t\tLire la suite \u00bb\t\t<\/a>\n\n\t\t\t\t<\/div>\n\t\t\t\t<\/article>\n\t\t\t\t<\/div>\n\t\t\n\t\t\t\t<\/div>\n\t\t\t\t<\/div>\n\t\t\t\t\t<\/div>\n\t\t\t\t<\/div>\n\t\t\t\t<\/div>\n\t\t","protected":false},"excerpt":{"rendered":"","protected":false},"author":4,"featured_media":0,"parent":0,"menu_order":0,"comment_status":"closed","ping_status":"closed","template":"","meta":{"_seopress_robots_primary_cat":"","_seopress_titles_title":"Les actualit\u00e9s du CRMR MAT de Tours","_seopress_titles_desc":"","_seopress_robots_index":"","_exactmetrics_skip_tracking":false,"_exactmetrics_sitenote_active":false,"_exactmetrics_sitenote_note":"","_exactmetrics_sitenote_category":0,"_genesis_hide_title":false,"_genesis_hide_breadcrumbs":false,"_genesis_hide_singular_image":false,"_genesis_hide_footer_widgets":false,"_genesis_custom_body_class":"","_genesis_custom_post_class":"","_genesis_layout":"","footnotes":""},"publishpress_future_action":{"enabled":false,"date":"2026-04-15 11:34:28","action":"change-status","newStatus":"draft","terms":[],"taxonomy":""},"_links":{"self":[{"href":"https:\/\/www.chu-tours.fr\/mat\/wp-json\/wp\/v2\/pages\/17"}],"collection":[{"href":"https:\/\/www.chu-tours.fr\/mat\/wp-json\/wp\/v2\/pages"}],"about":[{"href":"https:\/\/www.chu-tours.fr\/mat\/wp-json\/wp\/v2\/types\/page"}],"author":[{"embeddable":true,"href":"https:\/\/www.chu-tours.fr\/mat\/wp-json\/wp\/v2\/users\/4"}],"replies":[{"embeddable":true,"href":"https:\/\/www.chu-tours.fr\/mat\/wp-json\/wp\/v2\/comments?post=17"}],"version-history":[{"count":7,"href":"https:\/\/www.chu-tours.fr\/mat\/wp-json\/wp\/v2\/pages\/17\/revisions"}],"predecessor-version":[{"id":696,"href":"https:\/\/www.chu-tours.fr\/mat\/wp-json\/wp\/v2\/pages\/17\/revisions\/696"}],"wp:attachment":[{"href":"https:\/\/www.chu-tours.fr\/mat\/wp-json\/wp\/v2\/media?parent=17"}],"curies":[{"name":"wp","href":"https:\/\/api.w.org\/{rel}","templated":true}]}}