{"id":113,"date":"2024-12-09T15:19:00","date_gmt":"2024-12-09T14:19:00","guid":{"rendered":"https:\/\/www.chu-tours.fr\/mat\/?page_id=113"},"modified":"2025-01-16T10:46:08","modified_gmt":"2025-01-16T09:46:08","slug":"partenaires-equipes-de-recherche","status":"publish","type":"page","link":"https:\/\/www.chu-tours.fr\/mat\/partenaires-equipes-de-recherche\/","title":{"rendered":"Partenaires Equipes de recherche"},"content":{"rendered":"\t\t<div data-elementor-type=\"wp-page\" data-elementor-id=\"113\" class=\"elementor elementor-113\" data-elementor-post-type=\"page\">\n\t\t\t\t<div class=\"elementor-element elementor-element-1c8514a e-flex e-con-boxed e-con e-parent\" data-id=\"1c8514a\" data-element_type=\"container\">\n\t\t\t\t\t<div class=\"e-con-inner\">\n\t\t<div class=\"elementor-element elementor-element-e2808d3 e-con-full e-flex e-con e-child\" data-id=\"e2808d3\" data-element_type=\"container\">\n\t\t\t\t<div class=\"elementor-element elementor-element-896b9b0 elementor-widget__width-initial elementor-widget elementor-widget-heading\" data-id=\"896b9b0\" data-element_type=\"widget\" data-widget_type=\"heading.default\">\n\t\t\t\t<div class=\"elementor-widget-container\">\n\t\t\t<style>\/*! elementor - v3.23.0 - 15-07-2024 *\/\n.elementor-heading-title{padding:0;margin:0;line-height:1}.elementor-widget-heading .elementor-heading-title[class*=elementor-size-]>a{color:inherit;font-size:inherit;line-height:inherit}.elementor-widget-heading .elementor-heading-title.elementor-size-small{font-size:15px}.elementor-widget-heading .elementor-heading-title.elementor-size-medium{font-size:19px}.elementor-widget-heading .elementor-heading-title.elementor-size-large{font-size:29px}.elementor-widget-heading .elementor-heading-title.elementor-size-xl{font-size:39px}.elementor-widget-heading .elementor-heading-title.elementor-size-xxl{font-size:59px}<\/style><h2 class=\"elementor-heading-title elementor-size-default\">UMR 1327, ISCHEMIA\n<\/h2>\t\t<\/div>\n\t\t\t\t<\/div>\n\t\t\t\t<\/div>\n\t\t\t\t\t<\/div>\n\t\t\t\t<\/div>\n\t\t<div class=\"elementor-element elementor-element-73deeb5 e-flex e-con-boxed e-con e-parent\" data-id=\"73deeb5\" data-element_type=\"container\">\n\t\t\t\t\t<div class=\"e-con-inner\">\n\t\t<div class=\"elementor-element elementor-element-dbddde5 e-con-full e-flex e-con e-child\" data-id=\"dbddde5\" data-element_type=\"container\">\n\t\t\t\t<div class=\"elementor-element elementor-element-f88e10e elementor-widget__width-initial elementor-widget elementor-widget-image\" data-id=\"f88e10e\" data-element_type=\"widget\" data-widget_type=\"image.default\">\n\t\t\t\t<div class=\"elementor-widget-container\">\n\t\t\t<style>\/*! elementor - v3.23.0 - 15-07-2024 *\/\n.elementor-widget-image{text-align:center}.elementor-widget-image a{display:inline-block}.elementor-widget-image a img[src$=\".svg\"]{width:48px}.elementor-widget-image img{vertical-align:middle;display:inline-block}<\/style>\t\t\t\t\t\t\t\t\t\t<img decoding=\"async\" width=\"300\" height=\"150\" src=\"https:\/\/www.chu-tours.fr\/mat\/wp-content\/uploads\/sites\/17\/2024\/12\/logo-ischemia-300x150.png\" class=\"attachment-medium size-medium wp-image-118\" alt=\"\" srcset=\"https:\/\/www.chu-tours.fr\/mat\/wp-content\/uploads\/sites\/17\/2024\/12\/logo-ischemia-300x150.png 300w, https:\/\/www.chu-tours.fr\/mat\/wp-content\/uploads\/sites\/17\/2024\/12\/logo-ischemia.png 325w\" sizes=\"(max-width: 300px) 100vw, 300px\" \/>\t\t\t\t\t\t\t\t\t\t\t\t\t<\/div>\n\t\t\t\t<\/div>\n\t\t\t\t<div class=\"elementor-element elementor-element-06d422d elementor-widget elementor-widget-text-editor\" data-id=\"06d422d\" data-element_type=\"widget\" data-widget_type=\"text-editor.default\">\n\t\t\t\t<div class=\"elementor-widget-container\">\n\t\t\t<style>\/*! elementor - v3.23.0 - 15-07-2024 *\/\n.elementor-widget-text-editor.elementor-drop-cap-view-stacked .elementor-drop-cap{background-color:#69727d;color:#fff}.elementor-widget-text-editor.elementor-drop-cap-view-framed .elementor-drop-cap{color:#69727d;border:3px solid;background-color:transparent}.elementor-widget-text-editor:not(.elementor-drop-cap-view-default) .elementor-drop-cap{margin-top:8px}.elementor-widget-text-editor:not(.elementor-drop-cap-view-default) .elementor-drop-cap-letter{width:1em;height:1em}.elementor-widget-text-editor .elementor-drop-cap{float:left;text-align:center;line-height:1;font-size:50px}.elementor-widget-text-editor .elementor-drop-cap-letter{display:inline-block}<\/style>\t\t\t\t<ul><li><a href=\"https:\/\/www.univ-tours.fr\/recherche\/animer-la-recherche\/nos-unites-de-recherche\/ea-4245-transplantation-immunologie-et-inflammation-t2i\" target=\"_blank\" rel=\"noopener\">Universit\u00e9 de Tours &#8211; UMR 1327 &#8211; ISCHEMIA Membrane Signalling and Inflammation in reperfusion injuries<\/a><\/li><\/ul><p><strong>Plus d&#8217;infos :<\/strong><\/p><p>&gt; <a href=\"https:\/\/www.lanouvellerepublique.fr\/tours\/indre-et-loire-un-sixieme-laboratoire-labellise-par-l-inserm-a-tours\" target=\"_blank\" rel=\"noopener\">Indre-et-Loire : un sixi\u00e8me laboratoire labellis\u00e9 par l\u2019Inserm \u00e0 Tours<\/a><\/p><p>&gt; \u200b\u200b\u200b\u200b\u200b<a href=\"https:\/\/www.radiocampustours.com\/emissions\/la-meridienne-inserm-ischemie-vous-dis-je\" target=\"_blank\" rel=\"noopener\">Radio Campus Tours &#8211; MAT et CRMR<\/a><\/p>\t\t\t\t\t\t<\/div>\n\t\t\t\t<\/div>\n\t\t\t\t<\/div>\n\t\t\t\t\t<\/div>\n\t\t\t\t<\/div>\n\t\t<div class=\"elementor-element elementor-element-1d2ffb8 e-flex e-con-boxed e-con e-parent\" data-id=\"1d2ffb8\" data-element_type=\"container\">\n\t\t\t\t\t<div class=\"e-con-inner\">\n\t\t\t\t<div class=\"elementor-element elementor-element-e056ea7 elementor-widget elementor-widget-spacer\" data-id=\"e056ea7\" data-element_type=\"widget\" data-widget_type=\"spacer.default\">\n\t\t\t\t<div class=\"elementor-widget-container\">\n\t\t\t<style>\/*! elementor - v3.23.0 - 15-07-2024 *\/\n.elementor-column .elementor-spacer-inner{height:var(--spacer-size)}.e-con{--container-widget-width:100%}.e-con-inner>.elementor-widget-spacer,.e-con>.elementor-widget-spacer{width:var(--container-widget-width,var(--spacer-size));--align-self:var(--container-widget-align-self,initial);--flex-shrink:0}.e-con-inner>.elementor-widget-spacer>.elementor-widget-container,.e-con>.elementor-widget-spacer>.elementor-widget-container{height:100%;width:100%}.e-con-inner>.elementor-widget-spacer>.elementor-widget-container>.elementor-spacer,.e-con>.elementor-widget-spacer>.elementor-widget-container>.elementor-spacer{height:100%}.e-con-inner>.elementor-widget-spacer>.elementor-widget-container>.elementor-spacer>.elementor-spacer-inner,.e-con>.elementor-widget-spacer>.elementor-widget-container>.elementor-spacer>.elementor-spacer-inner{height:var(--container-widget-height,var(--spacer-size))}.e-con-inner>.elementor-widget-spacer.elementor-widget-empty,.e-con>.elementor-widget-spacer.elementor-widget-empty{position:relative;min-height:22px;min-width:22px}.e-con-inner>.elementor-widget-spacer.elementor-widget-empty .elementor-widget-empty-icon,.e-con>.elementor-widget-spacer.elementor-widget-empty .elementor-widget-empty-icon{position:absolute;top:0;bottom:0;left:0;right:0;margin:auto;padding:0;width:22px;height:22px}<\/style>\t\t<div class=\"elementor-spacer\">\n\t\t\t<div class=\"elementor-spacer-inner\"><\/div>\n\t\t<\/div>\n\t\t\t\t<\/div>\n\t\t\t\t<\/div>\n\t\t\t\t\t<\/div>\n\t\t\t\t<\/div>\n\t\t<div class=\"elementor-element elementor-element-2d27314 e-flex e-con-boxed e-con e-parent\" data-id=\"2d27314\" data-element_type=\"container\">\n\t\t\t\t\t<div class=\"e-con-inner\">\n\t\t<div class=\"elementor-element elementor-element-465794d e-con-full e-flex e-con e-child\" data-id=\"465794d\" data-element_type=\"container\">\n\t\t\t\t<div class=\"elementor-element elementor-element-191ac6c elementor-widget__width-initial elementor-widget elementor-widget-heading\" data-id=\"191ac6c\" data-element_type=\"widget\" data-widget_type=\"heading.default\">\n\t\t\t\t<div class=\"elementor-widget-container\">\n\t\t\t<h2 class=\"elementor-heading-title elementor-size-default\">UMR 1246, SPHERE<\/h2>\t\t<\/div>\n\t\t\t\t<\/div>\n\t\t\t\t<\/div>\n\t\t\t\t\t<\/div>\n\t\t\t\t<\/div>\n\t\t<div class=\"elementor-element elementor-element-73f8310 e-flex e-con-boxed e-con e-parent\" data-id=\"73f8310\" data-element_type=\"container\">\n\t\t\t\t\t<div class=\"e-con-inner\">\n\t\t<div class=\"elementor-element elementor-element-a90dab5 e-con-full e-flex e-con e-child\" data-id=\"a90dab5\" data-element_type=\"container\">\n\t\t\t\t<div class=\"elementor-element elementor-element-c0b9b03 elementor-widget__width-initial elementor-widget elementor-widget-image\" data-id=\"c0b9b03\" data-element_type=\"widget\" data-widget_type=\"image.default\">\n\t\t\t\t<div class=\"elementor-widget-container\">\n\t\t\t\t\t\t\t\t\t\t\t\t\t<img decoding=\"async\" width=\"203\" height=\"146\" src=\"https:\/\/www.chu-tours.fr\/mat\/wp-content\/uploads\/sites\/17\/2024\/12\/logo-sphere.png\" class=\"attachment-medium size-medium wp-image-117\" alt=\"\" \/>\t\t\t\t\t\t\t\t\t\t\t\t\t<\/div>\n\t\t\t\t<\/div>\n\t\t\t\t<div class=\"elementor-element elementor-element-a6531b9 elementor-widget elementor-widget-text-editor\" data-id=\"a6531b9\" data-element_type=\"widget\" data-widget_type=\"text-editor.default\">\n\t\t\t\t<div class=\"elementor-widget-container\">\n\t\t\t\t\t\t\t<ul><li style=\"text-align: justify;\">L&#8217;unit\u00e9 INSERM methodS in Patient-centered outcomes &amp; HEalth ResEarch (SPHERE &#8211; UMR 1246) est une unit\u00e9 de recherche bi-site, interr\u00e9gionale, accr\u00e9dit\u00e9e conjointement par l&#8217;Universit\u00e9 de Nantes, l&#8217;Universit\u00e9 de Tours et l&#8217;INSERM.<\/li><\/ul><p><strong>Plus d&#8217;infos :<\/strong><\/p><p>&gt; <a href=\"https:\/\/sphere-inserm.fr\/\" target=\"_blank\" rel=\"noopener\">Inserm UMR1246 SPHERE<\/a><\/p>\t\t\t\t\t\t<\/div>\n\t\t\t\t<\/div>\n\t\t\t\t<\/div>\n\t\t\t\t\t<\/div>\n\t\t\t\t<\/div>\n\t\t\t\t<\/div>\n\t\t","protected":false},"excerpt":{"rendered":"<p>UMR 1327, ISCHEMIA Universit\u00e9 de Tours &#8211; UMR 1327 &#8211; ISCHEMIA Membrane Signalling and Inflammation in reperfusion injuries Plus d&#8217;infos : &gt; Indre-et-Loire : un sixi\u00e8me laboratoire labellis\u00e9 par l\u2019Inserm \u00e0 Tours &gt; \u200b\u200b\u200b\u200b\u200bRadio Campus Tours &#8211; MAT et CRMR UMR 1246, SPHERE L&#8217;unit\u00e9 INSERM methodS in Patient-centered outcomes &amp; HEalth ResEarch (SPHERE &#8211; UMR [&hellip;]<\/p>\n","protected":false},"author":4,"featured_media":0,"parent":0,"menu_order":0,"comment_status":"closed","ping_status":"closed","template":"","meta":{"_seopress_robots_primary_cat":"","_seopress_titles_title":"","_seopress_titles_desc":"","_seopress_robots_index":"","_exactmetrics_skip_tracking":false,"_exactmetrics_sitenote_active":false,"_exactmetrics_sitenote_note":"","_exactmetrics_sitenote_category":0,"_genesis_hide_title":false,"_genesis_hide_breadcrumbs":false,"_genesis_hide_singular_image":false,"_genesis_hide_footer_widgets":false,"_genesis_custom_body_class":"","_genesis_custom_post_class":"","_genesis_layout":"","footnotes":""},"publishpress_future_action":{"enabled":false,"date":"2026-04-15 11:34:28","action":"change-status","newStatus":"draft","terms":[],"taxonomy":""},"_links":{"self":[{"href":"https:\/\/www.chu-tours.fr\/mat\/wp-json\/wp\/v2\/pages\/113"}],"collection":[{"href":"https:\/\/www.chu-tours.fr\/mat\/wp-json\/wp\/v2\/pages"}],"about":[{"href":"https:\/\/www.chu-tours.fr\/mat\/wp-json\/wp\/v2\/types\/page"}],"author":[{"embeddable":true,"href":"https:\/\/www.chu-tours.fr\/mat\/wp-json\/wp\/v2\/users\/4"}],"replies":[{"embeddable":true,"href":"https:\/\/www.chu-tours.fr\/mat\/wp-json\/wp\/v2\/comments?post=113"}],"version-history":[{"count":7,"href":"https:\/\/www.chu-tours.fr\/mat\/wp-json\/wp\/v2\/pages\/113\/revisions"}],"predecessor-version":[{"id":405,"href":"https:\/\/www.chu-tours.fr\/mat\/wp-json\/wp\/v2\/pages\/113\/revisions\/405"}],"wp:attachment":[{"href":"https:\/\/www.chu-tours.fr\/mat\/wp-json\/wp\/v2\/media?parent=113"}],"curies":[{"name":"wp","href":"https:\/\/api.w.org\/{rel}","templated":true}]}}