{"id":346,"date":"2022-04-22T13:17:46","date_gmt":"2022-04-22T11:17:46","guid":{"rendered":"https:\/\/www.chu-tours.fr\/greffe-foie\/?page_id=346"},"modified":"2022-06-01T12:12:19","modified_gmt":"2022-06-01T10:12:19","slug":"le-don-dorganes","status":"publish","type":"page","link":"https:\/\/www.chu-tours.fr\/greffe-foie\/le-don-dorganes\/","title":{"rendered":"Le don d\u2019organes"},"content":{"rendered":"\t\t<div data-elementor-type=\"wp-page\" data-elementor-id=\"346\" class=\"elementor elementor-346\" data-elementor-post-type=\"page\">\n\t\t\t\t\t\t<section class=\"elementor-section elementor-top-section elementor-element elementor-element-7c60f850 elementor-section-height-min-height elementor-section-boxed elementor-section-height-default elementor-section-items-middle\" data-id=\"7c60f850\" data-element_type=\"section\" data-settings=\"{&quot;background_background&quot;:&quot;gradient&quot;,&quot;shape_divider_bottom&quot;:&quot;waves&quot;}\">\n\t\t\t\t\t\t\t<div class=\"elementor-background-overlay\"><\/div>\n\t\t\t\t\t\t<div class=\"elementor-shape elementor-shape-bottom\" data-negative=\"false\">\n\t\t\t<svg xmlns=\"http:\/\/www.w3.org\/2000\/svg\" viewBox=\"0 0 1000 100\" preserveAspectRatio=\"none\">\n\t<path class=\"elementor-shape-fill\" d=\"M421.9,6.5c22.6-2.5,51.5,0.4,75.5,5.3c23.6,4.9,70.9,23.5,100.5,35.7c75.8,32.2,133.7,44.5,192.6,49.7\n\tc23.6,2.1,48.7,3.5,103.4-2.5c54.7-6,106.2-25.6,106.2-25.6V0H0v30.3c0,0,72,32.6,158.4,30.5c39.2-0.7,92.8-6.7,134-22.4\n\tc21.2-8.1,52.2-18.2,79.7-24.2C399.3,7.9,411.6,7.5,421.9,6.5z\"\/>\n<\/svg>\t\t<\/div>\n\t\t\t\t\t<div class=\"elementor-container elementor-column-gap-default\">\n\t\t\t\t\t<div class=\"elementor-column elementor-col-100 elementor-top-column elementor-element elementor-element-515865a1\" data-id=\"515865a1\" data-element_type=\"column\">\n\t\t\t<div class=\"elementor-widget-wrap elementor-element-populated\">\n\t\t\t\t\t\t<div class=\"elementor-element elementor-element-30ff95d elementor-widget elementor-widget-heading\" data-id=\"30ff95d\" data-element_type=\"widget\" data-widget_type=\"heading.default\">\n\t\t\t\t<div class=\"elementor-widget-container\">\n\t\t\t<h1 class=\"elementor-heading-title elementor-size-default\">Le don d\u2019organes<\/h1>\t\t<\/div>\n\t\t\t\t<\/div>\n\t\t\t\t\t<\/div>\n\t\t<\/div>\n\t\t\t\t\t<\/div>\n\t\t<\/section>\n\t\t\t\t<section class=\"elementor-section elementor-top-section elementor-element elementor-element-66caa62 elementor-section-height-min-height elementor-section-boxed elementor-section-height-default elementor-section-items-middle\" data-id=\"66caa62\" data-element_type=\"section\" data-settings=\"{&quot;background_background&quot;:&quot;classic&quot;,&quot;shape_divider_bottom&quot;:&quot;waves&quot;}\">\n\t\t\t\t\t\t\t<div class=\"elementor-background-overlay\"><\/div>\n\t\t\t\t\t\t<div class=\"elementor-shape elementor-shape-bottom\" data-negative=\"false\">\n\t\t\t<svg xmlns=\"http:\/\/www.w3.org\/2000\/svg\" viewBox=\"0 0 1000 100\" preserveAspectRatio=\"none\">\n\t<path class=\"elementor-shape-fill\" d=\"M421.9,6.5c22.6-2.5,51.5,0.4,75.5,5.3c23.6,4.9,70.9,23.5,100.5,35.7c75.8,32.2,133.7,44.5,192.6,49.7\n\tc23.6,2.1,48.7,3.5,103.4-2.5c54.7-6,106.2-25.6,106.2-25.6V0H0v30.3c0,0,72,32.6,158.4,30.5c39.2-0.7,92.8-6.7,134-22.4\n\tc21.2-8.1,52.2-18.2,79.7-24.2C399.3,7.9,411.6,7.5,421.9,6.5z\"\/>\n<\/svg>\t\t<\/div>\n\t\t\t\t\t<div class=\"elementor-container elementor-column-gap-default\">\n\t\t\t\t\t<div class=\"elementor-column elementor-col-50 elementor-top-column elementor-element elementor-element-7232923\" data-id=\"7232923\" data-element_type=\"column\" data-settings=\"{&quot;background_background&quot;:&quot;classic&quot;}\">\n\t\t\t<div class=\"elementor-widget-wrap elementor-element-populated\">\n\t\t\t\t\t\t<div class=\"elementor-element elementor-element-8db37a4 elementor-widget elementor-widget-text-editor\" data-id=\"8db37a4\" data-element_type=\"widget\" data-widget_type=\"text-editor.default\">\n\t\t\t\t<div class=\"elementor-widget-container\">\n\t\t\t\t\t\t\t<p>En France : <br \/>\u00ab\u00a0<span style=\"color: #ed1164;\">TOUTE PERSONNE EST CONSID\u00c9R\u00c9E COMME CONSENTANTE AU DON D\u2019\u00c9L\u00c9MENTS DE SON CORPS EN VUE DE GREFFE SI ELLE N\u2019A PAS MANIFEST\u00c9 D\u2019OPPOSITION DE SON VIVANT<\/span>\u00a0\u00bb<\/p><p>La loi pr\u00e9voit donc la possibilit\u00e9 de s\u2019opposer par deux moyens :<\/p><ul><li>l\u2019inscription au registre national des refus<\/li><li>et\/ou la communication de sa position \u00e0 ses proches afin qu\u2019ils en t\u00e9moignent en cas de d\u00e9c\u00e8s brutal.<\/li><\/ul><p>En effet, au moment o\u00f9 un pr\u00e9l\u00e8vement est envisag\u00e9, la loi exige que les \u00e9quipes m\u00e9dicales s\u2019adressent aux proches pour recueillir l\u2019opposition \u00e9ventuellement exprim\u00e9e par le d\u00e9funt de son vivant.<\/p><p>Les personnes s\u2019opposant au don de leurs organes peuvent s\u2019inscrire sur un registre d\u00e9di\u00e9, le registre national des refus au pr\u00e9l\u00e8vement. En 2012, environ 87 277 personnes \u00e9taient inscrites sur ce registre. Il est probable que ce chiffre ne refl\u00e8te pas la part de la population oppos\u00e9e au don et qu\u2019il soit li\u00e9 au manque de connaissance du public de l\u2019existence de ce registre.<\/p><p>Pour s\u2019y inscrire, il faut remplir un formulaire disponible aupr\u00e8s de l\u2019Agence de la biom\u00e9decine, puis le retourner \u00e0 l\u2019Agence qui a en charge la gestion de ce registre.<\/p><p>Vous pouvez aussi demander votre carte de donneur en envoyant vos coordonn\u00e9es au Centre de Transplantation H\u00e9patique de Tours.<\/p><p>En cas de disparition brutale dans des conditions compatibles avec le pr\u00e9l\u00e8vement d\u2019organes, les m\u00e9decins de l\u2019h\u00f4pital interrogent syst\u00e9matiquement et obligatoirement ce registre.<\/p>\t\t\t\t\t\t<\/div>\n\t\t\t\t<\/div>\n\t\t\t\t\t<\/div>\n\t\t<\/div>\n\t\t\t\t<div class=\"elementor-column elementor-col-50 elementor-top-column elementor-element elementor-element-620089d\" data-id=\"620089d\" data-element_type=\"column\">\n\t\t\t<div class=\"elementor-widget-wrap elementor-element-populated\">\n\t\t\t\t\t\t<div class=\"elementor-element elementor-element-ec1a45e elementor-widget elementor-widget-image\" data-id=\"ec1a45e\" data-element_type=\"widget\" data-settings=\"{&quot;motion_fx_motion_fx_scrolling&quot;:&quot;yes&quot;,&quot;motion_fx_translateY_effect&quot;:&quot;yes&quot;,&quot;motion_fx_translateY_speed&quot;:{&quot;unit&quot;:&quot;px&quot;,&quot;size&quot;:&quot;1&quot;,&quot;sizes&quot;:[]},&quot;_animation&quot;:&quot;none&quot;,&quot;motion_fx_translateY_affectedRange&quot;:{&quot;unit&quot;:&quot;%&quot;,&quot;size&quot;:&quot;&quot;,&quot;sizes&quot;:{&quot;start&quot;:0,&quot;end&quot;:100}},&quot;motion_fx_devices&quot;:[&quot;desktop&quot;,&quot;tablet&quot;,&quot;mobile&quot;]}\" data-widget_type=\"image.default\">\n\t\t\t\t<div class=\"elementor-widget-container\">\n\t\t\t\t\t\t\t\t\t\t\t\t\t\t<a href=\"https:\/\/www.dondorganes.fr\" target=\"_blank\">\n\t\t\t\t\t\t\t<img fetchpriority=\"high\" decoding=\"async\" width=\"600\" height=\"913\" src=\"https:\/\/www.chu-tours.fr\/greffe-foie\/wp-content\/uploads\/sites\/12\/2022\/04\/Affiche_mains_dondorganes.jpg\" class=\"attachment-medium_large size-medium_large wp-image-349\" alt=\"Don d\u2019organes et de tissus, un lien qui nous unit tous.\" srcset=\"https:\/\/www.chu-tours.fr\/greffe-foie\/wp-content\/uploads\/sites\/12\/2022\/04\/Affiche_mains_dondorganes.jpg 600w, https:\/\/www.chu-tours.fr\/greffe-foie\/wp-content\/uploads\/sites\/12\/2022\/04\/Affiche_mains_dondorganes-197x300.jpg 197w\" sizes=\"(max-width: 600px) 100vw, 600px\" \/>\t\t\t\t\t\t\t\t<\/a>\n\t\t\t\t\t\t\t\t\t\t\t\t\t<\/div>\n\t\t\t\t<\/div>\n\t\t\t\t\t<\/div>\n\t\t<\/div>\n\t\t\t\t\t<\/div>\n\t\t<\/section>\n\t\t\t\t<section class=\"elementor-section elementor-top-section elementor-element elementor-element-8cb0fc9 elementor-section-boxed elementor-section-height-default elementor-section-height-default\" data-id=\"8cb0fc9\" data-element_type=\"section\">\n\t\t\t\t\t\t<div class=\"elementor-container elementor-column-gap-default\">\n\t\t\t\t\t<div class=\"elementor-column elementor-col-100 elementor-top-column elementor-element elementor-element-9618869\" data-id=\"9618869\" data-element_type=\"column\">\n\t\t\t<div class=\"elementor-widget-wrap\">\n\t\t\t\t\t\t\t<\/div>\n\t\t<\/div>\n\t\t\t\t\t<\/div>\n\t\t<\/section>\n\t\t\t\t<section class=\"elementor-section elementor-top-section elementor-element elementor-element-7e75584a elementor-section-height-min-height elementor-reverse-mobile elementor-reverse-tablet elementor-section-boxed elementor-section-height-default elementor-section-items-middle\" data-id=\"7e75584a\" data-element_type=\"section\" data-settings=\"{&quot;background_background&quot;:&quot;classic&quot;}\">\n\t\t\t\t\t\t\t<div class=\"elementor-background-overlay\"><\/div>\n\t\t\t\t\t\t\t<div class=\"elementor-container elementor-column-gap-default\">\n\t\t\t\t\t<div class=\"elementor-column elementor-col-50 elementor-top-column elementor-element elementor-element-6b91615e\" data-id=\"6b91615e\" data-element_type=\"column\">\n\t\t\t<div class=\"elementor-widget-wrap\">\n\t\t\t\t\t\t\t<\/div>\n\t\t<\/div>\n\t\t\t\t<div class=\"elementor-column elementor-col-50 elementor-top-column elementor-element elementor-element-2c1df6f1\" data-id=\"2c1df6f1\" data-element_type=\"column\">\n\t\t\t<div class=\"elementor-widget-wrap elementor-element-populated\">\n\t\t\t\t\t\t<div class=\"elementor-element elementor-element-f6e1813 elementor-widget elementor-widget-heading\" data-id=\"f6e1813\" data-element_type=\"widget\" data-widget_type=\"heading.default\">\n\t\t\t\t<div class=\"elementor-widget-container\">\n\t\t\t<h3 class=\"elementor-heading-title elementor-size-default\">LES MALADES CONCERN\u00c9S<\/h3>\t\t<\/div>\n\t\t\t\t<\/div>\n\t\t\t\t<div class=\"elementor-element elementor-element-cc729a3 elementor-widget elementor-widget-text-editor\" data-id=\"cc729a3\" data-element_type=\"widget\" data-widget_type=\"text-editor.default\">\n\t\t\t\t<div class=\"elementor-widget-container\">\n\t\t\t\t\t\t\t<p>Parmi les malades qui peuvent \u00eatre amen\u00e9s \u00e0 recevoir un jour une greffe d\u2019organes, on rencontre des personnes atteintes de malformation cardiaque, de mucoviscidose, d\u2019insuffisance r\u00e9nale terminale, de certains cancers\u2026<\/p><p>On rencontre \u00e9galement des patients de tous \u00e2ges, du b\u00e9b\u00e9 \u00e0 des personnes de plus de 70 ans. En 2012, 1 517 patients (30 %) de plus de 60 ans ont re\u00e7u une greffe d\u2019organes.<\/p><p>La d\u00e9cision de greffer est prise au cas par cas par un m\u00e9decin. Tout d\u00e9pend de l\u2019\u00e9volution de la maladie, de l\u2019efficacit\u00e9 des traitements prescrits, de l\u2019\u00e9tat de sant\u00e9 g\u00e9n\u00e9ral du malade. La greffe d\u2019organes peut m\u00eame repr\u00e9senter pour certaines pathologies le seul traitement. C\u2019est le cas pour les maladies virales du foie (cirrhose) ou aig\u00fce du foie, certaines tumeurs canc\u00e9reuses du foie \u00e0 un stade pr\u00e9coce ou encore certaines maladies du c\u0153ur (infarctus, pathologies isch\u00e9miques) ou atteintes pulmonaires.<\/p><p>Le remplacement de l\u2019organe d\u00e9ficient est envisag\u00e9 par le m\u00e9decin qui suit le patient lorsque plus aucun traitement ne fonctionne. Lorsqu\u2019une greffe de c\u0153ur, de foie ou de poumons est d\u00e9cid\u00e9e, c\u2019est qu\u2019elle est devenue vitale pour le patient : l\u2019organe est en tr\u00e8s mauvais \u00e9tat et le patient est en danger de mort \u00e0 court ou moyen terme. Dans le cas des patients atteints d\u2019insuffisance r\u00e9nale terminale, la greffe est la seule alternative \u00e0 la dialyse et, elle am\u00e9liore consid\u00e9rablement la qualit\u00e9 et l\u2019esp\u00e9rance de vie des patients.<\/p>\t\t\t\t\t\t<\/div>\n\t\t\t\t<\/div>\n\t\t\t\t\t<\/div>\n\t\t<\/div>\n\t\t\t\t\t<\/div>\n\t\t<\/section>\n\t\t\t\t<\/div>\n\t\t","protected":false},"excerpt":{"rendered":"<p>Le don d\u2019organes En France : \u00ab\u00a0TOUTE PERSONNE EST CONSID\u00c9R\u00c9E COMME CONSENTANTE AU DON D\u2019\u00c9L\u00c9MENTS DE SON CORPS EN VUE DE GREFFE SI ELLE N\u2019A PAS MANIFEST\u00c9 D\u2019OPPOSITION DE SON VIVANT\u00a0\u00bb La loi pr\u00e9voit donc la possibilit\u00e9 de s\u2019opposer par deux moyens : l\u2019inscription au registre national des refus et\/ou la communication de sa position [&hellip;]<\/p>\n","protected":false},"author":4,"featured_media":0,"parent":0,"menu_order":0,"comment_status":"closed","ping_status":"closed","template":"","meta":{"_seopress_robots_primary_cat":"","_seopress_titles_title":"Centre de Transplantation H\u00e9patique de Tours. Le don d\u2019organes.","_seopress_titles_desc":"En France, la loi indique : \u00ab TOUTE PERSONNE EST CONSID\u00c9R\u00c9E COMME CONSENTANTE AU DON D\u2019\u00c9L\u00c9MENTS DE SON CORPS EN VUE DE GREFFE SI ELLE N\u2019A PAS MANIFEST\u00c9 D\u2019OPPOSITION DE SON VIVANT \u00bb","_seopress_robots_index":"","_exactmetrics_skip_tracking":false,"_exactmetrics_sitenote_active":false,"_exactmetrics_sitenote_note":"","_exactmetrics_sitenote_category":0,"_genesis_hide_title":false,"_genesis_hide_breadcrumbs":false,"_genesis_hide_singular_image":false,"_genesis_hide_footer_widgets":false,"_genesis_custom_body_class":"","_genesis_custom_post_class":"","_genesis_layout":"","footnotes":""},"publishpress_future_action":{"enabled":false,"date":"2026-04-23 18:46:25","action":"change-status","newStatus":"draft","terms":[],"taxonomy":""},"_links":{"self":[{"href":"https:\/\/www.chu-tours.fr\/greffe-foie\/wp-json\/wp\/v2\/pages\/346"}],"collection":[{"href":"https:\/\/www.chu-tours.fr\/greffe-foie\/wp-json\/wp\/v2\/pages"}],"about":[{"href":"https:\/\/www.chu-tours.fr\/greffe-foie\/wp-json\/wp\/v2\/types\/page"}],"author":[{"embeddable":true,"href":"https:\/\/www.chu-tours.fr\/greffe-foie\/wp-json\/wp\/v2\/users\/4"}],"replies":[{"embeddable":true,"href":"https:\/\/www.chu-tours.fr\/greffe-foie\/wp-json\/wp\/v2\/comments?post=346"}],"version-history":[{"count":7,"href":"https:\/\/www.chu-tours.fr\/greffe-foie\/wp-json\/wp\/v2\/pages\/346\/revisions"}],"predecessor-version":[{"id":425,"href":"https:\/\/www.chu-tours.fr\/greffe-foie\/wp-json\/wp\/v2\/pages\/346\/revisions\/425"}],"wp:attachment":[{"href":"https:\/\/www.chu-tours.fr\/greffe-foie\/wp-json\/wp\/v2\/media?parent=346"}],"curies":[{"name":"wp","href":"https:\/\/api.w.org\/{rel}","templated":true}]}}