{"id":331,"date":"2022-04-22T12:56:34","date_gmt":"2022-04-22T10:56:34","guid":{"rendered":"https:\/\/www.chu-tours.fr\/greffe-foie\/?page_id=331"},"modified":"2022-06-07T10:48:56","modified_gmt":"2022-06-07T08:48:56","slug":"la-recherche","status":"publish","type":"page","link":"https:\/\/www.chu-tours.fr\/greffe-foie\/la-recherche\/","title":{"rendered":"La recherche"},"content":{"rendered":"\t\t<div data-elementor-type=\"wp-page\" data-elementor-id=\"331\" class=\"elementor elementor-331\" data-elementor-post-type=\"page\">\n\t\t\t\t\t\t<section class=\"elementor-section elementor-top-section elementor-element elementor-element-7c60f850 elementor-section-height-min-height elementor-section-boxed elementor-section-height-default elementor-section-items-middle\" data-id=\"7c60f850\" data-element_type=\"section\" data-settings=\"{&quot;background_background&quot;:&quot;gradient&quot;,&quot;shape_divider_bottom&quot;:&quot;waves&quot;}\">\n\t\t\t\t\t\t\t<div class=\"elementor-background-overlay\"><\/div>\n\t\t\t\t\t\t<div class=\"elementor-shape elementor-shape-bottom\" data-negative=\"false\">\n\t\t\t<svg xmlns=\"http:\/\/www.w3.org\/2000\/svg\" viewBox=\"0 0 1000 100\" preserveAspectRatio=\"none\">\n\t<path class=\"elementor-shape-fill\" d=\"M421.9,6.5c22.6-2.5,51.5,0.4,75.5,5.3c23.6,4.9,70.9,23.5,100.5,35.7c75.8,32.2,133.7,44.5,192.6,49.7\n\tc23.6,2.1,48.7,3.5,103.4-2.5c54.7-6,106.2-25.6,106.2-25.6V0H0v30.3c0,0,72,32.6,158.4,30.5c39.2-0.7,92.8-6.7,134-22.4\n\tc21.2-8.1,52.2-18.2,79.7-24.2C399.3,7.9,411.6,7.5,421.9,6.5z\"\/>\n<\/svg>\t\t<\/div>\n\t\t\t\t\t<div class=\"elementor-container elementor-column-gap-default\">\n\t\t\t\t\t<div class=\"elementor-column elementor-col-100 elementor-top-column elementor-element elementor-element-515865a1\" data-id=\"515865a1\" data-element_type=\"column\">\n\t\t\t<div class=\"elementor-widget-wrap elementor-element-populated\">\n\t\t\t\t\t\t<div class=\"elementor-element elementor-element-30ff95d elementor-widget elementor-widget-heading\" data-id=\"30ff95d\" data-element_type=\"widget\" data-widget_type=\"heading.default\">\n\t\t\t\t<div class=\"elementor-widget-container\">\n\t\t\t<h1 class=\"elementor-heading-title elementor-size-default\">La Recherche<\/h1>\t\t<\/div>\n\t\t\t\t<\/div>\n\t\t\t\t\t<\/div>\n\t\t<\/div>\n\t\t\t\t\t<\/div>\n\t\t<\/section>\n\t\t\t\t<section class=\"elementor-section elementor-top-section elementor-element elementor-element-66caa62 elementor-section-height-min-height elementor-section-boxed elementor-section-height-default elementor-section-items-middle\" data-id=\"66caa62\" data-element_type=\"section\" data-settings=\"{&quot;background_background&quot;:&quot;classic&quot;,&quot;shape_divider_bottom&quot;:&quot;waves&quot;}\">\n\t\t\t\t\t\t\t<div class=\"elementor-background-overlay\"><\/div>\n\t\t\t\t\t\t<div class=\"elementor-shape elementor-shape-bottom\" data-negative=\"false\">\n\t\t\t<svg xmlns=\"http:\/\/www.w3.org\/2000\/svg\" viewBox=\"0 0 1000 100\" preserveAspectRatio=\"none\">\n\t<path class=\"elementor-shape-fill\" d=\"M421.9,6.5c22.6-2.5,51.5,0.4,75.5,5.3c23.6,4.9,70.9,23.5,100.5,35.7c75.8,32.2,133.7,44.5,192.6,49.7\n\tc23.6,2.1,48.7,3.5,103.4-2.5c54.7-6,106.2-25.6,106.2-25.6V0H0v30.3c0,0,72,32.6,158.4,30.5c39.2-0.7,92.8-6.7,134-22.4\n\tc21.2-8.1,52.2-18.2,79.7-24.2C399.3,7.9,411.6,7.5,421.9,6.5z\"\/>\n<\/svg>\t\t<\/div>\n\t\t\t\t\t<div class=\"elementor-container elementor-column-gap-default\">\n\t\t\t\t\t<div class=\"elementor-column elementor-col-50 elementor-top-column elementor-element elementor-element-7232923\" data-id=\"7232923\" data-element_type=\"column\" data-settings=\"{&quot;background_background&quot;:&quot;classic&quot;}\">\n\t\t\t<div class=\"elementor-widget-wrap elementor-element-populated\">\n\t\t\t\t\t\t<div class=\"elementor-element elementor-element-8db37a4 elementor-widget elementor-widget-text-editor\" data-id=\"8db37a4\" data-element_type=\"widget\" data-widget_type=\"text-editor.default\">\n\t\t\t\t<div class=\"elementor-widget-container\">\n\t\t\t\t\t\t\t<p>Depuis f\u00e9vrier 2011, le professeur Ephrem SALAM\u00c9 a int\u00e9gr\u00e9 l\u2019Unit\u00e9 Inserm 1082 de Poitiers dans le d\u00e9veloppement d\u2019un programme de recherche fondamentale sur l\u2019isch\u00e9mie-reperfusion du greffon h\u00e9patique chez le porc.<\/p><p>En parall\u00e8le, le Centre de Transplantation H\u00e9patique de Tours participe \u00e0 la recherche clinique (PHRC, \u00e9tudes multicentriques\u2026).<\/p><p>2 \u00e9tudes sont termin\u00e9es et 8 sont en cours.<\/p><p>Cr\u00e9ation d\u2019un D\u00e9partement Hospitalo-Universitaire (DHU) de pr\u00e9l\u00e8vements d\u2019organes et de transplantation au CHRU de Tours \u00ab SUPORT \u00bb visant \u00e0 am\u00e9liorer la survie de l\u2019organe transplant\u00e9 en s\u2019appuyant sur deux th\u00e9matiques principale : l\u2019isch\u00e9mie-reperfusion\/la r\u00e9ponse immunitaire et la pharmacocin\u00e9tique.<\/p>\t\t\t\t\t\t<\/div>\n\t\t\t\t<\/div>\n\t\t\t\t\t<\/div>\n\t\t<\/div>\n\t\t\t\t<div class=\"elementor-column elementor-col-50 elementor-top-column elementor-element elementor-element-620089d\" data-id=\"620089d\" data-element_type=\"column\">\n\t\t\t<div class=\"elementor-widget-wrap elementor-element-populated\">\n\t\t\t\t\t\t<div class=\"elementor-element elementor-element-ec1a45e elementor-widget elementor-widget-image\" data-id=\"ec1a45e\" data-element_type=\"widget\" data-settings=\"{&quot;motion_fx_motion_fx_scrolling&quot;:&quot;yes&quot;,&quot;motion_fx_translateY_effect&quot;:&quot;yes&quot;,&quot;motion_fx_translateY_speed&quot;:{&quot;unit&quot;:&quot;px&quot;,&quot;size&quot;:&quot;1&quot;,&quot;sizes&quot;:[]},&quot;_animation&quot;:&quot;none&quot;,&quot;motion_fx_translateY_affectedRange&quot;:{&quot;unit&quot;:&quot;%&quot;,&quot;size&quot;:&quot;&quot;,&quot;sizes&quot;:{&quot;start&quot;:0,&quot;end&quot;:100}},&quot;motion_fx_devices&quot;:[&quot;desktop&quot;,&quot;tablet&quot;,&quot;mobile&quot;]}\" data-widget_type=\"image.default\">\n\t\t\t\t<div class=\"elementor-widget-container\">\n\t\t\t\t\t\t\t\t\t\t\t\t\t<img fetchpriority=\"high\" decoding=\"async\" width=\"800\" height=\"532\" src=\"https:\/\/www.chu-tours.fr\/greffe-foie\/wp-content\/uploads\/sites\/12\/2022\/04\/recherche1.jpg\" class=\"attachment-full size-full wp-image-333\" alt=\"\" srcset=\"https:\/\/www.chu-tours.fr\/greffe-foie\/wp-content\/uploads\/sites\/12\/2022\/04\/recherche1.jpg 800w, https:\/\/www.chu-tours.fr\/greffe-foie\/wp-content\/uploads\/sites\/12\/2022\/04\/recherche1-300x200.jpg 300w, https:\/\/www.chu-tours.fr\/greffe-foie\/wp-content\/uploads\/sites\/12\/2022\/04\/recherche1-768x511.jpg 768w\" sizes=\"(max-width: 800px) 100vw, 800px\" \/>\t\t\t\t\t\t\t\t\t\t\t\t\t<\/div>\n\t\t\t\t<\/div>\n\t\t\t\t\t<\/div>\n\t\t<\/div>\n\t\t\t\t\t<\/div>\n\t\t<\/section>\n\t\t\t\t<section class=\"elementor-section elementor-top-section elementor-element elementor-element-8cb0fc9 elementor-section-boxed elementor-section-height-default elementor-section-height-default\" data-id=\"8cb0fc9\" data-element_type=\"section\">\n\t\t\t\t\t\t<div class=\"elementor-container elementor-column-gap-default\">\n\t\t\t\t\t<div class=\"elementor-column elementor-col-100 elementor-top-column elementor-element elementor-element-9618869\" data-id=\"9618869\" data-element_type=\"column\">\n\t\t\t<div class=\"elementor-widget-wrap\">\n\t\t\t\t\t\t\t<\/div>\n\t\t<\/div>\n\t\t\t\t\t<\/div>\n\t\t<\/section>\n\t\t\t\t<section class=\"elementor-section elementor-top-section elementor-element elementor-element-7e75584a elementor-section-height-min-height elementor-reverse-mobile elementor-reverse-tablet elementor-section-boxed elementor-section-height-default elementor-section-items-middle\" data-id=\"7e75584a\" data-element_type=\"section\" data-settings=\"{&quot;background_background&quot;:&quot;classic&quot;}\">\n\t\t\t\t\t\t\t<div class=\"elementor-background-overlay\"><\/div>\n\t\t\t\t\t\t\t<div class=\"elementor-container elementor-column-gap-default\">\n\t\t\t\t\t<div class=\"elementor-column elementor-col-50 elementor-top-column elementor-element elementor-element-6b91615e\" data-id=\"6b91615e\" data-element_type=\"column\">\n\t\t\t<div class=\"elementor-widget-wrap elementor-element-populated\">\n\t\t\t\t\t\t<div class=\"elementor-element elementor-element-72f02fd6 elementor-widget elementor-widget-image\" data-id=\"72f02fd6\" data-element_type=\"widget\" data-settings=\"{&quot;motion_fx_translateY_effect&quot;:&quot;yes&quot;,&quot;motion_fx_translateY_direction&quot;:&quot;negative&quot;,&quot;motion_fx_translateY_speed&quot;:{&quot;unit&quot;:&quot;px&quot;,&quot;size&quot;:&quot;1&quot;,&quot;sizes&quot;:[]},&quot;motion_fx_motion_fx_scrolling&quot;:&quot;yes&quot;,&quot;motion_fx_translateY_affectedRange&quot;:{&quot;unit&quot;:&quot;%&quot;,&quot;size&quot;:&quot;&quot;,&quot;sizes&quot;:{&quot;start&quot;:0,&quot;end&quot;:100}},&quot;motion_fx_devices&quot;:[&quot;desktop&quot;,&quot;tablet&quot;,&quot;mobile&quot;]}\" data-widget_type=\"image.default\">\n\t\t\t\t<div class=\"elementor-widget-container\">\n\t\t\t\t\t\t\t\t\t\t\t\t\t<img decoding=\"async\" width=\"800\" height=\"532\" src=\"https:\/\/www.chu-tours.fr\/greffe-foie\/wp-content\/uploads\/sites\/12\/2022\/04\/recherche2.jpg\" class=\"attachment-full size-full wp-image-334\" alt=\"\" srcset=\"https:\/\/www.chu-tours.fr\/greffe-foie\/wp-content\/uploads\/sites\/12\/2022\/04\/recherche2.jpg 800w, https:\/\/www.chu-tours.fr\/greffe-foie\/wp-content\/uploads\/sites\/12\/2022\/04\/recherche2-300x200.jpg 300w, https:\/\/www.chu-tours.fr\/greffe-foie\/wp-content\/uploads\/sites\/12\/2022\/04\/recherche2-768x511.jpg 768w\" sizes=\"(max-width: 800px) 100vw, 800px\" \/>\t\t\t\t\t\t\t\t\t\t\t\t\t<\/div>\n\t\t\t\t<\/div>\n\t\t\t\t\t<\/div>\n\t\t<\/div>\n\t\t\t\t<div class=\"elementor-column elementor-col-50 elementor-top-column elementor-element elementor-element-2c1df6f1\" data-id=\"2c1df6f1\" data-element_type=\"column\">\n\t\t\t<div class=\"elementor-widget-wrap elementor-element-populated\">\n\t\t\t\t\t\t<div class=\"elementor-element elementor-element-cc729a3 elementor-widget elementor-widget-text-editor\" data-id=\"cc729a3\" data-element_type=\"widget\" data-widget_type=\"text-editor.default\">\n\t\t\t\t<div class=\"elementor-widget-container\">\n\t\t\t\t\t\t\t<p>Dans un contexte de p\u00e9nurie d\u2019organes qui n\u00e9cessite le recours \u00e0 des greffons \u00e0 crit\u00e8res \u00e9largis, ce DHU ambitionne d\u2019instaurer une fili\u00e8re unique de soins\/enseignement\/recherche sur l\u2019axe donneur\/greffon\/receveur.<\/p><p>L\u2019originalit\u00e9 de \u00ab SUPORT \u00bb tient dans la pr\u00e9paration du donneur, l\u2019am\u00e9lioration de la conservation des greffons puis la personnalisation du traitement immunosuppresseur post- transplantation.<\/p>\t\t\t\t\t\t<\/div>\n\t\t\t\t<\/div>\n\t\t\t\t\t<\/div>\n\t\t<\/div>\n\t\t\t\t\t<\/div>\n\t\t<\/section>\n\t\t\t\t<section class=\"elementor-section elementor-top-section elementor-element elementor-element-bf2729a elementor-section-boxed elementor-section-height-default elementor-section-height-default\" data-id=\"bf2729a\" data-element_type=\"section\">\n\t\t\t\t\t\t<div class=\"elementor-container elementor-column-gap-default\">\n\t\t\t\t\t<div class=\"elementor-column elementor-col-100 elementor-top-column elementor-element elementor-element-3768a17\" data-id=\"3768a17\" data-element_type=\"column\">\n\t\t\t<div class=\"elementor-widget-wrap elementor-element-populated\">\n\t\t\t\t\t\t<div class=\"elementor-element elementor-element-f6c7578 elementor-widget elementor-widget-heading\" data-id=\"f6c7578\" data-element_type=\"widget\" data-widget_type=\"heading.default\">\n\t\t\t\t<div class=\"elementor-widget-container\">\n\t\t\t<h2 class=\"elementor-heading-title elementor-size-default\">\u00c9tudes en cours<\/h2>\t\t<\/div>\n\t\t\t\t<\/div>\n\t\t\t\t<section class=\"elementor-section elementor-inner-section elementor-element elementor-element-515d4d1 elementor-section-boxed elementor-section-height-default elementor-section-height-default\" data-id=\"515d4d1\" data-element_type=\"section\">\n\t\t\t\t\t\t<div class=\"elementor-container elementor-column-gap-default\">\n\t\t\t\t\t<div class=\"elementor-column elementor-col-50 elementor-inner-column elementor-element elementor-element-da7d9c1\" data-id=\"da7d9c1\" data-element_type=\"column\">\n\t\t\t<div class=\"elementor-widget-wrap elementor-element-populated\">\n\t\t\t\t\t\t<div class=\"elementor-element elementor-element-4267ae1 elementor-view-default elementor-widget elementor-widget-icon\" data-id=\"4267ae1\" data-element_type=\"widget\" data-widget_type=\"icon.default\">\n\t\t\t\t<div class=\"elementor-widget-container\">\n\t\t\t\t\t<div class=\"elementor-icon-wrapper\">\n\t\t\t<div class=\"elementor-icon\">\n\t\t\t<i aria-hidden=\"true\" class=\"fas fa-vials\"><\/i>\t\t\t<\/div>\n\t\t<\/div>\n\t\t\t\t<\/div>\n\t\t\t\t<\/div>\n\t\t\t\t\t<\/div>\n\t\t<\/div>\n\t\t\t\t<div class=\"elementor-column elementor-col-50 elementor-inner-column elementor-element elementor-element-34e793a\" data-id=\"34e793a\" data-element_type=\"column\">\n\t\t\t<div class=\"elementor-widget-wrap elementor-element-populated\">\n\t\t\t\t\t\t<div class=\"elementor-element elementor-element-1a8d040 elementor-widget elementor-widget-text-editor\" data-id=\"1a8d040\" data-element_type=\"widget\" data-widget_type=\"text-editor.default\">\n\t\t\t\t<div class=\"elementor-widget-container\">\n\t\t\t\t\t\t\t<ul><li><a href=\"https:\/\/gemelligenerator.it\/projects\/the-improvement-study-2\/\" target=\"_blank\" rel=\"noopener\">Participation \u00e0 l\u2019\u00e9tude internationale IMPROVEMENT\u00a0<\/a><\/li><\/ul>\t\t\t\t\t\t<\/div>\n\t\t\t\t<\/div>\n\t\t\t\t\t<\/div>\n\t\t<\/div>\n\t\t\t\t\t<\/div>\n\t\t<\/section>\n\t\t\t\t<section class=\"elementor-section elementor-inner-section elementor-element elementor-element-9727587 elementor-section-boxed elementor-section-height-default elementor-section-height-default\" data-id=\"9727587\" data-element_type=\"section\">\n\t\t\t\t\t\t<div class=\"elementor-container elementor-column-gap-default\">\n\t\t\t\t\t<div class=\"elementor-column elementor-col-50 elementor-inner-column elementor-element elementor-element-1f5067e\" data-id=\"1f5067e\" data-element_type=\"column\">\n\t\t\t<div class=\"elementor-widget-wrap elementor-element-populated\">\n\t\t\t\t\t\t<div class=\"elementor-element elementor-element-44950c9 elementor-view-default elementor-widget elementor-widget-icon\" data-id=\"44950c9\" data-element_type=\"widget\" data-widget_type=\"icon.default\">\n\t\t\t\t<div class=\"elementor-widget-container\">\n\t\t\t\t\t<div class=\"elementor-icon-wrapper\">\n\t\t\t<div class=\"elementor-icon\">\n\t\t\t<i aria-hidden=\"true\" class=\"fas fa-vials\"><\/i>\t\t\t<\/div>\n\t\t<\/div>\n\t\t\t\t<\/div>\n\t\t\t\t<\/div>\n\t\t\t\t\t<\/div>\n\t\t<\/div>\n\t\t\t\t<div class=\"elementor-column elementor-col-50 elementor-inner-column elementor-element elementor-element-2e8f069\" data-id=\"2e8f069\" data-element_type=\"column\">\n\t\t\t<div class=\"elementor-widget-wrap elementor-element-populated\">\n\t\t\t\t\t\t<div class=\"elementor-element elementor-element-3a8eb46 elementor-widget elementor-widget-text-editor\" data-id=\"3a8eb46\" data-element_type=\"widget\" data-widget_type=\"text-editor.default\">\n\t\t\t\t<div class=\"elementor-widget-container\">\n\t\t\t\t\t\t\t<ul><li><a href=\"https:\/\/www.clifresearch.com\/chance\/Home.aspx\" target=\"_blank\" rel=\"noopener\">Participation \u00e0 l\u2019\u00e9tude international CHANCE<\/a><\/li><\/ul>\t\t\t\t\t\t<\/div>\n\t\t\t\t<\/div>\n\t\t\t\t\t<\/div>\n\t\t<\/div>\n\t\t\t\t\t<\/div>\n\t\t<\/section>\n\t\t\t\t<section class=\"elementor-section elementor-inner-section elementor-element elementor-element-739e3fa elementor-section-boxed elementor-section-height-default elementor-section-height-default\" data-id=\"739e3fa\" data-element_type=\"section\">\n\t\t\t\t\t\t<div class=\"elementor-container elementor-column-gap-default\">\n\t\t\t\t\t<div class=\"elementor-column elementor-col-100 elementor-inner-column elementor-element elementor-element-f35c8b3\" data-id=\"f35c8b3\" data-element_type=\"column\">\n\t\t\t<div class=\"elementor-widget-wrap elementor-element-populated\">\n\t\t\t\t\t\t<div class=\"elementor-element elementor-element-86b0195 elementor-widget elementor-widget-text-editor\" data-id=\"86b0195\" data-element_type=\"widget\" data-widget_type=\"text-editor.default\">\n\t\t\t\t<div class=\"elementor-widget-container\">\n\t\t\t\t\t\t\t<table width=\"100%\"><tbody><tr><td style=\"text-align: center; vertical-align: middle;\" width=\"152\"><p><strong><u>NOM DE L&#8217;\u00c9TUDE<\/u><\/strong><\/p><\/td><td style=\"text-align: center; vertical-align: middle;\" width=\"402\"><p><strong><u>TITRE DE L&#8217;\u00c9TUDE<\/u><\/strong><\/p><\/td><td style=\"text-align: center; vertical-align: middle;\" width=\"82\"><p><strong><u>DATE<br \/>MISE EN PLACE<\/u><\/strong><\/p><\/td><td style=\"text-align: center; vertical-align: middle;\" width=\"63\"><p><strong><u>FIN DE L&#8217;\u00c9TUDE<\/u><\/strong><\/p><\/td><\/tr><tr><td width=\"152\"><p><span style=\"color: #ed1164;\"><strong>APCext<\/strong><\/span><\/p><\/td><td width=\"402\"><p>Int\u00e9r\u00eat de l&#8217;anastomose porto-cave temporaire en transplantation h\u00e9patique sur la fonction des greffons provenant de donneurs \u00e0 crit\u00e8res \u00e9largis<\/p><\/td><td width=\"82\"><p>04\/06\/2020<\/p><\/td><td width=\"63\"><p>en cours<\/p><\/td><\/tr><tr><td width=\"152\"><p><span style=\"color: #ed1164;\"><strong>BIOSUPORT<\/strong><\/span><\/p><\/td><td width=\"402\"><p>Optimisation de la survie \u00e0 long terme en transplantation d\u2019organes : de la physiopathologie \u00e0 la prise en charge optimis\u00e9e des patients<\/p><\/td><td width=\"82\"><p>10\/12\/2020<\/p><\/td><td width=\"63\"><p>en cours<\/p><\/td><\/tr><tr><td width=\"152\"><p><span style=\"color: #ed1164;\"><strong>CHANCE<\/strong><\/span><\/p><\/td><td width=\"402\"><p>Transplantation h\u00e9patique chez des patients cirrhotiques et ACLF s\u00e9v\u00e8res: indications et devenir<\/p><\/td><td width=\"82\"><p>03\/05\/2022<\/p><\/td><td width=\"63\"><p>en cours<\/p><\/td><\/tr><tr><td width=\"152\"><p><span style=\"color: #ed1164;\"><strong>CONTRAIL<\/strong><\/span><\/p><\/td><td width=\"402\"><p>\u00c9valuer la s\u00e9curit\u00e9 d\u2019emploi, l&#8217;efficacit\u00e9, la pharmacocin\u00e9tique et la pharmacodynamie de deux sch\u00e9mas th\u00e9rapeutiques d\u2019un anticorps monoclonal anti-CD40, le CFZ533, par rapport au traitement de r\u00e9f\u00e9rence, chez des patients adultes transplant\u00e9s h\u00e9patiques<\/p><\/td><td width=\"82\"><p>04\/11\/2019<\/p><\/td><td width=\"63\"><p>en cours<\/p><\/td><\/tr><tr><td width=\"152\"><p><span style=\"color: #ed1164;\"><strong>IL-33<\/strong><\/span><\/p><\/td><td width=\"402\"><p>\u00c9tude du r\u00f4le de l&#8217;IL-33 comme m\u00e9diateur de l&#8217;immunit\u00e9 inn\u00e9e dans l&#8217;isch\u00e9mie-reperfusion en transplantation h\u00e9patique<\/p><\/td><td width=\"82\"><p>18\/06\/2017<\/p><\/td><td width=\"63\"><p>en cours<\/p><\/td><\/tr><tr><td width=\"152\"><p><span style=\"color: #ed1164;\"><strong>IMPROVEMENT<\/strong><\/span><\/p><\/td><td width=\"402\"><p>Valider et optimiser les mod\u00e8les pr\u00e9dictifs de l&#8217;\u00e9chec de l&#8217;allogreffe \u00e0 90 jours et \u00e0 1 an apr\u00e8s transplantation h\u00e9patique<\/p><\/td><td width=\"82\"><p>01\/06\/2022<\/p><\/td><td width=\"63\"><p>en cours<\/p><\/td><\/tr><tr><td width=\"152\"><p><span style=\"color: #ed1164;\"><strong>SUPERMELD<\/strong><\/span><\/p><\/td><td width=\"402\"><p>Construction de nouveaux mod\u00e8les math\u00e9matiques pr\u00e9dictifs de mortalit\u00e9 des cirrhotiques d\u00e9compens\u00e9s candidats \u00e0 la greffe h\u00e9patique<\/p><\/td><td width=\"82\"><p>20\/01\/2021<\/p><\/td><td width=\"63\"><p>en cours<\/p><\/td><\/tr><tr><td width=\"152\"><p><span style=\"color: #ed1164;\"><strong>TRANSMET<\/strong><\/span><\/p><\/td><td width=\"402\"><p>Potentiel curatif de la transplantation h\u00e9patique chez les patients trait\u00e9s par chimioth\u00e9rapie pour des m\u00e9tastases non r\u00e9s\u00e9cables du cancer colorectal<\/p><\/td><td width=\"82\"><p>01\/09\/2016<\/p><\/td><td width=\"63\"><p>en cours<\/p><\/td><\/tr><tr><td width=\"152\"><p><span style=\"color: #ed1164;\"><strong>TRANSPHIL<\/strong><\/span><\/p><\/td><td width=\"402\"><p>Radio-chimioth\u00e9rapie et transplantation h\u00e9patique versus r\u00e9section comme traitement du cholangiocarcinome hilaire r\u00e9s\u00e9cable<\/p><\/td><td width=\"82\"><p>01\/05\/2014<\/p><\/td><td width=\"63\"><p>en cours<\/p><\/td><\/tr><\/tbody><\/table>\t\t\t\t\t\t<\/div>\n\t\t\t\t<\/div>\n\t\t\t\t\t<\/div>\n\t\t<\/div>\n\t\t\t\t\t<\/div>\n\t\t<\/section>\n\t\t\t\t\t<\/div>\n\t\t<\/div>\n\t\t\t\t\t<\/div>\n\t\t<\/section>\n\t\t\t\t<\/div>\n\t\t","protected":false},"excerpt":{"rendered":"<p>La Recherche Depuis f\u00e9vrier 2011, le professeur Ephrem SALAM\u00c9 a int\u00e9gr\u00e9 l\u2019Unit\u00e9 Inserm 1082 de Poitiers dans le d\u00e9veloppement d\u2019un programme de recherche fondamentale sur l\u2019isch\u00e9mie-reperfusion du greffon h\u00e9patique chez le porc. En parall\u00e8le, le Centre de Transplantation H\u00e9patique de Tours participe \u00e0 la recherche clinique (PHRC, \u00e9tudes multicentriques\u2026). 2 \u00e9tudes sont termin\u00e9es et 8 [&hellip;]<\/p>\n","protected":false},"author":4,"featured_media":0,"parent":0,"menu_order":0,"comment_status":"closed","ping_status":"closed","template":"","meta":{"_seopress_robots_primary_cat":"","_seopress_titles_title":"Centre de Transplantation H\u00e9patique de Tours. La recherche.","_seopress_titles_desc":"Depuis f\u00e9vrier 2011, le professeur Ephrem SALAM\u00c9 a int\u00e9gr\u00e9 l\u2019Unit\u00e9 Inserm 1082 de Poitiers dans le d\u00e9veloppement d\u2019un programme de recherche fondamentale sur l\u2019isch\u00e9mie-reperfusion du greffon h\u00e9patique chez le porc.","_seopress_robots_index":"","_exactmetrics_skip_tracking":false,"_exactmetrics_sitenote_active":false,"_exactmetrics_sitenote_note":"","_exactmetrics_sitenote_category":0,"_genesis_hide_title":false,"_genesis_hide_breadcrumbs":false,"_genesis_hide_singular_image":false,"_genesis_hide_footer_widgets":false,"_genesis_custom_body_class":"","_genesis_custom_post_class":"","_genesis_layout":"","footnotes":""},"publishpress_future_action":{"enabled":false,"date":"2026-05-09 16:13:46","action":"change-status","newStatus":"draft","terms":[],"taxonomy":""},"_links":{"self":[{"href":"https:\/\/www.chu-tours.fr\/greffe-foie\/wp-json\/wp\/v2\/pages\/331"}],"collection":[{"href":"https:\/\/www.chu-tours.fr\/greffe-foie\/wp-json\/wp\/v2\/pages"}],"about":[{"href":"https:\/\/www.chu-tours.fr\/greffe-foie\/wp-json\/wp\/v2\/types\/page"}],"author":[{"embeddable":true,"href":"https:\/\/www.chu-tours.fr\/greffe-foie\/wp-json\/wp\/v2\/users\/4"}],"replies":[{"embeddable":true,"href":"https:\/\/www.chu-tours.fr\/greffe-foie\/wp-json\/wp\/v2\/comments?post=331"}],"version-history":[{"count":10,"href":"https:\/\/www.chu-tours.fr\/greffe-foie\/wp-json\/wp\/v2\/pages\/331\/revisions"}],"predecessor-version":[{"id":516,"href":"https:\/\/www.chu-tours.fr\/greffe-foie\/wp-json\/wp\/v2\/pages\/331\/revisions\/516"}],"wp:attachment":[{"href":"https:\/\/www.chu-tours.fr\/greffe-foie\/wp-json\/wp\/v2\/media?parent=331"}],"curies":[{"name":"wp","href":"https:\/\/api.w.org\/{rel}","templated":true}]}}