{"id":279,"date":"2022-04-21T16:42:55","date_gmt":"2022-04-21T14:42:55","guid":{"rendered":"https:\/\/www.chu-tours.fr\/greffe-foie\/?page_id=279"},"modified":"2022-07-06T12:39:35","modified_gmt":"2022-07-06T10:39:35","slug":"creation-du-centre-de-transplantation-hepatique","status":"publish","type":"page","link":"https:\/\/www.chu-tours.fr\/greffe-foie\/creation-du-centre-de-transplantation-hepatique\/","title":{"rendered":"Cr\u00e9ation du Centre de Transplantation H\u00e9patique"},"content":{"rendered":"\t\t<div data-elementor-type=\"wp-page\" data-elementor-id=\"279\" class=\"elementor elementor-279\" data-elementor-post-type=\"page\">\n\t\t\t\t\t\t<section class=\"elementor-section elementor-top-section elementor-element elementor-element-34440208 elementor-section-height-min-height elementor-section-boxed elementor-section-height-default elementor-section-items-middle\" data-id=\"34440208\" data-element_type=\"section\" data-settings=\"{&quot;background_background&quot;:&quot;gradient&quot;,&quot;shape_divider_bottom&quot;:&quot;waves&quot;}\">\n\t\t\t\t\t\t\t<div class=\"elementor-background-overlay\"><\/div>\n\t\t\t\t\t\t<div class=\"elementor-shape elementor-shape-bottom\" data-negative=\"false\">\n\t\t\t<svg xmlns=\"http:\/\/www.w3.org\/2000\/svg\" viewBox=\"0 0 1000 100\" preserveAspectRatio=\"none\">\n\t<path class=\"elementor-shape-fill\" d=\"M421.9,6.5c22.6-2.5,51.5,0.4,75.5,5.3c23.6,4.9,70.9,23.5,100.5,35.7c75.8,32.2,133.7,44.5,192.6,49.7\n\tc23.6,2.1,48.7,3.5,103.4-2.5c54.7-6,106.2-25.6,106.2-25.6V0H0v30.3c0,0,72,32.6,158.4,30.5c39.2-0.7,92.8-6.7,134-22.4\n\tc21.2-8.1,52.2-18.2,79.7-24.2C399.3,7.9,411.6,7.5,421.9,6.5z\"\/>\n<\/svg>\t\t<\/div>\n\t\t\t\t\t<div class=\"elementor-container elementor-column-gap-default\">\n\t\t\t\t\t<div class=\"elementor-column elementor-col-100 elementor-top-column elementor-element elementor-element-52769383\" data-id=\"52769383\" data-element_type=\"column\">\n\t\t\t<div class=\"elementor-widget-wrap elementor-element-populated\">\n\t\t\t\t\t\t<div class=\"elementor-element elementor-element-88cf762 elementor-widget elementor-widget-heading\" data-id=\"88cf762\" data-element_type=\"widget\" data-widget_type=\"heading.default\">\n\t\t\t\t<div class=\"elementor-widget-container\">\n\t\t\t<h1 class=\"elementor-heading-title elementor-size-default\">Cr\u00e9ation du Centre de Transplantation H\u00e9patique<\/h1>\t\t<\/div>\n\t\t\t\t<\/div>\n\t\t\t\t\t<\/div>\n\t\t<\/div>\n\t\t\t\t\t<\/div>\n\t\t<\/section>\n\t\t\t\t<section class=\"elementor-section elementor-top-section elementor-element elementor-element-8240204 elementor-section-boxed elementor-section-height-default elementor-section-height-default\" data-id=\"8240204\" data-element_type=\"section\">\n\t\t\t\t\t\t<div class=\"elementor-container elementor-column-gap-default\">\n\t\t\t\t\t<div class=\"elementor-column elementor-col-50 elementor-top-column elementor-element elementor-element-40b0606\" data-id=\"40b0606\" data-element_type=\"column\">\n\t\t\t<div class=\"elementor-widget-wrap elementor-element-populated\">\n\t\t\t\t\t\t<div class=\"elementor-element elementor-element-6d43455 elementor-view-default elementor-widget elementor-widget-icon\" data-id=\"6d43455\" data-element_type=\"widget\" data-widget_type=\"icon.default\">\n\t\t\t\t<div class=\"elementor-widget-container\">\n\t\t\t\t\t<div class=\"elementor-icon-wrapper\">\n\t\t\t<div class=\"elementor-icon\">\n\t\t\t<i aria-hidden=\"true\" class=\"fas fa-quote-left\"><\/i>\t\t\t<\/div>\n\t\t<\/div>\n\t\t\t\t<\/div>\n\t\t\t\t<\/div>\n\t\t\t\t\t<\/div>\n\t\t<\/div>\n\t\t\t\t<div class=\"elementor-column elementor-col-50 elementor-top-column elementor-element elementor-element-1c7ce7d\" data-id=\"1c7ce7d\" data-element_type=\"column\">\n\t\t\t<div class=\"elementor-widget-wrap elementor-element-populated\">\n\t\t\t\t\t\t<div class=\"elementor-element elementor-element-b361ef9 elementor-widget elementor-widget-text-editor\" data-id=\"b361ef9\" data-element_type=\"widget\" data-widget_type=\"text-editor.default\">\n\t\t\t\t<div class=\"elementor-widget-container\">\n\t\t\t\t\t\t\t<p>Le Centre de Transplantation H\u00e9patique a \u00e9t\u00e9 confi\u00e9 au Professeur EPHREM SALAM\u00c9, Chef du service de chirurgie H\u00e9patobiliaire et pancr\u00e9atique, Transplantation h\u00e9patique (CHT) de Tours et Chef du P\u00f4le de Pathologies digestives, h\u00e9patiques et endocriniennes du CHRU de Tours. Il est bas\u00e9 \u00e0 l\u2019H\u00f4pital Trousseau \u00e0 Chambray-les-Tours.<\/p><p>Depuis son ouverture en janvier 2011, le Centre de Transplantation H\u00e9patique (TH) du CHRU de Tours a pu greffer <span style=\"color: #ed1164;\">plus de 1000 patients<\/span>.<\/p><p>Un score exceptionnel qui hisse le service du professeur Ephrem Salam\u00e9 au TOP 3 des centres fran\u00e7ais les plus actifs.<\/p><p>Les cl\u00e9s de ce succ\u00e8s : le dynamisme des \u00e9quipes m\u00e9dicales et soignantes et les coop\u00e9rations engag\u00e9es avec les \u00e9tablissements les plus importants de la r\u00e9gion Centre et du Poitou-Charentes, le CHU de Poitiers et le CHR d\u2019Orl\u00e9ans.<\/p>\t\t\t\t\t\t<\/div>\n\t\t\t\t<\/div>\n\t\t\t\t\t<\/div>\n\t\t<\/div>\n\t\t\t\t\t<\/div>\n\t\t<\/section>\n\t\t\t\t<section class=\"elementor-section elementor-top-section elementor-element elementor-element-19fb88da elementor-section-height-min-height elementor-section-boxed elementor-section-height-default elementor-section-items-middle\" data-id=\"19fb88da\" data-element_type=\"section\" data-settings=\"{&quot;background_background&quot;:&quot;classic&quot;}\">\n\t\t\t\t\t\t\t<div class=\"elementor-background-overlay\"><\/div>\n\t\t\t\t\t\t\t<div class=\"elementor-container elementor-column-gap-default\">\n\t\t\t\t\t<div class=\"elementor-column elementor-col-50 elementor-top-column elementor-element elementor-element-5c636f79\" data-id=\"5c636f79\" data-element_type=\"column\">\n\t\t\t<div class=\"elementor-widget-wrap elementor-element-populated\">\n\t\t\t\t\t\t<div class=\"elementor-element elementor-element-4ef4b44 elementor-widget elementor-widget-video\" data-id=\"4ef4b44\" data-element_type=\"widget\" data-settings=\"{&quot;youtube_url&quot;:&quot;https:\\\/\\\/youtu.be\\\/bb05jzfcmYA&quot;,&quot;video_type&quot;:&quot;youtube&quot;,&quot;controls&quot;:&quot;yes&quot;}\" data-widget_type=\"video.default\">\n\t\t\t\t<div class=\"elementor-widget-container\">\n\t\t\t\t\t<div class=\"elementor-wrapper elementor-open-inline\">\n\t\t\t<div class=\"elementor-video\"><\/div>\t\t<\/div>\n\t\t\t\t<\/div>\n\t\t\t\t<\/div>\n\t\t\t\t\t<\/div>\n\t\t<\/div>\n\t\t\t\t<div class=\"elementor-column elementor-col-50 elementor-top-column elementor-element elementor-element-387b4ad7\" data-id=\"387b4ad7\" data-element_type=\"column\">\n\t\t\t<div class=\"elementor-widget-wrap\">\n\t\t\t\t\t\t\t<\/div>\n\t\t<\/div>\n\t\t\t\t\t<\/div>\n\t\t<\/section>\n\t\t\t\t<section class=\"elementor-section elementor-top-section elementor-element elementor-element-797a0483 elementor-section-boxed elementor-section-height-default elementor-section-height-default\" data-id=\"797a0483\" data-element_type=\"section\" data-settings=\"{&quot;background_background&quot;:&quot;gradient&quot;,&quot;shape_divider_top&quot;:&quot;waves&quot;}\">\n\t\t\t\t\t\t\t<div class=\"elementor-background-overlay\"><\/div>\n\t\t\t\t\t\t<div class=\"elementor-shape elementor-shape-top\" data-negative=\"false\">\n\t\t\t<svg xmlns=\"http:\/\/www.w3.org\/2000\/svg\" viewBox=\"0 0 1000 100\" preserveAspectRatio=\"none\">\n\t<path class=\"elementor-shape-fill\" d=\"M421.9,6.5c22.6-2.5,51.5,0.4,75.5,5.3c23.6,4.9,70.9,23.5,100.5,35.7c75.8,32.2,133.7,44.5,192.6,49.7\n\tc23.6,2.1,48.7,3.5,103.4-2.5c54.7-6,106.2-25.6,106.2-25.6V0H0v30.3c0,0,72,32.6,158.4,30.5c39.2-0.7,92.8-6.7,134-22.4\n\tc21.2-8.1,52.2-18.2,79.7-24.2C399.3,7.9,411.6,7.5,421.9,6.5z\"\/>\n<\/svg>\t\t<\/div>\n\t\t\t\t\t<div class=\"elementor-container elementor-column-gap-default\">\n\t\t\t\t\t<div class=\"elementor-column elementor-col-50 elementor-top-column elementor-element elementor-element-5331f32e\" data-id=\"5331f32e\" data-element_type=\"column\">\n\t\t\t<div class=\"elementor-widget-wrap\">\n\t\t\t\t\t\t\t<\/div>\n\t\t<\/div>\n\t\t\t\t<div class=\"elementor-column elementor-col-50 elementor-top-column elementor-element elementor-element-7866c988\" data-id=\"7866c988\" data-element_type=\"column\">\n\t\t\t<div class=\"elementor-widget-wrap elementor-element-populated\">\n\t\t\t\t\t\t<div class=\"elementor-element elementor-element-11af4b69 elementor-widget elementor-widget-image\" data-id=\"11af4b69\" data-element_type=\"widget\" data-settings=\"{&quot;motion_fx_motion_fx_scrolling&quot;:&quot;yes&quot;,&quot;motion_fx_translateY_effect&quot;:&quot;yes&quot;,&quot;motion_fx_translateY_direction&quot;:&quot;negative&quot;,&quot;motion_fx_translateY_speed&quot;:{&quot;unit&quot;:&quot;px&quot;,&quot;size&quot;:&quot;1&quot;,&quot;sizes&quot;:[]},&quot;motion_fx_devices&quot;:[&quot;desktop&quot;,&quot;tablet&quot;],&quot;motion_fx_translateY_affectedRange&quot;:{&quot;unit&quot;:&quot;%&quot;,&quot;size&quot;:&quot;&quot;,&quot;sizes&quot;:{&quot;start&quot;:&quot;0&quot;,&quot;end&quot;:&quot;50&quot;}}}\" data-widget_type=\"image.default\">\n\t\t\t\t<div class=\"elementor-widget-container\">\n\t\t\t\t\t\t\t\t\t\t\t\t\t<img fetchpriority=\"high\" decoding=\"async\" width=\"1920\" height=\"839\" src=\"https:\/\/www.chu-tours.fr\/greffe-foie\/wp-content\/uploads\/sites\/12\/2022\/04\/trousseau.jpg\" class=\"attachment-full size-full wp-image-250\" alt=\"\" srcset=\"https:\/\/www.chu-tours.fr\/greffe-foie\/wp-content\/uploads\/sites\/12\/2022\/04\/trousseau.jpg 1920w, https:\/\/www.chu-tours.fr\/greffe-foie\/wp-content\/uploads\/sites\/12\/2022\/04\/trousseau-300x131.jpg 300w, https:\/\/www.chu-tours.fr\/greffe-foie\/wp-content\/uploads\/sites\/12\/2022\/04\/trousseau-1024x447.jpg 1024w, https:\/\/www.chu-tours.fr\/greffe-foie\/wp-content\/uploads\/sites\/12\/2022\/04\/trousseau-768x336.jpg 768w, https:\/\/www.chu-tours.fr\/greffe-foie\/wp-content\/uploads\/sites\/12\/2022\/04\/trousseau-1536x671.jpg 1536w\" sizes=\"(max-width: 1920px) 100vw, 1920px\" \/>\t\t\t\t\t\t\t\t\t\t\t\t\t<\/div>\n\t\t\t\t<\/div>\n\t\t\t\t\t<\/div>\n\t\t<\/div>\n\t\t\t\t\t<\/div>\n\t\t<\/section>\n\t\t\t\t<\/div>\n\t\t","protected":false},"excerpt":{"rendered":"<p>Cr\u00e9ation du Centre de Transplantation H\u00e9patique Le Centre de Transplantation H\u00e9patique a \u00e9t\u00e9 confi\u00e9 au Professeur EPHREM SALAM\u00c9, Chef du service de chirurgie H\u00e9patobiliaire et pancr\u00e9atique, Transplantation h\u00e9patique (CHT) de Tours et Chef du P\u00f4le de Pathologies digestives, h\u00e9patiques et endocriniennes du CHRU de Tours. Il est bas\u00e9 \u00e0 l\u2019H\u00f4pital Trousseau \u00e0 Chambray-les-Tours. Depuis son [&hellip;]<\/p>\n","protected":false},"author":4,"featured_media":0,"parent":0,"menu_order":0,"comment_status":"closed","ping_status":"closed","template":"","meta":{"_seopress_robots_primary_cat":"","_seopress_titles_title":"Cr\u00e9ation du Centre de Transplantation H\u00e9patique.","_seopress_titles_desc":"LE CENTRE DE TRANSPLANTATION H\u00c9PATIQUE a \u00e9t\u00e9 confi\u00e9 au PROFESSEUR EPHREM SALAM\u00c9 responsable de l&#039;unit\u00e9 Chirurgie H\u00e9pato-biliaire et Pancr\u00e9atique, Transplantation H\u00e9patique.","_seopress_robots_index":"","_exactmetrics_skip_tracking":false,"_exactmetrics_sitenote_active":false,"_exactmetrics_sitenote_note":"","_exactmetrics_sitenote_category":0,"_genesis_hide_title":false,"_genesis_hide_breadcrumbs":false,"_genesis_hide_singular_image":false,"_genesis_hide_footer_widgets":false,"_genesis_custom_body_class":"","_genesis_custom_post_class":"","_genesis_layout":"","footnotes":""},"publishpress_future_action":{"enabled":false,"date":"2026-05-09 16:15:28","action":"change-status","newStatus":"draft","terms":[],"taxonomy":""},"_links":{"self":[{"href":"https:\/\/www.chu-tours.fr\/greffe-foie\/wp-json\/wp\/v2\/pages\/279"}],"collection":[{"href":"https:\/\/www.chu-tours.fr\/greffe-foie\/wp-json\/wp\/v2\/pages"}],"about":[{"href":"https:\/\/www.chu-tours.fr\/greffe-foie\/wp-json\/wp\/v2\/types\/page"}],"author":[{"embeddable":true,"href":"https:\/\/www.chu-tours.fr\/greffe-foie\/wp-json\/wp\/v2\/users\/4"}],"replies":[{"embeddable":true,"href":"https:\/\/www.chu-tours.fr\/greffe-foie\/wp-json\/wp\/v2\/comments?post=279"}],"version-history":[{"count":43,"href":"https:\/\/www.chu-tours.fr\/greffe-foie\/wp-json\/wp\/v2\/pages\/279\/revisions"}],"predecessor-version":[{"id":746,"href":"https:\/\/www.chu-tours.fr\/greffe-foie\/wp-json\/wp\/v2\/pages\/279\/revisions\/746"}],"wp:attachment":[{"href":"https:\/\/www.chu-tours.fr\/greffe-foie\/wp-json\/wp\/v2\/media?parent=279"}],"curies":[{"name":"wp","href":"https:\/\/api.w.org\/{rel}","templated":true}]}}