{"id":243,"date":"2022-04-21T14:37:21","date_gmt":"2022-04-21T12:37:21","guid":{"rendered":"https:\/\/www.chu-tours.fr\/greffe-foie\/?page_id=243"},"modified":"2025-09-08T13:04:41","modified_gmt":"2025-09-08T11:04:41","slug":"presentation-du-chru-de-tours","status":"publish","type":"page","link":"https:\/\/www.chu-tours.fr\/greffe-foie\/presentation-du-chru-de-tours\/","title":{"rendered":"Pr\u00e9sentation du CHRU de Tours"},"content":{"rendered":"\t\t<div data-elementor-type=\"wp-page\" data-elementor-id=\"243\" class=\"elementor elementor-243\" data-elementor-post-type=\"page\">\n\t\t\t\t\t\t<section class=\"elementor-section elementor-top-section elementor-element elementor-element-2e6bcc8f elementor-section-height-min-height elementor-section-boxed elementor-section-height-default elementor-section-items-middle\" data-id=\"2e6bcc8f\" data-element_type=\"section\" data-settings=\"{&quot;background_background&quot;:&quot;slideshow&quot;,&quot;shape_divider_bottom&quot;:&quot;waves&quot;,&quot;background_slideshow_gallery&quot;:[{&quot;id&quot;:245,&quot;url&quot;:&quot;https:\\\/\\\/www.chu-tours.fr\\\/greffe-foie\\\/wp-content\\\/uploads\\\/sites\\\/12\\\/2022\\\/04\\\/Bretonneau-2048x1152-1.jpg&quot;},{&quot;id&quot;:250,&quot;url&quot;:&quot;https:\\\/\\\/www.chu-tours.fr\\\/greffe-foie\\\/wp-content\\\/uploads\\\/sites\\\/12\\\/2022\\\/04\\\/trousseau.jpg&quot;},{&quot;id&quot;:246,&quot;url&quot;:&quot;https:\\\/\\\/www.chu-tours.fr\\\/greffe-foie\\\/wp-content\\\/uploads\\\/sites\\\/12\\\/2022\\\/04\\\/Clocheville.jpg&quot;},{&quot;id&quot;:249,&quot;url&quot;:&quot;https:\\\/\\\/www.chu-tours.fr\\\/greffe-foie\\\/wp-content\\\/uploads\\\/sites\\\/12\\\/2022\\\/04\\\/ermitage-2048x1362-1.jpg&quot;},{&quot;id&quot;:248,&quot;url&quot;:&quot;https:\\\/\\\/www.chu-tours.fr\\\/greffe-foie\\\/wp-content\\\/uploads\\\/sites\\\/12\\\/2022\\\/04\\\/cpu-01-2048x1536-1.jpg&quot;},{&quot;id&quot;:247,&quot;url&quot;:&quot;https:\\\/\\\/www.chu-tours.fr\\\/greffe-foie\\\/wp-content\\\/uploads\\\/sites\\\/12\\\/2022\\\/04\\\/CPTS.jpg&quot;}],&quot;background_slideshow_transition_duration&quot;:800,&quot;background_slideshow_ken_burns&quot;:&quot;yes&quot;,&quot;background_slideshow_ken_burns_zoom_direction&quot;:&quot;out&quot;,&quot;background_slideshow_loop&quot;:&quot;yes&quot;,&quot;background_slideshow_slide_duration&quot;:5000,&quot;background_slideshow_slide_transition&quot;:&quot;fade&quot;}\">\n\t\t\t\t\t\t\t<div class=\"elementor-background-overlay\"><\/div>\n\t\t\t\t\t\t<div class=\"elementor-shape elementor-shape-bottom\" data-negative=\"false\">\n\t\t\t<svg xmlns=\"http:\/\/www.w3.org\/2000\/svg\" viewBox=\"0 0 1000 100\" preserveAspectRatio=\"none\">\n\t<path class=\"elementor-shape-fill\" d=\"M421.9,6.5c22.6-2.5,51.5,0.4,75.5,5.3c23.6,4.9,70.9,23.5,100.5,35.7c75.8,32.2,133.7,44.5,192.6,49.7\n\tc23.6,2.1,48.7,3.5,103.4-2.5c54.7-6,106.2-25.6,106.2-25.6V0H0v30.3c0,0,72,32.6,158.4,30.5c39.2-0.7,92.8-6.7,134-22.4\n\tc21.2-8.1,52.2-18.2,79.7-24.2C399.3,7.9,411.6,7.5,421.9,6.5z\"\/>\n<\/svg>\t\t<\/div>\n\t\t\t\t\t<div class=\"elementor-container elementor-column-gap-default\">\n\t\t\t\t\t<div class=\"elementor-column elementor-col-100 elementor-top-column elementor-element elementor-element-32f6a7d\" data-id=\"32f6a7d\" data-element_type=\"column\">\n\t\t\t<div class=\"elementor-widget-wrap\">\n\t\t\t\t\t\t\t<\/div>\n\t\t<\/div>\n\t\t\t\t\t<\/div>\n\t\t<\/section>\n\t\t\t\t<section class=\"elementor-section elementor-top-section elementor-element elementor-element-77915ea7 elementor-section-boxed elementor-section-height-default elementor-section-height-default\" data-id=\"77915ea7\" data-element_type=\"section\" data-settings=\"{&quot;background_background&quot;:&quot;classic&quot;,&quot;shape_divider_top&quot;:&quot;mountains&quot;,&quot;shape_divider_bottom&quot;:&quot;mountains&quot;,&quot;animation&quot;:&quot;none&quot;}\">\n\t\t\t\t\t\t\t<div class=\"elementor-background-overlay\"><\/div>\n\t\t\t\t\t\t<div class=\"elementor-shape elementor-shape-top\" data-negative=\"false\">\n\t\t\t<svg xmlns=\"http:\/\/www.w3.org\/2000\/svg\" viewBox=\"0 0 1000 100\" preserveAspectRatio=\"none\">\n\t<path class=\"elementor-shape-fill\" opacity=\"0.33\" d=\"M473,67.3c-203.9,88.3-263.1-34-320.3,0C66,119.1,0,59.7,0,59.7V0h1000v59.7 c0,0-62.1,26.1-94.9,29.3c-32.8,3.3-62.8-12.3-75.8-22.1C806,49.6,745.3,8.7,694.9,4.7S492.4,59,473,67.3z\"\/>\n\t<path class=\"elementor-shape-fill\" opacity=\"0.66\" d=\"M734,67.3c-45.5,0-77.2-23.2-129.1-39.1c-28.6-8.7-150.3-10.1-254,39.1 s-91.7-34.4-149.2,0C115.7,118.3,0,39.8,0,39.8V0h1000v36.5c0,0-28.2-18.5-92.1-18.5C810.2,18.1,775.7,67.3,734,67.3z\"\/>\n\t<path class=\"elementor-shape-fill\" d=\"M766.1,28.9c-200-57.5-266,65.5-395.1,19.5C242,1.8,242,5.4,184.8,20.6C128,35.8,132.3,44.9,89.9,52.5C28.6,63.7,0,0,0,0 h1000c0,0-9.9,40.9-83.6,48.1S829.6,47,766.1,28.9z\"\/>\n<\/svg>\t\t<\/div>\n\t\t\t\t<div class=\"elementor-shape elementor-shape-bottom\" data-negative=\"false\">\n\t\t\t<svg xmlns=\"http:\/\/www.w3.org\/2000\/svg\" viewBox=\"0 0 1000 100\" preserveAspectRatio=\"none\">\n\t<path class=\"elementor-shape-fill\" opacity=\"0.33\" d=\"M473,67.3c-203.9,88.3-263.1-34-320.3,0C66,119.1,0,59.7,0,59.7V0h1000v59.7 c0,0-62.1,26.1-94.9,29.3c-32.8,3.3-62.8-12.3-75.8-22.1C806,49.6,745.3,8.7,694.9,4.7S492.4,59,473,67.3z\"\/>\n\t<path class=\"elementor-shape-fill\" opacity=\"0.66\" d=\"M734,67.3c-45.5,0-77.2-23.2-129.1-39.1c-28.6-8.7-150.3-10.1-254,39.1 s-91.7-34.4-149.2,0C115.7,118.3,0,39.8,0,39.8V0h1000v36.5c0,0-28.2-18.5-92.1-18.5C810.2,18.1,775.7,67.3,734,67.3z\"\/>\n\t<path class=\"elementor-shape-fill\" d=\"M766.1,28.9c-200-57.5-266,65.5-395.1,19.5C242,1.8,242,5.4,184.8,20.6C128,35.8,132.3,44.9,89.9,52.5C28.6,63.7,0,0,0,0 h1000c0,0-9.9,40.9-83.6,48.1S829.6,47,766.1,28.9z\"\/>\n<\/svg>\t\t<\/div>\n\t\t\t\t\t<div class=\"elementor-container elementor-column-gap-default\">\n\t\t\t\t\t<div class=\"elementor-column elementor-col-100 elementor-top-column elementor-element elementor-element-1b95e08a\" data-id=\"1b95e08a\" data-element_type=\"column\">\n\t\t\t<div class=\"elementor-widget-wrap elementor-element-populated\">\n\t\t\t\t\t\t<div class=\"elementor-element elementor-element-e13d0db elementor-widget elementor-widget-heading\" data-id=\"e13d0db\" data-element_type=\"widget\" data-widget_type=\"heading.default\">\n\t\t\t\t<div class=\"elementor-widget-container\">\n\t\t\t<h1 class=\"elementor-heading-title elementor-size-default\">Le CHRU de Tours, 1<sup>er<\/sup> \u00e9tablissement de la r\u00e9gion<\/h1>\t\t<\/div>\n\t\t\t\t<\/div>\n\t\t\t\t\t<\/div>\n\t\t<\/div>\n\t\t\t\t\t<\/div>\n\t\t<\/section>\n\t\t\t\t<section class=\"elementor-section elementor-top-section elementor-element elementor-element-415d69c elementor-section-boxed elementor-section-height-default elementor-section-height-default\" data-id=\"415d69c\" data-element_type=\"section\">\n\t\t\t\t\t\t<div class=\"elementor-container elementor-column-gap-default\">\n\t\t\t\t\t<div class=\"elementor-column elementor-col-100 elementor-top-column elementor-element elementor-element-8b6ed03\" data-id=\"8b6ed03\" data-element_type=\"column\">\n\t\t\t<div class=\"elementor-widget-wrap elementor-element-populated\">\n\t\t\t\t\t\t<div class=\"elementor-element elementor-element-80a5440 elementor-widget elementor-widget-text-editor\" data-id=\"80a5440\" data-element_type=\"widget\" data-widget_type=\"text-editor.default\">\n\t\t\t\t<div class=\"elementor-widget-container\">\n\t\t\t\t\t\t\t<section class=\"elementor-section elementor-top-section elementor-element elementor-element-1cee0ee elementor-section-boxed elementor-section-height-default elementor-section-height-default\" data-id=\"1cee0ee\" data-element_type=\"section\"><div class=\"elementor-container elementor-column-gap-default\"><div class=\"elementor-row\"><div class=\"elementor-column elementor-col-100 elementor-top-column elementor-element elementor-element-bd6dcd7\" data-id=\"bd6dcd7\" data-element_type=\"column\"><div class=\"elementor-column-wrap elementor-element-populated\"><div class=\"elementor-widget-wrap\"><div class=\"elementor-element elementor-element-61352f8 elementor-widget elementor-widget-heading\" data-id=\"61352f8\" data-element_type=\"widget\" data-widget_type=\"heading.default\"><div class=\"elementor-widget-container\"><h2 class=\"elementor-heading-title elementor-size-default\">Des comp\u00e9tences reconnues, des \u00e9quipements de pointe, au service de votre sant\u00e9<\/h2><\/div><\/div><\/div><\/div><\/div><\/div><\/div><\/section><section class=\"elementor-section elementor-top-section elementor-element elementor-element-58470f0 elementor-section-boxed elementor-section-height-default elementor-section-height-default\" data-id=\"58470f0\" data-element_type=\"section\"><div class=\"elementor-container elementor-column-gap-default\"><div class=\"elementor-row\"><div class=\"elementor-column elementor-col-100 elementor-top-column elementor-element elementor-element-2dbf819\" data-id=\"2dbf819\" data-element_type=\"column\"><div class=\"elementor-column-wrap elementor-element-populated\"><div class=\"elementor-widget-wrap\"><div class=\"elementor-element elementor-element-d2fc6d4 elementor-widget elementor-widget-text-editor\" data-id=\"d2fc6d4\" data-element_type=\"widget\" data-widget_type=\"text-editor.default\"><div class=\"elementor-widget-container\"><div class=\"elementor-text-editor elementor-clearfix\"><h3>Organisation administrative<\/h3><p>Le CHRU de Tours est un \u00e9tablissement public de sant\u00e9. Il est administr\u00e9 par :<\/p><ul><li>un directoire pr\u00e9sid\u00e9 par le Directeur G\u00e9n\u00e9ral<\/li><li>un conseil de surveillance pr\u00e9sid\u00e9 par le Maire de Tours<\/li><\/ul><p><strong>Le soin, la recherche et l\u2019enseignement sont les trois missions du CHRU de Tours<\/strong>, seul centre hospitalier universitaire de la r\u00e9gion Centre-Val de Loire. Il est \u00e9galement l\u2019\u00e9tablissement support pour le Groupement Hospitalier du Territoire (GHT) du d\u00e9partement de l\u2019Indre-et-Loire. Unique CHRU de la r\u00e9gion, il collabore avec l\u2019ensemble des \u00e9tablissements qui la composent.<\/p><h3>Le soin<\/h3><p>Premi\u00e8re des missions du CHRU, et mission fondatrice des h\u00f4pitaux, le soin est assur\u00e9 au quotidien par plus de 9000 pro\u00adfessionnels.<\/p><p>La d\u00e9livrance de soins de proximit\u00e9 et de recours 24h\/24 et 7j\/7, de l\u2019enfant \u00e0 la personne \u00e2g\u00e9e, est la r\u00e9ponse \u00e0 la mission de service public confi\u00e9e \u00e0 l\u2019h\u00f4pital. Cette r\u00e9ponse assure au CHRU une position de r\u00e9f\u00e9rence, dont t\u00e9moigne l\u2019\u00e9volution de son activit\u00e9 au cours de ces derni\u00e8res ann\u00e9es.<\/p><h3>La recherche<\/h3><p>Cette mission est consubstantielle aux liens nou\u00e9s avec la Facult\u00e9 de M\u00e9decine de la r\u00e9gion Centre-Val de Loire, l\u2019Uni\u00adversit\u00e9 Fran\u00e7ois-Rabelais de Tours et les autres structures de recherche (INSERM, CNRS) ainsi qu\u2019avec les autres CHRU de l\u2019inter-r\u00e9gion. Ainsi, le CHRU de Tours est membre du grou\u00adpement HUGO (H\u00f4pitaux Universitaires du Grand-Ouest), structure de coordination et de promotion qui regroupe les CHRU et CHR de l\u2019inter-r\u00e9gion du Grand-Ouest, mise en place en 2005.<\/p><p>Sa participation au P\u00f4le de Recherche et d\u2019Enseignement Sup\u00e9rieur (PRES) renforce cette volont\u00e9 et cet engagement qui transparaissent \u00e0 travers les projets promus et les investis\u00adsements r\u00e9alis\u00e9s dans ce domaine, et les \u00e9quipes labellis\u00e9es : quatre Unit\u00e9s Mixtes de recherche (UMR) INSERM, deux UMR CNRS (dont une mixte CNRS\/INRA) et une UMR INRA.<\/p><h3>L\u2019enseignement<\/h3><p>Le CHRU est adoss\u00e9 \u00e0 la Facult\u00e9 de M\u00e9decine et de Pharmacie du Centre-Val de Loire, qui assure la formation des m\u00e9decins et des pharmaciens.<\/p><p>Le CHRU assure, avec le Conseil R\u00e9gional, la formation de plus de 1200 professionnels param\u00e9dicaux chaque ann\u00e9e.<\/p><p>Il existe dix \u00e9coles et instituts de formation rattach\u00e9s \u00e0 l\u2019h\u00f4pital : Institut de formation en soins infirmiers, Institut de formation d\u2019aides-soignants, Institut de formation de techniciens en ana\u00adlyses biom\u00e9dicales, Section d\u2019apprentissage des pr\u00e9parateurs en pharmacie hospitali\u00e8re, Institut de formation de manipulateurs d\u2019\u00e9lectroradiologie m\u00e9dicale, \u00c9cole de sages-femmes, \u00c9cole d\u2019ambulanciers, \u00c9cole d\u2019infirmiers de bloc op\u00e9ratoire, \u00c9cole d\u2019in\u00adfirmiers anesth\u00e9sistes, Institut de formation des cadres de sant\u00e9.<\/p><p>Cet ensemble de formation est associ\u00e9 \u00e0 un Collegium Sant\u00e9, port\u00e9 par l\u2019Universit\u00e9 pour l\u2019ensemble de la r\u00e9gion.<\/p><h3>Premier employeur de la r\u00e9gion Centre-Val de Loire<\/h3><p>Le CHRU emploie plus de 9000 personnels m\u00e9dicaux et non m\u00e9dicaux, c\u2019est-\u00e0-dire environ 4 % \u00a0des emplois du d\u00e9partement d\u2019Indre-et-Loire. Il est le premier employeur de la r\u00e9gion.<\/p><p>Le CHRU de Tours, c\u2019est plus de 100 m\u00e9tiers, du m\u00e9decin \u00e0 l\u2019informaticien, du jardinier \u00e0 l\u2019infirmi\u00e8re\u2026<\/p><p>Lieu d\u2019insertion professionnelle et tremplin pour l\u2019avenir, le CHRU accueille chaque ann\u00e9e pr\u00e8s de 2000 stagiaires et 55 contrats aid\u00e9s. La r\u00e9mun\u00e9ration vers\u00e9e aux agents\u00a0 repr\u00e9sente une masse financi\u00e8re qui a un impact direct sur l\u2019\u00e9conomie locale.<\/p><h3>Une logistique performante<\/h3><p>Accueillir et traiter quotidiennement pr\u00e8s de 2000 patients n\u00e9cessite une logistique performante, charg\u00e9e de g\u00e9rer les achats, livrer les produits et s\u2019assurer en permanence de l\u2019\u00e9tat des stocks par rapport aux besoins. Ce travail fait du CHRU un client important ; ainsi, environ le quart des d\u00e9penses vont \u00e0 des entreprises d\u2019Indre-et-Loire.<\/p><h3>Un \u00e9tablissement citoyen\u00a0<\/h3><p>Depuis plusieurs ann\u00e9es, le CHRU impulse une d\u00e9marche de d\u00e9veloppement durable (dimensions environnementales, \u00e9conomiques et sociales) qui est aujourd\u2019hui une priorit\u00e9.<\/p><p>En effet, l\u2019h\u00f4pital est un acteur \u00e9conomique majeur du territoire, un consommateur important d\u2019\u00e9nergie, et un gros producteur de d\u00e9chets.<\/p><p>Port\u00e9e par la direction g\u00e9n\u00e9rale du CHRU et pilot\u00e9e par un comit\u00e9 pluriprofessionnel, la d\u00e9marche engag\u00e9e permet aujourd\u2019hui de d\u00e9velopper de nombreuses actions comme la gestion des d\u00e9penses \u00e9nerg\u00e9tiques et la ma\u00eetrise des rejets de C02 dans l\u2019atmosph\u00e8re.<\/p><p>Tous les gestes, m\u00eame les plus petits sont importants, merci de nous aider en \u00e9teignant les lumi\u00e8res inutiles, la veille de votre t\u00e9l\u00e9vision\u2026<\/p><h3>Un \u00e9tablissement connect\u00e9\u00a0<\/h3><p>Pr\u00e9sent sur les r\u00e9seaux sociaux, (Facebook, Twitter, YouTube, Instagram, Linkedin), le CHRU d\u00e9veloppe \u00e9galement ses propres cha\u00eenes de t\u00e9l\u00e9vision, que vous pouvez retrouver sur le poste de votre chambre, canal 38 et 39. Sur le canal 38, vous sont d\u00e9livr\u00e9es quantit\u00e9s d\u2019informations utiles \u00e0 votre s\u00e9jour\u00a0; sur le canal 39, retrouvez des documentaires et les films r\u00e9alis\u00e9s par la direction de la communication du CHRU.<\/p><h3>Une place faite \u00e0 la culture<\/h3><p>Parce que les professionnels du CHRU savent bien que le temps d\u2019une hospitalisation repr\u00e9sente une parenth\u00e8se parfois douloureuse, l\u2019\u00e9tablissement travaille \u00e0 rendre ce temps le plus agr\u00e9able possible. Ainsi, au rythme des grands rendez-vous culturels nationaux (f\u00eate de la musique par exemple), vous pourrez b\u00e9n\u00e9ficier d\u2019animations culturelles. Sur le site de Bretonneau, un espace est d\u00e9di\u00e9 \u00e0 l\u2019accueil d\u2019expositions temporaires, choisies pour int\u00e9resser le plus grand nombre.<\/p><h3>Des jeunes volontaires en service civique<\/h3><p>Sur les sites de Bretonneau, Clocheville et Trousseau, des jeunes volontaires en service civique sont \u00e0 votre disposition pour vous orienter et vous accompagner.<\/p><p>Vous pouvez solliciter leur aide, en respectant le cadre de leurs missions en passant par les personnels du service o\u00f9 vous \u00eates hospitalis\u00e9(e).<\/p><h3>L\u2019accueil des personnes en situation de handicap<\/h3><p><a href=\"https:\/\/www.chu-tours.fr\/etre-soigne-et-rendre-visite-a-un-patient\/preparer-ma-venue-et-venir-au-chru\/personnes-en-situation-de-handicap\/\" target=\"_blank\" rel=\"noopener\">Consultez la page \u201cPersonnes en situation de handicap\u201d<\/a>.<\/p><p>Les sites du CHRU et les b\u00e2timents qui les composent sont pour certains anciens et sont de ce fait difficilement accessibles aux personnes en situation de handicap. C\u2019est une situation dont les \u00e9quipes techniques du CHRU s\u2019est empar\u00e9e et sur laquelle de nombreuses am\u00e9liorations ont d\u2019ores et d\u00e9j\u00e0 \u00e9t\u00e9 apport\u00e9es.<\/p><p>Alors que les b\u00e2timents r\u00e9cents se conforment aux r\u00e8gles d\u2019accessibilit\u00e9 en vigueur, de nombreux travaux permettent d\u2019am\u00e9liorer l\u2019accueil des personnes en situation de handicap (places de stationnement sp\u00e9cifiques, rails de guidage, travaux de voirie, s\u00e9curisation des escaliers, accessibilit\u00e9 des sanitaires, etc).<\/p><p>Une attention particuli\u00e8re est apport\u00e9e aux personnes en situation de handicap quand elles se pr\u00e9sentent aux urgences et quand elles doivent \u00eatre hospitalis\u00e9es.<\/p><h3>Demande de prise de rendez-vous en ligne<\/h3><p>De plus en plus de services hospitaliers vous proposent la demande de prise de rendez-vous en ligne\u2026 Cela peut simplifier vos d\u00e9marches\u00a0; <a href=\"https:\/\/www.chu-tours.fr\/etre-soigne-et-rendre-visite-a-un-patient\/joindre-le-chru\/formulaires-de-demande-ou-annulation-de-rendez-vous\/\" target=\"_blank\" rel=\"noopener\">renseignez-vous ici<\/a>.<\/p><h3>Indicateurs qualit\u00e9 et s\u00e9curit\u00e9 des soins<\/h3><p>Chaque ann\u00e9e, des\u00a0 indicateurs qualit\u00e9\u00a0 sont \u00e9tablis par le Minist\u00e8re de la Sant\u00e9 pour tous les \u00e9tablissements de sant\u00e9. Ils concernent la pr\u00e9vention des infections nosocomiales et la qualit\u00e9 de la prise en charge avec des indicateurs transversaux li\u00e9s au parcours du patient (qualit\u00e9 du dossier patient et du dossier d\u2019anesth\u00e9sie, d\u00e9lai d\u2019envoi du compte rendu d\u2019hospitalisation, mesure de la douleur, pr\u00e9vention de la d\u00e9nutrition et des indicateurs de \u00ab\u00a0sp\u00e9cialit\u00e9s\u00a0\u00bb concernant des prises en charge sp\u00e9cifiques comme celles de l\u2019 accident vasculaire c\u00e9r\u00e9brale, de l\u2019Infarctus du myocarde, des patients h\u00e9modialys\u00e9s chroniques ou de la pr\u00e9vention et de la prise en charge de l\u2019h\u00e9morragie du post-partum.). Ces indicateurs permettent d\u2019\u00e9valuer notre politique d\u2019am\u00e9lioration de la qualit\u00e9 et de la s\u00e9curit\u00e9 des soins. Retrouvez les r\u00e9sultats sur\u00a0 le site internet du CHRU www.CHRU-tours.fr ou sur le site d\u2019information du Minist\u00e8re de la Sant\u00e9 www.scopesante.fr<\/p><\/div><\/div><\/div><\/div><\/div><\/div><\/div><\/div><\/section>\t\t\t\t\t\t<\/div>\n\t\t\t\t<\/div>\n\t\t\t\t\t<\/div>\n\t\t<\/div>\n\t\t\t\t\t<\/div>\n\t\t<\/section>\n\t\t\t\t<section class=\"elementor-section elementor-top-section elementor-element elementor-element-c068379 elementor-section-boxed elementor-section-height-default elementor-section-height-default\" data-id=\"c068379\" data-element_type=\"section\">\n\t\t\t\t\t\t<div class=\"elementor-container elementor-column-gap-default\">\n\t\t\t\t\t<div class=\"elementor-column elementor-col-100 elementor-top-column elementor-element elementor-element-6bb53be\" data-id=\"6bb53be\" data-element_type=\"column\">\n\t\t\t<div class=\"elementor-widget-wrap elementor-element-populated\">\n\t\t\t\t\t\t<div class=\"elementor-element elementor-element-65a67e9 elementor-widget elementor-widget-image\" data-id=\"65a67e9\" data-element_type=\"widget\" data-widget_type=\"image.default\">\n\t\t\t\t<div class=\"elementor-widget-container\">\n\t\t\t\t\t\t\t\t\t\t\t\t\t<img decoding=\"async\" src=\"https:\/\/www.chu-tours.fr\/wp-content\/uploads\/2020\/02\/horizon2026.png\" title=\"\" alt=\"\" loading=\"lazy\" \/>\t\t\t\t\t\t\t\t\t\t\t\t\t<\/div>\n\t\t\t\t<\/div>\n\t\t\t\t\t<\/div>\n\t\t<\/div>\n\t\t\t\t\t<\/div>\n\t\t<\/section>\n\t\t\t\t<section class=\"elementor-section elementor-top-section elementor-element elementor-element-28fb06ce elementor-section-boxed elementor-section-height-default elementor-section-height-default\" data-id=\"28fb06ce\" data-element_type=\"section\" data-settings=\"{&quot;background_background&quot;:&quot;gradient&quot;,&quot;shape_divider_top&quot;:&quot;waves&quot;}\">\n\t\t\t\t\t\t\t<div class=\"elementor-background-overlay\"><\/div>\n\t\t\t\t\t\t<div class=\"elementor-shape elementor-shape-top\" data-negative=\"false\">\n\t\t\t<svg xmlns=\"http:\/\/www.w3.org\/2000\/svg\" viewBox=\"0 0 1000 100\" preserveAspectRatio=\"none\">\n\t<path class=\"elementor-shape-fill\" d=\"M421.9,6.5c22.6-2.5,51.5,0.4,75.5,5.3c23.6,4.9,70.9,23.5,100.5,35.7c75.8,32.2,133.7,44.5,192.6,49.7\n\tc23.6,2.1,48.7,3.5,103.4-2.5c54.7-6,106.2-25.6,106.2-25.6V0H0v30.3c0,0,72,32.6,158.4,30.5c39.2-0.7,92.8-6.7,134-22.4\n\tc21.2-8.1,52.2-18.2,79.7-24.2C399.3,7.9,411.6,7.5,421.9,6.5z\"\/>\n<\/svg>\t\t<\/div>\n\t\t\t\t\t<div class=\"elementor-container elementor-column-gap-default\">\n\t\t\t\t\t<div class=\"elementor-column elementor-col-50 elementor-top-column elementor-element elementor-element-753c51ae\" data-id=\"753c51ae\" data-element_type=\"column\">\n\t\t\t<div class=\"elementor-widget-wrap elementor-element-populated\">\n\t\t\t\t\t\t<div class=\"elementor-element elementor-element-ea5979a elementor-widget elementor-widget-heading\" data-id=\"ea5979a\" data-element_type=\"widget\" data-widget_type=\"heading.default\">\n\t\t\t\t<div class=\"elementor-widget-container\">\n\t\t\t<h2 class=\"elementor-heading-title elementor-size-default\">L\u2019AVENIR DU CHRU<br \/><br \/>HORIZON 2030 \n<\/h2>\t\t<\/div>\n\t\t\t\t<\/div>\n\t\t\t\t\t<\/div>\n\t\t<\/div>\n\t\t\t\t<div class=\"elementor-column elementor-col-50 elementor-top-column elementor-element elementor-element-64ca7e79\" data-id=\"64ca7e79\" data-element_type=\"column\">\n\t\t\t<div class=\"elementor-widget-wrap elementor-element-populated\">\n\t\t\t\t\t\t<div class=\"elementor-element elementor-element-2989a8f6 elementor-widget elementor-widget-image\" data-id=\"2989a8f6\" data-element_type=\"widget\" data-settings=\"{&quot;motion_fx_motion_fx_scrolling&quot;:&quot;yes&quot;,&quot;motion_fx_translateY_effect&quot;:&quot;yes&quot;,&quot;motion_fx_translateY_direction&quot;:&quot;negative&quot;,&quot;motion_fx_translateY_speed&quot;:{&quot;unit&quot;:&quot;px&quot;,&quot;size&quot;:&quot;1&quot;,&quot;sizes&quot;:[]},&quot;motion_fx_devices&quot;:[&quot;desktop&quot;,&quot;tablet&quot;],&quot;motion_fx_translateY_affectedRange&quot;:{&quot;unit&quot;:&quot;%&quot;,&quot;size&quot;:&quot;&quot;,&quot;sizes&quot;:{&quot;start&quot;:&quot;0&quot;,&quot;end&quot;:&quot;50&quot;}}}\" data-widget_type=\"image.default\">\n\t\t\t\t<div class=\"elementor-widget-container\">\n\t\t\t\t\t\t\t\t\t\t\t\t\t<img fetchpriority=\"high\" decoding=\"async\" width=\"1024\" height=\"634\" src=\"https:\/\/www.chu-tours.fr\/greffe-foie\/wp-content\/uploads\/sites\/12\/2022\/04\/parvis-nht-1024x634-1.jpg\" class=\"attachment-full size-full wp-image-83\" alt=\"parvis NHT\" srcset=\"https:\/\/www.chu-tours.fr\/greffe-foie\/wp-content\/uploads\/sites\/12\/2022\/04\/parvis-nht-1024x634-1.jpg 1024w, https:\/\/www.chu-tours.fr\/greffe-foie\/wp-content\/uploads\/sites\/12\/2022\/04\/parvis-nht-1024x634-1-300x186.jpg 300w, https:\/\/www.chu-tours.fr\/greffe-foie\/wp-content\/uploads\/sites\/12\/2022\/04\/parvis-nht-1024x634-1-768x476.jpg 768w\" sizes=\"(max-width: 1024px) 100vw, 1024px\" \/>\t\t\t\t\t\t\t\t\t\t\t\t\t<\/div>\n\t\t\t\t<\/div>\n\t\t\t\t<div class=\"elementor-element elementor-element-2159427 elementor-widget elementor-widget-text-editor\" data-id=\"2159427\" data-element_type=\"widget\" data-widget_type=\"text-editor.default\">\n\t\t\t\t<div class=\"elementor-widget-container\">\n\t\t\t\t\t\t\t<ul><li><a href=\"https:\/\/www.chu-tours.fr\/le-chru-et-ses-partenaires\/le-nht\/\" target=\"_blank\" rel=\"noopener\">En savoir plus<\/a><\/li><\/ul>\t\t\t\t\t\t<\/div>\n\t\t\t\t<\/div>\n\t\t\t\t\t<\/div>\n\t\t<\/div>\n\t\t\t\t\t<\/div>\n\t\t<\/section>\n\t\t\t\t<\/div>\n\t\t","protected":false},"excerpt":{"rendered":"<p>Le CHRU de Tours, 1er \u00e9tablissement de la r\u00e9gion Des comp\u00e9tences reconnues, des \u00e9quipements de pointe, au service de votre sant\u00e9 Organisation administrative Le CHRU de Tours est un \u00e9tablissement public de sant\u00e9. Il est administr\u00e9 par : un directoire pr\u00e9sid\u00e9 par le Directeur G\u00e9n\u00e9ral un conseil de surveillance pr\u00e9sid\u00e9 par le Maire de Tours [&hellip;]<\/p>\n","protected":false},"author":4,"featured_media":0,"parent":0,"menu_order":0,"comment_status":"closed","ping_status":"closed","template":"","meta":{"_seopress_robots_primary_cat":"","_seopress_titles_title":"Pr\u00e9sentation du CHRU de Tours. ","_seopress_titles_desc":"Pr\u00e9sentation du CHRU de Tours.","_seopress_robots_index":"","_exactmetrics_skip_tracking":false,"_exactmetrics_sitenote_active":false,"_exactmetrics_sitenote_note":"","_exactmetrics_sitenote_category":0,"_genesis_hide_title":false,"_genesis_hide_breadcrumbs":false,"_genesis_hide_singular_image":false,"_genesis_hide_footer_widgets":false,"_genesis_custom_body_class":"","_genesis_custom_post_class":"","_genesis_layout":"","footnotes":""},"publishpress_future_action":{"enabled":false,"date":"2026-05-09 16:16:02","action":"change-status","newStatus":"draft","terms":[],"taxonomy":""},"_links":{"self":[{"href":"https:\/\/www.chu-tours.fr\/greffe-foie\/wp-json\/wp\/v2\/pages\/243"}],"collection":[{"href":"https:\/\/www.chu-tours.fr\/greffe-foie\/wp-json\/wp\/v2\/pages"}],"about":[{"href":"https:\/\/www.chu-tours.fr\/greffe-foie\/wp-json\/wp\/v2\/types\/page"}],"author":[{"embeddable":true,"href":"https:\/\/www.chu-tours.fr\/greffe-foie\/wp-json\/wp\/v2\/users\/4"}],"replies":[{"embeddable":true,"href":"https:\/\/www.chu-tours.fr\/greffe-foie\/wp-json\/wp\/v2\/comments?post=243"}],"version-history":[{"count":10,"href":"https:\/\/www.chu-tours.fr\/greffe-foie\/wp-json\/wp\/v2\/pages\/243\/revisions"}],"predecessor-version":[{"id":795,"href":"https:\/\/www.chu-tours.fr\/greffe-foie\/wp-json\/wp\/v2\/pages\/243\/revisions\/795"}],"wp:attachment":[{"href":"https:\/\/www.chu-tours.fr\/greffe-foie\/wp-json\/wp\/v2\/media?parent=243"}],"curies":[{"name":"wp","href":"https:\/\/api.w.org\/{rel}","templated":true}]}}