{"id":8870,"date":"2024-03-01T13:44:20","date_gmt":"2024-03-01T12:44:20","guid":{"rendered":"https:\/\/www.chu-tours.fr\/ecoles-du-chru-de-tours\/?page_id=8870"},"modified":"2026-04-10T09:29:05","modified_gmt":"2026-04-10T07:29:05","slug":"passerelle-directe-en-l2-diplome-detat-technicien-de-laboratoire-medical","status":"publish","type":"page","link":"https:\/\/www.chu-tours.fr\/ecoles-du-chru-de-tours\/passerelle-directe-en-l2-diplome-detat-technicien-de-laboratoire-medical\/","title":{"rendered":"Passerelle directe en L2 dipl\u00f4me d\u2019\u00c9tat Technicien de laboratoire m\u00e9dical"},"content":{"rendered":"\t\t<div data-elementor-type=\"wp-page\" data-elementor-id=\"8870\" class=\"elementor elementor-8870\" data-elementor-post-type=\"page\">\n\t\t\t\t\t\t<section class=\"elementor-section elementor-top-section elementor-element elementor-element-64e44a7 elementor-section-boxed elementor-section-height-default elementor-section-height-default\" data-id=\"64e44a7\" data-element_type=\"section\">\n\t\t\t\t\t\t<div class=\"elementor-container elementor-column-gap-default\">\n\t\t\t\t\t<div class=\"elementor-column elementor-col-100 elementor-top-column elementor-element elementor-element-e52ce70\" data-id=\"e52ce70\" data-element_type=\"column\">\n\t\t\t<div class=\"elementor-widget-wrap elementor-element-populated\">\n\t\t\t\t\t\t<section class=\"elementor-section elementor-inner-section elementor-element elementor-element-8a3fee1 elementor-section-boxed elementor-section-height-default elementor-section-height-default\" data-id=\"8a3fee1\" data-element_type=\"section\">\n\t\t\t\t\t\t<div class=\"elementor-container elementor-column-gap-default\">\n\t\t\t\t\t<div class=\"elementor-column elementor-col-50 elementor-inner-column elementor-element elementor-element-b65a55b\" data-id=\"b65a55b\" data-element_type=\"column\">\n\t\t\t<div class=\"elementor-widget-wrap elementor-element-populated\">\n\t\t\t\t\t\t<div class=\"elementor-element elementor-element-a58aa93 elementor-widget elementor-widget-image\" data-id=\"a58aa93\" data-element_type=\"widget\" data-widget_type=\"image.default\">\n\t\t\t\t<div class=\"elementor-widget-container\">\n\t\t\t\t\t\t\t\t\t\t\t\t\t<img fetchpriority=\"high\" decoding=\"async\" width=\"640\" height=\"480\" src=\"https:\/\/www.chu-tours.fr\/ecoles-du-chru-de-tours\/wp-content\/uploads\/sites\/10\/2021\/06\/CESA-2021.1.jpg\" class=\"attachment-slider-home size-slider-home wp-image-654\" alt=\"Ecoles du CHRU vu du ciel\" srcset=\"https:\/\/www.chu-tours.fr\/ecoles-du-chru-de-tours\/wp-content\/uploads\/sites\/10\/2021\/06\/CESA-2021.1.jpg 640w, https:\/\/www.chu-tours.fr\/ecoles-du-chru-de-tours\/wp-content\/uploads\/sites\/10\/2021\/06\/CESA-2021.1-300x225.jpg 300w, https:\/\/www.chu-tours.fr\/ecoles-du-chru-de-tours\/wp-content\/uploads\/sites\/10\/2021\/06\/CESA-2021.1-70x52.jpg 70w\" sizes=\"(max-width: 640px) 100vw, 640px\" \/>\t\t\t\t\t\t\t\t\t\t\t\t\t<\/div>\n\t\t\t\t<\/div>\n\t\t\t\t\t<\/div>\n\t\t<\/div>\n\t\t\t\t<div class=\"elementor-column elementor-col-50 elementor-inner-column elementor-element elementor-element-e9ad57f\" data-id=\"e9ad57f\" data-element_type=\"column\">\n\t\t\t<div class=\"elementor-widget-wrap elementor-element-populated\">\n\t\t\t\t\t\t<div class=\"elementor-element elementor-element-8ed2278 elementor-widget elementor-widget-text-editor\" data-id=\"8ed2278\" data-element_type=\"widget\" data-widget_type=\"text-editor.default\">\n\t\t\t\t<div class=\"elementor-widget-container\">\n\t\t\t\t\t\t\t<p class=\"MsoNormal\"><strong>Nombre de places limit\u00e9es \u00e0 la capacit\u00e9 d\u2019accueil de l\u2019institut en 2\u00e8me ann\u00e9e de formation\u00a0\u00a0<\/strong><\/p><h2>Qui sont concern\u00e9s\u00a0<\/h2><ul><li>Les \u00e9tudiants ayant suivi et valid\u00e9 une Licence mention Science de la vie parcours Biologie Sant\u00e9.<\/li><li>Les \u00e9tudiants ayant suivi et valid\u00e9 une premi\u00e8re ann\u00e9e de formation en BUT g\u00e9nie biologique parcours biologie m\u00e9dicale et biotechnologie.<\/li><li>Les \u00e9tudiants ayant suivi et valid\u00e9 une premi\u00e8re ann\u00e9e de formation en BTS Analyse Biologie M\u00e9dicale.<\/li><li>Les \u00e9tudiants d\u00e9tenant obligatoirement 60 ECTS en session 1 ou en session 2 de rattrapage \u00e0 l\u2019issue de leur ann\u00e9e PASS-LAS.<\/li><\/ul>\t\t\t\t\t\t<\/div>\n\t\t\t\t<\/div>\n\t\t\t\t\t<\/div>\n\t\t<\/div>\n\t\t\t\t\t<\/div>\n\t\t<\/section>\n\t\t\t\t\t<\/div>\n\t\t<\/div>\n\t\t\t\t\t<\/div>\n\t\t<\/section>\n\t\t\t\t<section class=\"elementor-section elementor-top-section elementor-element elementor-element-a6e8a18 elementor-section-boxed elementor-section-height-default elementor-section-height-default\" data-id=\"a6e8a18\" data-element_type=\"section\">\n\t\t\t\t\t\t<div class=\"elementor-container elementor-column-gap-default\">\n\t\t\t\t\t<div class=\"elementor-column elementor-col-100 elementor-top-column elementor-element elementor-element-ed43578\" data-id=\"ed43578\" data-element_type=\"column\">\n\t\t\t<div class=\"elementor-widget-wrap elementor-element-populated\">\n\t\t\t\t\t\t<div class=\"elementor-element elementor-element-809c7d5 elementor-widget elementor-widget-text-editor\" data-id=\"809c7d5\" data-element_type=\"widget\" data-widget_type=\"text-editor.default\">\n\t\t\t\t<div class=\"elementor-widget-container\">\n\t\t\t\t\t\t\t<h2>Conditions d&#8217;admission<\/h2><ul><li>Avoir obtenu 60 ECTS pour les PASS\u00a0<\/li><li>Avoir d\u00fbment compl\u00e9t\u00e9 le formulaire de demande de passerelle<\/li><li>Avoir un passeport m\u00e9dical complet<\/li><\/ul><h2>Formulaire de demande de passerelle<\/h2>\t\t\t\t\t\t<\/div>\n\t\t\t\t<\/div>\n\t\t\t\t<div class=\"elementor-element elementor-element-6e71884 elementor-cta--skin-cover elementor-animated-content elementor-bg-transform elementor-bg-transform-zoom-in elementor-widget elementor-widget-call-to-action\" data-id=\"6e71884\" data-element_type=\"widget\" data-widget_type=\"call-to-action.default\">\n\t\t\t\t<div class=\"elementor-widget-container\">\n\t\t\t\t\t<a class=\"elementor-cta\" href=\"https:\/\/www.chu-tours.fr\/ecoles-du-chru-de-tours\/wp-content\/uploads\/sites\/10\/2026\/04\/Formulaire-demande-de-passerelle-2026-v2.pdf\" target=\"_blank\">\n\t\t\t\t\t<div class=\"elementor-cta__bg-wrapper\">\n\t\t\t\t<div class=\"elementor-cta__bg elementor-bg\" style=\"background-image: url(https:\/\/www.chu-tours.fr\/ecoles-du-chru-de-tours\/wp-content\/uploads\/sites\/10\/2021\/09\/Carre-rose.png);\" role=\"img\" aria-label=\"Carr\u00e9 rose\"><\/div>\n\t\t\t\t<div class=\"elementor-cta__bg-overlay\"><\/div>\n\t\t\t<\/div>\n\t\t\t\t\t\t\t<div class=\"elementor-cta__content\">\n\t\t\t\t\n\t\t\t\t\t\t\t\t\t<h5 class=\"elementor-cta__title elementor-cta__content-item elementor-content-item elementor-animated-item--grow\">\n\t\t\t\t\t\tFormulaire de demande de passerelle \t\t\t\t\t<\/h5>\n\t\t\t\t\n\t\t\t\t\n\t\t\t\t\t\t\t\t\t<div class=\"elementor-cta__button-wrapper elementor-cta__content-item elementor-content-item elementor-animated-item--grow\">\n\t\t\t\t\t<span class=\"elementor-cta__button elementor-button elementor-size-\">\n\t\t\t\t\t\tJe t\u00e9l\u00e9charge le formulaire\t\t\t\t\t<\/span>\n\t\t\t\t\t<\/div>\n\t\t\t\t\t\t\t<\/div>\n\t\t\t\t\t\t<\/a>\n\t\t\t\t<\/div>\n\t\t\t\t<\/div>\n\t\t\t\t\t<\/div>\n\t\t<\/div>\n\t\t\t\t\t<\/div>\n\t\t<\/section>\n\t\t\t\t<section class=\"elementor-section elementor-top-section elementor-element elementor-element-3c58272 elementor-section-boxed elementor-section-height-default elementor-section-height-default\" data-id=\"3c58272\" data-element_type=\"section\">\n\t\t\t\t\t\t<div class=\"elementor-container elementor-column-gap-default\">\n\t\t\t\t\t<div class=\"elementor-column elementor-col-100 elementor-top-column elementor-element elementor-element-690c511\" data-id=\"690c511\" data-element_type=\"column\">\n\t\t\t<div class=\"elementor-widget-wrap elementor-element-populated\">\n\t\t\t\t\t\t<div class=\"elementor-element elementor-element-dda4b43 elementor-widget elementor-widget-text-editor\" data-id=\"dda4b43\" data-element_type=\"widget\" data-widget_type=\"text-editor.default\">\n\t\t\t\t<div class=\"elementor-widget-container\">\n\t\t\t\t\t\t\t<h2>Dates-cl\u00e9s<\/h2>\t\t\t\t\t\t<\/div>\n\t\t\t\t<\/div>\n\t\t\t\t\t<\/div>\n\t\t<\/div>\n\t\t\t\t\t<\/div>\n\t\t<\/section>\n\t\t\t\t<section class=\"elementor-section elementor-top-section elementor-element elementor-element-667fddd elementor-section-boxed elementor-section-height-default elementor-section-height-default\" data-id=\"667fddd\" data-element_type=\"section\">\n\t\t\t\t\t\t<div class=\"elementor-container elementor-column-gap-default\">\n\t\t\t\t\t<div class=\"elementor-column elementor-col-100 elementor-top-column elementor-element elementor-element-03560a0\" data-id=\"03560a0\" data-element_type=\"column\">\n\t\t\t<div class=\"elementor-widget-wrap elementor-element-populated\">\n\t\t\t\t\t\t<div class=\"elementor-element elementor-element-2a91b89 elementor-widget elementor-widget-text-editor\" data-id=\"2a91b89\" data-element_type=\"widget\" data-widget_type=\"text-editor.default\">\n\t\t\t\t<div class=\"elementor-widget-container\">\n\t\t\t\t\t\t\t<p><strong>D\u00e9p\u00f4t des demandes de passerelle en L2 \u00e0 partir du 1er juin 2026 jusqu\u2019au 10 juillet 2026 minuit par mail :\u202f<a href=\"mailto:secretariat.iftlm@chu-tours.fr\">secretariat.iftlm@chu-tours.fr\u00a0<\/a><\/strong><\/p><p>Commission de s\u00e9lection des dossiers de demande les plus recevables au regard du nombre de places restantes\u202f: 10 juillet 2026<\/p>\t\t\t\t\t\t<\/div>\n\t\t\t\t<\/div>\n\t\t\t\t<div class=\"elementor-element elementor-element-6cf1aa8 elementor-widget elementor-widget-text-editor\" data-id=\"6cf1aa8\" data-element_type=\"widget\" data-widget_type=\"text-editor.default\">\n\t\t\t\t<div class=\"elementor-widget-container\">\n\t\t\t\t\t\t\t<h2>Proc\u00e9dure d\u2019inscription d\u00e9finitive et modalit\u00e9s d\u2019int\u00e9gration en 2\u00e8me ann\u00e9e<\/h2><p>\u00a0<\/p><ul><li>Transmission du dossier d\u2019inscription d\u00e9finitif avec le passeport m\u00e9dical 13 et le 17 juillet 2026 aux candidats retenus\u00a0<\/li><li>Mise \u00e0 disposition des enseignements sur l\u2019espace Num\u00e9rique de Travail de l\u2019institut\u00a0du\u00a021 au 25 juillet 2026<\/li><li>Rentr\u00e9e anticip\u00e9e en 2\u00e8me de formation et retour du dossier d\u2019inscription complet : 28 juillet 2026 \u00e0 l\u2019IFTLM<\/li><li>Journ\u00e9e int\u00e9gration sur le site des \u00e9coles 20 juillet 2026<\/li><li>Stage :\u00a0du 21 juillet au 14\u00a0 ao\u00fbt 2026<\/li><li>Rentr\u00e9e en 2\u00e8me\u00a0ann\u00e9e de formation : 31 ao\u00fbt 2026<\/li><\/ul>\t\t\t\t\t\t<\/div>\n\t\t\t\t<\/div>\n\t\t\t\t\t<\/div>\n\t\t<\/div>\n\t\t\t\t\t<\/div>\n\t\t<\/section>\n\t\t\t\t<section class=\"elementor-section elementor-top-section elementor-element elementor-element-85d84b1 elementor-section-boxed elementor-section-height-default elementor-section-height-default\" data-id=\"85d84b1\" data-element_type=\"section\">\n\t\t\t\t\t\t<div class=\"elementor-container elementor-column-gap-default\">\n\t\t\t\t\t<div class=\"elementor-column elementor-col-100 elementor-top-column elementor-element elementor-element-a6adfd5\" data-id=\"a6adfd5\" data-element_type=\"column\">\n\t\t\t<div class=\"elementor-widget-wrap elementor-element-populated\">\n\t\t\t\t\t\t<div class=\"elementor-element elementor-element-6ecf54f elementor-widget elementor-widget-text-editor\" data-id=\"6ecf54f\" data-element_type=\"widget\" data-widget_type=\"text-editor.default\">\n\t\t\t\t<div class=\"elementor-widget-container\">\n\t\t\t\t\t\t\t<h2>Contact<\/h2>\n<p><strong>Institut de Formation de Technicien de Laboratoire M\u00e9dical<br><\/strong>\u00c9coles du CHRU de tours, <br>37044 TOURS Cedex 9<\/p>\n<p>\u2706 : 02 47 47 38 23<\/p>\n<p>\ud83d\udd82&nbsp;:&nbsp;<a class=\"mail-link\" target=\"_blank\" rel=\"noopener\" data-enc-email=\"frpergnevng.vsgyz[at]puh-gbhef.se\" data-wpel-link=\"ignore\"><strong>secretariat.iftlm@<\/strong><strong>chu-tours.fr<\/strong><\/a><\/p>\t\t\t\t\t\t<\/div>\n\t\t\t\t<\/div>\n\t\t\t\t\t<\/div>\n\t\t<\/div>\n\t\t\t\t\t<\/div>\n\t\t<\/section>\n\t\t\t\t<section class=\"elementor-section elementor-top-section elementor-element elementor-element-038d577 elementor-section-boxed elementor-section-height-default elementor-section-height-default\" data-id=\"038d577\" data-element_type=\"section\">\n\t\t\t\t\t\t<div class=\"elementor-container elementor-column-gap-default\">\n\t\t\t\t\t<div class=\"elementor-column elementor-col-100 elementor-top-column elementor-element elementor-element-33f059f\" data-id=\"33f059f\" data-element_type=\"column\">\n\t\t\t<div class=\"elementor-widget-wrap elementor-element-populated\">\n\t\t\t\t\t\t<div class=\"elementor-element elementor-element-de94c3d elementor-widget elementor-widget-text-editor\" data-id=\"de94c3d\" data-element_type=\"widget\" data-widget_type=\"text-editor.default\">\n\t\t\t\t<div class=\"elementor-widget-container\">\n\t\t\t\t\t\t\t<p style=\"text-align: right\"><em><span style=\"font-size: 8pt\">Mise \u00e0 jour : 10\/04\/2026<\/span><\/em><\/p>\t\t\t\t\t\t<\/div>\n\t\t\t\t<\/div>\n\t\t\t\t\t<\/div>\n\t\t<\/div>\n\t\t\t\t\t<\/div>\n\t\t<\/section>\n\t\t\t\t<\/div>\n\t\t","protected":false},"excerpt":{"rendered":"<p>Nombre de places limit\u00e9es \u00e0 la capacit\u00e9 d\u2019accueil de l\u2019institut en 2\u00e8me ann\u00e9e de formation\u00a0\u00a0 Qui sont concern\u00e9s\u00a0 Les \u00e9tudiants ayant suivi et valid\u00e9 une Licence mention Science de la vie parcours Biologie Sant\u00e9. Les \u00e9tudiants ayant suivi et valid\u00e9 une premi\u00e8re ann\u00e9e de formation en BUT g\u00e9nie biologique parcours biologie m\u00e9dicale et biotechnologie. Les [&hellip;]<\/p>\n","protected":false},"author":18,"featured_media":0,"parent":0,"menu_order":0,"comment_status":"closed","ping_status":"closed","template":"","meta":{"_seopress_robots_primary_cat":"","_seopress_titles_title":"","_seopress_titles_desc":"","_seopress_robots_index":"","_exactmetrics_skip_tracking":false,"_exactmetrics_sitenote_active":false,"_exactmetrics_sitenote_note":"","_exactmetrics_sitenote_category":0,"_genesis_hide_title":false,"_genesis_hide_breadcrumbs":false,"_genesis_hide_singular_image":false,"_genesis_hide_footer_widgets":false,"_genesis_custom_body_class":"","_genesis_custom_post_class":"","_genesis_layout":"","footnotes":""},"publishpress_future_action":{"enabled":false,"date":"2026-05-19 22:12:20","action":"change-status","newStatus":"draft","terms":[],"taxonomy":""},"_links":{"self":[{"href":"https:\/\/www.chu-tours.fr\/ecoles-du-chru-de-tours\/wp-json\/wp\/v2\/pages\/8870"}],"collection":[{"href":"https:\/\/www.chu-tours.fr\/ecoles-du-chru-de-tours\/wp-json\/wp\/v2\/pages"}],"about":[{"href":"https:\/\/www.chu-tours.fr\/ecoles-du-chru-de-tours\/wp-json\/wp\/v2\/types\/page"}],"author":[{"embeddable":true,"href":"https:\/\/www.chu-tours.fr\/ecoles-du-chru-de-tours\/wp-json\/wp\/v2\/users\/18"}],"replies":[{"embeddable":true,"href":"https:\/\/www.chu-tours.fr\/ecoles-du-chru-de-tours\/wp-json\/wp\/v2\/comments?post=8870"}],"version-history":[{"count":20,"href":"https:\/\/www.chu-tours.fr\/ecoles-du-chru-de-tours\/wp-json\/wp\/v2\/pages\/8870\/revisions"}],"predecessor-version":[{"id":14113,"href":"https:\/\/www.chu-tours.fr\/ecoles-du-chru-de-tours\/wp-json\/wp\/v2\/pages\/8870\/revisions\/14113"}],"wp:attachment":[{"href":"https:\/\/www.chu-tours.fr\/ecoles-du-chru-de-tours\/wp-json\/wp\/v2\/media?parent=8870"}],"curies":[{"name":"wp","href":"https:\/\/api.w.org\/{rel}","templated":true}]}}