{"id":8866,"date":"2024-03-01T13:53:58","date_gmt":"2024-03-01T12:53:58","guid":{"rendered":"https:\/\/www.chu-tours.fr\/ecoles-du-chru-de-tours\/?page_id=8866"},"modified":"2025-06-17T08:33:52","modified_gmt":"2025-06-17T06:33:52","slug":"passerelle-directe-en-l2-diplome-detat-manipulateur-en-electroradiologie-medicale-suite-a-pass-las","status":"publish","type":"page","link":"https:\/\/www.chu-tours.fr\/ecoles-du-chru-de-tours\/passerelle-directe-en-l2-diplome-detat-manipulateur-en-electroradiologie-medicale-suite-a-pass-las\/","title":{"rendered":"Passerelle directe en L2 dipl\u00f4me d\u2019\u00c9tat Manipulateur en \u00e9lectroradiologie m\u00e9dicale suite \u00e0 PASS-LAS"},"content":{"rendered":"\t\t<div data-elementor-type=\"wp-page\" data-elementor-id=\"8866\" class=\"elementor elementor-8866\" data-elementor-post-type=\"page\">\n\t\t\t\t\t\t<section class=\"elementor-section elementor-top-section elementor-element elementor-element-708ae8f elementor-section-boxed elementor-section-height-default elementor-section-height-default\" data-id=\"708ae8f\" data-element_type=\"section\">\n\t\t\t\t\t\t<div class=\"elementor-container elementor-column-gap-default\">\n\t\t\t\t\t<div class=\"elementor-column elementor-col-100 elementor-top-column elementor-element elementor-element-83bf491\" data-id=\"83bf491\" data-element_type=\"column\">\n\t\t\t<div class=\"elementor-widget-wrap elementor-element-populated\">\n\t\t\t\t\t\t<section class=\"elementor-section elementor-inner-section elementor-element elementor-element-66f4b52 elementor-section-boxed elementor-section-height-default elementor-section-height-default\" data-id=\"66f4b52\" data-element_type=\"section\">\n\t\t\t\t\t\t<div class=\"elementor-container elementor-column-gap-default\">\n\t\t\t\t\t<div class=\"elementor-column elementor-col-50 elementor-inner-column elementor-element elementor-element-e1738c0\" data-id=\"e1738c0\" data-element_type=\"column\">\n\t\t\t<div class=\"elementor-widget-wrap elementor-element-populated\">\n\t\t\t\t\t\t<div class=\"elementor-element elementor-element-d129d2a elementor-widget elementor-widget-image\" data-id=\"d129d2a\" data-element_type=\"widget\" data-widget_type=\"image.default\">\n\t\t\t\t<div class=\"elementor-widget-container\">\n\t\t\t\t\t\t\t\t\t\t\t\t\t<img fetchpriority=\"high\" decoding=\"async\" width=\"640\" height=\"480\" src=\"https:\/\/www.chu-tours.fr\/ecoles-du-chru-de-tours\/wp-content\/uploads\/sites\/10\/2021\/06\/CESA-2021.1.jpg\" class=\"attachment-slider-home size-slider-home wp-image-654\" alt=\"Ecoles du CHRU vu du ciel\" srcset=\"https:\/\/www.chu-tours.fr\/ecoles-du-chru-de-tours\/wp-content\/uploads\/sites\/10\/2021\/06\/CESA-2021.1.jpg 640w, https:\/\/www.chu-tours.fr\/ecoles-du-chru-de-tours\/wp-content\/uploads\/sites\/10\/2021\/06\/CESA-2021.1-300x225.jpg 300w, https:\/\/www.chu-tours.fr\/ecoles-du-chru-de-tours\/wp-content\/uploads\/sites\/10\/2021\/06\/CESA-2021.1-70x52.jpg 70w\" sizes=\"(max-width: 640px) 100vw, 640px\" \/>\t\t\t\t\t\t\t\t\t\t\t\t\t<\/div>\n\t\t\t\t<\/div>\n\t\t\t\t\t<\/div>\n\t\t<\/div>\n\t\t\t\t<div class=\"elementor-column elementor-col-50 elementor-inner-column elementor-element elementor-element-b0a0790\" data-id=\"b0a0790\" data-element_type=\"column\">\n\t\t\t<div class=\"elementor-widget-wrap elementor-element-populated\">\n\t\t\t\t\t\t<div class=\"elementor-element elementor-element-95b42d7 elementor-widget elementor-widget-text-editor\" data-id=\"95b42d7\" data-element_type=\"widget\" data-widget_type=\"text-editor.default\">\n\t\t\t\t<div class=\"elementor-widget-container\">\n\t\t\t\t\t\t\t<p class=\"MsoNormal\"><strong>Nombre de places limit\u00e9es \u00e0 la capacit\u00e9 d\u2019accueil de l\u2019institut en 2\u00e8me ann\u00e9e de formation\u00a0\u00a0<\/strong><\/p><h2>Qui sont concern\u00e9s\u00a0<\/h2><ul><li>Les \u00e9tudiants inscrits \u00e0 la Facult\u00e9 de M\u00e9decine dans l\u2019ann\u00e9e de r\u00e9f\u00e9rence en PASS-LAS<\/li><li>Les \u00e9tudiants d\u00e9tenant <u>obligatoirement<\/u> 60 ECTS en session 1 ou en session 2 de rattrapage \u00e0 l\u2019issue de leur ann\u00e9e PASS\/LAS<\/li><\/ul>\t\t\t\t\t\t<\/div>\n\t\t\t\t<\/div>\n\t\t\t\t\t<\/div>\n\t\t<\/div>\n\t\t\t\t\t<\/div>\n\t\t<\/section>\n\t\t\t\t\t<\/div>\n\t\t<\/div>\n\t\t\t\t\t<\/div>\n\t\t<\/section>\n\t\t\t\t<section class=\"elementor-section elementor-top-section elementor-element elementor-element-060c531 elementor-section-boxed elementor-section-height-default elementor-section-height-default\" data-id=\"060c531\" data-element_type=\"section\">\n\t\t\t\t\t\t<div class=\"elementor-container elementor-column-gap-default\">\n\t\t\t\t\t<div class=\"elementor-column elementor-col-100 elementor-top-column elementor-element elementor-element-3896800\" data-id=\"3896800\" data-element_type=\"column\">\n\t\t\t<div class=\"elementor-widget-wrap elementor-element-populated\">\n\t\t\t\t\t\t<div class=\"elementor-element elementor-element-7fcd2c3 elementor-widget elementor-widget-text-editor\" data-id=\"7fcd2c3\" data-element_type=\"widget\" data-widget_type=\"text-editor.default\">\n\t\t\t\t<div class=\"elementor-widget-container\">\n\t\t\t\t\t\t\t<h2>Conditions d&#8217;admission<\/h2><ul><li>Avoir obtenu 60 ECTS pour les PASS\/LAS<\/li><li>Avoir d\u00fbment compl\u00e9t\u00e9 le formulaire de demande de passerelle<\/li><li>Avoir un passeport m\u00e9dical complet<\/li><\/ul><h2>Formulaire de demande de passerelle<\/h2>\t\t\t\t\t\t<\/div>\n\t\t\t\t<\/div>\n\t\t\t\t\t<\/div>\n\t\t<\/div>\n\t\t\t\t\t<\/div>\n\t\t<\/section>\n\t\t\t\t<section class=\"elementor-section elementor-top-section elementor-element elementor-element-5eacbef elementor-section-boxed elementor-section-height-default elementor-section-height-default\" data-id=\"5eacbef\" data-element_type=\"section\">\n\t\t\t\t\t\t<div class=\"elementor-container elementor-column-gap-default\">\n\t\t\t\t\t<div class=\"elementor-column elementor-col-100 elementor-top-column elementor-element elementor-element-355dd22\" data-id=\"355dd22\" data-element_type=\"column\">\n\t\t\t<div class=\"elementor-widget-wrap elementor-element-populated\">\n\t\t\t\t\t\t<div class=\"elementor-element elementor-element-ce834e2 elementor-cta--skin-cover elementor-animated-content elementor-bg-transform elementor-bg-transform-zoom-in elementor-widget elementor-widget-call-to-action\" data-id=\"ce834e2\" data-element_type=\"widget\" data-widget_type=\"call-to-action.default\">\n\t\t\t\t<div class=\"elementor-widget-container\">\n\t\t\t\t\t<a class=\"elementor-cta\" href=\"https:\/\/www.chu-tours.fr\/ecoles-du-chru-de-tours\/wp-content\/uploads\/sites\/10\/2025\/06\/Formulaire-demande-de-passerelle-2025.pdf\" target=\"_blank\">\n\t\t\t\t\t<div class=\"elementor-cta__bg-wrapper\">\n\t\t\t\t<div class=\"elementor-cta__bg elementor-bg\" style=\"background-image: url(https:\/\/www.chu-tours.fr\/ecoles-du-chru-de-tours\/wp-content\/uploads\/sites\/10\/2021\/09\/Carre-rose.png);\" role=\"img\" aria-label=\"Carr\u00e9 rose\"><\/div>\n\t\t\t\t<div class=\"elementor-cta__bg-overlay\"><\/div>\n\t\t\t<\/div>\n\t\t\t\t\t\t\t<div class=\"elementor-cta__content\">\n\t\t\t\t\n\t\t\t\t\t\t\t\t\t<h5 class=\"elementor-cta__title elementor-cta__content-item elementor-content-item elementor-animated-item--grow\">\n\t\t\t\t\t\tFormulaire de demande de passerelle \t\t\t\t\t<\/h5>\n\t\t\t\t\n\t\t\t\t\n\t\t\t\t\t\t\t\t\t<div class=\"elementor-cta__button-wrapper elementor-cta__content-item elementor-content-item elementor-animated-item--grow\">\n\t\t\t\t\t<span class=\"elementor-cta__button elementor-button elementor-size-\">\n\t\t\t\t\t\tJe t\u00e9l\u00e9charge le formulaire\t\t\t\t\t<\/span>\n\t\t\t\t\t<\/div>\n\t\t\t\t\t\t\t<\/div>\n\t\t\t\t\t\t<\/a>\n\t\t\t\t<\/div>\n\t\t\t\t<\/div>\n\t\t\t\t\t<\/div>\n\t\t<\/div>\n\t\t\t\t\t<\/div>\n\t\t<\/section>\n\t\t\t\t<section class=\"elementor-section elementor-top-section elementor-element elementor-element-d431e7f elementor-section-boxed elementor-section-height-default elementor-section-height-default\" data-id=\"d431e7f\" data-element_type=\"section\">\n\t\t\t\t\t\t<div class=\"elementor-container elementor-column-gap-default\">\n\t\t\t\t\t<div class=\"elementor-column elementor-col-100 elementor-top-column elementor-element elementor-element-a26e325\" data-id=\"a26e325\" data-element_type=\"column\">\n\t\t\t<div class=\"elementor-widget-wrap elementor-element-populated\">\n\t\t\t\t\t\t<div class=\"elementor-element elementor-element-ec460bf elementor-widget elementor-widget-text-editor\" data-id=\"ec460bf\" data-element_type=\"widget\" data-widget_type=\"text-editor.default\">\n\t\t\t\t<div class=\"elementor-widget-container\">\n\t\t\t\t\t\t\t<h2>Dates-cl\u00e9s<\/h2>\t\t\t\t\t\t<\/div>\n\t\t\t\t<\/div>\n\t\t\t\t\t<\/div>\n\t\t<\/div>\n\t\t\t\t\t<\/div>\n\t\t<\/section>\n\t\t\t\t<section class=\"elementor-section elementor-top-section elementor-element elementor-element-dfe8a9a elementor-section-boxed elementor-section-height-default elementor-section-height-default\" data-id=\"dfe8a9a\" data-element_type=\"section\">\n\t\t\t\t\t\t<div class=\"elementor-container elementor-column-gap-default\">\n\t\t\t\t\t<div class=\"elementor-column elementor-col-100 elementor-top-column elementor-element elementor-element-d679b4d\" data-id=\"d679b4d\" data-element_type=\"column\">\n\t\t\t<div class=\"elementor-widget-wrap elementor-element-populated\">\n\t\t\t\t\t\t<div class=\"elementor-element elementor-element-26be725 elementor-widget elementor-widget-text-editor\" data-id=\"26be725\" data-element_type=\"widget\" data-widget_type=\"text-editor.default\">\n\t\t\t\t<div class=\"elementor-widget-container\">\n\t\t\t\t\t\t\t<p><b><span data-contrast=\"auto\">D\u00e9p\u00f4t des demandes de passerelle en L2 du 2 juin 2025 au 10 juillet 2025 minuit par mail :\u00a0\u00a0<\/span><\/b><a href=\"mailto:ecole.radio@chu-tours.fr\"><span style=\"font-weight: var( --e-global-typography-text-font-weight );font-size: 1rem\">ecole.radio@chu-tours.fr\u00a0<\/span><\/a><\/p><p><span data-contrast=\"auto\">Commission de s\u00e9lection des dossiers de demande les plus recevables au regard du nombre de places restantes\u202f: <\/span><span data-contrast=\"none\">11 juillet 2025<\/span><span data-ccp-props=\"{&quot;134233117&quot;:true,&quot;134233118&quot;:true,&quot;201341983&quot;:0,&quot;335559740&quot;:240}\">\u00a0<\/span><\/p>\t\t\t\t\t\t<\/div>\n\t\t\t\t<\/div>\n\t\t\t\t<div class=\"elementor-element elementor-element-c207306 elementor-widget elementor-widget-text-editor\" data-id=\"c207306\" data-element_type=\"widget\" data-widget_type=\"text-editor.default\">\n\t\t\t\t<div class=\"elementor-widget-container\">\n\t\t\t\t\t\t\t<h2>Proc\u00e9dure d\u2019inscription d\u00e9finitive et modalit\u00e9s d\u2019int\u00e9gration en 2\u00e8me ou 3\u00e8me ann\u00e9e<\/h2><ul><li>Transmission du dossier d\u2019inscription d\u00e9finitif avec le passeport m\u00e9dical <span class=\"TextRun SCXW219361115 BCX0\" lang=\"FR-FR\" xml:lang=\"FR-FR\" data-contrast=\"none\"><span class=\"NormalTextRun SCXW219361115 BCX0\">15 et le 18 juillet <\/span><span class=\"NormalTextRun SCXW219361115 BCX0\">2025<\/span> <\/span><span class=\"TextRun SCXW219361115 BCX0\" lang=\"FR-FR\" xml:lang=\"FR-FR\" data-contrast=\"auto\"><span class=\"NormalTextRun SCXW219361115 BCX0\">aux candidats retenus<\/span><\/span><span class=\"EOP SCXW219361115 BCX0\" data-ccp-props=\"{&quot;134233117&quot;:true,&quot;134233118&quot;:true,&quot;201341983&quot;:0,&quot;335559740&quot;:240}\">\u00a0<\/span><\/li><li>Mise \u00e0 disposition des enseignements sur l\u2019espace Num\u00e9rique de Travail de l\u2019institut <span class=\"TextRun SCXW4549741 BCX0\" lang=\"FR-FR\" xml:lang=\"FR-FR\" data-contrast=\"auto\"><span class=\"NormalTextRun SCXW4549741 BCX0\">du <\/span><\/span><span class=\"TextRun SCXW4549741 BCX0\" lang=\"FR-FR\" xml:lang=\"FR-FR\" data-contrast=\"none\"><span class=\"NormalTextRun SCXW4549741 BCX0\">21 au 25 juillet 2025<\/span><\/span><\/li><li>Rentr\u00e9e anticip\u00e9e en 2<sup>\u00e8me<\/sup> ou 3<sup>\u00e8me<\/sup> ann\u00e9e de formation et retour du dossier d\u2019inscription complet : 28 juillet 2025 \u00e0 l\u2019IFMEM<\/li><li>Stage en radiologie scanner : <span class=\"TextRun SCXW48168508 BCX0\" lang=\"FR-FR\" xml:lang=\"FR-FR\" data-contrast=\"auto\"><span class=\"NormalTextRun SCXW48168508 BCX0\">du <\/span><\/span><span class=\"TextRun SCXW48168508 BCX0\" lang=\"FR-FR\" xml:lang=\"FR-FR\" data-contrast=\"none\"><span class=\"NormalTextRun SCXW48168508 BCX0\">29 juillet au 22 ao\u00fbt 2025<\/span><\/span><\/li><li>Rentr\u00e9e en L2 avec la promotion\u00a0: 29 ao\u00fbt 2025<\/li><\/ul>\t\t\t\t\t\t<\/div>\n\t\t\t\t<\/div>\n\t\t\t\t\t<\/div>\n\t\t<\/div>\n\t\t\t\t\t<\/div>\n\t\t<\/section>\n\t\t\t\t<section class=\"elementor-section elementor-top-section elementor-element elementor-element-a95bc27 elementor-section-boxed elementor-section-height-default elementor-section-height-default\" data-id=\"a95bc27\" data-element_type=\"section\">\n\t\t\t\t\t\t<div class=\"elementor-container elementor-column-gap-default\">\n\t\t\t\t\t<div class=\"elementor-column elementor-col-100 elementor-top-column elementor-element elementor-element-9e03d69\" data-id=\"9e03d69\" data-element_type=\"column\">\n\t\t\t<div class=\"elementor-widget-wrap elementor-element-populated\">\n\t\t\t\t\t\t<div class=\"elementor-element elementor-element-821eaaf elementor-widget elementor-widget-text-editor\" data-id=\"821eaaf\" data-element_type=\"widget\" data-widget_type=\"text-editor.default\">\n\t\t\t\t<div class=\"elementor-widget-container\">\n\t\t\t\t\t\t\t<h2>Contact<\/h2><p><strong>Institut de Formation de Manipulateur d\u2019\u00c9lectroradiologie M\u00e9dicale \u2013 IFMEM<\/strong><\/p><p>\u2706 : 02 47 47 37 42<\/p><p>\ud83d\udd82\u00a0:\u00a0<a class=\"mail-link\" target=\"_blank\" rel=\"noopener\" data-enc-email=\"rpbyr.enqvb[at]puh-gbhef.se\" data-wpel-link=\"ignore\"><span id=\"eeb-222474-645679\">ecole.radio@chu-tours.fr<\/span><\/a><\/p>\t\t\t\t\t\t<\/div>\n\t\t\t\t<\/div>\n\t\t\t\t\t<\/div>\n\t\t<\/div>\n\t\t\t\t\t<\/div>\n\t\t<\/section>\n\t\t\t\t<section class=\"elementor-section elementor-top-section elementor-element elementor-element-1f679d5 elementor-section-boxed elementor-section-height-default elementor-section-height-default\" data-id=\"1f679d5\" data-element_type=\"section\">\n\t\t\t\t\t\t<div class=\"elementor-container elementor-column-gap-default\">\n\t\t\t\t\t<div class=\"elementor-column elementor-col-100 elementor-top-column elementor-element elementor-element-2f57ea4\" data-id=\"2f57ea4\" data-element_type=\"column\">\n\t\t\t<div class=\"elementor-widget-wrap elementor-element-populated\">\n\t\t\t\t\t\t<div class=\"elementor-element elementor-element-96177c7 elementor-widget elementor-widget-text-editor\" data-id=\"96177c7\" data-element_type=\"widget\" data-widget_type=\"text-editor.default\">\n\t\t\t\t<div class=\"elementor-widget-container\">\n\t\t\t\t\t\t\t<p style=\"text-align: right\"><em><span style=\"font-size: 8pt\">Mise \u00e0 jour : 17\/06\/2025<\/span><\/em><\/p>\t\t\t\t\t\t<\/div>\n\t\t\t\t<\/div>\n\t\t\t\t\t<\/div>\n\t\t<\/div>\n\t\t\t\t\t<\/div>\n\t\t<\/section>\n\t\t\t\t<\/div>\n\t\t","protected":false},"excerpt":{"rendered":"<p>Nombre de places limit\u00e9es \u00e0 la capacit\u00e9 d\u2019accueil de l\u2019institut en 2\u00e8me ann\u00e9e de formation\u00a0\u00a0 Qui sont concern\u00e9s\u00a0 Les \u00e9tudiants inscrits \u00e0 la Facult\u00e9 de M\u00e9decine dans l\u2019ann\u00e9e de r\u00e9f\u00e9rence en PASS-LAS Les \u00e9tudiants d\u00e9tenant obligatoirement 60 ECTS en session 1 ou en session 2 de rattrapage \u00e0 l\u2019issue de leur ann\u00e9e PASS\/LAS Conditions d&#8217;admission [&hellip;]<\/p>\n","protected":false},"author":18,"featured_media":0,"parent":0,"menu_order":0,"comment_status":"closed","ping_status":"closed","template":"","meta":{"_seopress_robots_primary_cat":"","_seopress_titles_title":"","_seopress_titles_desc":"","_seopress_robots_index":"","_exactmetrics_skip_tracking":false,"_exactmetrics_sitenote_active":false,"_exactmetrics_sitenote_note":"","_exactmetrics_sitenote_category":0,"_genesis_hide_title":false,"_genesis_hide_breadcrumbs":false,"_genesis_hide_singular_image":false,"_genesis_hide_footer_widgets":false,"_genesis_custom_body_class":"","_genesis_custom_post_class":"","_genesis_layout":"","footnotes":""},"publishpress_future_action":{"enabled":false,"date":"2026-05-19 22:57:01","action":"change-status","newStatus":"draft","terms":[],"taxonomy":""},"_links":{"self":[{"href":"https:\/\/www.chu-tours.fr\/ecoles-du-chru-de-tours\/wp-json\/wp\/v2\/pages\/8866"}],"collection":[{"href":"https:\/\/www.chu-tours.fr\/ecoles-du-chru-de-tours\/wp-json\/wp\/v2\/pages"}],"about":[{"href":"https:\/\/www.chu-tours.fr\/ecoles-du-chru-de-tours\/wp-json\/wp\/v2\/types\/page"}],"author":[{"embeddable":true,"href":"https:\/\/www.chu-tours.fr\/ecoles-du-chru-de-tours\/wp-json\/wp\/v2\/users\/18"}],"replies":[{"embeddable":true,"href":"https:\/\/www.chu-tours.fr\/ecoles-du-chru-de-tours\/wp-json\/wp\/v2\/comments?post=8866"}],"version-history":[{"count":20,"href":"https:\/\/www.chu-tours.fr\/ecoles-du-chru-de-tours\/wp-json\/wp\/v2\/pages\/8866\/revisions"}],"predecessor-version":[{"id":12171,"href":"https:\/\/www.chu-tours.fr\/ecoles-du-chru-de-tours\/wp-json\/wp\/v2\/pages\/8866\/revisions\/12171"}],"wp:attachment":[{"href":"https:\/\/www.chu-tours.fr\/ecoles-du-chru-de-tours\/wp-json\/wp\/v2\/media?parent=8866"}],"curies":[{"name":"wp","href":"https:\/\/api.w.org\/{rel}","templated":true}]}}