{"id":7355,"date":"2023-09-01T13:45:39","date_gmt":"2023-09-01T11:45:39","guid":{"rendered":"https:\/\/www.chu-tours.fr\/ecoles-du-chru-de-tours\/?page_id=7355"},"modified":"2024-11-07T13:59:23","modified_gmt":"2024-11-07T12:59:23","slug":"cesu-37-recyclage-afgsu-1-et-2","status":"publish","type":"page","link":"https:\/\/www.chu-tours.fr\/ecoles-du-chru-de-tours\/cesu-37-recyclage-afgsu-1-et-2\/","title":{"rendered":"CESU 37 &#8211; Recyclage AFGSU 1 et 2"},"content":{"rendered":"\t\t<div data-elementor-type=\"wp-page\" data-elementor-id=\"7355\" class=\"elementor elementor-7355\" data-elementor-post-type=\"page\">\n\t\t\t\t\t\t<section class=\"elementor-section elementor-top-section elementor-element elementor-element-4ed8eb8 elementor-section-boxed elementor-section-height-default elementor-section-height-default\" data-id=\"4ed8eb8\" data-element_type=\"section\">\n\t\t\t\t\t\t<div class=\"elementor-container elementor-column-gap-default\">\n\t\t\t\t\t<div class=\"elementor-column elementor-col-100 elementor-top-column elementor-element elementor-element-d3a5066\" data-id=\"d3a5066\" data-element_type=\"column\">\n\t\t\t<div class=\"elementor-widget-wrap elementor-element-populated\">\n\t\t\t\t\t\t<div class=\"elementor-element elementor-element-f54f096 elementor-tabs-view-horizontal elementor-widget elementor-widget-tabs\" data-id=\"f54f096\" data-element_type=\"widget\" data-widget_type=\"tabs.default\">\n\t\t\t\t<div class=\"elementor-widget-container\">\n\t\t\t\t\t<div class=\"elementor-tabs\">\n\t\t\t<div class=\"elementor-tabs-wrapper\" role=\"tablist\" >\n\t\t\t\t\t\t\t\t\t<div id=\"elementor-tab-title-2571\" class=\"elementor-tab-title elementor-tab-desktop-title\" aria-selected=\"true\" data-tab=\"1\" role=\"tab\" tabindex=\"0\" aria-controls=\"elementor-tab-content-2571\" aria-expanded=\"false\">Formation<\/div>\n\t\t\t\t\t\t\t\t\t<div id=\"elementor-tab-title-2572\" class=\"elementor-tab-title elementor-tab-desktop-title\" aria-selected=\"false\" data-tab=\"2\" role=\"tab\" tabindex=\"-1\" aria-controls=\"elementor-tab-content-2572\" aria-expanded=\"false\">Conditions d\u2019admission et de financement<\/div>\n\t\t\t\t\t\t\t<\/div>\n\t\t\t<div class=\"elementor-tabs-content-wrapper\" role=\"tablist\" aria-orientation=\"vertical\">\n\t\t\t\t\t\t\t\t\t<div class=\"elementor-tab-title elementor-tab-mobile-title\" aria-selected=\"true\" data-tab=\"1\" role=\"tab\" tabindex=\"0\" aria-controls=\"elementor-tab-content-2571\" aria-expanded=\"false\">Formation<\/div>\n\t\t\t\t\t<div id=\"elementor-tab-content-2571\" class=\"elementor-tab-content elementor-clearfix\" data-tab=\"1\" role=\"tabpanel\" aria-labelledby=\"elementor-tab-title-2571\" tabindex=\"0\" hidden=\"false\"><h2>Formation<\/h2><h3>Public vis\u00e9\u00a0<\/h3><p><strong>Le recyclage AFGSU niveau 1 et niveau 2<\/strong> est destin\u00e9e \u00e0 l\u2019ensemble des personnels, non professionnels de sant\u00e9, exer\u00e7ant au sein d\u2019un \u00e9tablissement de sant\u00e9, d\u2019une structure m\u00e9dico-sociale ou aupr\u00e8s d\u2019un professionnel de sant\u00e9 dans un cabinet lib\u00e9ral, une maison de sant\u00e9 ou un centre de sant\u00e9.<\/p><h3>Dur\u00e9e\u00a0<\/h3><p><strong>Recyclages des AFGSU 1 et 2<\/strong> : 7 heures<\/p><h3>Objectifs<\/h3><p><strong>Objectif principal<\/strong><\/p><ul><li>Identification et prise en charge d\u2019une urgence \u00e0 caract\u00e8re m\u00e9dical seul ou en \u00e9quipe en utilisant du mat\u00e9riel non invasif et en attendant l\u2019\u00e9quipe m\u00e9dicale sp\u00e9cialis\u00e9e<\/li><\/ul><p><strong>Objectifs transversaux<\/strong><\/p><ul><li>Identifier une d\u00e9tresse vitale ou potentielle<\/li><li>Conna\u00eetre la proc\u00e9dure d\u2019alerte et construire un message d\u2019alerte clair et concis<\/li><li>Mettre en place une protection adapt\u00e9e pour soi et le patient<\/li><li>Agir en utilisant des techniques non invasives dans l\u2019attente des secours.<\/li><\/ul><h3><strong>Contenu de la formation adapt\u00e9 aux acquis des participants\u00a0<\/strong><\/h3><ul><li>Organisation des secours<\/li><li>Transmission d\u2019un bilan patient<\/li><li>Prise en charge d\u2019urgence vitales et \/ ou potentielles<\/li><\/ul><div><span style=\"color: #0d3182\"><em><a href=\"https:\/\/www.legifrance.gouv.fr\/loda\/id\/JORFTEXT000030084493\" class=\"broken_link\"><span style=\"font-size: 10pt\"> Arr\u00eat\u00e9 du 30 d\u00e9cembre 2014 relatif \u00e0 l&#8217;attestation de formation aux gestes et soins d&#8217;urgence<\/span><\/a><\/em><br \/><\/span><\/div><h3>Atouts de la formation<\/h3><p>Les formations sont essentiellement destin\u00e9es aux personnels m\u00e9dicaux, param\u00e9dicaux et \u00e0 tout professionnel travaillant dans le milieu sanitaire et m\u00e9dico-social :<\/p><ul><li><strong>Enseignement aux gestes et soins d\u2019urgence, urgence collective et situation sanitaires exceptionnelle en formation initiale et continue\u00a0<\/strong>dans un environnement contextualis\u00e9 du domicile \u00e0 l\u2019h\u00f4pital avec du mat\u00e9riel de simulation.<\/li><li><p style=\"margin-top: 0cm;background: white\"><span style=\"font-family: 'Source Sans Pro',sans-serif;color: #0d3182\">Le centre d\u2019enseignement des soins d\u2019urgence est int\u00e9gr\u00e9 au sein du CHRU de Tours. Il dispose de 2 salles, avec chambres de patient reconstitu\u00e9es, et une \u00e9quipe projetable sur site \u00e0 la demande pour r\u00e9pondre aux projets de formations in situ.<\/span><\/p><\/li><\/ul><h3>M\u00e9thodes p\u00e9dagogiques mobilis\u00e9es<\/h3><p>M\u00e9thodes p\u00e9dagogiques actives s\u2019appuyant sur les connaissances ant\u00e9rieures des stagiaires<\/p><ul><li>Ateliers pratiques avec mannequins et mises en situation<\/li><li>Tests d\u2019\u00e9valuation pr\u00e9 et post-formation<\/li><\/ul><h3>Modalit\u00e9s d\u2019\u00e9valuation<\/h3><p>Attestation de pr\u00e9sence \u00e0 l\u2019ensemble des modules<\/p><ul><li>\u00c9valuation continue individuelle permettant la d\u00e9livrance de l\u2019Attestation de Formation aux Gestes et Soins d\u2019Urgence de niveau 1 (AFGSU 1) valable 4 ans (pass\u00e9 ce d\u00e9lai, formation initiale \u00e0 refaire int\u00e9gralement) ou de niveau 2 (AFGSU 2).<\/li><li>\u00c9valuation de la formation par les apprenants.<\/li><\/ul><\/div>\n\t\t\t\t\t\t\t\t\t<div class=\"elementor-tab-title elementor-tab-mobile-title\" aria-selected=\"false\" data-tab=\"2\" role=\"tab\" tabindex=\"-1\" aria-controls=\"elementor-tab-content-2572\" aria-expanded=\"false\">Conditions d\u2019admission et de financement<\/div>\n\t\t\t\t\t<div id=\"elementor-tab-content-2572\" class=\"elementor-tab-content elementor-clearfix\" data-tab=\"2\" role=\"tabpanel\" aria-labelledby=\"elementor-tab-title-2572\" tabindex=\"0\" hidden=\"hidden\"><div class=\"elementor-element elementor-element-d07e0d6 elementor-widget elementor-widget-text-editor\" data-id=\"d07e0d6\" data-element_type=\"widget\" data-widget_type=\"text-editor.default\"><div class=\"elementor-widget-container\"><div class=\"elementor-text-editor elementor-clearfix\"><h2>Les conditions d\u2019admission et de financement<\/h2><\/div><\/div><\/div><div class=\"elementor-element elementor-element-4753377 elementor-widget elementor-widget-text-editor\" data-id=\"4753377\" data-element_type=\"widget\" data-widget_type=\"text-editor.default\"><div class=\"elementor-widget-container\"><div class=\"elementor-text-editor elementor-clearfix\"><h3 style=\"background: white;margin: 30.75pt 0cm 34.5pt 0cm\"><span style=\"font-size: 15.0pt;font-family: 'Source Sans Pro',sans-serif;color: #27a4ad\">Pr\u00e9requis<\/span><\/h3><ul><li style=\"background: white\"><span style=\"font-family: 'Source Sans Pro',sans-serif;color: #0d3182\">Pr\u00e9voir une tenue adapt\u00e9e pour les exercices pratiques, le port du masque \u00abgrand public\u00bb, les cheveux attach\u00e9s, pas de bijou (hygi\u00e8ne des mains), ne pas venir si pr\u00e9sence de toux ou de fi\u00e8vre (donc prise de la temp\u00e9rature corporelle \u00e0 la maison avant de venir), son stylo et du mat\u00e9riel personnel minimum n\u00e9cessaire \u00e0 la formation.<\/span><\/li><\/ul><p style=\"margin-top: 0cm;background: white\"><em><span style=\"font-family: 'Source Sans Pro',sans-serif;color: #0d3182\">En cas d\u2019emp\u00eachement pr\u00e9venir le secr\u00e9tariat du C.E.S.U. au 02.47.47.76.16.<\/span><\/em><\/p><h3><strong>Dates de formation<\/strong><\/h3><p>Contactez le secr\u00e9tariat du CESU37<\/p><h3>D\u00e9lais d\u2019acc\u00e8s<\/h3><p>4 \u00e0 6 mois<\/p><h3>Frais d\u2019inscription\u00a0<\/h3><p><strong> Recyclages des AFGSU 1 et 2<\/strong> : 145 euros<\/p><\/div><\/div><\/div><\/div>\n\t\t\t\t\t\t\t<\/div>\n\t\t<\/div>\n\t\t\t\t<\/div>\n\t\t\t\t<\/div>\n\t\t\t\t<div class=\"elementor-element elementor-element-2034acd elementor-cta--skin-cover elementor-animated-content elementor-bg-transform elementor-bg-transform-zoom-in elementor-widget elementor-widget-call-to-action\" data-id=\"2034acd\" data-element_type=\"widget\" data-widget_type=\"call-to-action.default\">\n\t\t\t\t<div class=\"elementor-widget-container\">\n\t\t\t\t\t<a class=\"elementor-cta broken_link\" href=\"https:\/\/www.chu-tours.fr\/ecoles-du-chru-de-tours\/wp-content\/uploads\/sites\/10\/2024\/07\/Bulletin-dinscription-V4.pdf\" target=\"_blank\">\n\t\t\t\t\t<div class=\"elementor-cta__bg-wrapper\">\n\t\t\t\t<div class=\"elementor-cta__bg elementor-bg\" style=\"background-image: url(https:\/\/www.chu-tours.fr\/ecoles-du-chru-de-tours\/wp-content\/uploads\/sites\/10\/2021\/09\/Carre-vert.png);\" role=\"img\" aria-label=\"Carr\u00e9 vert\"><\/div>\n\t\t\t\t<div class=\"elementor-cta__bg-overlay\"><\/div>\n\t\t\t<\/div>\n\t\t\t\t\t\t\t<div class=\"elementor-cta__content\">\n\t\t\t\t\n\t\t\t\t\t\t\t\t\t<h5 class=\"elementor-cta__title elementor-cta__content-item elementor-content-item elementor-animated-item--grow\">\n\t\t\t\t\t\tBulletin d'inscription formations CESU\t\t\t\t\t<\/h5>\n\t\t\t\t\n\t\t\t\t\n\t\t\t\t\t\t\t\t\t<div class=\"elementor-cta__button-wrapper elementor-cta__content-item elementor-content-item elementor-animated-item--grow\">\n\t\t\t\t\t<span class=\"elementor-cta__button elementor-button elementor-size-\">\n\t\t\t\t\t\tJe t\u00e9l\u00e9charge le bulletin d'inscription\t\t\t\t\t<\/span>\n\t\t\t\t\t<\/div>\n\t\t\t\t\t\t\t<\/div>\n\t\t\t\t\t\t<\/a>\n\t\t\t\t<\/div>\n\t\t\t\t<\/div>\n\t\t\t\t<div class=\"elementor-element elementor-element-6ab239c elementor-widget elementor-widget-text-editor\" data-id=\"6ab239c\" data-element_type=\"widget\" data-widget_type=\"text-editor.default\">\n\t\t\t\t<div class=\"elementor-widget-container\">\n\t\t\t\t\t\t\t<h2>Contacts<\/h2><p><strong>SECR\u00c9TARIAT CESU37 \u2013 Centre d\u2019Enseignement des Soins d\u2019Urgences d\u2019Indre-et-Loire<\/strong><\/p><p>\u2706 : 02.47.47.76.15 ou 7 76 16<\/p><p>\ud83d\udd82 :\u00a0<a href=\"mailto:cesu37@chu-tours.fr\">cesu37@chu-tours.fr<\/a><\/p><p><strong>Accessibilit\u00e9 aux personnes en situation de handicap <\/strong>: Contactez le secr\u00e9tariat du CESU37.<\/p>\t\t\t\t\t\t<\/div>\n\t\t\t\t<\/div>\n\t\t\t\t\t<\/div>\n\t\t<\/div>\n\t\t\t\t\t<\/div>\n\t\t<\/section>\n\t\t\t\t<section class=\"elementor-section elementor-top-section elementor-element elementor-element-ea540d5 elementor-section-boxed elementor-section-height-default elementor-section-height-default\" data-id=\"ea540d5\" data-element_type=\"section\">\n\t\t\t\t\t\t<div class=\"elementor-container elementor-column-gap-default\">\n\t\t\t\t\t<div class=\"elementor-column elementor-col-100 elementor-top-column elementor-element elementor-element-8e414a1\" data-id=\"8e414a1\" data-element_type=\"column\">\n\t\t\t<div class=\"elementor-widget-wrap elementor-element-populated\">\n\t\t\t\t\t\t<section class=\"elementor-section elementor-inner-section elementor-element elementor-element-16fe90f elementor-section-boxed elementor-section-height-default elementor-section-height-default\" data-id=\"16fe90f\" data-element_type=\"section\">\n\t\t\t\t\t\t<div class=\"elementor-container elementor-column-gap-default\">\n\t\t\t\t\t<div class=\"elementor-column elementor-col-50 elementor-inner-column elementor-element elementor-element-6f480f3\" data-id=\"6f480f3\" data-element_type=\"column\">\n\t\t\t<div class=\"elementor-widget-wrap elementor-element-populated\">\n\t\t\t\t\t\t<div class=\"elementor-element elementor-element-fa0feb0 elementor-widget elementor-widget-text-editor\" data-id=\"fa0feb0\" data-element_type=\"widget\" data-widget_type=\"text-editor.default\">\n\t\t\t\t<div class=\"elementor-widget-container\">\n\t\t\t\t\t\t\t<h4><u>RESPONSABLE M\u00c9DICAL<\/u><\/h4><p><strong>Dr Julien CONRAD<br \/><\/strong>Praticien Hospitalier<br \/>Responsable UF CESU<br \/>Urgences &#8211; SAMU &#8211; CESU 37<\/p><p>H\u00d4PITAL TROUSSEAU<br \/>37044 TOURS Cedex 9<\/p>\t\t\t\t\t\t<\/div>\n\t\t\t\t<\/div>\n\t\t\t\t\t<\/div>\n\t\t<\/div>\n\t\t\t\t<div class=\"elementor-column elementor-col-50 elementor-inner-column elementor-element elementor-element-8263e02\" data-id=\"8263e02\" data-element_type=\"column\">\n\t\t\t<div class=\"elementor-widget-wrap elementor-element-populated\">\n\t\t\t\t\t\t<div class=\"elementor-element elementor-element-56d7825 elementor-widget elementor-widget-text-editor\" data-id=\"56d7825\" data-element_type=\"widget\" data-widget_type=\"text-editor.default\">\n\t\t\t\t<div class=\"elementor-widget-container\">\n\t\t\t\t\t\t\t<h4><u>RESPONSABLE P<\/u><u>\u00c9DAGOGIQUE\u00a0<\/u><\/h4><p><strong>Mme Priscilla VIAL<\/strong><\/p><p>H\u00d4PITAL TROUSSEAU<\/p><p>37044 TOURS Cedex 9<\/p>\t\t\t\t\t\t<\/div>\n\t\t\t\t<\/div>\n\t\t\t\t\t<\/div>\n\t\t<\/div>\n\t\t\t\t\t<\/div>\n\t\t<\/section>\n\t\t\t\t\t<\/div>\n\t\t<\/div>\n\t\t\t\t\t<\/div>\n\t\t<\/section>\n\t\t\t\t<section class=\"elementor-section elementor-top-section elementor-element elementor-element-fd28404 elementor-section-boxed elementor-section-height-default elementor-section-height-default\" data-id=\"fd28404\" data-element_type=\"section\">\n\t\t\t\t\t\t<div class=\"elementor-container elementor-column-gap-default\">\n\t\t\t\t\t<div class=\"elementor-column elementor-col-100 elementor-top-column elementor-element elementor-element-0ba8e8d\" data-id=\"0ba8e8d\" data-element_type=\"column\">\n\t\t\t<div class=\"elementor-widget-wrap elementor-element-populated\">\n\t\t\t\t\t\t<div class=\"elementor-element elementor-element-2a4022d elementor-widget elementor-widget-text-editor\" data-id=\"2a4022d\" data-element_type=\"widget\" data-widget_type=\"text-editor.default\">\n\t\t\t\t<div class=\"elementor-widget-container\">\n\t\t\t\t\t\t\t<p style=\"text-align: right\"><span style=\"font-size: 10pt\"><em>Mise \u00e0 jour : 17\/09\/2024<\/em><\/span><\/p>\t\t\t\t\t\t<\/div>\n\t\t\t\t<\/div>\n\t\t\t\t\t<\/div>\n\t\t<\/div>\n\t\t\t\t\t<\/div>\n\t\t<\/section>\n\t\t\t\t<\/div>\n\t\t","protected":false},"excerpt":{"rendered":"<p>Formation Conditions d\u2019admission et de financement Formation Formation Public vis\u00e9\u00a0 Le recyclage AFGSU niveau 1 et niveau 2 est destin\u00e9e \u00e0 l\u2019ensemble des personnels, non professionnels de sant\u00e9, exer\u00e7ant au sein d\u2019un \u00e9tablissement de sant\u00e9, d\u2019une structure m\u00e9dico-sociale ou aupr\u00e8s d\u2019un professionnel de sant\u00e9 dans un cabinet lib\u00e9ral, une maison de sant\u00e9 ou un centre [&hellip;]<\/p>\n","protected":false},"author":18,"featured_media":0,"parent":0,"menu_order":0,"comment_status":"closed","ping_status":"closed","template":"","meta":{"_seopress_robots_primary_cat":"","_seopress_titles_title":"","_seopress_titles_desc":"","_seopress_robots_index":"","_exactmetrics_skip_tracking":false,"_exactmetrics_sitenote_active":false,"_exactmetrics_sitenote_note":"","_exactmetrics_sitenote_category":0,"_genesis_hide_title":false,"_genesis_hide_breadcrumbs":false,"_genesis_hide_singular_image":false,"_genesis_hide_footer_widgets":false,"_genesis_custom_body_class":"","_genesis_custom_post_class":"","_genesis_layout":"","footnotes":""},"publishpress_future_action":{"enabled":false,"date":"2026-04-14 10:58:33","action":"change-status","newStatus":"draft","terms":[],"taxonomy":""},"_links":{"self":[{"href":"https:\/\/www.chu-tours.fr\/ecoles-du-chru-de-tours\/wp-json\/wp\/v2\/pages\/7355"}],"collection":[{"href":"https:\/\/www.chu-tours.fr\/ecoles-du-chru-de-tours\/wp-json\/wp\/v2\/pages"}],"about":[{"href":"https:\/\/www.chu-tours.fr\/ecoles-du-chru-de-tours\/wp-json\/wp\/v2\/types\/page"}],"author":[{"embeddable":true,"href":"https:\/\/www.chu-tours.fr\/ecoles-du-chru-de-tours\/wp-json\/wp\/v2\/users\/18"}],"replies":[{"embeddable":true,"href":"https:\/\/www.chu-tours.fr\/ecoles-du-chru-de-tours\/wp-json\/wp\/v2\/comments?post=7355"}],"version-history":[{"count":20,"href":"https:\/\/www.chu-tours.fr\/ecoles-du-chru-de-tours\/wp-json\/wp\/v2\/pages\/7355\/revisions"}],"predecessor-version":[{"id":10552,"href":"https:\/\/www.chu-tours.fr\/ecoles-du-chru-de-tours\/wp-json\/wp\/v2\/pages\/7355\/revisions\/10552"}],"wp:attachment":[{"href":"https:\/\/www.chu-tours.fr\/ecoles-du-chru-de-tours\/wp-json\/wp\/v2\/media?parent=7355"}],"curies":[{"name":"wp","href":"https:\/\/api.w.org\/{rel}","templated":true}]}}