{"id":506,"date":"2021-06-17T11:59:42","date_gmt":"2021-06-17T09:59:42","guid":{"rendered":"https:\/\/www.chu-tours.fr\/ecoles-du-chru-de-tours\/?page_id=506"},"modified":"2025-11-05T09:31:56","modified_gmt":"2025-11-05T08:31:56","slug":"formation-et-handicap","status":"publish","type":"page","link":"https:\/\/www.chu-tours.fr\/ecoles-du-chru-de-tours\/formation-et-handicap\/","title":{"rendered":"Formation et handicap"},"content":{"rendered":"\t\t<div data-elementor-type=\"wp-page\" data-elementor-id=\"506\" class=\"elementor elementor-506\" data-elementor-post-type=\"page\">\n\t\t\t\t\t\t<section class=\"elementor-section elementor-top-section elementor-element elementor-element-16584ab elementor-section-boxed elementor-section-height-default elementor-section-height-default\" data-id=\"16584ab\" data-element_type=\"section\">\n\t\t\t\t\t\t<div class=\"elementor-container elementor-column-gap-default\">\n\t\t\t\t\t<div class=\"elementor-column elementor-col-100 elementor-top-column elementor-element elementor-element-91747d7\" data-id=\"91747d7\" data-element_type=\"column\">\n\t\t\t<div class=\"elementor-widget-wrap elementor-element-populated\">\n\t\t\t\t\t\t<div class=\"elementor-element elementor-element-59ba5d7 elementor-widget elementor-widget-text-editor\" data-id=\"59ba5d7\" data-element_type=\"widget\" data-widget_type=\"text-editor.default\">\n\t\t\t\t<div class=\"elementor-widget-container\">\n\t\t\t\t\t\t\t<h2>Handicap aux \u00c9coles du CHRU de Tours<\/h2>\t\t\t\t\t\t<\/div>\n\t\t\t\t<\/div>\n\t\t\t\t<section class=\"elementor-section elementor-inner-section elementor-element elementor-element-8181bb4 elementor-section-boxed elementor-section-height-default elementor-section-height-default\" data-id=\"8181bb4\" data-element_type=\"section\">\n\t\t\t\t\t\t<div class=\"elementor-container elementor-column-gap-default\">\n\t\t\t\t\t<div class=\"elementor-column elementor-col-50 elementor-inner-column elementor-element elementor-element-91de1a4\" data-id=\"91de1a4\" data-element_type=\"column\">\n\t\t\t<div class=\"elementor-widget-wrap elementor-element-populated\">\n\t\t\t\t\t\t<div class=\"elementor-element elementor-element-36711d6 elementor-widget elementor-widget-text-editor\" data-id=\"36711d6\" data-element_type=\"widget\" data-widget_type=\"text-editor.default\">\n\t\t\t\t<div class=\"elementor-widget-container\">\n\t\t\t\t\t\t\t<p>L\u2019\u00e9quipe des \u00e9coles du CHRU de Tours est attentive aux besoins de chaque apprenant.\u00a0\u00a0<\/p><p><strong>Les \u00e9tudiants en situation de handicap<\/strong> disposent d\u2019interlocuteurs pour leurs d\u00e9marches tout au long du parcours de formation au sein des \u00e9coles et\/ou sur le lieu de stage.<\/p><p>En lien avec l\u2019\u00e9quipe administrative, deux cadres de sant\u00e9 sont r\u00e9f\u00e9rents handicaps pour les formations initiales et continues.<\/p><p>\u00a0<\/p><p>\u00a0<\/p><p>\u00a0<\/p>\t\t\t\t\t\t<\/div>\n\t\t\t\t<\/div>\n\t\t\t\t\t<\/div>\n\t\t<\/div>\n\t\t\t\t<div class=\"elementor-column elementor-col-50 elementor-inner-column elementor-element elementor-element-719485d\" data-id=\"719485d\" data-element_type=\"column\">\n\t\t\t<div class=\"elementor-widget-wrap elementor-element-populated\">\n\t\t\t\t\t\t<div class=\"elementor-element elementor-element-6faf1fa elementor-widget elementor-widget-image\" data-id=\"6faf1fa\" data-element_type=\"widget\" data-widget_type=\"image.default\">\n\t\t\t\t<div class=\"elementor-widget-container\">\n\t\t\t\t\t\t\t\t\t\t\t\t\t<img fetchpriority=\"high\" decoding=\"async\" width=\"616\" height=\"404\" src=\"https:\/\/www.chu-tours.fr\/ecoles-du-chru-de-tours\/wp-content\/uploads\/sites\/10\/2021\/06\/2.jpg\" class=\"attachment-medium_large size-medium_large wp-image-516\" alt=\"Un handicap\u00e9 qui discute avec une dame assise sur une chaise\" srcset=\"https:\/\/www.chu-tours.fr\/ecoles-du-chru-de-tours\/wp-content\/uploads\/sites\/10\/2021\/06\/2.jpg 616w, https:\/\/www.chu-tours.fr\/ecoles-du-chru-de-tours\/wp-content\/uploads\/sites\/10\/2021\/06\/2-300x197.jpg 300w\" sizes=\"(max-width: 616px) 100vw, 616px\" \/>\t\t\t\t\t\t\t\t\t\t\t\t\t<\/div>\n\t\t\t\t<\/div>\n\t\t\t\t\t<\/div>\n\t\t<\/div>\n\t\t\t\t\t<\/div>\n\t\t<\/section>\n\t\t\t\t<div class=\"elementor-element elementor-element-66ea047 elementor-widget elementor-widget-text-editor\" data-id=\"66ea047\" data-element_type=\"widget\" data-widget_type=\"text-editor.default\">\n\t\t\t\t<div class=\"elementor-widget-container\">\n\t\t\t\t\t\t\t<h2>Contacts<\/h2>\t\t\t\t\t\t<\/div>\n\t\t\t\t<\/div>\n\t\t\t\t<section class=\"elementor-section elementor-inner-section elementor-element elementor-element-270b14d elementor-section-boxed elementor-section-height-default elementor-section-height-default\" data-id=\"270b14d\" data-element_type=\"section\">\n\t\t\t\t\t\t<div class=\"elementor-container elementor-column-gap-default\">\n\t\t\t\t\t<div class=\"elementor-column elementor-col-33 elementor-inner-column elementor-element elementor-element-f716149\" data-id=\"f716149\" data-element_type=\"column\">\n\t\t\t<div class=\"elementor-widget-wrap elementor-element-populated\">\n\t\t\t\t\t\t<div class=\"elementor-element elementor-element-dace9d7 elementor-widget elementor-widget-heading\" data-id=\"dace9d7\" data-element_type=\"widget\" data-widget_type=\"heading.default\">\n\t\t\t\t<div class=\"elementor-widget-container\">\n\t\t\t<h5 class=\"elementor-heading-title elementor-size-default\">Pour les formations initiales et continues param\u00e9dicales<\/h5>\t\t<\/div>\n\t\t\t\t<\/div>\n\t\t\t\t<div class=\"elementor-element elementor-element-ea723a4 elementor-widget elementor-widget-text-editor\" data-id=\"ea723a4\" data-element_type=\"widget\" data-widget_type=\"text-editor.default\">\n\t\t\t\t<div class=\"elementor-widget-container\">\n\t\t\t\t\t\t\t<p>\u2706 : 02 47 47 81 01<br \/>\ud83d\udd82 :\u00a0<a href=\"mailto:referent.abs@chu-tours.fr\">\u00a0referent.abs@chu-tours.fr<\/a>\u00a0\u00a0\u00a0\u00a0<\/p>\t\t\t\t\t\t<\/div>\n\t\t\t\t<\/div>\n\t\t\t\t\t<\/div>\n\t\t<\/div>\n\t\t\t\t<div class=\"elementor-column elementor-col-33 elementor-inner-column elementor-element elementor-element-5bd5c11\" data-id=\"5bd5c11\" data-element_type=\"column\">\n\t\t\t<div class=\"elementor-widget-wrap elementor-element-populated\">\n\t\t\t\t\t\t<div class=\"elementor-element elementor-element-8cc13eb elementor-widget elementor-widget-heading\" data-id=\"8cc13eb\" data-element_type=\"widget\" data-widget_type=\"heading.default\">\n\t\t\t\t<div class=\"elementor-widget-container\">\n\t\t\t<h5 class=\"elementor-heading-title elementor-size-default\">Pour les formations en apprentissage<\/h5>\t\t<\/div>\n\t\t\t\t<\/div>\n\t\t\t\t<div class=\"elementor-element elementor-element-d14f4d0 elementor-widget elementor-widget-text-editor\" data-id=\"d14f4d0\" data-element_type=\"widget\" data-widget_type=\"text-editor.default\">\n\t\t\t\t<div class=\"elementor-widget-container\">\n\t\t\t\t\t\t\t<p>\u2706 :\u00a002 47 47 74 47<br \/>\ud83d\udd82 :\u00a0<a href=\"mailto:cfasante.cvl@chu-tours.fr\">cfasante.cvl@chu-tours.fr<\/a><\/p>\t\t\t\t\t\t<\/div>\n\t\t\t\t<\/div>\n\t\t\t\t\t<\/div>\n\t\t<\/div>\n\t\t\t\t<div class=\"elementor-column elementor-col-33 elementor-inner-column elementor-element elementor-element-259f4be\" data-id=\"259f4be\" data-element_type=\"column\">\n\t\t\t<div class=\"elementor-widget-wrap elementor-element-populated\">\n\t\t\t\t\t\t<div class=\"elementor-element elementor-element-4a63381 elementor-widget elementor-widget-heading\" data-id=\"4a63381\" data-element_type=\"widget\" data-widget_type=\"heading.default\">\n\t\t\t\t<div class=\"elementor-widget-container\">\n\t\t\t<h5 class=\"elementor-heading-title elementor-size-default\">Pour la formation \u00e0 l'\u00c9cole de Sages-Femmes<\/h5>\t\t<\/div>\n\t\t\t\t<\/div>\n\t\t\t\t<div class=\"elementor-element elementor-element-90dbcba elementor-widget elementor-widget-text-editor\" data-id=\"90dbcba\" data-element_type=\"widget\" data-widget_type=\"text-editor.default\">\n\t\t\t\t<div class=\"elementor-widget-container\">\n\t\t\t\t\t\t\t<p>\u2706 : 02 47 47 47 31<br \/>\ud83d\udd82 : <a href=\"mailto:m.lacroix@chu-tours.fr\"><span data-olk-copy-source=\"MessageBody\">m.lacroix@chu-tours.fr<\/span><\/a><\/p>\t\t\t\t\t\t<\/div>\n\t\t\t\t<\/div>\n\t\t\t\t\t<\/div>\n\t\t<\/div>\n\t\t\t\t\t<\/div>\n\t\t<\/section>\n\t\t\t\t<div class=\"elementor-element elementor-element-50c6454 elementor-widget elementor-widget-text-editor\" data-id=\"50c6454\" data-element_type=\"widget\" data-widget_type=\"text-editor.default\">\n\t\t\t\t<div class=\"elementor-widget-container\">\n\t\t\t\t\t\t\t<h2>Le Service de Sant\u00e9 Universitaire (SSU)<\/h2><p>Le Service de Sant\u00e9 Universitaire (SSU) de Tours accompagne \u00e9galement les \u00e9tudiants\u00a0 pour la mise en place d\u2019am\u00e9nagements p\u00e9dagogiques ou d\u2019examens en fonction de leur situation.<\/p><p><span style=\"text-decoration: underline\"><strong>Contact\u00a0<\/strong> <\/span><\/p><p>\u2706 : 02 47 36 77 00<br \/>\ud83d\udd82 :<a href=\"mailto:ssu%40univ-tours.fr\"> ssu@univ-tours.fr<\/a><\/p><h2>La Compl\u00e9mentaire Sant\u00e9 Solidaire, une aide ouverte aux \u00e9tudiants.<\/h2><p>La CSS est une aide permettant de couvrir la majorit\u00e9 des frais de sant\u00e9 quand on ne dispose pas des ressources n\u00e9cessaires pour une mutuelle \u00e9tudiante. Une aide bienvenue quand on sait que les prix moyens des mutuelles pour les \u00e9tudiants sont de 388\u20ac par an, selon <a href=\"https:\/\/selectra.info\/assurance\/mutuelle-sante\/tarif\" target=\"_blank\" rel=\"noopener\">Selectra<\/a>, contre entre 0 et 8\u20ac par jour avec la CSS.<br \/>Les \u00e9tudiants de moins de 25 ans sont \u00e9ligibles s\u2019ils remplissent au moins une de ces conditions :<\/p><ul><li>ne plus vivre chez leurs parents, ne plus \u00eatre rattach\u00e9 \u00e0 leur foyer fiscal (ou si ce sera le cas l\u2019ann\u00e9e suivante) et ne pas percevoir de pension alimentaire ;<\/li><li>sont eux-m\u00eames parents ou vont le devenir ;<\/li><li>sont isol\u00e9s et per\u00e7oivent les aides d\u2019urgence du CROUS ;<\/li><li>sont en rupture avec leurs parents.<\/li><\/ul><p>Les moins de 16 ans qui rel\u00e8vent de l&#8217;aide sociale \u00e0 l&#8217;enfance ou de la protection judiciaire de la jeunesse sont \u00e9galement \u00e9ligibles.<br \/>Plus d\u2019informations sur <a href=\"https:\/\/secu-jeunes.fr\/2019\/11\/07\/complementaire-sante-solidaire-tout-savoir-sur-le-nouveau-dispositif\/\" target=\"_blank\" rel=\"noopener\">https:\/\/secu-jeunes.fr\/2019\/11\/07\/complementaire-sante-solidaire-tout-savoir-sur-le-nouveau-dispositif\/<\/a><\/p><h2>En partenariat avec<\/h2><p><strong>Patrice Thuaud<\/strong><br \/>Directeur du <a href=\"https:\/\/crip-34.fr\/\" target=\"_blank\" rel=\"noopener\">Centre de R\u00e9\u00e9ducation et d&#8217;Insertion Professionnelle (CRIP) &#8211; IFSI\/IFAS<\/a><br \/>\u2706 : 07 62 51 38 38<br \/>\ud83d\udd82 : <a href=\"mailto:patrice.thuaud@ugecam.assurance-maladie.fr\" target=\"_blank\" rel=\"noopener\">patrice.thuaud@ugecam.assurance-maladie.fr<\/a><\/p>\t\t\t\t\t\t<\/div>\n\t\t\t\t<\/div>\n\t\t\t\t\t<\/div>\n\t\t<\/div>\n\t\t\t\t\t<\/div>\n\t\t<\/section>\n\t\t\t\t<section class=\"elementor-section elementor-top-section elementor-element elementor-element-c1a6ce5 elementor-section-boxed elementor-section-height-default elementor-section-height-default\" data-id=\"c1a6ce5\" data-element_type=\"section\">\n\t\t\t\t\t\t<div class=\"elementor-container elementor-column-gap-default\">\n\t\t\t\t\t<div class=\"elementor-column elementor-col-100 elementor-top-column elementor-element elementor-element-f404016\" data-id=\"f404016\" data-element_type=\"column\">\n\t\t\t<div class=\"elementor-widget-wrap elementor-element-populated\">\n\t\t\t\t\t\t<div class=\"elementor-element elementor-element-ed71182 elementor-widget elementor-widget-text-editor\" data-id=\"ed71182\" data-element_type=\"widget\" data-widget_type=\"text-editor.default\">\n\t\t\t\t<div class=\"elementor-widget-container\">\n\t\t\t\t\t\t\t<p style=\"text-align: right\"><em><span style=\"font-size: 10pt\">Mise \u00e0 jour 05\/11\/2025<\/span><\/em><\/p>\t\t\t\t\t\t<\/div>\n\t\t\t\t<\/div>\n\t\t\t\t\t<\/div>\n\t\t<\/div>\n\t\t\t\t\t<\/div>\n\t\t<\/section>\n\t\t\t\t<\/div>\n\t\t","protected":false},"excerpt":{"rendered":"<p>Handicap aux \u00c9coles du CHRU de Tours L\u2019\u00e9quipe des \u00e9coles du CHRU de Tours est attentive aux besoins de chaque apprenant.\u00a0\u00a0 Les \u00e9tudiants en situation de handicap disposent d\u2019interlocuteurs pour leurs d\u00e9marches tout au long du parcours de formation au sein des \u00e9coles et\/ou sur le lieu de stage. En lien avec l\u2019\u00e9quipe administrative, deux [&hellip;]<\/p>\n","protected":false},"author":18,"featured_media":0,"parent":0,"menu_order":0,"comment_status":"closed","ping_status":"closed","template":"","meta":{"_seopress_robots_primary_cat":"","_seopress_titles_title":"","_seopress_titles_desc":"","_seopress_robots_index":"","_exactmetrics_skip_tracking":false,"_exactmetrics_sitenote_active":false,"_exactmetrics_sitenote_note":"","_exactmetrics_sitenote_category":0,"_genesis_hide_title":false,"_genesis_hide_breadcrumbs":false,"_genesis_hide_singular_image":false,"_genesis_hide_footer_widgets":false,"_genesis_custom_body_class":"","_genesis_custom_post_class":"","_genesis_layout":"","footnotes":""},"publishpress_future_action":{"enabled":false,"date":"2026-05-22 05:33:24","action":"change-status","newStatus":"draft","terms":[],"taxonomy":""},"_links":{"self":[{"href":"https:\/\/www.chu-tours.fr\/ecoles-du-chru-de-tours\/wp-json\/wp\/v2\/pages\/506"}],"collection":[{"href":"https:\/\/www.chu-tours.fr\/ecoles-du-chru-de-tours\/wp-json\/wp\/v2\/pages"}],"about":[{"href":"https:\/\/www.chu-tours.fr\/ecoles-du-chru-de-tours\/wp-json\/wp\/v2\/types\/page"}],"author":[{"embeddable":true,"href":"https:\/\/www.chu-tours.fr\/ecoles-du-chru-de-tours\/wp-json\/wp\/v2\/users\/18"}],"replies":[{"embeddable":true,"href":"https:\/\/www.chu-tours.fr\/ecoles-du-chru-de-tours\/wp-json\/wp\/v2\/comments?post=506"}],"version-history":[{"count":20,"href":"https:\/\/www.chu-tours.fr\/ecoles-du-chru-de-tours\/wp-json\/wp\/v2\/pages\/506\/revisions"}],"predecessor-version":[{"id":12517,"href":"https:\/\/www.chu-tours.fr\/ecoles-du-chru-de-tours\/wp-json\/wp\/v2\/pages\/506\/revisions\/12517"}],"wp:attachment":[{"href":"https:\/\/www.chu-tours.fr\/ecoles-du-chru-de-tours\/wp-json\/wp\/v2\/media?parent=506"}],"curies":[{"name":"wp","href":"https:\/\/api.w.org\/{rel}","templated":true}]}}