{"id":349,"date":"2021-06-08T12:51:33","date_gmt":"2021-06-08T10:51:33","guid":{"rendered":"https:\/\/www.chu-tours.fr\/ecoles-du-chru-de-tours\/?page_id=349"},"modified":"2025-07-16T11:51:58","modified_gmt":"2025-07-16T09:51:58","slug":"taxe-apprentissage","status":"publish","type":"page","link":"https:\/\/www.chu-tours.fr\/ecoles-du-chru-de-tours\/taxe-apprentissage\/","title":{"rendered":"Taxe d&#8217;apprentissage"},"content":{"rendered":"\t\t<div data-elementor-type=\"wp-page\" data-elementor-id=\"349\" class=\"elementor elementor-349\" data-elementor-post-type=\"page\">\n\t\t\t\t\t\t<section class=\"elementor-section elementor-top-section elementor-element elementor-element-ec784f8 elementor-section-boxed elementor-section-height-default elementor-section-height-default\" data-id=\"ec784f8\" data-element_type=\"section\">\n\t\t\t\t\t\t<div class=\"elementor-container elementor-column-gap-default\">\n\t\t\t\t\t<div class=\"elementor-column elementor-col-100 elementor-top-column elementor-element elementor-element-5ca9124\" data-id=\"5ca9124\" data-element_type=\"column\">\n\t\t\t<div class=\"elementor-widget-wrap elementor-element-populated\">\n\t\t\t\t\t\t<div class=\"elementor-element elementor-element-69a8ddd elementor-cta--skin-cover elementor-animated-content elementor-bg-transform elementor-bg-transform-zoom-in elementor-widget elementor-widget-call-to-action\" data-id=\"69a8ddd\" data-element_type=\"widget\" data-widget_type=\"call-to-action.default\">\n\t\t\t\t<div class=\"elementor-widget-container\">\n\t\t\t\t\t<a class=\"elementor-cta\" href=\"https:\/\/employeurs.soltea.education.gouv.fr\/espace-prive\/#\/employeurs\/etablissements\/26370018900016\/detail\/16464\">\n\t\t\t\t\t<div class=\"elementor-cta__bg-wrapper\">\n\t\t\t\t<div class=\"elementor-cta__bg elementor-bg\" style=\"background-image: url(https:\/\/www.chu-tours.fr\/ecoles-du-chru-de-tours\/wp-content\/uploads\/sites\/10\/2021\/09\/Carre-bleu.png);\" role=\"img\" aria-label=\"Carr\u00e9 bleu\"><\/div>\n\t\t\t\t<div class=\"elementor-cta__bg-overlay\"><\/div>\n\t\t\t<\/div>\n\t\t\t\t\t\t\t<div class=\"elementor-cta__content\">\n\t\t\t\t\n\t\t\t\t\t\t\t\t\t<h1 class=\"elementor-cta__title elementor-cta__content-item elementor-content-item elementor-animated-item--grow\">\n\t\t\t\t\t\tSOUTENEZ LES \u00c9COLES DU CHRU DE TOURS\t\t\t\t\t<\/h1>\n\t\t\t\t\n\t\t\t\t\t\t\t\t\t<div class=\"elementor-cta__description elementor-cta__content-item elementor-content-item elementor-animated-item--grow\">\n\t\t\t\t\t\tSIRET : 26370018900016\t\t\t\t\t<\/div>\n\t\t\t\t\n\t\t\t\t\t\t\t\t\t<div class=\"elementor-cta__button-wrapper elementor-cta__content-item elementor-content-item elementor-animated-item--grow\">\n\t\t\t\t\t<span class=\"elementor-cta__button elementor-button elementor-size-\">\n\t\t\t\t\t\tJe verse mon solde de  taxe d\u2019apprentissage !\t\t\t\t\t<\/span>\n\t\t\t\t\t<\/div>\n\t\t\t\t\t\t\t<\/div>\n\t\t\t\t\t\t<\/a>\n\t\t\t\t<\/div>\n\t\t\t\t<\/div>\n\t\t\t\t\t<\/div>\n\t\t<\/div>\n\t\t\t\t\t<\/div>\n\t\t<\/section>\n\t\t\t\t<section class=\"elementor-section elementor-top-section elementor-element elementor-element-237f382 elementor-section-boxed elementor-section-height-default elementor-section-height-default\" data-id=\"237f382\" data-element_type=\"section\">\n\t\t\t\t\t\t<div class=\"elementor-container elementor-column-gap-default\">\n\t\t\t\t\t<div class=\"elementor-column elementor-col-100 elementor-top-column elementor-element elementor-element-a647176\" data-id=\"a647176\" data-element_type=\"column\">\n\t\t\t<div class=\"elementor-widget-wrap elementor-element-populated\">\n\t\t\t\t\t\t<section class=\"elementor-section elementor-inner-section elementor-element elementor-element-9c42f67 elementor-section-boxed elementor-section-height-default elementor-section-height-default\" data-id=\"9c42f67\" data-element_type=\"section\">\n\t\t\t\t\t\t<div class=\"elementor-container elementor-column-gap-default\">\n\t\t\t\t\t<div class=\"elementor-column elementor-col-50 elementor-inner-column elementor-element elementor-element-8660881\" data-id=\"8660881\" data-element_type=\"column\">\n\t\t\t<div class=\"elementor-widget-wrap elementor-element-populated\">\n\t\t\t\t\t\t<div class=\"elementor-element elementor-element-e35e7e1 elementor-headline--style-highlight elementor-widget elementor-widget-animated-headline\" data-id=\"e35e7e1\" data-element_type=\"widget\" data-settings=\"{&quot;highlighted_text&quot;:&quot;\\u00c9coles du CHRU de Tours&quot;,&quot;headline_style&quot;:&quot;highlight&quot;,&quot;marker&quot;:&quot;circle&quot;,&quot;loop&quot;:&quot;yes&quot;,&quot;highlight_animation_duration&quot;:1200,&quot;highlight_iteration_delay&quot;:8000}\" data-widget_type=\"animated-headline.default\">\n\t\t\t\t<div class=\"elementor-widget-container\">\n\t\t\t\t\t<h3 class=\"elementor-headline\">\n\t\t\t\t\t<span class=\"elementor-headline-plain-text elementor-headline-text-wrapper\">Soutenez les<\/span>\n\t\t\t\t<span class=\"elementor-headline-dynamic-wrapper elementor-headline-text-wrapper\">\n\t\t\t\t\t<span class=\"elementor-headline-dynamic-text elementor-headline-text-active\">\u00c9coles du CHRU de Tours<\/span>\n\t\t\t\t<\/span>\n\t\t\t\t\t<span class=\"elementor-headline-plain-text elementor-headline-text-wrapper\">!<\/span>\n\t\t\t\t\t<\/h3>\n\t\t\t\t<\/div>\n\t\t\t\t<\/div>\n\t\t\t\t<div class=\"elementor-element elementor-element-3bacc82 elementor-widget elementor-widget-heading\" data-id=\"3bacc82\" data-element_type=\"widget\" data-widget_type=\"heading.default\">\n\t\t\t\t<div class=\"elementor-widget-container\">\n\t\t\t<h6 class=\"elementor-heading-title elementor-size-default\">Comment affecter sa taxe d'apprentissage aux \u00c9coles du CHRU de Tours ?<\/h6>\t\t<\/div>\n\t\t\t\t<\/div>\n\t\t\t\t<div class=\"elementor-element elementor-element-a343f30 elementor-widget elementor-widget-video\" data-id=\"a343f30\" data-element_type=\"widget\" data-settings=\"{&quot;youtube_url&quot;:&quot;https:\\\/\\\/youtu.be\\\/SheDMkA54CY&quot;,&quot;video_type&quot;:&quot;youtube&quot;,&quot;controls&quot;:&quot;yes&quot;}\" data-widget_type=\"video.default\">\n\t\t\t\t<div class=\"elementor-widget-container\">\n\t\t\t\t\t<div class=\"elementor-wrapper elementor-open-inline\">\n\t\t\t<div class=\"elementor-video\"><\/div>\t\t<\/div>\n\t\t\t\t<\/div>\n\t\t\t\t<\/div>\n\t\t\t\t<div class=\"elementor-element elementor-element-37b969a elementor-widget elementor-widget-text-editor\" data-id=\"37b969a\" data-element_type=\"widget\" data-widget_type=\"text-editor.default\">\n\t\t\t\t<div class=\"elementor-widget-container\">\n\t\t\t\t\t\t\t<p style=\"text-align: center\"><span style=\"font-size: 36pt\"><strong>SIRET : 26370018900016<\/strong><\/span><\/p>\t\t\t\t\t\t<\/div>\n\t\t\t\t<\/div>\n\t\t\t\t\t<\/div>\n\t\t<\/div>\n\t\t\t\t<div class=\"elementor-column elementor-col-50 elementor-inner-column elementor-element elementor-element-9437711\" data-id=\"9437711\" data-element_type=\"column\">\n\t\t\t<div class=\"elementor-widget-wrap elementor-element-populated\">\n\t\t\t\t\t\t<div class=\"elementor-element elementor-element-b4231a6 elementor-widget elementor-widget-image\" data-id=\"b4231a6\" data-element_type=\"widget\" data-widget_type=\"image.default\">\n\t\t\t\t<div class=\"elementor-widget-container\">\n\t\t\t\t\t\t\t\t\t\t\t\t\t<img fetchpriority=\"high\" decoding=\"async\" width=\"384\" height=\"222\" src=\"https:\/\/www.chu-tours.fr\/ecoles-du-chru-de-tours\/wp-content\/uploads\/sites\/10\/2023\/03\/2004.i305.029_crowdfunding_set-02-Converti.png\" class=\"attachment-large size-large wp-image-6434\" alt=\"\" srcset=\"https:\/\/www.chu-tours.fr\/ecoles-du-chru-de-tours\/wp-content\/uploads\/sites\/10\/2023\/03\/2004.i305.029_crowdfunding_set-02-Converti.png 384w, https:\/\/www.chu-tours.fr\/ecoles-du-chru-de-tours\/wp-content\/uploads\/sites\/10\/2023\/03\/2004.i305.029_crowdfunding_set-02-Converti-300x173.png 300w\" sizes=\"(max-width: 384px) 100vw, 384px\" \/>\t\t\t\t\t\t\t\t\t\t\t\t\t<\/div>\n\t\t\t\t<\/div>\n\t\t\t\t<div class=\"elementor-element elementor-element-7d4c530 elementor-widget elementor-widget-text-editor\" data-id=\"7d4c530\" data-element_type=\"widget\" data-widget_type=\"text-editor.default\">\n\t\t\t\t<div class=\"elementor-widget-container\">\n\t\t\t\t\t\t\t<p>La collecte de la taxe d\u2019apprentissage est en cours. Vous travaillez dans une entreprise assujettie \u00e0 cette taxe ? Pensez \u00e0 aux \u00c9coles du CHRU de Tours.<\/p><p><span style=\"font-weight: bolder\">Verser la taxe d\u2019apprentissage au \u00c9coles du CHRU de Tours, c\u2019est contribuer \u00e0 la formation des professionnels de sant\u00e9 de votre territoire en permettant :<\/span><\/p><ul><li>l\u2019acquisition de mat\u00e9riel et mobilier,<\/li><li>le d\u00e9veloppement des moyens p\u00e9dagogiques des \u00e9coles et instituts,<\/li><li>la modernisation des infrastructures techniques\u2026<\/li><\/ul>\t\t\t\t\t\t<\/div>\n\t\t\t\t<\/div>\n\t\t\t\t<div class=\"elementor-element elementor-element-e919a14 elementor-button-danger elementor-align-center elementor-widget elementor-widget-button\" data-id=\"e919a14\" data-element_type=\"widget\" data-widget_type=\"button.default\">\n\t\t\t\t<div class=\"elementor-widget-container\">\n\t\t\t\t\t<div class=\"elementor-button-wrapper\">\n\t\t\t<a class=\"elementor-button elementor-button-link elementor-size-lg\" href=\"https:\/\/www.chu-tours.fr\/ecoles-du-chru-de-tours\/wp-content\/uploads\/sites\/10\/2025\/07\/Taxe-apprentissage.pdf\">\n\t\t\t\t\t\t<span class=\"elementor-button-content-wrapper\">\n\t\t\t\t\t\t\t\t\t<span class=\"elementor-button-text\">Je t\u00e9l\u00e9charge le flyer de la taxe d'apprentissage des \u00e9coles <\/span>\n\t\t\t\t\t<\/span>\n\t\t\t\t\t<\/a>\n\t\t<\/div>\n\t\t\t\t<\/div>\n\t\t\t\t<\/div>\n\t\t\t\t\t<\/div>\n\t\t<\/div>\n\t\t\t\t\t<\/div>\n\t\t<\/section>\n\t\t\t\t<div class=\"elementor-element elementor-element-4b53f39 elementor-widget elementor-widget-text-editor\" data-id=\"4b53f39\" data-element_type=\"widget\" data-widget_type=\"text-editor.default\">\n\t\t\t\t<div class=\"elementor-widget-container\">\n\t\t\t\t\t\t\t<h3 class=\"ametys-richtext-title-1\">Le versement de la taxe d&#8217;apprentissage la plateforme\u00a0<a href=\"https:\/\/www.soltea.gouv.fr\/espace-public\/\" class=\"broken_link\">SOLT\u00e9A<\/a><\/h3><h3 class=\"ametys-richtext-title-1\"><span style=\"color: #0d3182;font-size: 1rem\">Ce sont d\u00e9sormais les<\/span><strong style=\"color: #0d3182;font-size: 1rem\">\u00a0URSSAF et MSA qui collectent directement aupr\u00e8s des entreprises le solde annuel de la taxe d\u2019apprentissage<\/strong><span style=\"color: #0d3182;font-size: 1rem\">\u00a0et le\u00a0<\/span><strong style=\"color: #0d3182;font-size: 1rem\">reverse\u00a0<\/strong><span style=\"color: #0d3182;font-size: 1rem\">\u00e0 la\u00a0<\/span><strong style=\"color: #0d3182;font-size: 1rem\">Caisse des d\u00e9p\u00f4ts et consignations<\/strong><span style=\"color: #0d3182;font-size: 1rem\">. Le tout sur<\/span><span style=\"color: #0d3182;font-size: 1rem\">\u00a0<\/span><strong style=\"color: #0d3182;font-size: 1rem\">une plateforme nationale en ligne,\u00a0<\/strong><a class=\"simple broken_link\" style=\"font-size: 1rem;background-color: #ffffff\" href=\"https:\/\/www.soltea.gouv.fr\/espace-public\/\"><strong>SOLT\u00e9A<\/strong><\/a><strong style=\"color: #0d3182;font-size: 1rem\">,\u00a0<\/strong><span style=\"color: #0d3182;font-size: 1rem\">qui permet d&#8217;affecter le montant du solde \u00e0 l&#8217;\u00e9tablissement choisi.<\/span><\/h3><p class=\"secondary\">A partir du 25 mai 2023, vous pourrez vous\u00a0<a class=\"simple broken_link\" href=\"https:\/\/www.soltea.gouv.fr\/espace-public\/\" target=\"_blank\" rel=\"noopener\">connecter \u00e0 cette plateforme<\/a>\u00a0pour choisir les formations que vous souhaitez soutenir.<br \/>Vous aurez jusqu&#8217;\u00e0 la mi-septembre pour le faire<strong>.<\/strong><\/p><h4 class=\"ametys-richtext-title-2\">ACC\u00c8S NET-ENTREPRISES<\/h4><p>Pour vous connecter \u00e0 SOLT\u00e9A, vous devez d\u2019abord\u00a0<strong>disposer d\u2019un acc\u00e8s<\/strong>\u00a0<a class=\"simple\" href=\"https:\/\/www.net-entreprises.fr\/\"><strong>Net-entreprises<\/strong>.<\/a><\/p><p>Si vous n\u2019avez pas encore de compte Net-entreprises, cr\u00e9ez-en un en\u00a0<a class=\"external\" href=\"https:\/\/www.net-entreprises.fr\/inscription-a-net-entreprises\/\" target=\"_blank\" rel=\"noopener\">cliquant ici.<\/a><\/p><p>Il vous sera demand\u00e9 de renseigner les \u00e9l\u00e9ments suivants : Nom, Pr\u00e9nom,\u00a0SIRET de l&#8217;\u00e9tablissement et mot de passe<\/p>\t\t\t\t\t\t<\/div>\n\t\t\t\t<\/div>\n\t\t\t\t\t<\/div>\n\t\t<\/div>\n\t\t\t\t\t<\/div>\n\t\t<\/section>\n\t\t\t\t<section class=\"elementor-section elementor-top-section elementor-element elementor-element-264aefc elementor-section-boxed elementor-section-height-default elementor-section-height-default\" data-id=\"264aefc\" data-element_type=\"section\">\n\t\t\t\t\t\t<div class=\"elementor-container elementor-column-gap-default\">\n\t\t\t\t\t<div class=\"elementor-column elementor-col-100 elementor-top-column elementor-element elementor-element-82c4585\" data-id=\"82c4585\" data-element_type=\"column\">\n\t\t\t<div class=\"elementor-widget-wrap elementor-element-populated\">\n\t\t\t\t\t\t<div class=\"elementor-element elementor-element-21de658 elementor-widget elementor-widget-heading\" data-id=\"21de658\" data-element_type=\"widget\" data-widget_type=\"heading.default\">\n\t\t\t\t<div class=\"elementor-widget-container\">\n\t\t\t<h1 class=\"elementor-heading-title elementor-size-large\"><a href=\"https:\/\/www.soltea.education.gouv.fr\/espace-public\/aide\/tutoriels-video-fonctionnement-plateforme\">Des questions ? Cliquez-ici pour obtenir toutes les r\u00e9ponses \u00e0 vos questions ! <\/a><\/h1>\t\t<\/div>\n\t\t\t\t<\/div>\n\t\t\t\t<div class=\"elementor-element elementor-element-f7c2050 elementor-widget-divider--separator-type-pattern elementor-widget-divider--no-spacing elementor-widget-divider--view-line elementor-widget elementor-widget-divider\" data-id=\"f7c2050\" data-element_type=\"widget\" data-widget_type=\"divider.default\">\n\t\t\t\t<div class=\"elementor-widget-container\">\n\t\t\t\t\t<div class=\"elementor-divider\" style=\"--divider-pattern-url: url(&quot;data:image\/svg+xml,%3Csvg xmlns=&#039;http:\/\/www.w3.org\/2000\/svg&#039; preserveAspectRatio=&#039;xMidYMid meet&#039; overflow=&#039;visible&#039; height=&#039;100%&#039; viewBox=&#039;0 0 126 26&#039; fill=&#039;black&#039; stroke=&#039;none&#039;%3E%3Cpath d=&#039;M3,10.2c2.6,0,2.6,2,2.6,3.2S4.4,16.5,3,16.5s-3-1.4-3-3.2S0.4,10.2,3,10.2z M18.8,10.2c1.7,0,3.2,1.4,3.2,3.2s-1.4,3.2-3.2,3.2c-1.7,0-3.2-1.4-3.2-3.2S17,10.2,18.8,10.2z M34.6,10.2c1.5,0,2.6,1.4,2.6,3.2s-0.5,3.2-1.9,3.2c-1.5,0-3.4-1.4-3.4-3.2S33.1,10.2,34.6,10.2z M50.5,10.2c1.7,0,3.2,1.4,3.2,3.2s-1.4,3.2-3.2,3.2c-1.7,0-3.3-0.9-3.3-2.6S48.7,10.2,50.5,10.2z M66.2,10.2c1.5,0,3.4,1.4,3.4,3.2s-1.9,3.2-3.4,3.2c-1.5,0-2.6-0.4-2.6-2.1S64.8,10.2,66.2,10.2z M82.2,10.2c1.7,0.8,2.6,1.4,2.6,3.2s-0.1,3.2-1.6,3.2c-1.5,0-3.7-1.4-3.7-3.2S80.5,9.4,82.2,10.2zM98.6,10.2c1.5,0,2.6,0.4,2.6,2.1s-1.2,4.2-2.6,4.2c-1.5,0-3.7-0.4-3.7-2.1S97.1,10.2,98.6,10.2z M113.4,10.2c1.2,0,2.2,0.9,2.2,3.2s-0.1,3.2-1.3,3.2s-3.1-1.4-3.1-3.2S112.2,10.2,113.4,10.2z&#039;\/%3E%3C\/svg%3E&quot;);\">\n\t\t\t<span class=\"elementor-divider-separator\">\n\t\t\t\t\t\t<\/span>\n\t\t<\/div>\n\t\t\t\t<\/div>\n\t\t\t\t<\/div>\n\t\t\t\t\t<\/div>\n\t\t<\/div>\n\t\t\t\t\t<\/div>\n\t\t<\/section>\n\t\t\t\t<section class=\"elementor-section elementor-top-section elementor-element elementor-element-8234e93 elementor-section-boxed elementor-section-height-default elementor-section-height-default\" data-id=\"8234e93\" data-element_type=\"section\">\n\t\t\t\t\t\t<div class=\"elementor-container elementor-column-gap-default\">\n\t\t\t\t\t<div class=\"elementor-column elementor-col-100 elementor-top-column elementor-element elementor-element-6cd8982\" data-id=\"6cd8982\" data-element_type=\"column\">\n\t\t\t<div class=\"elementor-widget-wrap elementor-element-populated\">\n\t\t\t\t\t\t<div class=\"elementor-element elementor-element-507646d elementor-widget elementor-widget-counter\" data-id=\"507646d\" data-element_type=\"widget\" data-widget_type=\"counter.default\">\n\t\t\t\t<div class=\"elementor-widget-container\">\n\t\t\t\t\t<div class=\"elementor-counter\">\n\t\t\t<div class=\"elementor-counter-title\">bonnes raisons de nous choisir<\/div>\t\t\t<div class=\"elementor-counter-number-wrapper\">\n\t\t\t\t<span class=\"elementor-counter-number-prefix\"><\/span>\n\t\t\t\t<span class=\"elementor-counter-number\" data-duration=\"1000\" data-to-value=\"5\" data-from-value=\"0\" data-delimiter=\",\">0<\/span>\n\t\t\t\t<span class=\"elementor-counter-number-suffix\"><\/span>\n\t\t\t<\/div>\n\t\t<\/div>\n\t\t\t\t<\/div>\n\t\t\t\t<\/div>\n\t\t\t\t<div class=\"elementor-element elementor-element-5707a9d elementor-widget elementor-widget-text-editor\" data-id=\"5707a9d\" data-element_type=\"widget\" data-widget_type=\"text-editor.default\">\n\t\t\t\t<div class=\"elementor-widget-container\">\n\t\t\t\t\t\t\t<ol><li><p>Former des professionnels de sant\u00e9 qualifi\u00e9s : Les \u00c9coles du CHRU de Tours dispensent des formations de qualit\u00e9 pour les diff\u00e9rents m\u00e9tiers de la sant\u00e9. Les fonds de la taxe d&#8217;apprentissage permettent de financer l&#8217;achat de mat\u00e9riel p\u00e9dagogique de pointe et d&#8217;organiser des stages pratiques pour assurer une formation de qualit\u00e9 aux \u00e9tudiants.<\/p><\/li><li><p>Contribuer \u00e0 l&#8217;innovation en sant\u00e9 : en finan\u00e7ant les formations des \u00c9coles du CHRU de Tours, vous contribuez \u00e9galement \u00e0 l&#8217;innovation en sant\u00e9 en permettant le d\u00e9veloppement de nouveaux traitements et de nouvelles techniques m\u00e9dicales, en encourageant la recherche et en formant des professionnels de sant\u00e9 qui seront \u00e0 l&#8217;avant-garde des avanc\u00e9es m\u00e9dicales.<\/p><\/li><li><p>Participer \u00e0 l&#8217;am\u00e9lioration de la qualit\u00e9 des soins : les \u00e9tudiants form\u00e9s aux \u00c9coles du CHRU de Tours sont appel\u00e9s \u00e0 travailler dans des milieux de soins et de sant\u00e9. En versant la taxe d&#8217;apprentissage aux \u00c9coles, vous participez ainsi \u00e0 l&#8217;am\u00e9lioration de la qualit\u00e9 des soins dispens\u00e9s \u00e0 tous les patients.<\/p><\/li><li><p>Soutenir une institution publique : Les \u00c9coles du CHRU de Tours sont des institutions publiques qui ont besoin de financements pour assurer leur mission de service public. En versant la taxe d&#8217;apprentissage, vous soutenez donc une institution publique qui contribue \u00e0 la formation de professionnels de sant\u00e9 qualifi\u00e9s pour le bien-\u00eatre de la soci\u00e9t\u00e9.<\/p><\/li><li><p>R\u00e9pondre aux besoins de recrutement des professionnels de sant\u00e9 : La taxe d&#8217;apprentissage permet de former des \u00e9tudiants dans les domaines de la sant\u00e9 pour r\u00e9pondre aux besoins de recrutement de professionnels de sant\u00e9 qualifi\u00e9s.<\/p><\/li><\/ol>\t\t\t\t\t\t<\/div>\n\t\t\t\t<\/div>\n\t\t\t\t\t<\/div>\n\t\t<\/div>\n\t\t\t\t\t<\/div>\n\t\t<\/section>\n\t\t\t\t<\/div>\n\t\t","protected":false},"excerpt":{"rendered":"<p>SOUTENEZ LES \u00c9COLES DU CHRU DE TOURS SIRET : 26370018900016 Je verse mon solde de taxe d\u2019apprentissage ! Soutenez les \u00c9coles du CHRU de Tours ! Comment affecter sa taxe d&#8217;apprentissage aux \u00c9coles du CHRU de Tours ? https:\/\/youtu.be\/SheDMkA54CY SIRET : 26370018900016 La collecte de la taxe d\u2019apprentissage est en cours. Vous travaillez dans une [&hellip;]<\/p>\n","protected":false},"author":18,"featured_media":0,"parent":0,"menu_order":0,"comment_status":"closed","ping_status":"closed","template":"","meta":{"_seopress_robots_primary_cat":"","_seopress_titles_title":"","_seopress_titles_desc":"","_seopress_robots_index":"","_exactmetrics_skip_tracking":false,"_exactmetrics_sitenote_active":false,"_exactmetrics_sitenote_note":"","_exactmetrics_sitenote_category":0,"_genesis_hide_title":false,"_genesis_hide_breadcrumbs":false,"_genesis_hide_singular_image":false,"_genesis_hide_footer_widgets":false,"_genesis_custom_body_class":"","_genesis_custom_post_class":"","_genesis_layout":"","footnotes":""},"publishpress_future_action":{"enabled":false,"date":"2026-04-12 07:16:32","action":"change-status","newStatus":"draft","terms":[],"taxonomy":""},"_links":{"self":[{"href":"https:\/\/www.chu-tours.fr\/ecoles-du-chru-de-tours\/wp-json\/wp\/v2\/pages\/349"}],"collection":[{"href":"https:\/\/www.chu-tours.fr\/ecoles-du-chru-de-tours\/wp-json\/wp\/v2\/pages"}],"about":[{"href":"https:\/\/www.chu-tours.fr\/ecoles-du-chru-de-tours\/wp-json\/wp\/v2\/types\/page"}],"author":[{"embeddable":true,"href":"https:\/\/www.chu-tours.fr\/ecoles-du-chru-de-tours\/wp-json\/wp\/v2\/users\/18"}],"replies":[{"embeddable":true,"href":"https:\/\/www.chu-tours.fr\/ecoles-du-chru-de-tours\/wp-json\/wp\/v2\/comments?post=349"}],"version-history":[{"count":20,"href":"https:\/\/www.chu-tours.fr\/ecoles-du-chru-de-tours\/wp-json\/wp\/v2\/pages\/349\/revisions"}],"predecessor-version":[{"id":12301,"href":"https:\/\/www.chu-tours.fr\/ecoles-du-chru-de-tours\/wp-json\/wp\/v2\/pages\/349\/revisions\/12301"}],"wp:attachment":[{"href":"https:\/\/www.chu-tours.fr\/ecoles-du-chru-de-tours\/wp-json\/wp\/v2\/media?parent=349"}],"curies":[{"name":"wp","href":"https:\/\/api.w.org\/{rel}","templated":true}]}}