{"id":337,"date":"2021-06-08T12:40:30","date_gmt":"2021-06-08T10:40:30","guid":{"rendered":"https:\/\/www.chu-tours.fr\/ecoles-du-chru-de-tours\/?page_id=337"},"modified":"2024-06-05T16:12:24","modified_gmt":"2024-06-05T14:12:24","slug":"presentation","status":"publish","type":"page","link":"https:\/\/www.chu-tours.fr\/ecoles-du-chru-de-tours\/presentation\/","title":{"rendered":"Pr\u00e9sentation"},"content":{"rendered":"\t\t<div data-elementor-type=\"wp-page\" data-elementor-id=\"337\" class=\"elementor elementor-337\" data-elementor-post-type=\"page\">\n\t\t\t\t\t\t<section class=\"elementor-section elementor-top-section elementor-element elementor-element-3d535d2 elementor-section-boxed elementor-section-height-default elementor-section-height-default\" data-id=\"3d535d2\" data-element_type=\"section\">\n\t\t\t\t\t\t<div class=\"elementor-container elementor-column-gap-default\">\n\t\t\t\t\t<div class=\"elementor-column elementor-col-100 elementor-top-column elementor-element elementor-element-73c958b\" data-id=\"73c958b\" data-element_type=\"column\">\n\t\t\t<div class=\"elementor-widget-wrap elementor-element-populated\">\n\t\t\t\t\t\t<div class=\"elementor-element elementor-element-74dc714 elementor-cta--layout-image-above elementor-cta--skin-classic elementor-animated-content elementor-bg-transform elementor-bg-transform-zoom-in elementor-widget elementor-widget-call-to-action\" data-id=\"74dc714\" data-element_type=\"widget\" data-widget_type=\"call-to-action.default\">\n\t\t\t\t<div class=\"elementor-widget-container\">\n\t\t\t\t\t<div class=\"elementor-cta\">\n\t\t\t\t\t<div class=\"elementor-cta__bg-wrapper\">\n\t\t\t\t<div class=\"elementor-cta__bg elementor-bg\" style=\"background-image: url(https:\/\/www.chu-tours.fr\/ecoles-du-chru-de-tours\/wp-content\/uploads\/sites\/10\/2021\/06\/CESA-2021.1.jpg);\" role=\"img\" aria-label=\"Ecoles du CHRU vu du ciel\"><\/div>\n\t\t\t\t<div class=\"elementor-cta__bg-overlay\"><\/div>\n\t\t\t<\/div>\n\t\t\t\t\t\t\t\t<\/div>\n\t\t\t\t<\/div>\n\t\t\t\t<\/div>\n\t\t\t\t<div class=\"elementor-element elementor-element-c8aa2bd elementor-widget elementor-widget-text-editor\" data-id=\"c8aa2bd\" data-element_type=\"widget\" data-widget_type=\"text-editor.default\">\n\t\t\t\t<div class=\"elementor-widget-container\">\n\t\t\t\t\t\t\t<p>Les \u00c9coles du CHRU de Tours sont un ensemble d&#8217;\u00e9tablissements d&#8217;enseignement sup\u00e9rieur et de formation professionnelle compos\u00e9es de l\u2019<strong>Institut de Formation des Professions de Sant\u00e9 (IFPS)<\/strong>, de <strong>l\u2019\u00e9cole de sages-femmes <\/strong>et du<strong> CFA Sant\u00e9 Centre-Val de Loire<\/strong>. Elles sont rattach\u00e9es au Centre Hospitalier R\u00e9gional Universitaire de Tours, l&#8217;un des principaux centres hospitaliers de la r\u00e9gion Centre-Val de Loire.<\/p>\n<p><span style=\"font-size: 1rem\">Les Ecoles du CHRU de Tours proposent des formations dipl\u00f4mantes, des actions de formation continue et des formations par apprentissage.<\/span><br><\/p>\n<p>Les formations dispens\u00e9es sont les suivantes :<\/p>\n<ul>\n<li><a class=\"titre-niveau-3\" title=\"Acc\u00e9der \u00e0 la page Aide-soignant\" href=\"https:\/\/www.chu-tours.fr\/ecoles-du-chru-de-tours\/aide-soignant-ifas-tours\/\" target=\"\">Aide-soignant<\/a><\/li>\n<li><a class=\"titre-niveau-3\" title=\"Acc\u00e9der \u00e0 la page Ambulancier\" href=\"https:\/\/www.chu-tours.fr\/ecoles-du-chru-de-tours\/ambulancier-ifa-tours\/\" target=\"\">Ambulancier<\/a><\/li>\n<li><a class=\"titre-niveau-3\" title=\"Acc\u00e9der \u00e0 la page Cadre de sant\u00e9\" href=\"https:\/\/www.chu-tours.fr\/ecoles-du-chru-de-tours\/cadre-de-sante-institut-de-formation-des-cadres-de-sante-ifcs-chru-de-tours\/\" target=\"\">Cadre de sant\u00e9<\/a><\/li>\n<li><a class=\"titre-niveau-3\" title=\"Acc\u00e9der \u00e0 la page Data-manager clinique\" href=\"https:\/\/www.chu-tours.fr\/ecoles-du-chru-de-tours\/data-manager-clinique-cfa-sante-centre-val-de-loire\/\" target=\"\">Data-manager clinique<\/a><\/li>\n<li><a class=\"titre-niveau-3\" title=\"Acc\u00e9der \u00e0 la page Infirmier\" href=\"https:\/\/www.chu-tours.fr\/ecoles-du-chru-de-tours\/infirmier-ifsi-tours\/\" target=\"\">Infirmier<\/a><\/li>\n<li><a class=\"titre-niveau-3\" title=\"Acc\u00e9der \u00e0 la page Infirmier anesth\u00e9siste\" href=\"https:\/\/www.chu-tours.fr\/ecoles-du-chru-de-tours\/infirmier-anesthesiste-formations-iade\/\" target=\"\">Infirmier anesth\u00e9siste<\/a><\/li>\n<li><a class=\"titre-niveau-3\" title=\"Acc\u00e9der \u00e0 la page Infirmier bloc op\u00e9ratoire\" href=\"https:\/\/www.chu-tours.fr\/ecoles-du-chru-de-tours\/infirmier-bloc-operatoire-eibode-tours\/\" target=\"\">Infirmier bloc op\u00e9ratoire<\/a><\/li>\n<li><a class=\"titre-niveau-3\" title=\"Acc\u00e9der \u00e0 la page Manipulateur d\u2019\u00e9lectroradiologie m\u00e9dicale\" href=\"https:\/\/www.chu-tours.fr\/ecoles-du-chru-de-tours\/manipulateur-electroradiologie-medicale-ifmem-tours\/\" target=\"\">Manipulateur d\u2019\u00e9lectroradiologie m\u00e9dicale<\/a><\/li>\n<li><a class=\"titre-niveau-3\" title=\"Acc\u00e9der \u00e0 la page Pr\u00e9parateur en pharmacie hospitali\u00e8re\" href=\"https:\/\/www.chu-tours.fr\/ecoles-du-chru-de-tours\/preparateur-en-pharmacie-hospitaliere-cfpph-tours\/\" target=\"\">Pr\u00e9parateur en pharmacie hospitali\u00e8re<\/a><\/li>\n<li><a class=\"titre-niveau-3\" title=\"Acc\u00e9der \u00e0 la page Qualiticien \u2013 gestionnaire des risques en sant\u00e9\" href=\"https:\/\/www.chu-tours.fr\/ecoles-du-chru-de-tours\/qualiticien-gestionnaire-des-risques-en-sante-cfa-sante-centre-val-de-loire\/\" target=\"\">Qualiticien \u2013 gestionnaire des risques en sant\u00e9<\/a><\/li>\n<li><a class=\"titre-niveau-3\" title=\"Acc\u00e9der \u00e0 la page Sage-femme, Docteur en ma\u00efeutique\" href=\"https:\/\/www.chu-tours.fr\/ecoles-du-chru-de-tours\/sage-femme-docteur-en-maieutique-ersf-tours\/\" target=\"\">Sage-femme, Docteur en ma\u00efeutique<\/a><\/li>\n<li><a class=\"titre-niveau-3\" title=\"Acc\u00e9der \u00e0 la page Secr\u00e9taire m\u00e9dical\" href=\"https:\/\/www.chu-tours.fr\/ecoles-du-chru-de-tours\/secretaire-medical-cfa-sante-centre-val-de-loire\/\" target=\"\">Secr\u00e9taire m\u00e9dical<\/a><\/li>\n<li><a class=\"titre-niveau-3\" title=\"Acc\u00e9der \u00e0 la page Technicien de laboratoire m\u00e9dical\" href=\"https:\/\/www.chu-tours.fr\/ecoles-du-chru-de-tours\/technicien-de-laboratoire-irftlm-tours\/\" target=\"\">Technicien de laboratoire m\u00e9dical<\/a><\/li>\n<\/ul>\n<p>Les \u00c9coles du CHRU de Tours ont pour objectif de former des professionnels de sant\u00e9 comp\u00e9tents et qualifi\u00e9s, capables de r\u00e9pondre aux besoins de la population et de travailler dans un environnement en constante \u00e9volution.<\/p>\n<p>Pour assurer une formation de qualit\u00e9, les \u00e9coles disposent de nombreux \u00e9quipements p\u00e9dagogiques de pointe, tels que des salles de simulation, des salles informatiques, des salles de radiologie, etc.<\/p>\n<p>Les \u00e9tudiants b\u00e9n\u00e9ficient \u00e9galement de stages pratiques pour mettre en application les connaissances et comp\u00e9tences acquises lors de leur formation.<\/p>\n<p>Les \u00c9coles du CHRU de Tours sont reconnues pour la qualit\u00e9 de leur enseignement et leur expertise dans le domaine de la sant\u00e9. Elles entretiennent \u00e9galement des partenariats avec des \u00e9tablissements de sant\u00e9, leur permettant ainsi de proposer des formations de pointe et d&#8217;assurer une veille technologique et scientifique permanente.<\/p>\t\t\t\t\t\t<\/div>\n\t\t\t\t<\/div>\n\t\t\t\t\t<\/div>\n\t\t<\/div>\n\t\t\t\t\t<\/div>\n\t\t<\/section>\n\t\t\t\t<\/div>\n\t\t","protected":false},"excerpt":{"rendered":"<p>Les \u00c9coles du CHRU de Tours sont un ensemble d&#8217;\u00e9tablissements d&#8217;enseignement sup\u00e9rieur et de formation professionnelle compos\u00e9es de l\u2019Institut de Formation des Professions de Sant\u00e9 (IFPS), de l\u2019\u00e9cole de sages-femmes et du CFA Sant\u00e9 Centre-Val de Loire. Elles sont rattach\u00e9es au Centre Hospitalier R\u00e9gional Universitaire de Tours, l&#8217;un des principaux centres hospitaliers de la r\u00e9gion [&hellip;]<\/p>\n","protected":false},"author":18,"featured_media":0,"parent":0,"menu_order":0,"comment_status":"closed","ping_status":"closed","template":"","meta":{"_seopress_robots_primary_cat":"","_seopress_titles_title":"","_seopress_titles_desc":"","_seopress_robots_index":"","_exactmetrics_skip_tracking":false,"_exactmetrics_sitenote_active":false,"_exactmetrics_sitenote_note":"","_exactmetrics_sitenote_category":0,"_genesis_hide_title":false,"_genesis_hide_breadcrumbs":false,"_genesis_hide_singular_image":false,"_genesis_hide_footer_widgets":false,"_genesis_custom_body_class":"","_genesis_custom_post_class":"","_genesis_layout":"","footnotes":""},"publishpress_future_action":{"enabled":false,"date":"2026-05-19 22:30:54","action":"change-status","newStatus":"draft","terms":[],"taxonomy":""},"_links":{"self":[{"href":"https:\/\/www.chu-tours.fr\/ecoles-du-chru-de-tours\/wp-json\/wp\/v2\/pages\/337"}],"collection":[{"href":"https:\/\/www.chu-tours.fr\/ecoles-du-chru-de-tours\/wp-json\/wp\/v2\/pages"}],"about":[{"href":"https:\/\/www.chu-tours.fr\/ecoles-du-chru-de-tours\/wp-json\/wp\/v2\/types\/page"}],"author":[{"embeddable":true,"href":"https:\/\/www.chu-tours.fr\/ecoles-du-chru-de-tours\/wp-json\/wp\/v2\/users\/18"}],"replies":[{"embeddable":true,"href":"https:\/\/www.chu-tours.fr\/ecoles-du-chru-de-tours\/wp-json\/wp\/v2\/comments?post=337"}],"version-history":[{"count":37,"href":"https:\/\/www.chu-tours.fr\/ecoles-du-chru-de-tours\/wp-json\/wp\/v2\/pages\/337\/revisions"}],"predecessor-version":[{"id":9588,"href":"https:\/\/www.chu-tours.fr\/ecoles-du-chru-de-tours\/wp-json\/wp\/v2\/pages\/337\/revisions\/9588"}],"wp:attachment":[{"href":"https:\/\/www.chu-tours.fr\/ecoles-du-chru-de-tours\/wp-json\/wp\/v2\/media?parent=337"}],"curies":[{"name":"wp","href":"https:\/\/api.w.org\/{rel}","templated":true}]}}