{"id":14326,"date":"2026-05-05T16:15:10","date_gmt":"2026-05-05T14:15:10","guid":{"rendered":"https:\/\/www.chu-tours.fr\/ecoles-du-chru-de-tours\/?page_id=14326"},"modified":"2026-05-05T16:15:10","modified_gmt":"2026-05-05T14:15:10","slug":"qualiopi2026","status":"publish","type":"page","link":"https:\/\/www.chu-tours.fr\/ecoles-du-chru-de-tours\/qualiopi2026\/","title":{"rendered":"Qualiopi renouvel\u00e9e : une offre de formation \u00e9largie"},"content":{"rendered":"<h3 data-start=\"147\" data-end=\"258\" data-section-id=\"4fkzm8\">Les \u00c9coles du CHRU de Tours renouvellent leur certification Qualiopi et d\u00e9veloppent leur offre de formation<\/h3>\n<p data-start=\"260\" data-end=\"552\">Nous sommes fiers d\u2019annoncer que les \u00c9coles du CHRU de Tours, l\u2019\u00c9cole de sages-femmes, le D\u00e9partement de D\u00e9veloppement Professionnel Continu, le CESU ainsi que le CFA Centre-Val de Loire viennent d\u2019obtenir le renouvellement de leur certification Qualiopi \u00e0 l\u2019issue de l\u2019audit de surveillance.<\/p>\n<p data-start=\"554\" data-end=\"918\">Cette certification, d\u00e9livr\u00e9e pour une dur\u00e9e de deux ans, a \u00e9t\u00e9 obtenue <strong data-start=\"626\" data-end=\"649\">sans aucune r\u00e9serve<\/strong>, t\u00e9moignant de la qualit\u00e9 et de la rigueur de nos dispositifs de formation. Elle couvre notamment les actions de formation, les dispositifs de validation des acquis de l\u2019exp\u00e9rience (VAE) ainsi que les formations par apprentissage .<\/p>\n<p data-start=\"920\" data-end=\"1262\">Une attention particuli\u00e8re est port\u00e9e au <strong data-start=\"961\" data-end=\"988\">CFA Centre-Val de Loire<\/strong>, dont le d\u00e9veloppement et la structuration s\u2019inscrivent pleinement dans cette dynamique qualit\u00e9. V\u00e9ritable levier pour l\u2019acc\u00e8s aux m\u00e9tiers de la sant\u00e9, le CFA contribue activement \u00e0 la professionnalisation des apprenants et \u00e0 l\u2019attractivit\u00e9 de nos formations en alternance.<\/p>\n<p data-start=\"1264\" data-end=\"1494\">Dans cette continuit\u00e9, nous avons le plaisir d\u2019annoncer l\u2019\u00e9largissement de notre offre avec la mise en place de parcours en <strong data-start=\"1388\" data-end=\"1435\">Validation des Acquis de l\u2019Exp\u00e9rience (VAE)<\/strong>.<\/p>\n<p data-start=\"1264\" data-end=\"1494\">Un accompagnement sp\u00e9cifique est d\u00e9sormais propos\u00e9 pour :<\/p>\n<ul data-start=\"1495\" data-end=\"1552\">\n<li data-start=\"1495\" data-end=\"1525\" data-section-id=\"1mtu0vf\">la constitution du livret 2,<\/li>\n<li data-start=\"1526\" data-end=\"1552\" data-section-id=\"703rbt\">la pr\u00e9paration \u00e0 l\u2019oral,<\/li>\n<\/ul>\n<p data-start=\"1554\" data-end=\"1601\">\u00e0 destination des aides-soignants et des IBODE.<\/p>\n<p data-start=\"1603\" data-end=\"1790\">Cette \u00e9volution vient renforcer notre engagement \u00e0 accompagner les professionnels tout au long de leur parcours, en valorisant leur exp\u00e9rience et en facilitant l\u2019acc\u00e8s \u00e0 la certification.<\/p>\n","protected":false},"excerpt":{"rendered":"<p>Les \u00c9coles du CHRU de Tours renouvellent leur certification Qualiopi et d\u00e9veloppent leur offre de formation Nous sommes fiers d\u2019annoncer que les \u00c9coles du CHRU de Tours, l\u2019\u00c9cole de sages-femmes, le D\u00e9partement de D\u00e9veloppement Professionnel Continu, le CESU ainsi que le CFA Centre-Val de Loire viennent d\u2019obtenir le renouvellement de leur certification Qualiopi \u00e0 l\u2019issue [&hellip;]<\/p>\n","protected":false},"author":18,"featured_media":14319,"parent":0,"menu_order":0,"comment_status":"closed","ping_status":"closed","template":"","meta":{"_seopress_robots_primary_cat":"","_seopress_titles_title":"","_seopress_titles_desc":"","_seopress_robots_index":"","_exactmetrics_skip_tracking":false,"_exactmetrics_sitenote_active":false,"_exactmetrics_sitenote_note":"","_exactmetrics_sitenote_category":0,"_genesis_hide_title":false,"_genesis_hide_breadcrumbs":false,"_genesis_hide_singular_image":false,"_genesis_hide_footer_widgets":false,"_genesis_custom_body_class":"","_genesis_custom_post_class":"","_genesis_layout":"","footnotes":""},"publishpress_future_action":{"enabled":false,"date":"2026-05-19 22:52:31","action":"change-status","newStatus":"draft","terms":[],"taxonomy":""},"_links":{"self":[{"href":"https:\/\/www.chu-tours.fr\/ecoles-du-chru-de-tours\/wp-json\/wp\/v2\/pages\/14326"}],"collection":[{"href":"https:\/\/www.chu-tours.fr\/ecoles-du-chru-de-tours\/wp-json\/wp\/v2\/pages"}],"about":[{"href":"https:\/\/www.chu-tours.fr\/ecoles-du-chru-de-tours\/wp-json\/wp\/v2\/types\/page"}],"author":[{"embeddable":true,"href":"https:\/\/www.chu-tours.fr\/ecoles-du-chru-de-tours\/wp-json\/wp\/v2\/users\/18"}],"replies":[{"embeddable":true,"href":"https:\/\/www.chu-tours.fr\/ecoles-du-chru-de-tours\/wp-json\/wp\/v2\/comments?post=14326"}],"version-history":[{"count":1,"href":"https:\/\/www.chu-tours.fr\/ecoles-du-chru-de-tours\/wp-json\/wp\/v2\/pages\/14326\/revisions"}],"predecessor-version":[{"id":14329,"href":"https:\/\/www.chu-tours.fr\/ecoles-du-chru-de-tours\/wp-json\/wp\/v2\/pages\/14326\/revisions\/14329"}],"wp:featuredmedia":[{"embeddable":true,"href":"https:\/\/www.chu-tours.fr\/ecoles-du-chru-de-tours\/wp-json\/wp\/v2\/media\/14319"}],"wp:attachment":[{"href":"https:\/\/www.chu-tours.fr\/ecoles-du-chru-de-tours\/wp-json\/wp\/v2\/media?parent=14326"}],"curies":[{"name":"wp","href":"https:\/\/api.w.org\/{rel}","templated":true}]}}