{"id":11742,"date":"2025-05-07T10:01:11","date_gmt":"2025-05-07T08:01:11","guid":{"rendered":"https:\/\/www.chu-tours.fr\/ecoles-du-chru-de-tours\/?page_id=11742"},"modified":"2026-01-13T15:08:28","modified_gmt":"2026-01-13T14:08:28","slug":"demande-mutation-vers-ifsi-chru-tours","status":"publish","type":"page","link":"https:\/\/www.chu-tours.fr\/ecoles-du-chru-de-tours\/demande-mutation-vers-ifsi-chru-tours\/","title":{"rendered":"Demande de mutation vers l\u2019IFSI du CHRU de Tours"},"content":{"rendered":"\t\t<div data-elementor-type=\"wp-page\" data-elementor-id=\"11742\" class=\"elementor elementor-11742\" data-elementor-post-type=\"page\">\n\t\t\t\t\t\t<section class=\"elementor-section elementor-top-section elementor-element elementor-element-87212cc elementor-section-boxed elementor-section-height-default elementor-section-height-default\" data-id=\"87212cc\" data-element_type=\"section\">\n\t\t\t\t\t\t<div class=\"elementor-container elementor-column-gap-default\">\n\t\t\t\t\t<div class=\"elementor-column elementor-col-100 elementor-top-column elementor-element elementor-element-357d652\" data-id=\"357d652\" data-element_type=\"column\">\n\t\t\t<div class=\"elementor-widget-wrap elementor-element-populated\">\n\t\t\t\t\t\t<div class=\"elementor-element elementor-element-6e3c21e elementor-cta--skin-cover elementor-animated-content elementor-bg-transform elementor-bg-transform-zoom-in elementor-widget elementor-widget-call-to-action\" data-id=\"6e3c21e\" data-element_type=\"widget\" data-widget_type=\"call-to-action.default\">\n\t\t\t\t<div class=\"elementor-widget-container\">\n\t\t\t\t\t<a class=\"elementor-cta\" href=\"https:\/\/www.chu-tours.fr\/ecoles-du-chru-de-tours\/wp-content\/uploads\/sites\/10\/2026\/01\/Janvier-2026-formulaire-demande-integration-exterieure-modifiee-CCA.pdf\" target=\"_blank\">\n\t\t\t\t\t<div class=\"elementor-cta__bg-wrapper\">\n\t\t\t\t<div class=\"elementor-cta__bg elementor-bg\" style=\"background-image: url(https:\/\/www.chu-tours.fr\/ecoles-du-chru-de-tours\/wp-content\/uploads\/sites\/10\/2021\/09\/Carre-rose.png);\" role=\"img\" aria-label=\"Carr\u00e9 rose\"><\/div>\n\t\t\t\t<div class=\"elementor-cta__bg-overlay\"><\/div>\n\t\t\t<\/div>\n\t\t\t\t\t\t\t<div class=\"elementor-cta__content\">\n\t\t\t\t\n\t\t\t\t\t\t\t\t\t<h5 class=\"elementor-cta__title elementor-cta__content-item elementor-content-item elementor-animated-item--grow\">\n\t\t\t\t\t\tFORMULAIRE DE DEMANDE DE MUTATION\t\t\t\t\t<\/h5>\n\t\t\t\t\n\t\t\t\t\n\t\t\t\t\t\t\t\t\t<div class=\"elementor-cta__button-wrapper elementor-cta__content-item elementor-content-item elementor-animated-item--grow\">\n\t\t\t\t\t<span class=\"elementor-cta__button elementor-button elementor-size-\">\n\t\t\t\t\t\tJe t\u00e9l\u00e9charge le formulaire de demande d'int\u00e9gration par voie de mutation\t\t\t\t\t<\/span>\n\t\t\t\t\t<\/div>\n\t\t\t\t\t\t\t<\/div>\n\t\t\t\t\t\t<\/a>\n\t\t\t\t<\/div>\n\t\t\t\t<\/div>\n\t\t\t\t<div class=\"elementor-element elementor-element-a407183 elementor-widget elementor-widget-text-editor\" data-id=\"a407183\" data-element_type=\"widget\" data-widget_type=\"text-editor.default\">\n\t\t\t\t<div class=\"elementor-widget-container\">\n\t\t\t\t\t\t\t<p><span style=\"font-size: 1rem\">Toute demande de mutation est \u00e0 envoyer \u00e0 :\u00a0<\/span><\/p><p><a href=\"mailto:contact.ifsi@chu-tours.fr\">contact.ifsi@chu-tours.fr<\/a><\/p><p><strong>Date limite de demande pour \u00e9tude de dossier : 1er juin 2026<\/strong><\/p><p>Nous vous invitons \u00e0 fournir les documents suivants :<\/p><ul><li>Un CV<\/li><li>Une lettre de motivation argumentant votre demande<\/li><li>Une copie des feuilles r\u00e9capitulatives de semestre (notes)<\/li><li>Une copie des feuilles de passage d\u2019ann\u00e9e<\/li><li>Une copie des bilans de stage<\/li><li>Une copie de(s) attestation(s) AFGSU<\/li><li>Une copie du relev\u00e9 de vos absences<\/li><li>Une copie du ou des sanctions qui ont pu \u00eatre prononc\u00e9es (selon le cas)<\/li><li>Une copie d\u2019une demande d\u2019interruption de formation et\/ou de c\u00e9sure voire de r\u00e9int\u00e9gration (selon le cas)<\/li><li>Tout document qu\u2019il vous semble pertinent de porter \u00e0 notre connaissance (d\u00e9cision de section comp\u00e9tente, contrat p\u00e9dagogique\u2026)<\/li><\/ul><p>Sans ces documents votre demande ne pourra \u00eatre instruite.<\/p>\t\t\t\t\t\t<\/div>\n\t\t\t\t<\/div>\n\t\t\t\t\t<\/div>\n\t\t<\/div>\n\t\t\t\t\t<\/div>\n\t\t<\/section>\n\t\t\t\t<section class=\"elementor-section elementor-top-section elementor-element elementor-element-9bd07f0 elementor-section-boxed elementor-section-height-default elementor-section-height-default\" data-id=\"9bd07f0\" data-element_type=\"section\">\n\t\t\t\t\t\t<div class=\"elementor-container elementor-column-gap-default\">\n\t\t\t\t\t<div class=\"elementor-column elementor-col-100 elementor-top-column elementor-element elementor-element-9ff3454\" data-id=\"9ff3454\" data-element_type=\"column\">\n\t\t\t<div class=\"elementor-widget-wrap elementor-element-populated\">\n\t\t\t\t\t\t<div class=\"elementor-element elementor-element-2ced625 elementor-widget elementor-widget-text-editor\" data-id=\"2ced625\" data-element_type=\"widget\" data-widget_type=\"text-editor.default\">\n\t\t\t\t<div class=\"elementor-widget-container\">\n\t\t\t\t\t\t\t<h2>Contact<\/h2><p><strong>Secr\u00e9tariat \u00ab\u00a0Institut de Formation en Soins Infirmiers\u00a0\u00bb<\/strong><\/p><p>\u2706 : 02 47 47 81 01<\/p><p><span style=\"font-family: Arial, Helvetica, sans-serif\">\ud83d\udd82 <\/span>: <a href=\"mailto:contact.ifsi@chu-tours.fr\" target=\"_blank\" rel=\"noopener\">contact.ifsi@chu-tours.fr<\/a><\/p>\t\t\t\t\t\t<\/div>\n\t\t\t\t<\/div>\n\t\t\t\t\t<\/div>\n\t\t<\/div>\n\t\t\t\t\t<\/div>\n\t\t<\/section>\n\t\t\t\t<section class=\"elementor-section elementor-top-section elementor-element elementor-element-b97d5ca elementor-section-boxed elementor-section-height-default elementor-section-height-default\" data-id=\"b97d5ca\" data-element_type=\"section\">\n\t\t\t\t\t\t<div class=\"elementor-container elementor-column-gap-default\">\n\t\t\t\t\t<div class=\"elementor-column elementor-col-100 elementor-top-column elementor-element elementor-element-26f1acb\" data-id=\"26f1acb\" data-element_type=\"column\">\n\t\t\t<div class=\"elementor-widget-wrap elementor-element-populated\">\n\t\t\t\t\t\t<div class=\"elementor-element elementor-element-91f4ef0 elementor-widget elementor-widget-text-editor\" data-id=\"91f4ef0\" data-element_type=\"widget\" data-widget_type=\"text-editor.default\">\n\t\t\t\t<div class=\"elementor-widget-container\">\n\t\t\t\t\t\t\t<p style=\"text-align: right\"><span style=\"font-size: 10pt\"><em>Date de mise \u00e0 jour : 13\/01\/2026<\/em><\/span><\/p>\t\t\t\t\t\t<\/div>\n\t\t\t\t<\/div>\n\t\t\t\t\t<\/div>\n\t\t<\/div>\n\t\t\t\t\t<\/div>\n\t\t<\/section>\n\t\t\t\t<\/div>\n\t\t","protected":false},"excerpt":{"rendered":"<p>FORMULAIRE DE DEMANDE DE MUTATION Je t\u00e9l\u00e9charge le formulaire de demande d&#8217;int\u00e9gration par voie de mutation Toute demande de mutation est \u00e0 envoyer \u00e0 :\u00a0 contact.ifsi@chu-tours.fr Date limite de demande pour \u00e9tude de dossier : 1er juin 2026 Nous vous invitons \u00e0 fournir les documents suivants : Un CV Une lettre de motivation argumentant votre [&hellip;]<\/p>\n","protected":false},"author":18,"featured_media":0,"parent":0,"menu_order":0,"comment_status":"closed","ping_status":"closed","template":"","meta":{"_seopress_robots_primary_cat":"","_seopress_titles_title":"","_seopress_titles_desc":"","_seopress_robots_index":"","_exactmetrics_skip_tracking":false,"_exactmetrics_sitenote_active":false,"_exactmetrics_sitenote_note":"","_exactmetrics_sitenote_category":0,"_genesis_hide_title":false,"_genesis_hide_breadcrumbs":false,"_genesis_hide_singular_image":false,"_genesis_hide_footer_widgets":false,"_genesis_custom_body_class":"","_genesis_custom_post_class":"","_genesis_layout":"","footnotes":""},"publishpress_future_action":{"enabled":false,"date":"2026-05-20 19:40:49","action":"change-status","newStatus":"draft","terms":[],"taxonomy":""},"_links":{"self":[{"href":"https:\/\/www.chu-tours.fr\/ecoles-du-chru-de-tours\/wp-json\/wp\/v2\/pages\/11742"}],"collection":[{"href":"https:\/\/www.chu-tours.fr\/ecoles-du-chru-de-tours\/wp-json\/wp\/v2\/pages"}],"about":[{"href":"https:\/\/www.chu-tours.fr\/ecoles-du-chru-de-tours\/wp-json\/wp\/v2\/types\/page"}],"author":[{"embeddable":true,"href":"https:\/\/www.chu-tours.fr\/ecoles-du-chru-de-tours\/wp-json\/wp\/v2\/users\/18"}],"replies":[{"embeddable":true,"href":"https:\/\/www.chu-tours.fr\/ecoles-du-chru-de-tours\/wp-json\/wp\/v2\/comments?post=11742"}],"version-history":[{"count":16,"href":"https:\/\/www.chu-tours.fr\/ecoles-du-chru-de-tours\/wp-json\/wp\/v2\/pages\/11742\/revisions"}],"predecessor-version":[{"id":13063,"href":"https:\/\/www.chu-tours.fr\/ecoles-du-chru-de-tours\/wp-json\/wp\/v2\/pages\/11742\/revisions\/13063"}],"wp:attachment":[{"href":"https:\/\/www.chu-tours.fr\/ecoles-du-chru-de-tours\/wp-json\/wp\/v2\/media?parent=11742"}],"curies":[{"name":"wp","href":"https:\/\/api.w.org\/{rel}","templated":true}]}}