{"id":1162,"date":"2021-08-10T11:18:16","date_gmt":"2021-08-10T09:18:16","guid":{"rendered":"https:\/\/www.chu-tours.fr\/ecoles-du-chru-de-tours\/?page_id=1162"},"modified":"2022-05-19T16:14:45","modified_gmt":"2022-05-19T14:14:45","slug":"paiement-frais-inscriptions-en-ligne","status":"publish","type":"page","link":"https:\/\/www.chu-tours.fr\/ecoles-du-chru-de-tours\/paiement-frais-inscriptions-en-ligne\/","title":{"rendered":"Paiement des frais d\u2019inscription en ligne"},"content":{"rendered":"<h2>Paiement via DGFIP<\/h2>\n<div id=\"dgfip_form_container\" >\r\n\t<form action=\"\" method=\"post\" id=\"dgfip_form\">\r\n\t\t<div class=\"form-group\">\r\n\t\t\t<select id=\"dgfip_institut\" class=\"form-control\">\r\n\t\t\t\t<option value=\"\">Choisissez un institut *<\/option>\r\n\t\t\t\t<option value=\"ifa\">Institut de Formation d'Ambulanciers (IFA)<\/option><option value=\"iftlm1\">Institut de Formation de Techniciens de Laboratoire M\u00e9dicale (IFTLM) - 1\u00e8re ann\u00e9e<\/option><option value=\"iftlm2\">Institut de Formation de Techniciens de Laboratoire M\u00e9dicale (IFTLM) - 2\u00e8me ann\u00e9e<\/option><option value=\"iftlm3\">Institut de Formation de Techniciens de Laboratoire M\u00e9dicale (IFTLM) - 3\u00e8me ann\u00e9e<\/option><option value=\"ifcs\">Institut de Formation des Cadres de Sant\u00e9 (IFCS)<\/option><option value=\"ibode1\">Infirmier de Bloc Op\u00e9ratoire (IBODE) - 1\u00e8re ann\u00e9e<\/option><option value=\"ibode2\">Infirmier de Bloc Op\u00e9ratoire (IBODE) - 2\u00e8me ann\u00e9e<\/option><option value=\"iade1\">Infirmier Anesth\u00e9siste (IADE) - 1\u00e8re ann\u00e9e<\/option><option value=\"iade2\">Infirmier Anesth\u00e9siste (IADE) - 2\u00e8me ann\u00e9e<\/option><option value=\"ifsi1\">Institut de Formation en Soins Infirmiers (IFSI) - 1\u00e8re ann\u00e9e<\/option><option value=\"ifsi2\">Institut de Formation en Soins Infirmiers (IFSI) - 2\u00e8me ann\u00e9e<\/option><option value=\"ifsi3\">Institut de Formation en Soins Infirmiers (IFSI) - 3\u00e8me ann\u00e9e<\/option><option value=\"ifmem1\">Institut de Formation des Manipulateurs en Electroradiologie M\u00e9dicale (IFMEM) - 1\u00e8re ann\u00e9e<\/option><option value=\"ifmem2\">Institut de Formation des Manipulateurs en Electroradiologie M\u00e9dicale (IFMEM) - 2\u00e8me ann\u00e9e<\/option><option value=\"ifmem3\">Institut de Formation des Manipulateurs en Electroradiologie M\u00e9dicale (IFMEM) - 3\u00e8me ann\u00e9e<\/option><option value=\"cfpph\">Centre de Formation de Pr\u00e9parateurs en Pharmacie Hospitali\u00e8re (CFPPH)<\/option>\t\t\t<\/select>\r\n\t\t\t<div class=\"invalid-feedback\" id=\"dgfip_institut_msg\"><\/div>\r\n\t\t<\/div>\r\n\t\t\r\n\t\t<div id=\"dgfip_nature\" class=\"form-group\">\r\n\t\t\t\t\t\t\t<select id=\"dgfip_nature_ifa\" class=\"dgfip_nature_select form-control d-none\">\r\n\t\t\t\t\t<option value=\"\">S\u00e9lectionnez une nature de paiement *<\/option>\r\n\t\t\t\t\t<option value=\"frais_concours\" data-montant=\"100\">Frais de concours (100 \u20ac)<\/option>\t\t\t\t<\/select>\r\n\t\t\t\t\t\t\t\t<select id=\"dgfip_nature_iftlm1\" class=\"dgfip_nature_select form-control d-none\">\r\n\t\t\t\t\t<option value=\"\">S\u00e9lectionnez une nature de paiement *<\/option>\r\n\t\t\t\t\t<option value=\"droits_inscription\" data-montant=\"178\">Droits d'inscription (178 \u20ac)<\/option><option value=\"frais_concours_extra\" data-montant=\"550\">Frais de concours extra-communautaire (550 \u20ac)<\/option><option value=\"frais_selection\" data-montant=\"130\">Frais de s\u00e9lection (130 \u20ac)<\/option>\t\t\t\t<\/select>\r\n\t\t\t\t\t\t\t\t<select id=\"dgfip_nature_iftlm2\" class=\"dgfip_nature_select form-control d-none\">\r\n\t\t\t\t\t<option value=\"\">S\u00e9lectionnez une nature de paiement *<\/option>\r\n\t\t\t\t\t<option value=\"droits_inscription\" data-montant=\"178\">Droits d'inscription (178 \u20ac)<\/option>\t\t\t\t<\/select>\r\n\t\t\t\t\t\t\t\t<select id=\"dgfip_nature_iftlm3\" class=\"dgfip_nature_select form-control d-none\">\r\n\t\t\t\t\t<option value=\"\">S\u00e9lectionnez une nature de paiement *<\/option>\r\n\t\t\t\t\t<option value=\"droits_inscription\" data-montant=\"178\">Droits d'inscription (178 \u20ac)<\/option>\t\t\t\t<\/select>\r\n\t\t\t\t\t\t\t\t<select id=\"dgfip_nature_ifcs\" class=\"dgfip_nature_select form-control d-none\">\r\n\t\t\t\t\t<option value=\"\">S\u00e9lectionnez une nature de paiement *<\/option>\r\n\t\t\t\t\t<option value=\"droits_inscription\" data-montant=\"254\">Droits d'inscription (254 \u20ac)<\/option><option value=\"frais_concours\" data-montant=\"180\">Frais de concours (180 \u20ac)<\/option>\t\t\t\t<\/select>\r\n\t\t\t\t\t\t\t\t<select id=\"dgfip_nature_ibode1\" class=\"dgfip_nature_select form-control d-none\">\r\n\t\t\t\t\t<option value=\"\">S\u00e9lectionnez une nature de paiement *<\/option>\r\n\t\t\t\t\t<option value=\"droits_inscription\" data-montant=\"254\">Droits d'inscription (254 \u20ac)<\/option><option value=\"frais_concours\" data-montant=\"180\">Frais de concours (180 \u20ac)<\/option>\t\t\t\t<\/select>\r\n\t\t\t\t\t\t\t\t<select id=\"dgfip_nature_ibode2\" class=\"dgfip_nature_select form-control d-none\">\r\n\t\t\t\t\t<option value=\"\">S\u00e9lectionnez une nature de paiement *<\/option>\r\n\t\t\t\t\t<option value=\"droits_inscription\" data-montant=\"254\">Droits d'inscription (254 \u20ac)<\/option>\t\t\t\t<\/select>\r\n\t\t\t\t\t\t\t\t<select id=\"dgfip_nature_iade1\" class=\"dgfip_nature_select form-control d-none\">\r\n\t\t\t\t\t<option value=\"\">S\u00e9lectionnez une nature de paiement *<\/option>\r\n\t\t\t\t\t<option value=\"droits_inscription\" data-montant=\"254\">Droits d'inscription (254 \u20ac)<\/option><option value=\"frais_concours\" data-montant=\"180\">Frais de concours (180 \u20ac)<\/option>\t\t\t\t<\/select>\r\n\t\t\t\t\t\t\t\t<select id=\"dgfip_nature_iade2\" class=\"dgfip_nature_select form-control d-none\">\r\n\t\t\t\t\t<option value=\"\">S\u00e9lectionnez une nature de paiement *<\/option>\r\n\t\t\t\t\t<option value=\"droits_inscription\" data-montant=\"254\">Droits d'inscription (254 \u20ac)<\/option>\t\t\t\t<\/select>\r\n\t\t\t\t\t\t\t\t<select id=\"dgfip_nature_ifsi1\" class=\"dgfip_nature_select form-control d-none\">\r\n\t\t\t\t\t<option value=\"\">S\u00e9lectionnez une nature de paiement *<\/option>\r\n\t\t\t\t\t<option value=\"droits_inscription\" data-montant=\"178\">Droits d'inscription (178 \u20ac)<\/option><option value=\"frais_concours\" data-montant=\"130\">Frais de concours (130 \u20ac)<\/option>\t\t\t\t<\/select>\r\n\t\t\t\t\t\t\t\t<select id=\"dgfip_nature_ifsi2\" class=\"dgfip_nature_select form-control d-none\">\r\n\t\t\t\t\t<option value=\"\">S\u00e9lectionnez une nature de paiement *<\/option>\r\n\t\t\t\t\t<option value=\"droits_inscription\" data-montant=\"178\">Droits d'inscription (178 \u20ac)<\/option>\t\t\t\t<\/select>\r\n\t\t\t\t\t\t\t\t<select id=\"dgfip_nature_ifsi3\" class=\"dgfip_nature_select form-control d-none\">\r\n\t\t\t\t\t<option value=\"\">S\u00e9lectionnez une nature de paiement *<\/option>\r\n\t\t\t\t\t<option value=\"droits_inscription\" data-montant=\"178\">Droits d'inscription (178 \u20ac)<\/option>\t\t\t\t<\/select>\r\n\t\t\t\t\t\t\t\t<select id=\"dgfip_nature_ifmem1\" class=\"dgfip_nature_select form-control d-none\">\r\n\t\t\t\t\t<option value=\"\">S\u00e9lectionnez une nature de paiement *<\/option>\r\n\t\t\t\t\t<option value=\"droits_inscription\" data-montant=\"178\">Droits d'inscription (178 \u20ac)<\/option><option value=\"frais_concours_extra\" data-montant=\"550\">Frais de concours extra-communautaire (550 \u20ac)<\/option><option value=\"frais_selection\" data-montant=\"130\">Frais de s\u00e9lection (130 \u20ac)<\/option>\t\t\t\t<\/select>\r\n\t\t\t\t\t\t\t\t<select id=\"dgfip_nature_ifmem2\" class=\"dgfip_nature_select form-control d-none\">\r\n\t\t\t\t\t<option value=\"\">S\u00e9lectionnez une nature de paiement *<\/option>\r\n\t\t\t\t\t<option value=\"droits_inscription\" data-montant=\"178\">Droits d'inscription (178 \u20ac)<\/option>\t\t\t\t<\/select>\r\n\t\t\t\t\t\t\t\t<select id=\"dgfip_nature_ifmem3\" class=\"dgfip_nature_select form-control d-none\">\r\n\t\t\t\t\t<option value=\"\">S\u00e9lectionnez une nature de paiement *<\/option>\r\n\t\t\t\t\t<option value=\"droits_inscription\" data-montant=\"178\">Droits d'inscription (178 \u20ac)<\/option>\t\t\t\t<\/select>\r\n\t\t\t\t\t\t\t\t<select id=\"dgfip_nature_cfpph\" class=\"dgfip_nature_select form-control d-none\">\r\n\t\t\t\t\t<option value=\"\">S\u00e9lectionnez une nature de paiement *<\/option>\r\n\t\t\t\t\t<option value=\"droits_inscription\" data-montant=\"178\">Droits d'inscription (178 \u20ac)<\/option><option value=\"frais_concours\" data-montant=\"130\">Frais de concours (130 \u20ac)<\/option>\t\t\t\t<\/select>\r\n\t\t\t\t\t\t\t<div class=\"invalid-feedback\" id=\"dgfip_nature_msg\"><\/div>\r\n\t\t<\/div>\r\n\t\t\r\n\t\t<div id=\"dgfip_all_fields\" class=\"d-none\">\r\n\t\t\t<div class=\"row\">\r\n\t\t\t\t<div class=\"col-12 col-sm-6\">\r\n\t\t\t\t\t<div class=\"form-group\">\r\n\t\t\t\t\t\t<input type=\"text\" id=\"nom_payeur\" value=\"\" placeholder=\"Nom du payeur *\" class=\"form-control\" required \/>\r\n\t\t\t\t\t\t<div class=\"invalid-feedback\" id=\"nom_payeur_msg\"><\/div>\r\n\t\t\t\t\t<\/div>\r\n\t\t\t\t<\/div>\r\n\t\t\t\t<div class=\"col-12 col-sm-6\">\r\n\t\t\t\t\t<div class=\"form-group\">\r\n\t\t\t\t\t\t<input type=\"text\" id=\"prenom_payeur\" value=\"\" placeholder=\"Pr\u00e9nom du payeur *\" class=\"form-control\" required \/>\r\n\t\t\t\t\t\t<div class=\"invalid-feedback\" id=\"prenom_payeur_msg\"><\/div>\r\n\t\t\t\t\t<\/div>\r\n\t\t\t\t<\/div>\r\n\t\t\t\t<div class=\"col-12 col-sm-4\">\r\n\t\t\t\t\t<div class=\"form-group\">\r\n\t\t\t\t\t\t<input type=\"text\" id=\"nom_etudiant\" value=\"\" placeholder=\"Nom de l'\u00e9tudiant.e *\" class=\"form-control\" required \/>\r\n\t\t\t\t\t\t<div class=\"invalid-feedback\" id=\"nom_etudiant_msg\"><\/div>\r\n\t\t\t\t\t<\/div>\r\n\t\t\t\t<\/div>\r\n\t\t\t\t<div class=\"col-12 col-sm-4\">\r\n\t\t\t\t\t<div class=\"form-group\">\r\n\t\t\t\t\t\t<input type=\"text\" id=\"nom_jeune_fille\" value=\"\" placeholder=\"Nom de jeune fille de l'\u00e9tudiante\" class=\"form-control\" \/>\r\n\t\t\t\t\t\t<div class=\"invalid-feedback\" id=\"nom_jeune_fille_msg\"><\/div>\r\n\t\t\t\t\t<\/div>\r\n\t\t\t\t<\/div>\r\n\t\t\t\t<div class=\"col-12 col-sm-4\">\r\n\t\t\t\t\t<div class=\"form-group\">\r\n\t\t\t\t\t\t<input type=\"text\" id=\"prenom_etudiant\" value=\"\" placeholder=\"Pr\u00e9nom de l'\u00e9tudiant.e *\" class=\"form-control\" required \/>\r\n\t\t\t\t\t\t<div class=\"invalid-feedback\" id=\"prenom_etudiant_msg\"><\/div>\r\n\t\t\t\t\t<\/div>\r\n\t\t\t\t<\/div>\r\n\t\t\t\t<div class=\"col-12 col-sm-6\">\r\n\t\t\t\t\t<div class=\"form-group\">\r\n\t\t\t\t\t\t<input type=\"email\" id=\"email\" value=\"\" placeholder=\"Adresse mail de l'\u00e9tudiant.e *\" class=\"form-control\" required \/>\r\n\t\t\t\t\t\t<div class=\"invalid-feedback\" id=\"email_msg\"><\/div>\r\n\t\t\t\t\t<\/div>\r\n\t\t\t\t<\/div>\r\n\t\t\t\t<div class=\"col-12 col-sm-6\">\r\n\t\t\t\t\t<div class=\"form-group\">\r\n\t\t\t\t\t\t<input type=\"text\" id=\"telephone\" value=\"\" placeholder=\"Num\u00e9ro de t\u00e9l\u00e9phone de l'\u00e9tudiant.e *\" class=\"form-control\" required \/>\r\n\t\t\t\t\t\t<div class=\"invalid-feedback\" id=\"telephone_msg\"><\/div>\r\n\t\t\t\t\t<\/div>\r\n\t\t\t\t<\/div>\r\n\t\t\t\t\r\n\t\t\t\t<div class=\"col-12\">\r\n\t\t\t\t\t<div class=\"form-group\">\r\n\t\t\t\t\t\t<div class=\"custom-control custom-checkbox\">\r\n\t\t\t\t\t\t\t<input type=\"checkbox\" class=\"form-control custom-control-input\" id=\"dgfip_rgpd\" required>\r\n\t\t\t\t\t\t\t<label class=\"custom-control-label\" for=\"dgfip_rgpd\">J\u2019ai lu et j\u2019accepte la <a href=\"\/politique-de-confidentialite\" title=\"Politique de confidentialit\u00e9\" target=\"_blank\">politique de confidentialit\u00e9<\/a> du CHRU de Tours ainsi que les <a href=\"\/mentions-legales\" target=\"_blank\" title=\"Mentions l\u00e9gales\">mentions l\u00e9gales<\/a><\/label>\r\n\t\t\t\t\t\t\t<div class=\"invalid-feedback\" id=\"dgfip_rgpd_msg\"><\/div>\r\n\t\t\t\t\t\t<\/div>\r\n\t\t\t\t\t<\/div>\r\n\t\t\t\t<\/div>\r\n\t\t\t\t\r\n\t\t\t\t<div class=\"col-12 mb-3\">\r\n\t\t\t\t\tLa collecte et le traitement des donn\u00e9es \u00e0 caract\u00e8re personnel \u00e9chang\u00e9es avec le site du CHRU de Tours ont pour fondement l\u00e9gal le consentement de l'Utilisateur exprim\u00e9 par votre clic sur cette case \u00e0 cocher. Les donn\u00e9es collect\u00e9es seront conserv\u00e9es selon les dispositions l\u00e9gislatives et r\u00e8glementaires en vigueur.\t\t\t\t<\/div>\r\n\t\t\t\t\r\n\t\t\t\t<script src=\"https:\/\/www.google.com\/recaptcha\/api.js\" async defer><\/script>\r\n\t\t\t\t<div class=\"col-12 mb-3 text-center\">\r\n\t\t\t\t\t<div class=\"g-recaptcha d-inline-block\" data-sitekey=\"6LcEJrkUAAAAAG0Et5F0Xl4AvIbTu_DHPB-rd31H\" id=\"captcha_field\"><\/div>\r\n\t\t\t\t\t<div class=\"invalid-feedback\" id=\"captcha_msg\"><\/div>\r\n\t\t\t\t<\/div>\r\n\t\t\t\t\r\n\t\t\t\t\t\t\t\t\t<div class=\"col-12 text-center\">\r\n\t\t\t\t\t\t<button type=\"button\" class=\"btn btn-primary no-loader\" id=\"dgfip_send_button\"><span>Payer<\/span><i class=\"d-none fas fa-circle-notch fa-spin\"><\/i><\/button>\r\n\t\t\t\t\t<\/div>\r\n\t\t\t\t\t\t\t\t<\/div>\r\n\t\t<\/div>\r\n\t\t\r\n\t<\/form>\r\n\t\r\n\t<style>\r\n\t#dgfip_form_container .form-control { border: 1px solid #ced4da !important; }\r\n\t#dgfip_form_container .form-control.is-invalid { border-color: #dc3545 !important; }\r\n\t#dgfip_form_container .form-control.is-valid { border-color: #28a745 !important; }\r\n\t#dgfip_form_container .invalid-feedback { font-weight: bold; }\r\n\t#dgfip_form_container #dgfip_send_button { width: 100px; }\r\n\t#captcha_field.is-invalid + .invalid-feedback { display: block; }\r\n\t<\/style>\r\n\r\n<\/div>\r\n\r\n\n","protected":false},"excerpt":{"rendered":"<p>Paiement via DGFIP<\/p>\n","protected":false},"author":18,"featured_media":0,"parent":0,"menu_order":0,"comment_status":"closed","ping_status":"closed","template":"","meta":{"_seopress_robots_primary_cat":"","_seopress_titles_title":"","_seopress_titles_desc":"","_seopress_robots_index":"","_exactmetrics_skip_tracking":false,"_exactmetrics_sitenote_active":false,"_exactmetrics_sitenote_note":"","_exactmetrics_sitenote_category":0,"_genesis_hide_title":false,"_genesis_hide_breadcrumbs":false,"_genesis_hide_singular_image":false,"_genesis_hide_footer_widgets":false,"_genesis_custom_body_class":"","_genesis_custom_post_class":"","_genesis_layout":"","footnotes":""},"publishpress_future_action":{"enabled":false,"date":"2026-05-06 05:35:03","action":"change-status","newStatus":"draft","terms":[],"taxonomy":""},"_links":{"self":[{"href":"https:\/\/www.chu-tours.fr\/ecoles-du-chru-de-tours\/wp-json\/wp\/v2\/pages\/1162"}],"collection":[{"href":"https:\/\/www.chu-tours.fr\/ecoles-du-chru-de-tours\/wp-json\/wp\/v2\/pages"}],"about":[{"href":"https:\/\/www.chu-tours.fr\/ecoles-du-chru-de-tours\/wp-json\/wp\/v2\/types\/page"}],"author":[{"embeddable":true,"href":"https:\/\/www.chu-tours.fr\/ecoles-du-chru-de-tours\/wp-json\/wp\/v2\/users\/18"}],"replies":[{"embeddable":true,"href":"https:\/\/www.chu-tours.fr\/ecoles-du-chru-de-tours\/wp-json\/wp\/v2\/comments?post=1162"}],"version-history":[{"count":11,"href":"https:\/\/www.chu-tours.fr\/ecoles-du-chru-de-tours\/wp-json\/wp\/v2\/pages\/1162\/revisions"}],"predecessor-version":[{"id":4344,"href":"https:\/\/www.chu-tours.fr\/ecoles-du-chru-de-tours\/wp-json\/wp\/v2\/pages\/1162\/revisions\/4344"}],"wp:attachment":[{"href":"https:\/\/www.chu-tours.fr\/ecoles-du-chru-de-tours\/wp-json\/wp\/v2\/media?parent=1162"}],"curies":[{"name":"wp","href":"https:\/\/api.w.org\/{rel}","templated":true}]}}