{"id":113,"date":"2021-06-01T12:04:58","date_gmt":"2021-06-01T10:04:58","guid":{"rendered":"https:\/\/www.chu-tours.fr\/ecoles-du-chru-de-tours\/?page_id=113"},"modified":"2021-06-15T16:23:57","modified_gmt":"2021-06-15T14:23:57","slug":"centre-de-ressources-documentaires","status":"publish","type":"page","link":"https:\/\/www.chu-tours.fr\/ecoles-du-chru-de-tours\/centre-de-ressources-documentaires\/","title":{"rendered":"Centre de Ressources Documentaires"},"content":{"rendered":"\t\t<div data-elementor-type=\"wp-page\" data-elementor-id=\"113\" class=\"elementor elementor-113\" data-elementor-post-type=\"page\">\n\t\t\t\t\t\t<section class=\"elementor-section elementor-top-section elementor-element elementor-element-ecaca83 elementor-section-boxed elementor-section-height-default elementor-section-height-default\" data-id=\"ecaca83\" data-element_type=\"section\">\n\t\t\t\t\t\t<div class=\"elementor-container elementor-column-gap-default\">\n\t\t\t\t\t<div class=\"elementor-column elementor-col-100 elementor-top-column elementor-element elementor-element-c05d98d\" data-id=\"c05d98d\" data-element_type=\"column\">\n\t\t\t<div class=\"elementor-widget-wrap elementor-element-populated\">\n\t\t\t\t\t\t<section class=\"elementor-section elementor-inner-section elementor-element elementor-element-30b5b15 elementor-section-boxed elementor-section-height-default elementor-section-height-default\" data-id=\"30b5b15\" data-element_type=\"section\">\n\t\t\t\t\t\t<div class=\"elementor-container elementor-column-gap-default\">\n\t\t\t\t\t<div class=\"elementor-column elementor-col-50 elementor-inner-column elementor-element elementor-element-1fe078f\" data-id=\"1fe078f\" data-element_type=\"column\">\n\t\t\t<div class=\"elementor-widget-wrap elementor-element-populated\">\n\t\t\t\t\t\t<div class=\"elementor-element elementor-element-62095d9 elementor-widget elementor-widget-text-editor\" data-id=\"62095d9\" data-element_type=\"widget\" data-widget_type=\"text-editor.default\">\n\t\t\t\t<div class=\"elementor-widget-container\">\n\t\t\t\t\t\t\t<p>Les \u00e9coles du CHRU de Tours disposent :<\/p><ul><li>D&#8217;un <strong>Centre de ressources documentaires (CRD)<\/strong> accessible \u00e0 tous les \u00e9l\u00e8ves\/\u00e9tudiants en formation qui peuvent consulter et emprunter des ouvrages, ainsi qu\u2019aux professionnels du monde de la sant\u00e9<\/li><\/ul><ul><li>D&#8217;un <strong>portail documentaire connect\u00e9<\/strong> permettant aux usagers de consulter le catalogue en ligne, de r\u00e9server des documents et d\u2019acc\u00e9der \u00e0 des ressources num\u00e9riques<\/li><\/ul>\t\t\t\t\t\t<\/div>\n\t\t\t\t<\/div>\n\t\t\t\t<div class=\"elementor-element elementor-element-700cd20 elementor-align-center elementor-widget elementor-widget-button\" data-id=\"700cd20\" data-element_type=\"widget\" data-widget_type=\"button.default\">\n\t\t\t\t<div class=\"elementor-widget-container\">\n\t\t\t\t\t<div class=\"elementor-button-wrapper\">\n\t\t\t<a class=\"elementor-button elementor-button-link elementor-size-md\" href=\"https:\/\/www.centredoc.chu-tours.fr\/\" target=\"_blank\">\n\t\t\t\t\t\t<span class=\"elementor-button-content-wrapper\">\n\t\t\t\t\t\t<span class=\"elementor-button-icon\">\n\t\t\t\t<i aria-hidden=\"true\" class=\"fas fa-book\"><\/i>\t\t\t<\/span>\n\t\t\t\t\t\t\t\t\t<span class=\"elementor-button-text\">Acc\u00e9der au portail documentaire<\/span>\n\t\t\t\t\t<\/span>\n\t\t\t\t\t<\/a>\n\t\t<\/div>\n\t\t\t\t<\/div>\n\t\t\t\t<\/div>\n\t\t\t\t<div class=\"elementor-element elementor-element-d7ded88 elementor-widget elementor-widget-text-editor\" data-id=\"d7ded88\" data-element_type=\"widget\" data-widget_type=\"text-editor.default\">\n\t\t\t\t<div class=\"elementor-widget-container\">\n\t\t\t\t\t\t\t<p>La pr\u00e9sence de plusieurs \u00e9coles au sein d\u2019un m\u00eame institut permet au centre de ressources documentaires de proposer<strong> un fonds important<\/strong>, couvrant l\u2019ensemble des disciplines param\u00e9dicales, de la sant\u00e9, des sciences humaines (psychologie, sociologie, p\u00e9dagogie\u2026), ou encore dans le domaine de la gestion et de l\u2019administration hospitali\u00e8re.<\/p><p>Les usagers peuvent effectuer<strong> des recherches en autonomie<\/strong> et <strong>emprunter des documents<\/strong> tout en b\u00e9n\u00e9ficiant de l\u2019expertise de professionnels de l\u2019information et de la documentation.<\/p>\t\t\t\t\t\t<\/div>\n\t\t\t\t<\/div>\n\t\t\t\t\t<\/div>\n\t\t<\/div>\n\t\t\t\t<div class=\"elementor-column elementor-col-50 elementor-inner-column elementor-element elementor-element-04d5dd8\" data-id=\"04d5dd8\" data-element_type=\"column\">\n\t\t\t<div class=\"elementor-widget-wrap elementor-element-populated\">\n\t\t\t\t\t\t<div class=\"elementor-element elementor-element-c2b2f06 elementor--h-position-center elementor--v-position-middle elementor-arrows-position-inside elementor-pagination-position-inside elementor-widget elementor-widget-slides\" data-id=\"c2b2f06\" data-element_type=\"widget\" data-settings=\"{&quot;navigation&quot;:&quot;both&quot;,&quot;autoplay&quot;:&quot;yes&quot;,&quot;pause_on_hover&quot;:&quot;yes&quot;,&quot;pause_on_interaction&quot;:&quot;yes&quot;,&quot;autoplay_speed&quot;:5000,&quot;infinite&quot;:&quot;yes&quot;,&quot;transition&quot;:&quot;slide&quot;,&quot;transition_speed&quot;:500}\" data-widget_type=\"slides.default\">\n\t\t\t\t<div class=\"elementor-widget-container\">\n\t\t\t\t\t<div class=\"elementor-swiper\">\n\t\t\t<div class=\"elementor-slides-wrapper elementor-main-swiper swiper\" dir=\"ltr\" data-animation=\"fadeInUp\">\n\t\t\t\t<div class=\"swiper-wrapper elementor-slides\">\n\t\t\t\t\t\t\t\t\t\t<div class=\"elementor-repeater-item-acd2e2a swiper-slide\"><div class=\"swiper-slide-bg\" role=\"img\"><\/div><div class=\"swiper-slide-inner\" ><div class=\"swiper-slide-contents\"><\/div><\/div><\/div><div class=\"elementor-repeater-item-256ce3e swiper-slide\"><div class=\"swiper-slide-bg\" role=\"img\"><\/div><div class=\"swiper-slide-inner\" ><div class=\"swiper-slide-contents\"><\/div><\/div><\/div><div class=\"elementor-repeater-item-e17bf53 swiper-slide\"><div class=\"swiper-slide-bg\" role=\"img\"><\/div><div class=\"swiper-slide-inner\" ><div class=\"swiper-slide-contents\"><\/div><\/div><\/div><div class=\"elementor-repeater-item-415e018 swiper-slide\"><div class=\"swiper-slide-bg\" role=\"img\"><\/div><div class=\"swiper-slide-inner\" ><div class=\"swiper-slide-contents\"><\/div><\/div><\/div>\t\t\t\t<\/div>\n\t\t\t\t\t\t\t\t\t\t\t\t\t\t\t<div class=\"swiper-pagination\"><\/div>\n\t\t\t\t\t\t\t\t\t\t\t\t\t\t\t\t<div class=\"elementor-swiper-button elementor-swiper-button-prev\" role=\"button\" tabindex=\"0\">\n\t\t\t\t\t\t\t<i aria-hidden=\"true\" class=\"eicon-chevron-left\"><\/i>\t\t\t\t\t\t\t<span class=\"elementor-screen-only\">Diapositive pr\u00e9c\u00e9dente<\/span>\n\t\t\t\t\t\t<\/div>\n\t\t\t\t\t\t<div class=\"elementor-swiper-button elementor-swiper-button-next\" role=\"button\" tabindex=\"0\">\n\t\t\t\t\t\t\t<i aria-hidden=\"true\" class=\"eicon-chevron-right\"><\/i>\t\t\t\t\t\t\t<span class=\"elementor-screen-only\">Diapositive suivante<\/span>\n\t\t\t\t\t\t<\/div>\n\t\t\t\t\t\t\t\t\t\t\t\t<\/div>\n\t\t<\/div>\n\t\t\t\t<\/div>\n\t\t\t\t<\/div>\n\t\t\t\t\t<\/div>\n\t\t<\/div>\n\t\t\t\t\t<\/div>\n\t\t<\/section>\n\t\t\t\t<div class=\"elementor-element elementor-element-a49ed84 elementor-widget elementor-widget-text-editor\" data-id=\"a49ed84\" data-element_type=\"widget\" data-widget_type=\"text-editor.default\">\n\t\t\t\t<div class=\"elementor-widget-container\">\n\t\t\t\t\t\t\t<h2>Les missions<\/h2><ul><li><strong>Collecter, conserver et mettre \u00e0 disposition<\/strong> des \u00e9tudiants et des professionnels du monde de la sant\u00e9, <strong>des documents, rapports, \u00e9tudes et revues actualis\u00e9es<\/strong>, consultables sur place et\/ou empruntables<\/li><li><strong>Effectuer une veille informationnelle<\/strong> quotidienne dans les domaines de la sant\u00e9, de l\u2019enseignement et du management<\/li><li><strong>Aider \u00e0 la recherche documentaire<\/strong><\/li><li>Proposer des <strong>formations \u00e0 la m\u00e9thodologie de la recherche documentaire<\/strong><\/li><\/ul>\t\t\t\t\t\t<\/div>\n\t\t\t\t<\/div>\n\t\t\t\t<div class=\"elementor-element elementor-element-60bd39b elementor-widget elementor-widget-text-editor\" data-id=\"60bd39b\" data-element_type=\"widget\" data-widget_type=\"text-editor.default\">\n\t\t\t\t<div class=\"elementor-widget-container\">\n\t\t\t\t\t\t\t<h2 style=\"text-align: left\">Les coordonn\u00e9es et horaires d\u2019ouverture<\/h2>\n<ul>\n<li>Du lundi au vendredi : 9h00 \u2013 16h00<\/li>\n<li>Permanences jusqu\u2019\u00e0 17h30 les mardis et jeudis (sauf p\u00e9riode estivale)<\/li>\n<\/ul>\n<p>\u2706 : 02 47 47 91 11<\/p>\n<p><span style=\"font-family: Arial, Helvetica, sans-serif\">\ud83d\udd82 <\/span>: <a href=\"mailto:accueil.cdi@chu-tours.fr\" target=\"_blank\" rel=\"noopener\">accueil.cdi@chu-tours.fr<\/a><\/p>\n<p><\/p>\n<p style=\"text-align: center\"><strong>En cas de fermeture, vous pouvez d\u00e9poser vos ouvrages dans la bo\u00eete de retour de documents, situ\u00e9e \u00e0 l\u2019ext\u00e9rieur pr\u00e8s de l\u2019entr\u00e9e du CRD.<\/strong><\/p>\t\t\t\t\t\t<\/div>\n\t\t\t\t<\/div>\n\t\t\t\t\t<\/div>\n\t\t<\/div>\n\t\t\t\t\t<\/div>\n\t\t<\/section>\n\t\t\t\t<\/div>\n\t\t","protected":false},"excerpt":{"rendered":"<p>Les \u00e9coles du CHRU de Tours disposent : D&#8217;un Centre de ressources documentaires (CRD) accessible \u00e0 tous les \u00e9l\u00e8ves\/\u00e9tudiants en formation qui peuvent consulter et emprunter des ouvrages, ainsi qu\u2019aux professionnels du monde de la sant\u00e9 D&#8217;un portail documentaire connect\u00e9 permettant aux usagers de consulter le catalogue en ligne, de r\u00e9server des documents et d\u2019acc\u00e9der [&hellip;]<\/p>\n","protected":false},"author":18,"featured_media":0,"parent":0,"menu_order":0,"comment_status":"closed","ping_status":"closed","template":"","meta":{"_seopress_robots_primary_cat":"","_seopress_titles_title":"","_seopress_titles_desc":"","_seopress_robots_index":"","_exactmetrics_skip_tracking":false,"_exactmetrics_sitenote_active":false,"_exactmetrics_sitenote_note":"","_exactmetrics_sitenote_category":0,"_genesis_hide_title":false,"_genesis_hide_breadcrumbs":false,"_genesis_hide_singular_image":false,"_genesis_hide_footer_widgets":false,"_genesis_custom_body_class":"","_genesis_custom_post_class":"","_genesis_layout":"","footnotes":""},"publishpress_future_action":{"enabled":false,"date":"2026-04-14 17:04:37","action":"change-status","newStatus":"draft","terms":[],"taxonomy":""},"_links":{"self":[{"href":"https:\/\/www.chu-tours.fr\/ecoles-du-chru-de-tours\/wp-json\/wp\/v2\/pages\/113"}],"collection":[{"href":"https:\/\/www.chu-tours.fr\/ecoles-du-chru-de-tours\/wp-json\/wp\/v2\/pages"}],"about":[{"href":"https:\/\/www.chu-tours.fr\/ecoles-du-chru-de-tours\/wp-json\/wp\/v2\/types\/page"}],"author":[{"embeddable":true,"href":"https:\/\/www.chu-tours.fr\/ecoles-du-chru-de-tours\/wp-json\/wp\/v2\/users\/18"}],"replies":[{"embeddable":true,"href":"https:\/\/www.chu-tours.fr\/ecoles-du-chru-de-tours\/wp-json\/wp\/v2\/comments?post=113"}],"version-history":[{"count":19,"href":"https:\/\/www.chu-tours.fr\/ecoles-du-chru-de-tours\/wp-json\/wp\/v2\/pages\/113\/revisions"}],"predecessor-version":[{"id":497,"href":"https:\/\/www.chu-tours.fr\/ecoles-du-chru-de-tours\/wp-json\/wp\/v2\/pages\/113\/revisions\/497"}],"wp:attachment":[{"href":"https:\/\/www.chu-tours.fr\/ecoles-du-chru-de-tours\/wp-json\/wp\/v2\/media?parent=113"}],"curies":[{"name":"wp","href":"https:\/\/api.w.org\/{rel}","templated":true}]}}