{"id":10750,"date":"2024-12-11T10:08:57","date_gmt":"2024-12-11T09:08:57","guid":{"rendered":"https:\/\/www.chu-tours.fr\/ecoles-du-chru-de-tours\/?page_id=10750"},"modified":"2024-12-11T10:35:53","modified_gmt":"2024-12-11T09:35:53","slug":"convention-chru-ecoles-hogip","status":"publish","type":"page","link":"https:\/\/www.chu-tours.fr\/ecoles-du-chru-de-tours\/convention-chru-ecoles-hogip\/","title":{"rendered":"Convention CHRU de Tours-\u00c9coles du CHRU- H\u00f4pital G\u00e9n\u00e9ral IDRISSA POUYE (S\u00e9n\u00e9gal)"},"content":{"rendered":"\t\t<div data-elementor-type=\"wp-page\" data-elementor-id=\"10750\" class=\"elementor elementor-10750\" data-elementor-post-type=\"page\">\n\t\t\t\t\t\t<section class=\"elementor-section elementor-top-section elementor-element elementor-element-ed0841d elementor-section-boxed elementor-section-height-default elementor-section-height-default\" data-id=\"ed0841d\" data-element_type=\"section\">\n\t\t\t\t\t\t<div class=\"elementor-container elementor-column-gap-default\">\n\t\t\t\t\t<div class=\"elementor-column elementor-col-100 elementor-top-column elementor-element elementor-element-f56b879\" data-id=\"f56b879\" data-element_type=\"column\">\n\t\t\t<div class=\"elementor-widget-wrap elementor-element-populated\">\n\t\t\t\t\t\t<div class=\"elementor-element elementor-element-3f8bb1f elementor-widget elementor-widget-post-info\" data-id=\"3f8bb1f\" data-element_type=\"widget\" data-widget_type=\"post-info.default\">\n\t\t\t\t<div class=\"elementor-widget-container\">\n\t\t\t\t\t<ul class=\"elementor-inline-items elementor-icon-list-items elementor-post-info\">\n\t\t\t\t\t\t\t\t<li class=\"elementor-icon-list-item elementor-repeater-item-da865bd elementor-inline-item\" itemprop=\"datePublished\">\n\t\t\t\t\t\t<a href=\"https:\/\/www.chu-tours.fr\/ecoles-du-chru-de-tours\/2024\/12\/11\/\">\n\t\t\t\t\t\t\t\t\t\t\t<span class=\"elementor-icon-list-icon\">\n\t\t\t\t\t\t\t\t<i aria-hidden=\"true\" class=\"fas fa-calendar\"><\/i>\t\t\t\t\t\t\t<\/span>\n\t\t\t\t\t\t\t\t\t<span class=\"elementor-icon-list-text elementor-post-info__item elementor-post-info__item--type-date\">\n\t\t\t\t\t\t\t\t\t\t<time>11\/12\/2024<\/time>\t\t\t\t\t<\/span>\n\t\t\t\t\t\t\t\t\t<\/a>\n\t\t\t\t<\/li>\n\t\t\t\t<\/ul>\n\t\t\t\t<\/div>\n\t\t\t\t<\/div>\n\t\t\t\t<section class=\"elementor-section elementor-inner-section elementor-element elementor-element-ee05351 elementor-section-boxed elementor-section-height-default elementor-section-height-default\" data-id=\"ee05351\" data-element_type=\"section\">\n\t\t\t\t\t\t<div class=\"elementor-container elementor-column-gap-default\">\n\t\t\t\t\t<div class=\"elementor-column elementor-col-50 elementor-inner-column elementor-element elementor-element-2fb0da4\" data-id=\"2fb0da4\" data-element_type=\"column\">\n\t\t\t<div class=\"elementor-widget-wrap elementor-element-populated\">\n\t\t\t\t\t\t<div class=\"elementor-element elementor-element-d8969c5 elementor-widget elementor-widget-text-editor\" data-id=\"d8969c5\" data-element_type=\"widget\" data-widget_type=\"text-editor.default\">\n\t\t\t\t<div class=\"elementor-widget-container\">\n\t\t\t\t\t\t\t<p><span data-contrast=\"auto\">Le 11 novembre 2024, le CHRU de Tours et les \u00c9coles du CHRU ont sign\u00e9 un accord de partenariat avec l\u2019h\u00f4pital g\u00e9n\u00e9ral Idrissa Pouye (HOGIP) de Dakar (S\u00e9n\u00e9gal)\u00a0<\/span><\/p><p><span data-contrast=\"auto\">Cet accord a pour objet principal de proposer un cadre pour la r\u00e9alisation de stages pratiques hospitaliers au sein de l\u2019HOGIP pour les \u00e9l\u00e8ves et \u00e9tudiants des Ecoles du CHRU de Tours.\u00a0<\/span><span data-ccp-props=\"{&quot;335551550&quot;:6,&quot;335551620&quot;:6,&quot;335559739&quot;:0}\">\u00a0<\/span><\/p><p>\u00a0<\/p>\t\t\t\t\t\t<\/div>\n\t\t\t\t<\/div>\n\t\t\t\t\t<\/div>\n\t\t<\/div>\n\t\t\t\t<div class=\"elementor-column elementor-col-50 elementor-inner-column elementor-element elementor-element-9b50f9a\" data-id=\"9b50f9a\" data-element_type=\"column\">\n\t\t\t<div class=\"elementor-widget-wrap elementor-element-populated\">\n\t\t\t\t\t\t<div class=\"elementor-element elementor-element-125dac0 elementor-widget__width-initial elementor-widget elementor-widget-image\" data-id=\"125dac0\" data-element_type=\"widget\" data-widget_type=\"image.default\">\n\t\t\t\t<div class=\"elementor-widget-container\">\n\t\t\t\t\t\t\t\t\t\t\t\t\t<img fetchpriority=\"high\" decoding=\"async\" width=\"1024\" height=\"509\" src=\"https:\/\/www.chu-tours.fr\/ecoles-du-chru-de-tours\/wp-content\/uploads\/sites\/10\/2024\/12\/CHUR-ECOLES-HOGIP-2-1024x509.jpg\" class=\"attachment-large size-large wp-image-10756\" alt=\"\" srcset=\"https:\/\/www.chu-tours.fr\/ecoles-du-chru-de-tours\/wp-content\/uploads\/sites\/10\/2024\/12\/CHUR-ECOLES-HOGIP-2-1024x509.jpg 1024w, https:\/\/www.chu-tours.fr\/ecoles-du-chru-de-tours\/wp-content\/uploads\/sites\/10\/2024\/12\/CHUR-ECOLES-HOGIP-2-300x149.jpg 300w, https:\/\/www.chu-tours.fr\/ecoles-du-chru-de-tours\/wp-content\/uploads\/sites\/10\/2024\/12\/CHUR-ECOLES-HOGIP-2-768x382.jpg 768w, https:\/\/www.chu-tours.fr\/ecoles-du-chru-de-tours\/wp-content\/uploads\/sites\/10\/2024\/12\/CHUR-ECOLES-HOGIP-2-1536x764.jpg 1536w, https:\/\/www.chu-tours.fr\/ecoles-du-chru-de-tours\/wp-content\/uploads\/sites\/10\/2024\/12\/CHUR-ECOLES-HOGIP-2.jpg 1600w\" sizes=\"(max-width: 1024px) 100vw, 1024px\" \/>\t\t\t\t\t\t\t\t\t\t\t\t\t<\/div>\n\t\t\t\t<\/div>\n\t\t\t\t\t<\/div>\n\t\t<\/div>\n\t\t\t\t\t<\/div>\n\t\t<\/section>\n\t\t\t\t\t<\/div>\n\t\t<\/div>\n\t\t\t\t\t<\/div>\n\t\t<\/section>\n\t\t\t\t<section class=\"elementor-section elementor-top-section elementor-element elementor-element-d9cdeb6 elementor-section-boxed elementor-section-height-default elementor-section-height-default\" data-id=\"d9cdeb6\" data-element_type=\"section\">\n\t\t\t\t\t\t<div class=\"elementor-container elementor-column-gap-default\">\n\t\t\t\t\t<div class=\"elementor-column elementor-col-100 elementor-top-column elementor-element elementor-element-08f6321\" data-id=\"08f6321\" data-element_type=\"column\">\n\t\t\t<div class=\"elementor-widget-wrap elementor-element-populated\">\n\t\t\t\t\t\t<div class=\"elementor-element elementor-element-8d51225 elementor-widget elementor-widget-text-editor\" data-id=\"8d51225\" data-element_type=\"widget\" data-widget_type=\"text-editor.default\">\n\t\t\t\t<div class=\"elementor-widget-container\">\n\t\t\t\t\t\t\t<p><span data-contrast=\"auto\">Il concernera chaque ann\u00e9e\u202f:<\/span><span data-ccp-props=\"{&quot;335551550&quot;:6,&quot;335551620&quot;:6,&quot;335559739&quot;:0}\">\u00a0<\/span><\/p><ul><li data-leveltext=\"-\" data-font=\"Calibri\" data-listid=\"1\" data-list-defn-props=\"{&quot;335551671&quot;:0,&quot;335552541&quot;:1,&quot;335559685&quot;:720,&quot;335559991&quot;:360,&quot;469769226&quot;:&quot;Calibri&quot;,&quot;469769242&quot;:[8226],&quot;469777803&quot;:&quot;left&quot;,&quot;469777804&quot;:&quot;-&quot;,&quot;469777815&quot;:&quot;hybridMultilevel&quot;}\" data-aria-posinset=\"0\" data-aria-level=\"1\"><span data-contrast=\"auto\">Quatre \u00e9tudiants de 3<\/span><span data-contrast=\"auto\">\u00e8me<\/span><span data-contrast=\"auto\">\u00a0ann\u00e9e de l\u2019ISFI pour un stage de 10 semaines,<\/span><span data-ccp-props=\"{&quot;335551550&quot;:6,&quot;335551620&quot;:6,&quot;335559739&quot;:0}\">\u00a0<\/span><\/li><li data-leveltext=\"-\" data-font=\"Calibri\" data-listid=\"1\" data-list-defn-props=\"{&quot;335551671&quot;:0,&quot;335552541&quot;:1,&quot;335559685&quot;:720,&quot;335559991&quot;:360,&quot;469769226&quot;:&quot;Calibri&quot;,&quot;469769242&quot;:[8226],&quot;469777803&quot;:&quot;left&quot;,&quot;469777804&quot;:&quot;-&quot;,&quot;469777815&quot;:&quot;hybridMultilevel&quot;}\" data-aria-posinset=\"1\" data-aria-level=\"1\"><span data-contrast=\"auto\">Deux bin\u00f4mes d\u2019\u00e9tudiants en 4<\/span><span data-contrast=\"auto\">\u00e8me<\/span><span data-contrast=\"auto\">\u00a0ou 5<\/span><span data-contrast=\"auto\">\u00e8me<\/span><span data-contrast=\"auto\">\u00a0ann\u00e9e de ma\u00efeutique pour un stage de 4 semaines,<\/span><span data-ccp-props=\"{&quot;335551550&quot;:6,&quot;335551620&quot;:6,&quot;335559739&quot;:0}\">\u00a0<\/span><\/li><li data-leveltext=\"-\" data-font=\"Calibri\" data-listid=\"1\" data-list-defn-props=\"{&quot;335551671&quot;:0,&quot;335552541&quot;:1,&quot;335559685&quot;:720,&quot;335559991&quot;:360,&quot;469769226&quot;:&quot;Calibri&quot;,&quot;469769242&quot;:[8226],&quot;469777803&quot;:&quot;left&quot;,&quot;469777804&quot;:&quot;-&quot;,&quot;469777815&quot;:&quot;hybridMultilevel&quot;}\" data-aria-posinset=\"2\" data-aria-level=\"1\"><span data-contrast=\"auto\">Des \u00e9l\u00e8ves et \u00e9tudiants inscrits dans une autre formation param\u00e9dicale de l\u2019IFPS, pour un stage\u202fr\u00e9pondant aux besoins de leur maquette d\u2019enseignement.<\/span><span data-ccp-props=\"{&quot;335551550&quot;:6,&quot;335551620&quot;:6,&quot;335559739&quot;:0}\">\u00a0<\/span><\/li><\/ul><p><span data-contrast=\"auto\">La visite \u00e0 l\u2019HOGIP a \u00e9t\u00e9 l\u2019occasion de retrouver sur place le premier groupe \u00e9tudiantes de l\u2019IFSI en stage depuis le 16\/09\/2024<\/span><span style=\"font-weight: var( --e-global-typography-text-font-weight );font-size: 1rem\" data-contrast=\"auto\">. Mmes CHARRON-ARRIOTTI et PERRIN ont visit\u00e9 les services susceptibles d\u2019accueillir les futurs stagiaires (IDE, sages-femmes et autres formations param\u00e9dicales) et rencontr\u00e9 les \u00e9quipes d\u2019accueil pour \u00e9changer sur les attendus des stages.<\/span><span style=\"font-weight: var( --e-global-typography-text-font-weight );font-size: 1rem\" data-ccp-props=\"{&quot;335551550&quot;:6,&quot;335551620&quot;:6,&quot;335559739&quot;:0}\">\u00a0<\/span><\/p>\t\t\t\t\t\t<\/div>\n\t\t\t\t<\/div>\n\t\t\t\t<section class=\"elementor-section elementor-inner-section elementor-element elementor-element-e0d5956 elementor-section-boxed elementor-section-height-default elementor-section-height-default\" data-id=\"e0d5956\" data-element_type=\"section\">\n\t\t\t\t\t\t<div class=\"elementor-container elementor-column-gap-default\">\n\t\t\t\t\t<div class=\"elementor-column elementor-col-50 elementor-inner-column elementor-element elementor-element-945de55\" data-id=\"945de55\" data-element_type=\"column\">\n\t\t\t<div class=\"elementor-widget-wrap elementor-element-populated\">\n\t\t\t\t\t\t<div class=\"elementor-element elementor-element-f17345e elementor-widget elementor-widget-image\" data-id=\"f17345e\" data-element_type=\"widget\" data-widget_type=\"image.default\">\n\t\t\t\t<div class=\"elementor-widget-container\">\n\t\t\t\t\t\t\t\t\t\t\t\t\t<img decoding=\"async\" width=\"1024\" height=\"768\" src=\"https:\/\/www.chu-tours.fr\/ecoles-du-chru-de-tours\/wp-content\/uploads\/sites\/10\/2024\/12\/CHUR-ECOLES-HOGIP-1-1024x768.jpg\" class=\"attachment-large size-large wp-image-10757\" alt=\"\" srcset=\"https:\/\/www.chu-tours.fr\/ecoles-du-chru-de-tours\/wp-content\/uploads\/sites\/10\/2024\/12\/CHUR-ECOLES-HOGIP-1-1024x768.jpg 1024w, https:\/\/www.chu-tours.fr\/ecoles-du-chru-de-tours\/wp-content\/uploads\/sites\/10\/2024\/12\/CHUR-ECOLES-HOGIP-1-300x225.jpg 300w, https:\/\/www.chu-tours.fr\/ecoles-du-chru-de-tours\/wp-content\/uploads\/sites\/10\/2024\/12\/CHUR-ECOLES-HOGIP-1-768x576.jpg 768w, https:\/\/www.chu-tours.fr\/ecoles-du-chru-de-tours\/wp-content\/uploads\/sites\/10\/2024\/12\/CHUR-ECOLES-HOGIP-1-1536x1152.jpg 1536w, https:\/\/www.chu-tours.fr\/ecoles-du-chru-de-tours\/wp-content\/uploads\/sites\/10\/2024\/12\/CHUR-ECOLES-HOGIP-1-70x52.jpg 70w, https:\/\/www.chu-tours.fr\/ecoles-du-chru-de-tours\/wp-content\/uploads\/sites\/10\/2024\/12\/CHUR-ECOLES-HOGIP-1.jpg 2000w\" sizes=\"(max-width: 1024px) 100vw, 1024px\" \/>\t\t\t\t\t\t\t\t\t\t\t\t\t<\/div>\n\t\t\t\t<\/div>\n\t\t\t\t\t<\/div>\n\t\t<\/div>\n\t\t\t\t<div class=\"elementor-column elementor-col-50 elementor-inner-column elementor-element elementor-element-99a28cf\" data-id=\"99a28cf\" data-element_type=\"column\">\n\t\t\t<div class=\"elementor-widget-wrap elementor-element-populated\">\n\t\t\t\t\t\t<div class=\"elementor-element elementor-element-90907c9 elementor-widget elementor-widget-text-editor\" data-id=\"90907c9\" data-element_type=\"widget\" data-widget_type=\"text-editor.default\">\n\t\t\t\t<div class=\"elementor-widget-container\">\n\t\t\t\t\t\t\t<p><span data-contrast=\"auto\">Cette visite a \u00e9galement permis de discuter des autres actions pr\u00e9vues dans la convention que sont\u202f:<\/span><span data-ccp-props=\"{&quot;335551550&quot;:6,&quot;335551620&quot;:6,&quot;335559739&quot;:0}\">\u00a0<\/span><\/p><ul><li data-leveltext=\"-\" data-font=\"Calibri\" data-listid=\"1\" data-list-defn-props=\"{&quot;335551671&quot;:0,&quot;335552541&quot;:1,&quot;335559685&quot;:720,&quot;335559991&quot;:360,&quot;469769226&quot;:&quot;Calibri&quot;,&quot;469769242&quot;:[8226],&quot;469777803&quot;:&quot;left&quot;,&quot;469777804&quot;:&quot;-&quot;,&quot;469777815&quot;:&quot;hybridMultilevel&quot;}\" data-aria-posinset=\"3\" data-aria-level=\"1\"><span data-contrast=\"auto\">Des actions de formation pour les professionnels de l\u2019HOGIP par l\u2019interm\u00e9diaire de leur accueil en stage au CHRU,<\/span><span data-ccp-props=\"{&quot;335551550&quot;:6,&quot;335551620&quot;:6,&quot;335559739&quot;:0}\">\u00a0<\/span><\/li><\/ul><ul><li data-leveltext=\"-\" data-font=\"Calibri\" data-listid=\"1\" data-list-defn-props=\"{&quot;335551671&quot;:0,&quot;335552541&quot;:1,&quot;335559685&quot;:720,&quot;335559991&quot;:360,&quot;469769226&quot;:&quot;Calibri&quot;,&quot;469769242&quot;:[8226],&quot;469777803&quot;:&quot;left&quot;,&quot;469777804&quot;:&quot;-&quot;,&quot;469777815&quot;:&quot;hybridMultilevel&quot;}\" data-aria-posinset=\"4\" data-aria-level=\"1\"><span data-contrast=\"auto\">L\u2019acc\u00e8s aux outils de simulation au sein des Ecoles du CHRU de Tours pour les professionnels charg\u00e9s de l\u2019encadrement des stagiaires.<\/span><span data-ccp-props=\"{&quot;335551550&quot;:6,&quot;335551620&quot;:6,&quot;335559739&quot;:0}\">\u00a0<\/span><\/li><\/ul><p><a href=\"https:\/\/www.hogip.sn\/\"><span data-contrast=\"none\">L\u2019H\u00f4pital General Idrissa POUYE<\/span><\/a><span data-contrast=\"auto\">\u00a0est un \u00c9tablissement Public de Sante de niveau 3 ce qui correspond au dernier niveau de r\u00e9f\u00e9rence du syst\u00e8me sanitaire du S\u00e9n\u00e9gal. La capacit\u00e9 d&#8217;accueil est de 274 lits couvrant de nombreuses disciplines m\u00e9dicales et chirurgicales, tant pour l\u2019adulte que pour l\u2019enfant. Depuis 2018, le CHRU de Tours accompagne l\u2019HOGIP dans le renforcement de ses ressources humaines par<\/span>\u00a0<span data-contrast=\"auto\">la formation continue<\/span><b><span data-contrast=\"auto\">\u202f<\/span><\/b><span data-contrast=\"auto\">de ses personnels m\u00e9dicaux, non m\u00e9dicaux et administratifs. Cette visite \u00e0 Dakar \u00e9t\u00e9 l\u2019occasion de faire un point sur les actions en cours et de discuter les futurs projets : <a href=\"https:\/\/www.youtube.com\/shorts\/qqWr714htfo\">d\u00e9couvrez la vid\u00e9o<\/a>.\u00a0<\/span><\/p>\t\t\t\t\t\t<\/div>\n\t\t\t\t<\/div>\n\t\t\t\t\t<\/div>\n\t\t<\/div>\n\t\t\t\t\t<\/div>\n\t\t<\/section>\n\t\t\t\t\t<\/div>\n\t\t<\/div>\n\t\t\t\t\t<\/div>\n\t\t<\/section>\n\t\t\t\t<section class=\"elementor-section elementor-top-section elementor-element elementor-element-b18f832 elementor-section-boxed elementor-section-height-default elementor-section-height-default\" data-id=\"b18f832\" data-element_type=\"section\">\n\t\t\t\t\t\t<div class=\"elementor-container elementor-column-gap-default\">\n\t\t\t\t\t<div class=\"elementor-column elementor-col-100 elementor-top-column elementor-element elementor-element-8e6beff\" data-id=\"8e6beff\" data-element_type=\"column\">\n\t\t\t<div class=\"elementor-widget-wrap elementor-element-populated\">\n\t\t\t\t\t\t\t<\/div>\n\t\t<\/div>\n\t\t\t\t\t<\/div>\n\t\t<\/section>\n\t\t\t\t<\/div>\n\t\t","protected":false},"excerpt":{"rendered":"<p>Le 11 novembre 2024, le CHRU de Tours et les \u00c9coles du CHRU ont sign\u00e9 un accord de partenariat avec l\u2019h\u00f4pital g\u00e9n\u00e9ral Idrissa Pouye (HOGIP) de Dakar (S\u00e9n\u00e9gal)\u00a0 Cet accord a pour objet principal de proposer un cadre pour la r\u00e9alisation de stages pratiques hospitaliers au sein de l\u2019HOGIP pour les \u00e9l\u00e8ves et \u00e9tudiants des [&hellip;]<\/p>\n","protected":false},"author":18,"featured_media":10757,"parent":0,"menu_order":0,"comment_status":"closed","ping_status":"closed","template":"","meta":{"_seopress_robots_primary_cat":"","_seopress_titles_title":"","_seopress_titles_desc":"","_seopress_robots_index":"","_exactmetrics_skip_tracking":false,"_exactmetrics_sitenote_active":false,"_exactmetrics_sitenote_note":"","_exactmetrics_sitenote_category":0,"_genesis_hide_title":false,"_genesis_hide_breadcrumbs":false,"_genesis_hide_singular_image":false,"_genesis_hide_footer_widgets":false,"_genesis_custom_body_class":"","_genesis_custom_post_class":"","_genesis_layout":"","footnotes":""},"publishpress_future_action":{"enabled":false,"date":"2026-04-26 05:43:26","action":"change-status","newStatus":"draft","terms":[],"taxonomy":""},"_links":{"self":[{"href":"https:\/\/www.chu-tours.fr\/ecoles-du-chru-de-tours\/wp-json\/wp\/v2\/pages\/10750"}],"collection":[{"href":"https:\/\/www.chu-tours.fr\/ecoles-du-chru-de-tours\/wp-json\/wp\/v2\/pages"}],"about":[{"href":"https:\/\/www.chu-tours.fr\/ecoles-du-chru-de-tours\/wp-json\/wp\/v2\/types\/page"}],"author":[{"embeddable":true,"href":"https:\/\/www.chu-tours.fr\/ecoles-du-chru-de-tours\/wp-json\/wp\/v2\/users\/18"}],"replies":[{"embeddable":true,"href":"https:\/\/www.chu-tours.fr\/ecoles-du-chru-de-tours\/wp-json\/wp\/v2\/comments?post=10750"}],"version-history":[{"count":11,"href":"https:\/\/www.chu-tours.fr\/ecoles-du-chru-de-tours\/wp-json\/wp\/v2\/pages\/10750\/revisions"}],"predecessor-version":[{"id":10771,"href":"https:\/\/www.chu-tours.fr\/ecoles-du-chru-de-tours\/wp-json\/wp\/v2\/pages\/10750\/revisions\/10771"}],"wp:featuredmedia":[{"embeddable":true,"href":"https:\/\/www.chu-tours.fr\/ecoles-du-chru-de-tours\/wp-json\/wp\/v2\/media\/10757"}],"wp:attachment":[{"href":"https:\/\/www.chu-tours.fr\/ecoles-du-chru-de-tours\/wp-json\/wp\/v2\/media?parent=10750"}],"curies":[{"name":"wp","href":"https:\/\/api.w.org\/{rel}","templated":true}]}}