{"id":95,"date":"2024-04-12T13:52:59","date_gmt":"2024-04-12T11:52:59","guid":{"rendered":"https:\/\/www.chu-tours.fr\/cmrr\/?page_id=95"},"modified":"2024-12-06T14:51:32","modified_gmt":"2024-12-06T13:51:32","slug":"les-consultations-memoire","status":"publish","type":"page","link":"https:\/\/www.chu-tours.fr\/cmrr\/les-consultations-memoire\/","title":{"rendered":"Les consultations m\u00e9moire"},"content":{"rendered":"\t\t<div data-elementor-type=\"wp-page\" data-elementor-id=\"95\" class=\"elementor elementor-95\" data-elementor-post-type=\"page\">\n\t\t\t\t\t\t<section class=\"elementor-section elementor-top-section elementor-element elementor-element-74ae52e elementor-section-boxed elementor-section-height-default elementor-section-height-default\" data-id=\"74ae52e\" data-element_type=\"section\">\n\t\t\t\t\t\t<div class=\"elementor-container elementor-column-gap-default\">\n\t\t\t\t\t<div class=\"elementor-column elementor-col-50 elementor-top-column elementor-element elementor-element-68ce081\" data-id=\"68ce081\" data-element_type=\"column\">\n\t\t\t<div class=\"elementor-widget-wrap elementor-element-populated\">\n\t\t\t\t\t\t<div class=\"elementor-element elementor-element-095afa4 elementor-widget elementor-widget-text-editor\" data-id=\"095afa4\" data-element_type=\"widget\" data-widget_type=\"text-editor.default\">\n\t\t\t\t<div class=\"elementor-widget-container\">\n\t\t\t<style>\/*! elementor - v3.23.0 - 15-07-2024 *\/\n.elementor-widget-text-editor.elementor-drop-cap-view-stacked .elementor-drop-cap{background-color:#69727d;color:#fff}.elementor-widget-text-editor.elementor-drop-cap-view-framed .elementor-drop-cap{color:#69727d;border:3px solid;background-color:transparent}.elementor-widget-text-editor:not(.elementor-drop-cap-view-default) .elementor-drop-cap{margin-top:8px}.elementor-widget-text-editor:not(.elementor-drop-cap-view-default) .elementor-drop-cap-letter{width:1em;height:1em}.elementor-widget-text-editor .elementor-drop-cap{float:left;text-align:center;line-height:1;font-size:50px}.elementor-widget-text-editor .elementor-drop-cap-letter{display:inline-block}<\/style>\t\t\t\t<h2>Qu&#8217;est-ce qu&#8217;une consultation m\u00e9moire ?<\/h2><h3>Parcours patient :<\/h3><p>Dans un premier temps, le patient est re\u00e7u en consultation m\u00e9moire par un m\u00e9decin de notre service. Il peut s\u2019agir d\u2019un neurologue, d\u2019un g\u00e9riatre ou d\u2019un psychiatre selon les besoins. Il est conseill\u00e9 de venir accompagn\u00e9 d\u2019un proche.<\/p><p>Le m\u00e9decin, en fonction des donn\u00e9es recueillies, d\u00e9cidera de prescrire un ou plusieurs examens en externe : prise de sang, imagerie c\u00e9r\u00e9brale et bilan neuropsychologique. Ce bilan, r\u00e9alis\u00e9 par un psychologue ou un orthophoniste, a pour but d\u2019\u00e9valuer les difficult\u00e9s du patient au niveau de la m\u00e9moire, du langage, de l\u2019attention etc. Cette \u00e9valuation dure en moyenne deux heures.<\/p><p>Par la suite, une hospitalisation sur une journ\u00e9e peut \u00eatre propos\u00e9e si le m\u00e9decin l\u2019estime n\u00e9cessaire afin de r\u00e9aliser plusieurs examens compl\u00e9mentaires. Enfin, une consultation m\u00e9dicale est organis\u00e9e avec le patient quelques semaines \u00e0 la suite de cette journ\u00e9e pour synth\u00e9tiser les r\u00e9sultats des diff\u00e9rents examens r\u00e9alis\u00e9s.<\/p>\t\t\t\t\t\t<\/div>\n\t\t\t\t<\/div>\n\t\t\t\t\t<\/div>\n\t\t<\/div>\n\t\t\t\t<div class=\"elementor-column elementor-col-50 elementor-top-column elementor-element elementor-element-bf377b0\" data-id=\"bf377b0\" data-element_type=\"column\">\n\t\t\t<div class=\"elementor-widget-wrap elementor-element-populated\">\n\t\t\t\t\t\t<div class=\"elementor-element elementor-element-1e8a6de elementor-widget elementor-widget-heading\" data-id=\"1e8a6de\" data-element_type=\"widget\" data-widget_type=\"heading.default\">\n\t\t\t\t<div class=\"elementor-widget-container\">\n\t\t\t<style>\/*! elementor - v3.23.0 - 15-07-2024 *\/\n.elementor-heading-title{padding:0;margin:0;line-height:1}.elementor-widget-heading .elementor-heading-title[class*=elementor-size-]>a{color:inherit;font-size:inherit;line-height:inherit}.elementor-widget-heading .elementor-heading-title.elementor-size-small{font-size:15px}.elementor-widget-heading .elementor-heading-title.elementor-size-medium{font-size:19px}.elementor-widget-heading .elementor-heading-title.elementor-size-large{font-size:29px}.elementor-widget-heading .elementor-heading-title.elementor-size-xl{font-size:39px}.elementor-widget-heading .elementor-heading-title.elementor-size-xxl{font-size:59px}<\/style><h3 class=\"elementor-heading-title elementor-size-default\">Documents<\/h3>\t\t<\/div>\n\t\t\t\t<\/div>\n\t\t\t\t<div class=\"elementor-element elementor-element-cd3a88d elementor-widget elementor-widget-text-editor\" data-id=\"cd3a88d\" data-element_type=\"widget\" data-widget_type=\"text-editor.default\">\n\t\t\t\t<div class=\"elementor-widget-container\">\n\t\t\t\t\t\t\t<ul><li><a href=\"https:\/\/www.chu-tours.fr\/cmrr\/wp-content\/uploads\/sites\/16\/2024\/10\/Plaquette_CMRR_HdJ_2022.pdf\" target=\"_blank\" rel=\"noopener\">Plaquette CMRR<\/a><\/li><li><a href=\"https:\/\/www.chu-tours.fr\/cmrr\/wp-content\/uploads\/sites\/16\/2024\/12\/plaquette-BNP.pdf\" target=\"_blank\" rel=\"noopener\">Plaquette BNP<\/a><\/li><\/ul>\t\t\t\t\t\t<\/div>\n\t\t\t\t<\/div>\n\t\t\t\t\t<\/div>\n\t\t<\/div>\n\t\t\t\t\t<\/div>\n\t\t<\/section>\n\t\t\t\t<section class=\"elementor-section elementor-top-section elementor-element elementor-element-e24f26a elementor-section-boxed elementor-section-height-default elementor-section-height-default\" data-id=\"e24f26a\" data-element_type=\"section\">\n\t\t\t\t\t\t<div class=\"elementor-container elementor-column-gap-default\">\n\t\t\t\t\t<div class=\"elementor-column elementor-col-100 elementor-top-column elementor-element elementor-element-c0b13a3\" data-id=\"c0b13a3\" data-element_type=\"column\">\n\t\t\t<div class=\"elementor-widget-wrap elementor-element-populated\">\n\t\t\t\t\t\t<div class=\"elementor-element elementor-element-63eafe9 elementor-widget elementor-widget-image\" data-id=\"63eafe9\" data-element_type=\"widget\" data-widget_type=\"image.default\">\n\t\t\t\t<div class=\"elementor-widget-container\">\n\t\t\t<style>\/*! elementor - v3.23.0 - 15-07-2024 *\/\n.elementor-widget-image{text-align:center}.elementor-widget-image a{display:inline-block}.elementor-widget-image a img[src$=\".svg\"]{width:48px}.elementor-widget-image img{vertical-align:middle;display:inline-block}<\/style>\t\t\t\t\t\t\t\t\t\t<img fetchpriority=\"high\" decoding=\"async\" width=\"768\" height=\"512\" src=\"https:\/\/www.chu-tours.fr\/cmrr\/wp-content\/uploads\/sites\/16\/2024\/10\/consultation-web-768x512.jpg\" class=\"attachment-medium_large size-medium_large wp-image-472\" alt=\"\" srcset=\"https:\/\/www.chu-tours.fr\/cmrr\/wp-content\/uploads\/sites\/16\/2024\/10\/consultation-web-768x512.jpg 768w, https:\/\/www.chu-tours.fr\/cmrr\/wp-content\/uploads\/sites\/16\/2024\/10\/consultation-web-300x200.jpg 300w, https:\/\/www.chu-tours.fr\/cmrr\/wp-content\/uploads\/sites\/16\/2024\/10\/consultation-web-1024x682.jpg 1024w, https:\/\/www.chu-tours.fr\/cmrr\/wp-content\/uploads\/sites\/16\/2024\/10\/consultation-web.jpg 1295w\" sizes=\"(max-width: 768px) 100vw, 768px\" \/>\t\t\t\t\t\t\t\t\t\t\t\t\t<\/div>\n\t\t\t\t<\/div>\n\t\t\t\t\t<\/div>\n\t\t<\/div>\n\t\t\t\t\t<\/div>\n\t\t<\/section>\n\t\t\t\t<section class=\"elementor-section elementor-top-section elementor-element elementor-element-954e5c3 elementor-section-boxed elementor-section-height-default elementor-section-height-default\" data-id=\"954e5c3\" data-element_type=\"section\">\n\t\t\t\t\t\t<div class=\"elementor-container elementor-column-gap-default\">\n\t\t\t\t\t<div class=\"elementor-column elementor-col-100 elementor-top-column elementor-element elementor-element-5bb68b9\" data-id=\"5bb68b9\" data-element_type=\"column\">\n\t\t\t<div class=\"elementor-widget-wrap elementor-element-populated\">\n\t\t\t\t\t\t<div class=\"elementor-element elementor-element-4b08990 elementor-widget elementor-widget-text-editor\" data-id=\"4b08990\" data-element_type=\"widget\" data-widget_type=\"text-editor.default\">\n\t\t\t\t<div class=\"elementor-widget-container\">\n\t\t\t\t\t\t\t<h2>O\u00f9 trouver la consultation m\u00e9moire la plus proche ?<\/h2><p>Chaque d\u00e9partement dispose d\u2019une ou plusieurs consultations m\u00e9moire de proximit\u00e9. Chaque consultation est sectoris\u00e9e en fonction de votre domiciliation.<\/p>\t\t\t\t\t\t<\/div>\n\t\t\t\t<\/div>\n\t\t\t\t<div class=\"elementor-element elementor-element-b673d74 elementor-widget elementor-widget-html\" data-id=\"b673d74\" data-element_type=\"widget\" data-widget_type=\"html.default\">\n\t\t\t\t<div class=\"elementor-widget-container\">\n\t\t\t<iframe src=\"https:\/\/www.google.com\/maps\/d\/embed?mid=19-yZPE4IW3C5FuxREgSb_3NgAnbKW28&ehbc=2E312F\" width=\"640\" height=\"480\"><\/iframe>\t\t<\/div>\n\t\t\t\t<\/div>\n\t\t\t\t\t<\/div>\n\t\t<\/div>\n\t\t\t\t\t<\/div>\n\t\t<\/section>\n\t\t\t\t<section class=\"elementor-section elementor-top-section elementor-element elementor-element-c1d0fd2 elementor-section-boxed elementor-section-height-default elementor-section-height-default\" data-id=\"c1d0fd2\" data-element_type=\"section\">\n\t\t\t\t\t\t<div class=\"elementor-container elementor-column-gap-default\">\n\t\t\t\t\t<div class=\"elementor-column elementor-col-100 elementor-top-column elementor-element elementor-element-187322d\" data-id=\"187322d\" data-element_type=\"column\">\n\t\t\t<div class=\"elementor-widget-wrap elementor-element-populated\">\n\t\t\t\t\t\t<div class=\"elementor-element elementor-element-af1c58e elementor-widget elementor-widget-text-editor\" data-id=\"af1c58e\" data-element_type=\"widget\" data-widget_type=\"text-editor.default\">\n\t\t\t\t<div class=\"elementor-widget-container\">\n\t\t\t\t\t\t\t<ul><li><a href=\"https:\/\/www.centres-memoire.fr\/cartographie-centres-memoire\/\" target=\"_blank\" rel=\"noopener\">Cartographie des centres m\u00e9moire<\/a><\/li><\/ul>\t\t\t\t\t\t<\/div>\n\t\t\t\t<\/div>\n\t\t\t\t\t<\/div>\n\t\t<\/div>\n\t\t\t\t\t<\/div>\n\t\t<\/section>\n\t\t\t\t<section class=\"elementor-section elementor-top-section elementor-element elementor-element-3f40190 elementor-section-boxed elementor-section-height-default elementor-section-height-default\" data-id=\"3f40190\" data-element_type=\"section\">\n\t\t\t\t\t\t<div class=\"elementor-container elementor-column-gap-default\">\n\t\t\t\t\t<div class=\"elementor-column elementor-col-100 elementor-top-column elementor-element elementor-element-60a44a8\" data-id=\"60a44a8\" data-element_type=\"column\">\n\t\t\t<div class=\"elementor-widget-wrap elementor-element-populated\">\n\t\t\t\t\t\t<div class=\"elementor-element elementor-element-a2605ed elementor-widget elementor-widget-text-editor\" data-id=\"a2605ed\" data-element_type=\"widget\" data-widget_type=\"text-editor.default\">\n\t\t\t\t<div class=\"elementor-widget-container\">\n\t\t\t\t\t\t\t<h3>Liste des consultations m\u00e9moire et centre m\u00e9moire de la r\u00e9gion Centre-Val de Loire :<\/h3><table width=\"100%\"><tbody><tr><td width=\"20%\"><p><strong>Territoire<\/strong><\/p><\/td><td colspan=\"2\" width=\"60%\"><p><strong>Coordonn\u00e9es<\/strong><\/p><\/td><\/tr><tr><td width=\"20%\"><p><strong>AMBOISE<\/strong><\/p><\/td><td width=\"60%\"><p>HOPITAL ROBERT DEBRE,\u00a0 RUE DES URSULINES 37400 AMBOISE<\/p><\/td><td width=\"20%\"><p>02.47.23.33.63<\/p><\/td><\/tr><tr><td width=\"20%\"><p><strong>BLOIS<\/strong><\/p><\/td><td width=\"60%\"><p>CH BOIS LA ROSELIERE MAIL PIERRE CHARLOT 41000 BLOIS<\/p><\/td><td width=\"20%\"><p>02.54.55.66.33<\/p><\/td><\/tr><tr><td width=\"20%\"><p><strong>BOURGES<\/strong><\/p><\/td><td width=\"60%\"><p>CH JACQUES C\u0152UR 145 AVENUE F. MITTERAND 18000 BOURGES<\/p><\/td><td width=\"20%\"><p>02.48.48.57.70<\/p><\/td><\/tr><tr><td width=\"20%\"><p><strong>CHARTRES<\/strong><\/p><\/td><td width=\"60%\"><p>CH CHARTRES 34 RUE DU DOCTEUR MAUNOURY &#8211; BP 30407 28018 HARTRES<\/p><\/td><td width=\"20%\"><p>02.37.30.31.95<\/p><\/td><\/tr><tr><td width=\"20%\"><p><strong>CHATEAUROUX<\/strong><\/p><\/td><td width=\"60%\"><p>CH CHATEAUROUX 216 AVENUE DE VERDUN 36000 CHATEAUROUX<\/p><\/td><td width=\"20%\"><p>02 54 29 60 13<\/p><\/td><\/tr><tr><td width=\"20%\"><p><strong>CHINON<\/strong><\/p><\/td><td width=\"60%\"><p>CH CHINON ROUTE DE TOURS BP 248 37500 CHINON<\/p><\/td><td width=\"20%\"><p>02.47.93.75.15<\/p><\/td><\/tr><tr><td width=\"20%\"><p><strong>DREUX<\/strong><\/p><\/td><td width=\"60%\"><p>CH DREUX 44 AVENUE KENNEDY &#8211; BP 69 28102 DREUX CEDEX<\/p><\/td><td width=\"20%\"><p>02.37.51.53.25<\/p><\/td><\/tr><tr><td width=\"20%\"><p><strong>GIEN<\/strong><\/p><\/td><td width=\"60%\"><p>CH GIEN 2 AVENUE JEAN VILLEJEAN BP 89 45500 GIEN<\/p><\/td><td width=\"20%\"><p>02.38.29.40.77<\/p><\/td><\/tr><tr><td width=\"20%\"><p><strong>LOCHES<\/strong><\/p><\/td><td width=\"60%\"><p>CH LOCHES 1 RUE DU DOCTEUR PAUL MARTINAIS 37600 LOCHES<\/p><\/td><td width=\"20%\"><p>02.47.91.33.33<\/p><\/td><\/tr><tr><td width=\"20%\"><p><strong>MONTARGIS<\/strong><\/p><\/td><td width=\"60%\"><p>CHAM DE MONTARGIS RUE DES BOURGOINS 45200 AMILLY<\/p><\/td><td width=\"20%\"><p>02.38.95.18.85<\/p><\/td><\/tr><tr><td width=\"20%\"><p><strong>ORLEANS<\/strong><\/p><\/td><td width=\"60%\"><p>CHR ORLEANS LA SOURCE 14 AVENUE DE L HOPITAL 45000 ORLEANS<\/p><\/td><td width=\"20%\"><p>02.38.74.45.55<\/p><\/td><\/tr><tr><td width=\"20%\"><p><strong>ST AMAND MONTROND<\/strong><\/p><\/td><td width=\"60%\"><p>CH SAINT AMAND MONTROND 44 AVENUE JEAN JAURES 18206 SAINT AMAND MONTROND<\/p><\/td><td width=\"20%\"><p>02 48 63 25 21<\/p><\/td><\/tr><tr><td width=\"20%\"><p><strong>SANCERRE<\/strong><\/p><\/td><td width=\"60%\"><p>CH SANCERRE 2848 REMPART DES AUGUSTINS 18300 SANCERRE<\/p><\/td><td width=\"20%\"><p>02 48 78 52 72<\/p><\/td><\/tr><tr><td width=\"20%\"><p><strong>VENDOME<\/strong><\/p><\/td><td width=\"60%\"><p>CH VENDOME 98 RUE POTERIE 41100 VENDOME<\/p><\/td><td width=\"20%\">\u00a0<\/td><\/tr><tr><td width=\"20%\"><p><strong>VIERZON<\/strong><\/p><\/td><td width=\"60%\"><p>CH VIERZON 33 RUE LEO MERIGOT 18100 VIERZON<\/p><\/td><td width=\"20%\">\u00a0<\/td><\/tr><\/tbody><\/table>\t\t\t\t\t\t<\/div>\n\t\t\t\t<\/div>\n\t\t\t\t\t<\/div>\n\t\t<\/div>\n\t\t\t\t\t<\/div>\n\t\t<\/section>\n\t\t\t\t<section class=\"elementor-section elementor-top-section elementor-element elementor-element-8a4f8f3 elementor-section-boxed elementor-section-height-default elementor-section-height-default\" data-id=\"8a4f8f3\" data-element_type=\"section\">\n\t\t\t\t\t\t<div class=\"elementor-container elementor-column-gap-default\">\n\t\t\t\t\t<div class=\"elementor-column elementor-col-100 elementor-top-column elementor-element elementor-element-7ea9764\" data-id=\"7ea9764\" data-element_type=\"column\">\n\t\t\t<div class=\"elementor-widget-wrap elementor-element-populated\">\n\t\t\t\t\t\t<div class=\"elementor-element elementor-element-701cdd0 elementor-widget elementor-widget-image\" data-id=\"701cdd0\" data-element_type=\"widget\" data-widget_type=\"image.default\">\n\t\t\t\t<div class=\"elementor-widget-container\">\n\t\t\t\t\t\t\t\t\t\t\t\t\t\t<a href=\"https:\/\/www.chu-tours.fr\/cmrr\/wp-content\/uploads\/sites\/16\/2024\/07\/carte_consults_memoire_2024_web.jpg\" data-elementor-open-lightbox=\"yes\" data-elementor-lightbox-title=\"carte_consults_memoire_2024_web\" data-e-action-hash=\"#elementor-action%3Aaction%3Dlightbox%26settings%3DeyJpZCI6MzAxLCJ1cmwiOiJodHRwczpcL1wvd3d3LmNodS10b3Vycy5mclwvY21yclwvd3AtY29udGVudFwvdXBsb2Fkc1wvc2l0ZXNcLzE2XC8yMDI0XC8wN1wvY2FydGVfY29uc3VsdHNfbWVtb2lyZV8yMDI0X3dlYi5qcGcifQ%3D%3D\">\n\t\t\t\t\t\t\t<img decoding=\"async\" width=\"768\" height=\"576\" src=\"https:\/\/www.chu-tours.fr\/cmrr\/wp-content\/uploads\/sites\/16\/2024\/07\/carte_consults_memoire_2024_web-768x576.jpg\" class=\"attachment-medium_large size-medium_large wp-image-301\" alt=\"Consultations r\u00e9gionales\" srcset=\"https:\/\/www.chu-tours.fr\/cmrr\/wp-content\/uploads\/sites\/16\/2024\/07\/carte_consults_memoire_2024_web-768x576.jpg 768w, https:\/\/www.chu-tours.fr\/cmrr\/wp-content\/uploads\/sites\/16\/2024\/07\/carte_consults_memoire_2024_web-300x225.jpg 300w, https:\/\/www.chu-tours.fr\/cmrr\/wp-content\/uploads\/sites\/16\/2024\/07\/carte_consults_memoire_2024_web-70x52.jpg 70w, https:\/\/www.chu-tours.fr\/cmrr\/wp-content\/uploads\/sites\/16\/2024\/07\/carte_consults_memoire_2024_web.jpg 1024w\" sizes=\"(max-width: 768px) 100vw, 768px\" \/>\t\t\t\t\t\t\t\t<\/a>\n\t\t\t\t\t\t\t\t\t\t\t\t\t<\/div>\n\t\t\t\t<\/div>\n\t\t\t\t<div class=\"elementor-element elementor-element-34b94af elementor-align-right elementor-widget elementor-widget-global elementor-global-481 elementor-widget-post-info\" data-id=\"34b94af\" data-element_type=\"widget\" data-widget_type=\"post-info.default\">\n\t\t\t\t<div class=\"elementor-widget-container\">\n\t\t\t<link rel=\"stylesheet\" href=\"https:\/\/www.chu-tours.fr\/cmrr\/wp-content\/plugins\/elementor\/assets\/css\/widget-icon-list.min.css\"><link rel=\"stylesheet\" href=\"https:\/\/www.chu-tours.fr\/cmrr\/wp-content\/plugins\/elementor-pro\/assets\/css\/widget-theme-elements.min.css?ver=1721310483\">\t\t<ul class=\"elementor-inline-items elementor-icon-list-items elementor-post-info\">\n\t\t\t\t\t\t\t\t<li class=\"elementor-icon-list-item elementor-repeater-item-6146a60 elementor-inline-item\">\n\t\t\t\t\t\t\t\t\t\t<span class=\"elementor-icon-list-icon\">\n\t\t\t\t\t\t\t\t<i aria-hidden=\"true\" class=\"far fa-calendar-check\"><\/i>\t\t\t\t\t\t\t<\/span>\n\t\t\t\t\t\t\t\t\t<span class=\"elementor-icon-list-text elementor-post-info__item elementor-post-info__item--type-custom\">\n\t\t\t\t\t\t\t\t\t\tMis \u00e0 jour le 6 d\u00e9cembre 2024\t\t\t\t\t<\/span>\n\t\t\t\t\t\t\t\t<\/li>\n\t\t\t\t<\/ul>\n\t\t\t\t<\/div>\n\t\t\t\t<\/div>\n\t\t\t\t\t<\/div>\n\t\t<\/div>\n\t\t\t\t\t<\/div>\n\t\t<\/section>\n\t\t\t\t<\/div>\n\t\t","protected":false},"excerpt":{"rendered":"<p>Qu&#8217;est-ce qu&#8217;une consultation m\u00e9moire ? Parcours patient : Dans un premier temps, le patient est re\u00e7u en consultation m\u00e9moire par un m\u00e9decin de notre service. Il peut s\u2019agir d\u2019un neurologue, d\u2019un g\u00e9riatre ou d\u2019un psychiatre selon les besoins. Il est conseill\u00e9 de venir accompagn\u00e9 d\u2019un proche. Le m\u00e9decin, en fonction des donn\u00e9es recueillies, d\u00e9cidera de [&hellip;]<\/p>\n","protected":false},"author":4,"featured_media":0,"parent":0,"menu_order":0,"comment_status":"closed","ping_status":"closed","template":"","meta":{"_seopress_robots_primary_cat":"","_seopress_titles_title":"Centre M\u00e9moire Ressources et Recherche. Consultations m\u00e9moire.","_seopress_titles_desc":"Centre M\u00e9moire Ressources et Recherche. O\u00f9 trouver la consultation m\u00e9moire la plus proche ?","_seopress_robots_index":"","_exactmetrics_skip_tracking":false,"_exactmetrics_sitenote_active":false,"_exactmetrics_sitenote_note":"","_exactmetrics_sitenote_category":0,"_genesis_hide_title":false,"_genesis_hide_breadcrumbs":false,"_genesis_hide_singular_image":false,"_genesis_hide_footer_widgets":false,"_genesis_custom_body_class":"","_genesis_custom_post_class":"","_genesis_layout":"","footnotes":""},"publishpress_future_action":{"enabled":false,"date":"2026-05-20 11:59:19","action":"change-status","newStatus":"draft","terms":[],"taxonomy":""},"_links":{"self":[{"href":"https:\/\/www.chu-tours.fr\/cmrr\/wp-json\/wp\/v2\/pages\/95"}],"collection":[{"href":"https:\/\/www.chu-tours.fr\/cmrr\/wp-json\/wp\/v2\/pages"}],"about":[{"href":"https:\/\/www.chu-tours.fr\/cmrr\/wp-json\/wp\/v2\/types\/page"}],"author":[{"embeddable":true,"href":"https:\/\/www.chu-tours.fr\/cmrr\/wp-json\/wp\/v2\/users\/4"}],"replies":[{"embeddable":true,"href":"https:\/\/www.chu-tours.fr\/cmrr\/wp-json\/wp\/v2\/comments?post=95"}],"version-history":[{"count":20,"href":"https:\/\/www.chu-tours.fr\/cmrr\/wp-json\/wp\/v2\/pages\/95\/revisions"}],"predecessor-version":[{"id":563,"href":"https:\/\/www.chu-tours.fr\/cmrr\/wp-json\/wp\/v2\/pages\/95\/revisions\/563"}],"wp:attachment":[{"href":"https:\/\/www.chu-tours.fr\/cmrr\/wp-json\/wp\/v2\/media?parent=95"}],"curies":[{"name":"wp","href":"https:\/\/api.w.org\/{rel}","templated":true}]}}