{"id":81,"date":"2024-06-21T11:03:58","date_gmt":"2024-06-21T09:03:58","guid":{"rendered":"https:\/\/www.chu-tours.fr\/cmrr\/?page_id=81"},"modified":"2024-10-25T17:06:36","modified_gmt":"2024-10-25T15:06:36","slug":"prise-en-charge","status":"publish","type":"page","link":"https:\/\/www.chu-tours.fr\/cmrr\/prise-en-charge\/","title":{"rendered":"Prise en charge"},"content":{"rendered":"\t\t<div data-elementor-type=\"wp-page\" data-elementor-id=\"81\" class=\"elementor elementor-81\" data-elementor-post-type=\"page\">\n\t\t\t\t\t\t<section class=\"elementor-section elementor-top-section elementor-element elementor-element-16c9a41 elementor-section-boxed elementor-section-height-default elementor-section-height-default\" data-id=\"16c9a41\" data-element_type=\"section\">\n\t\t\t\t\t\t<div class=\"elementor-container elementor-column-gap-default\">\n\t\t\t\t\t<div class=\"elementor-column elementor-col-50 elementor-top-column elementor-element elementor-element-186e98c\" data-id=\"186e98c\" data-element_type=\"column\">\n\t\t\t<div class=\"elementor-widget-wrap elementor-element-populated\">\n\t\t\t\t\t\t<div class=\"elementor-element elementor-element-c6ec730 elementor-widget elementor-widget-heading\" data-id=\"c6ec730\" data-element_type=\"widget\" data-widget_type=\"heading.default\">\n\t\t\t\t<div class=\"elementor-widget-container\">\n\t\t\t<style>\/*! elementor - v3.23.0 - 15-07-2024 *\/\n.elementor-heading-title{padding:0;margin:0;line-height:1}.elementor-widget-heading .elementor-heading-title[class*=elementor-size-]>a{color:inherit;font-size:inherit;line-height:inherit}.elementor-widget-heading .elementor-heading-title.elementor-size-small{font-size:15px}.elementor-widget-heading .elementor-heading-title.elementor-size-medium{font-size:19px}.elementor-widget-heading .elementor-heading-title.elementor-size-large{font-size:29px}.elementor-widget-heading .elementor-heading-title.elementor-size-xl{font-size:39px}.elementor-widget-heading .elementor-heading-title.elementor-size-xxl{font-size:59px}<\/style><h2 class=\"elementor-heading-title elementor-size-default\">Patient<\/h2>\t\t<\/div>\n\t\t\t\t<\/div>\n\t\t\t\t<div class=\"elementor-element elementor-element-087b500 elementor-widget elementor-widget-text-editor\" data-id=\"087b500\" data-element_type=\"widget\" data-widget_type=\"text-editor.default\">\n\t\t\t\t<div class=\"elementor-widget-container\">\n\t\t\t<style>\/*! elementor - v3.23.0 - 15-07-2024 *\/\n.elementor-widget-text-editor.elementor-drop-cap-view-stacked .elementor-drop-cap{background-color:#69727d;color:#fff}.elementor-widget-text-editor.elementor-drop-cap-view-framed .elementor-drop-cap{color:#69727d;border:3px solid;background-color:transparent}.elementor-widget-text-editor:not(.elementor-drop-cap-view-default) .elementor-drop-cap{margin-top:8px}.elementor-widget-text-editor:not(.elementor-drop-cap-view-default) .elementor-drop-cap-letter{width:1em;height:1em}.elementor-widget-text-editor .elementor-drop-cap{float:left;text-align:center;line-height:1;font-size:50px}.elementor-widget-text-editor .elementor-drop-cap-letter{display:inline-block}<\/style>\t\t\t\t<h3>Rem\u00e9diation orthophonique<\/h3><ul><li>Apr\u00e8s le diagnostic, il est n\u00e9cessaire de mettre en place une intervention cognitive aupr\u00e8s d\u2019un orthophoniste en ville, \u00e0 proximit\u00e9 du domicile si cela est possible. Ce professionnel de sant\u00e9 s\u2019appuie sur l\u2019\u00e9valuation r\u00e9alis\u00e9e au CMRR pour \u00e9tablir un plan de soins adapt\u00e9 au patient. Il s\u2019agit de compenser les difficult\u00e9s de m\u00e9moire par des strat\u00e9gies adapt\u00e9es, de s\u2019appuyer sur les fonctions pr\u00e9serv\u00e9es afin de maintenir les capacit\u00e9s de communication le plus longtemps possible. La fr\u00e9quence des s\u00e9ances est \u00e0 d\u00e9terminer entre le patient et son orthophoniste.<br \/>Cette prise en charge est r\u00e9alis\u00e9e sur prescription m\u00e9dicale et renouvelable si besoin.<\/li><\/ul><h3>\u00c9quipe mobile Alzheimer<\/h3><p><em>Qui peut b\u00e9n\u00e9ficier de l&#8217;Equipe Mobile Alzheimer ?<\/em><\/p><ul><li>Toute personne pr\u00e9sentant une maladie d&#8217;Alzheimer ou apparent\u00e9e et vivant \u00e0 domicile, apr\u00e8s une consultation m\u00e9moire et un bilan cognitif diagnostiquant la maladie.<\/li><\/ul><p><em>Quels sont les objectifs ?<\/em><\/p><ul><li>Pr\u00e9server l&#8217;autonomie<\/li><li>Maintenir ou am\u00e9liorer la qualit\u00e9 de vie au quotidien de la personne aid\u00e9e et de l&#8217;aidant<\/li><li>Maintenir ou r\u00e9nover des liens sociaux<\/li><li>Adapter l&#8217;environnement<\/li><li>Apporter un soutien \u00e0 l&#8217;entourage<\/li><\/ul><p><em>Comment ?<\/em><\/p><ul><li>Sur prescription m\u00e9dicale de s\u00e9ances de soins d&#8217;accompagnement et de r\u00e9habilitation \u00e0 domicile<\/li><\/ul><p><em>Par qui ?<\/em><\/p><p>L&#8217;accompagnement est r\u00e9alis\u00e9 par une \u00e9quipe pluri-disciplinaire :<\/p><ul><li>Une infirmi\u00e8re coordinatrice<\/li><li>Un ergoth\u00e9rapeute<\/li><li>Une aide-soignante<\/li><li>Une aide m\u00e9dico-psychologique<\/li><\/ul><p>L&#8217;\u00e9quipe travaille en partenariat avec les autres professionnels de sant\u00e9.<\/p><h3>Accueil de jour<\/h3><p><em>A qui s\u2019adresse-t-il\u00a0? <\/em><\/p><ul><li>L\u2019accueil de jour est destin\u00e9 \u00e0 des personnes ayant une maladie d\u2019Alzheimer ou une maladie apparent\u00e9e. C\u2019est une structure qui accueille \u00e0 la journ\u00e9e ou \u00e0 la demi-journ\u00e9e. Le plus souvent, l\u2019accueil se fait une journ\u00e9e par semaine du lundi au vendredi.<\/li><\/ul><p><em>Quel est son objectif\u00a0? <\/em><\/p><ul><li>Il permet \u00e0 la personne de rompre l\u2019isolement, de maintenir une socialisation, de pr\u00e9server ses acquis le plus longtemps possible. Il permet \u00e0 l\u2019aidant d\u2019avoir un relai dans la surveillance quotidienne, d\u2019avoir des \u00e9changes avec les professionnels et des familles qui rencontrent les m\u00eames probl\u00e8mes et de pr\u00e9venir l\u2019\u00e9puisement physique et moral. L\u2019accueil de jour peut contribuer \u00e0 retarder l\u2019entr\u00e9e en institution tout en habituant progressivement la personne \u00e0 cette \u00e9ventualit\u00e9.<\/li><\/ul><p><em>Comment s\u2019y pr\u00e9parer\u00a0? <\/em><\/p><ul><li>Il est important de visiter l\u2019\u00e9tablissement avant (taille, cadre \u2026), de consulter son r\u00e8glement int\u00e9rieur, son projet de service, l\u2019accompagnement et les activit\u00e9s adapt\u00e9es propos\u00e9es.<\/li><\/ul><p><em>Quel est son co\u00fbt\u00a0? <\/em><\/p><ul><li>Les tarifs varient d\u2019un \u00e9tablissement \u00e0 l\u2019autre. L\u2019accueil de jour peut faire partie du plan d\u2019aide APA et certaines caisses de retraite participent au financement selon les conditions de ressources. Une aide pour le transport des personnes peut vous \u00eatre propos\u00e9e ou organis\u00e9e directement par la structure.<\/li><\/ul><p><em>Comment en b\u00e9n\u00e9ficier\u00a0? <\/em><\/p><ul><li>Vous pouvez vous adresser directement \u00e0 l\u2019\u00e9tablissement de votre choix.\u00a0 Les coordonn\u00e9es des diff\u00e9rents \u00e9tablissements de la r\u00e9gion sont disponibles sur le site <a href=\"https:\/\/www.touraine-reperage.fr\" target=\"_blank\" rel=\"noopener\">https:\/\/www.touraine-reperage.fr<\/a><\/li><\/ul>\t\t\t\t\t\t<\/div>\n\t\t\t\t<\/div>\n\t\t\t\t\t<\/div>\n\t\t<\/div>\n\t\t\t\t<div class=\"elementor-column elementor-col-50 elementor-top-column elementor-element elementor-element-52a6f16\" data-id=\"52a6f16\" data-element_type=\"column\">\n\t\t\t<div class=\"elementor-widget-wrap elementor-element-populated\">\n\t\t\t\t\t\t<div class=\"elementor-element elementor-element-48f09d2 elementor-widget elementor-widget-heading\" data-id=\"48f09d2\" data-element_type=\"widget\" data-widget_type=\"heading.default\">\n\t\t\t\t<div class=\"elementor-widget-container\">\n\t\t\t<h3 class=\"elementor-heading-title elementor-size-default\">Documents<\/h3>\t\t<\/div>\n\t\t\t\t<\/div>\n\t\t\t\t<div class=\"elementor-element elementor-element-6314327 elementor-widget elementor-widget-text-editor\" data-id=\"6314327\" data-element_type=\"widget\" data-widget_type=\"text-editor.default\">\n\t\t\t\t<div class=\"elementor-widget-container\">\n\t\t\t\t\t\t\t<ul><li><a href=\"https:\/\/www.chu-tours.fr\/cmrr\/wp-content\/uploads\/sites\/16\/2024\/10\/Plaquette-EMA37.pdf\" target=\"_blank\" rel=\"noopener\">Plaquette EMA 37<\/a><\/li><\/ul>\t\t\t\t\t\t<\/div>\n\t\t\t\t<\/div>\n\t\t\t\t\t<\/div>\n\t\t<\/div>\n\t\t\t\t\t<\/div>\n\t\t<\/section>\n\t\t\t\t<section class=\"elementor-section elementor-top-section elementor-element elementor-element-9d4c130 elementor-section-boxed elementor-section-height-default elementor-section-height-default\" data-id=\"9d4c130\" data-element_type=\"section\">\n\t\t\t\t\t\t<div class=\"elementor-container elementor-column-gap-default\">\n\t\t\t\t\t<div class=\"elementor-column elementor-col-100 elementor-top-column elementor-element elementor-element-406376c\" data-id=\"406376c\" data-element_type=\"column\">\n\t\t\t<div class=\"elementor-widget-wrap elementor-element-populated\">\n\t\t\t\t\t\t<div class=\"elementor-element elementor-element-cedf092 elementor-align-right elementor-widget elementor-widget-global elementor-global-481 elementor-widget-post-info\" data-id=\"cedf092\" data-element_type=\"widget\" data-widget_type=\"post-info.default\">\n\t\t\t\t<div class=\"elementor-widget-container\">\n\t\t\t<link rel=\"stylesheet\" href=\"https:\/\/www.chu-tours.fr\/cmrr\/wp-content\/plugins\/elementor\/assets\/css\/widget-icon-list.min.css\"><link rel=\"stylesheet\" href=\"https:\/\/www.chu-tours.fr\/cmrr\/wp-content\/plugins\/elementor-pro\/assets\/css\/widget-theme-elements.min.css?ver=1721310483\">\t\t<ul class=\"elementor-inline-items elementor-icon-list-items elementor-post-info\">\n\t\t\t\t\t\t\t\t<li class=\"elementor-icon-list-item elementor-repeater-item-6146a60 elementor-inline-item\">\n\t\t\t\t\t\t\t\t\t\t<span class=\"elementor-icon-list-icon\">\n\t\t\t\t\t\t\t\t<i aria-hidden=\"true\" class=\"far fa-calendar-check\"><\/i>\t\t\t\t\t\t\t<\/span>\n\t\t\t\t\t\t\t\t\t<span class=\"elementor-icon-list-text elementor-post-info__item elementor-post-info__item--type-custom\">\n\t\t\t\t\t\t\t\t\t\tMis \u00e0 jour le 25 octobre 2024\t\t\t\t\t<\/span>\n\t\t\t\t\t\t\t\t<\/li>\n\t\t\t\t<\/ul>\n\t\t\t\t<\/div>\n\t\t\t\t<\/div>\n\t\t\t\t\t<\/div>\n\t\t<\/div>\n\t\t\t\t\t<\/div>\n\t\t<\/section>\n\t\t\t\t<\/div>\n\t\t","protected":false},"excerpt":{"rendered":"<p>Patient Rem\u00e9diation orthophonique Apr\u00e8s le diagnostic, il est n\u00e9cessaire de mettre en place une intervention cognitive aupr\u00e8s d\u2019un orthophoniste en ville, \u00e0 proximit\u00e9 du domicile si cela est possible. Ce professionnel de sant\u00e9 s\u2019appuie sur l\u2019\u00e9valuation r\u00e9alis\u00e9e au CMRR pour \u00e9tablir un plan de soins adapt\u00e9 au patient. Il s\u2019agit de compenser les difficult\u00e9s de [&hellip;]<\/p>\n","protected":false},"author":4,"featured_media":0,"parent":0,"menu_order":0,"comment_status":"closed","ping_status":"closed","template":"","meta":{"_seopress_robots_primary_cat":"","_seopress_titles_title":"Centre M\u00e9moire Ressources et Recherche. Prise en charge.","_seopress_titles_desc":"La prise en charge au Centre M\u00e9moire Ressources et Recherche.","_seopress_robots_index":"","_exactmetrics_skip_tracking":false,"_exactmetrics_sitenote_active":false,"_exactmetrics_sitenote_note":"","_exactmetrics_sitenote_category":0,"_genesis_hide_title":false,"_genesis_hide_breadcrumbs":false,"_genesis_hide_singular_image":false,"_genesis_hide_footer_widgets":false,"_genesis_custom_body_class":"","_genesis_custom_post_class":"","_genesis_layout":"","footnotes":""},"publishpress_future_action":{"enabled":false,"date":"2026-05-20 12:00:39","action":"change-status","newStatus":"draft","terms":[],"taxonomy":""},"_links":{"self":[{"href":"https:\/\/www.chu-tours.fr\/cmrr\/wp-json\/wp\/v2\/pages\/81"}],"collection":[{"href":"https:\/\/www.chu-tours.fr\/cmrr\/wp-json\/wp\/v2\/pages"}],"about":[{"href":"https:\/\/www.chu-tours.fr\/cmrr\/wp-json\/wp\/v2\/types\/page"}],"author":[{"embeddable":true,"href":"https:\/\/www.chu-tours.fr\/cmrr\/wp-json\/wp\/v2\/users\/4"}],"replies":[{"embeddable":true,"href":"https:\/\/www.chu-tours.fr\/cmrr\/wp-json\/wp\/v2\/comments?post=81"}],"version-history":[{"count":20,"href":"https:\/\/www.chu-tours.fr\/cmrr\/wp-json\/wp\/v2\/pages\/81\/revisions"}],"predecessor-version":[{"id":529,"href":"https:\/\/www.chu-tours.fr\/cmrr\/wp-json\/wp\/v2\/pages\/81\/revisions\/529"}],"wp:attachment":[{"href":"https:\/\/www.chu-tours.fr\/cmrr\/wp-json\/wp\/v2\/media?parent=81"}],"curies":[{"name":"wp","href":"https:\/\/api.w.org\/{rel}","templated":true}]}}