{"id":74,"date":"2024-06-21T11:00:19","date_gmt":"2024-06-21T09:00:19","guid":{"rendered":"https:\/\/www.chu-tours.fr\/cmrr\/?page_id=74"},"modified":"2024-12-11T11:06:50","modified_gmt":"2024-12-11T10:06:50","slug":"la-plainte-de-memoire","status":"publish","type":"page","link":"https:\/\/www.chu-tours.fr\/cmrr\/la-plainte-de-memoire\/","title":{"rendered":"La plainte de m\u00e9moire"},"content":{"rendered":"\t\t<div data-elementor-type=\"wp-page\" data-elementor-id=\"74\" class=\"elementor elementor-74\" data-elementor-post-type=\"page\">\n\t\t\t\t\t\t<section class=\"elementor-section elementor-top-section elementor-element elementor-element-7b90f36 elementor-section-boxed elementor-section-height-default elementor-section-height-default\" data-id=\"7b90f36\" data-element_type=\"section\">\n\t\t\t\t\t\t<div class=\"elementor-container elementor-column-gap-default\">\n\t\t\t\t\t<div class=\"elementor-column elementor-col-100 elementor-top-column elementor-element elementor-element-572c79b\" data-id=\"572c79b\" data-element_type=\"column\">\n\t\t\t<div class=\"elementor-widget-wrap elementor-element-populated\">\n\t\t\t\t\t\t<div class=\"elementor-element elementor-element-7064219 elementor-widget elementor-widget-text-editor\" data-id=\"7064219\" data-element_type=\"widget\" data-widget_type=\"text-editor.default\">\n\t\t\t\t<div class=\"elementor-widget-container\">\n\t\t\t<style>\/*! elementor - v3.23.0 - 15-07-2024 *\/\n.elementor-widget-text-editor.elementor-drop-cap-view-stacked .elementor-drop-cap{background-color:#69727d;color:#fff}.elementor-widget-text-editor.elementor-drop-cap-view-framed .elementor-drop-cap{color:#69727d;border:3px solid;background-color:transparent}.elementor-widget-text-editor:not(.elementor-drop-cap-view-default) .elementor-drop-cap{margin-top:8px}.elementor-widget-text-editor:not(.elementor-drop-cap-view-default) .elementor-drop-cap-letter{width:1em;height:1em}.elementor-widget-text-editor .elementor-drop-cap{float:left;text-align:center;line-height:1;font-size:50px}.elementor-widget-text-editor .elementor-drop-cap-letter{display:inline-block}<\/style>\t\t\t\t<p>La plainte de m\u00e9moire est banale, et fr\u00e9quente \u00e0 tout \u00e2ge.<\/p><p>Elle prend une importance particuli\u00e8re chez le sujet \u00e2g\u00e9 du fait de sa fr\u00e9quence (&gt;50% apr\u00e8s 70 ans) et surtout de la crainte qu\u2019elle ne r\u00e9v\u00e8le une maladie d\u2019Alzheimer d\u00e9butante.<\/p><p>La plainte mn\u00e9sique appara\u00eet comme un sympt\u00f4me multifactoriel, favoris\u00e9e par la prise de certains traitements, l\u2019existence d\u2019un terrain anxieux ou de traits d\u00e9pressifs, les troubles du sommeil\u2026<\/p><p>La majorit\u00e9 des \u00e9tudes montre qu\u2019une plainte purement subjective, sans diminution des performances ni retentissement sur l\u2019activit\u00e9 quotidienne, est b\u00e9nigne et que les sujets pr\u00e9sentant ce type de plainte ne pr\u00e9sentent pas un risque plus \u00e9lev\u00e9 d\u2019\u00e9voluer vers un trouble cognitif majeur.<\/p>\t\t\t\t\t\t<\/div>\n\t\t\t\t<\/div>\n\t\t\t\t<div class=\"elementor-element elementor-element-5f1e4b1 elementor-align-right elementor-widget elementor-widget-global elementor-global-481 elementor-widget-post-info\" data-id=\"5f1e4b1\" data-element_type=\"widget\" data-widget_type=\"post-info.default\">\n\t\t\t\t<div class=\"elementor-widget-container\">\n\t\t\t<link rel=\"stylesheet\" href=\"https:\/\/www.chu-tours.fr\/cmrr\/wp-content\/plugins\/elementor\/assets\/css\/widget-icon-list.min.css\"><link rel=\"stylesheet\" href=\"https:\/\/www.chu-tours.fr\/cmrr\/wp-content\/plugins\/elementor-pro\/assets\/css\/widget-theme-elements.min.css?ver=1721310483\">\t\t<ul class=\"elementor-inline-items elementor-icon-list-items elementor-post-info\">\n\t\t\t\t\t\t\t\t<li class=\"elementor-icon-list-item elementor-repeater-item-6146a60 elementor-inline-item\">\n\t\t\t\t\t\t\t\t\t\t<span class=\"elementor-icon-list-icon\">\n\t\t\t\t\t\t\t\t<i aria-hidden=\"true\" class=\"far fa-calendar-check\"><\/i>\t\t\t\t\t\t\t<\/span>\n\t\t\t\t\t\t\t\t\t<span class=\"elementor-icon-list-text elementor-post-info__item elementor-post-info__item--type-custom\">\n\t\t\t\t\t\t\t\t\t\tMis \u00e0 jour le 11 d\u00e9cembre 2024\t\t\t\t\t<\/span>\n\t\t\t\t\t\t\t\t<\/li>\n\t\t\t\t<\/ul>\n\t\t\t\t<\/div>\n\t\t\t\t<\/div>\n\t\t\t\t\t<\/div>\n\t\t<\/div>\n\t\t\t\t\t<\/div>\n\t\t<\/section>\n\t\t\t\t<\/div>\n\t\t","protected":false},"excerpt":{"rendered":"<p>La plainte de m\u00e9moire est banale, et fr\u00e9quente \u00e0 tout \u00e2ge. Elle prend une importance particuli\u00e8re chez le sujet \u00e2g\u00e9 du fait de sa fr\u00e9quence (&gt;50% apr\u00e8s 70 ans) et surtout de la crainte qu\u2019elle ne r\u00e9v\u00e8le une maladie d\u2019Alzheimer d\u00e9butante. La plainte mn\u00e9sique appara\u00eet comme un sympt\u00f4me multifactoriel, favoris\u00e9e par la prise de certains [&hellip;]<\/p>\n","protected":false},"author":4,"featured_media":0,"parent":0,"menu_order":0,"comment_status":"closed","ping_status":"closed","template":"","meta":{"_seopress_robots_primary_cat":"","_seopress_titles_title":"Centre M\u00e9moire Ressources et Recherche. La plainte de m\u00e9moire.","_seopress_titles_desc":"La plainte de m\u00e9moire, les troubles cognitifs vasculaires, la maladie d&#039;Alzheimer, les maladies apparent\u00e9es, les troubles psychocomportementaux...","_seopress_robots_index":"","_exactmetrics_skip_tracking":false,"_exactmetrics_sitenote_active":false,"_exactmetrics_sitenote_note":"","_exactmetrics_sitenote_category":0,"_genesis_hide_title":false,"_genesis_hide_breadcrumbs":false,"_genesis_hide_singular_image":false,"_genesis_hide_footer_widgets":false,"_genesis_custom_body_class":"","_genesis_custom_post_class":"","_genesis_layout":"","footnotes":""},"publishpress_future_action":{"enabled":false,"date":"2026-05-20 11:59:18","action":"change-status","newStatus":"draft","terms":[],"taxonomy":""},"_links":{"self":[{"href":"https:\/\/www.chu-tours.fr\/cmrr\/wp-json\/wp\/v2\/pages\/74"}],"collection":[{"href":"https:\/\/www.chu-tours.fr\/cmrr\/wp-json\/wp\/v2\/pages"}],"about":[{"href":"https:\/\/www.chu-tours.fr\/cmrr\/wp-json\/wp\/v2\/types\/page"}],"author":[{"embeddable":true,"href":"https:\/\/www.chu-tours.fr\/cmrr\/wp-json\/wp\/v2\/users\/4"}],"replies":[{"embeddable":true,"href":"https:\/\/www.chu-tours.fr\/cmrr\/wp-json\/wp\/v2\/comments?post=74"}],"version-history":[{"count":18,"href":"https:\/\/www.chu-tours.fr\/cmrr\/wp-json\/wp\/v2\/pages\/74\/revisions"}],"predecessor-version":[{"id":587,"href":"https:\/\/www.chu-tours.fr\/cmrr\/wp-json\/wp\/v2\/pages\/74\/revisions\/587"}],"wp:attachment":[{"href":"https:\/\/www.chu-tours.fr\/cmrr\/wp-json\/wp\/v2\/media?parent=74"}],"curies":[{"name":"wp","href":"https:\/\/api.w.org\/{rel}","templated":true}]}}