{"id":6,"date":"2024-04-12T08:25:09","date_gmt":"2024-04-12T06:25:09","guid":{"rendered":"https:\/\/www.chu-tours.fr\/cmrr\/?page_id=6"},"modified":"2026-03-20T15:53:16","modified_gmt":"2026-03-20T14:53:16","slug":"centre-memoire-ressources-et-recherche","status":"publish","type":"page","link":"https:\/\/www.chu-tours.fr\/cmrr\/","title":{"rendered":"Centre M\u00e9moire Ressources et Recherche"},"content":{"rendered":"\t\t<div data-elementor-type=\"wp-page\" data-elementor-id=\"6\" class=\"elementor elementor-6\" data-elementor-post-type=\"page\">\n\t\t\t\t\t\t<section class=\"elementor-section elementor-top-section elementor-element elementor-element-b650913 elementor-section-boxed elementor-section-height-default elementor-section-height-default\" data-id=\"b650913\" data-element_type=\"section\">\n\t\t\t\t\t\t<div class=\"elementor-container elementor-column-gap-default\">\n\t\t\t\t\t<div class=\"elementor-column elementor-col-100 elementor-top-column elementor-element elementor-element-9f599cd\" data-id=\"9f599cd\" data-element_type=\"column\">\n\t\t\t<div class=\"elementor-widget-wrap elementor-element-populated\">\n\t\t\t\t\t\t<div class=\"elementor-element elementor-element-2c9938f elementor-widget elementor-widget-image\" data-id=\"2c9938f\" data-element_type=\"widget\" data-widget_type=\"image.default\">\n\t\t\t\t<div class=\"elementor-widget-container\">\n\t\t\t<style>\/*! elementor - v3.23.0 - 15-07-2024 *\/\n.elementor-widget-image{text-align:center}.elementor-widget-image a{display:inline-block}.elementor-widget-image a img[src$=\".svg\"]{width:48px}.elementor-widget-image img{vertical-align:middle;display:inline-block}<\/style>\t\t\t\t\t\t\t\t\t\t<img fetchpriority=\"high\" decoding=\"async\" width=\"768\" height=\"171\" src=\"https:\/\/www.chu-tours.fr\/cmrr\/wp-content\/uploads\/sites\/16\/2024\/06\/logo_cmrr_01-768x171.png\" class=\"attachment-medium_large size-medium_large wp-image-293\" alt=\"logo CMRR\" srcset=\"https:\/\/www.chu-tours.fr\/cmrr\/wp-content\/uploads\/sites\/16\/2024\/06\/logo_cmrr_01-768x171.png 768w, https:\/\/www.chu-tours.fr\/cmrr\/wp-content\/uploads\/sites\/16\/2024\/06\/logo_cmrr_01-300x67.png 300w, https:\/\/www.chu-tours.fr\/cmrr\/wp-content\/uploads\/sites\/16\/2024\/06\/logo_cmrr_01.png 1017w\" sizes=\"(max-width: 768px) 100vw, 768px\" \/>\t\t\t\t\t\t\t\t\t\t\t\t\t<\/div>\n\t\t\t\t<\/div>\n\t\t\t\t<div class=\"elementor-element elementor-element-143c240 elementor-widget elementor-widget-spacer\" data-id=\"143c240\" data-element_type=\"widget\" data-widget_type=\"spacer.default\">\n\t\t\t\t<div class=\"elementor-widget-container\">\n\t\t\t<style>\/*! elementor - v3.23.0 - 15-07-2024 *\/\n.elementor-column .elementor-spacer-inner{height:var(--spacer-size)}.e-con{--container-widget-width:100%}.e-con-inner>.elementor-widget-spacer,.e-con>.elementor-widget-spacer{width:var(--container-widget-width,var(--spacer-size));--align-self:var(--container-widget-align-self,initial);--flex-shrink:0}.e-con-inner>.elementor-widget-spacer>.elementor-widget-container,.e-con>.elementor-widget-spacer>.elementor-widget-container{height:100%;width:100%}.e-con-inner>.elementor-widget-spacer>.elementor-widget-container>.elementor-spacer,.e-con>.elementor-widget-spacer>.elementor-widget-container>.elementor-spacer{height:100%}.e-con-inner>.elementor-widget-spacer>.elementor-widget-container>.elementor-spacer>.elementor-spacer-inner,.e-con>.elementor-widget-spacer>.elementor-widget-container>.elementor-spacer>.elementor-spacer-inner{height:var(--container-widget-height,var(--spacer-size))}.e-con-inner>.elementor-widget-spacer.elementor-widget-empty,.e-con>.elementor-widget-spacer.elementor-widget-empty{position:relative;min-height:22px;min-width:22px}.e-con-inner>.elementor-widget-spacer.elementor-widget-empty .elementor-widget-empty-icon,.e-con>.elementor-widget-spacer.elementor-widget-empty .elementor-widget-empty-icon{position:absolute;top:0;bottom:0;left:0;right:0;margin:auto;padding:0;width:22px;height:22px}<\/style>\t\t<div class=\"elementor-spacer\">\n\t\t\t<div class=\"elementor-spacer-inner\"><\/div>\n\t\t<\/div>\n\t\t\t\t<\/div>\n\t\t\t\t<\/div>\n\t\t\t\t\t<\/div>\n\t\t<\/div>\n\t\t\t\t\t<\/div>\n\t\t<\/section>\n\t\t\t\t<section class=\"elementor-section elementor-top-section elementor-element elementor-element-29810c5 elementor-section-boxed elementor-section-height-default elementor-section-height-default\" data-id=\"29810c5\" data-element_type=\"section\">\n\t\t\t\t\t\t<div class=\"elementor-container elementor-column-gap-default\">\n\t\t\t\t\t<div class=\"elementor-column elementor-col-100 elementor-top-column elementor-element elementor-element-c2f8d00\" data-id=\"c2f8d00\" data-element_type=\"column\">\n\t\t\t<div class=\"elementor-widget-wrap elementor-element-populated\">\n\t\t\t\t\t\t<div class=\"elementor-element elementor-element-36cd75b elementor-widget__width-initial elementor-widget elementor-widget-text-editor\" data-id=\"36cd75b\" data-element_type=\"widget\" data-widget_type=\"text-editor.default\">\n\t\t\t\t<div class=\"elementor-widget-container\">\n\t\t\t<style>\/*! elementor - v3.23.0 - 15-07-2024 *\/\n.elementor-widget-text-editor.elementor-drop-cap-view-stacked .elementor-drop-cap{background-color:#69727d;color:#fff}.elementor-widget-text-editor.elementor-drop-cap-view-framed .elementor-drop-cap{color:#69727d;border:3px solid;background-color:transparent}.elementor-widget-text-editor:not(.elementor-drop-cap-view-default) .elementor-drop-cap{margin-top:8px}.elementor-widget-text-editor:not(.elementor-drop-cap-view-default) .elementor-drop-cap-letter{width:1em;height:1em}.elementor-widget-text-editor .elementor-drop-cap{float:left;text-align:center;line-height:1;font-size:50px}.elementor-widget-text-editor .elementor-drop-cap-letter{display:inline-block}<\/style>\t\t\t\t<h2>Qui sommes-nous ?<\/h2><blockquote><p>Le <span style=\"color: #ed1164;\">Centre M\u00e9moire Ressources et Recherche<\/span> est une unit\u00e9 transversale destin\u00e9e \u00e0 <strong>l\u2019\u00e9valuation et au suivi des patients adultes de tous \u00e2ges pr\u00e9sentant des troubles cognitifs, quelle que soit l\u2019origine suspect\u00e9e des difficult\u00e9s (post traumatique, troubles attentionnels, maladie chronique, pathologies neurod\u00e9g\u00e9n\u00e9ratives, pathologies psychiatriques\u2026)<\/strong>.<\/p><\/blockquote><ul><li>Consultations de premi\u00e8re ligne &#8211; dites <strong>consultations m\u00e9moire<\/strong> &#8211; \u00e0 la demande d\u2019un m\u00e9decin g\u00e9n\u00e9raliste. Cette consultation est ouverte \u00e0 toute personne adulte pr\u00e9sentant des plaintes cognitives (m\u00e9moire, langage, attention, \u2026) qui peuvent para\u00eetre inhabituelles ou inqui\u00e9tantes.<\/li><li>Consultations de 2\u00e8me ligne &#8211; dites <strong>consultations de recours<\/strong>, \u00e0 la demande d\u2019un neurologue, g\u00e9riatre ou psychiatre d\u2019une consultation m\u00e9moire de proximit\u00e9 de la r\u00e9gion Centre.<\/li><li>Consultations intersectorielles de g\u00e9rontopsychiatrie.<\/li><\/ul>\t\t\t\t\t\t<\/div>\n\t\t\t\t<\/div>\n\t\t\t\t\t<\/div>\n\t\t<\/div>\n\t\t\t\t\t<\/div>\n\t\t<\/section>\n\t\t\t\t<section class=\"elementor-section elementor-top-section elementor-element elementor-element-11a91cf elementor-section-boxed elementor-section-height-default elementor-section-height-default\" data-id=\"11a91cf\" data-element_type=\"section\">\n\t\t\t\t\t\t<div class=\"elementor-container elementor-column-gap-default\">\n\t\t\t\t\t<div class=\"elementor-column elementor-col-100 elementor-top-column elementor-element elementor-element-b5ac365\" data-id=\"b5ac365\" data-element_type=\"column\">\n\t\t\t<div class=\"elementor-widget-wrap elementor-element-populated\">\n\t\t\t\t\t\t<div class=\"elementor-element elementor-element-23bb6ca elementor-flip-box--effect-flip elementor-flip-box--direction-up elementor-widget elementor-widget-flip-box\" data-id=\"23bb6ca\" data-element_type=\"widget\" data-widget_type=\"flip-box.default\">\n\t\t\t\t<div class=\"elementor-widget-container\">\n\t\t\t<link rel=\"stylesheet\" href=\"https:\/\/www.chu-tours.fr\/cmrr\/wp-content\/plugins\/elementor-pro\/assets\/css\/widget-flip-box.min.css?ver=1721310483\">\t\t<div class=\"elementor-flip-box\" tabindex=\"0\">\n\t\t\t<div class=\"elementor-flip-box__layer elementor-flip-box__front\">\n\t\t\t\t<div class=\"elementor-flip-box__layer__overlay\">\n\t\t\t\t\t<div class=\"elementor-flip-box__layer__inner\">\n\t\t\t\t\t\t\t\t\t\t\t\t\t<div class=\"elementor-icon-wrapper elementor-view-default\">\n\t\t\t\t\t\t\t\t<div class=\"elementor-icon\">\n\t\t\t\t\t\t\t\t\t<i class=\"fas fa-info-circle\"><\/i>\t\t\t\t\t\t\t\t<\/div>\n\t\t\t\t\t\t\t<\/div>\n\t\t\t\t\t\t\n\t\t\t\t\t\t\t\t\t\t\t\t\t<h3 class=\"elementor-flip-box__layer__title\">\n\t\t\t\t\t\t\t\tNewsletter\t\t\t\t\t\t\t<\/h3>\n\t\t\t\t\t\t\n\t\t\t\t\t\t\t\t\t\t\t\t\t<div class=\"elementor-flip-box__layer__description\">\n\t\t\t\t\t\t\t\t1er semestre 2026\t\t\t\t\t\t\t<\/div>\n\t\t\t\t\t\t\t\t\t\t\t<\/div>\n\t\t\t\t<\/div>\n\t\t\t<\/div>\n\t\t\t<div class=\"elementor-flip-box__layer elementor-flip-box__back\">\n\t\t\t<div class=\"elementor-flip-box__layer__overlay\">\n\t\t\t\t<div class=\"elementor-flip-box__layer__inner\">\n\t\t\t\t\t\t\t\t\t\t\t<h3 class=\"elementor-flip-box__layer__title\">\n\t\t\t\t\t\t\tCentre M\u00e9moire de Ressources et de Recherche \t\t\t\t\t\t<\/h3>\n\t\t\t\t\t\n\t\t\t\t\t\n\t\t\t\t\t\t\t\t\t\t\t<a class=\"elementor-flip-box__button elementor-button elementor-size-sm\" href=\"https:\/\/www.chu-tours.fr\/cmrr\/wp-content\/uploads\/sites\/16\/2026\/03\/2026-Newsletter-CMRR-10-MEP.pdf\" target=\"_blank\">\n\t\t\t\t\t\t\tT\u00e9l\u00e9chargez la newsletter #10\t\t\t\t\t\t<\/a>\n\t\t\t\t\t\t\t\t<\/div>\n\t\t<\/div>\n\t\t<\/div>\n\t\t<\/div>\n\t\t\t\t<\/div>\n\t\t\t\t<\/div>\n\t\t\t\t\t<\/div>\n\t\t<\/div>\n\t\t\t\t\t<\/div>\n\t\t<\/section>\n\t\t\t\t<section class=\"elementor-section elementor-top-section elementor-element elementor-element-abb7fcb elementor-section-boxed elementor-section-height-default elementor-section-height-default\" data-id=\"abb7fcb\" data-element_type=\"section\">\n\t\t\t\t\t\t<div class=\"elementor-container elementor-column-gap-default\">\n\t\t\t\t\t<div class=\"elementor-column elementor-col-100 elementor-top-column elementor-element elementor-element-f95ef5b\" data-id=\"f95ef5b\" data-element_type=\"column\">\n\t\t\t<div class=\"elementor-widget-wrap elementor-element-populated\">\n\t\t\t\t\t\t<div class=\"elementor-element elementor-element-1bf24df elementor-widget elementor-widget-spacer\" data-id=\"1bf24df\" data-element_type=\"widget\" data-widget_type=\"spacer.default\">\n\t\t\t\t<div class=\"elementor-widget-container\">\n\t\t\t\t\t<div class=\"elementor-spacer\">\n\t\t\t<div class=\"elementor-spacer-inner\"><\/div>\n\t\t<\/div>\n\t\t\t\t<\/div>\n\t\t\t\t<\/div>\n\t\t\t\t<div class=\"elementor-element elementor-element-ebb73df elementor-widget elementor-widget-google_maps\" data-id=\"ebb73df\" data-element_type=\"widget\" data-widget_type=\"google_maps.default\">\n\t\t\t\t<div class=\"elementor-widget-container\">\n\t\t\t<style>\/*! elementor - v3.23.0 - 15-07-2024 *\/\n.elementor-widget-google_maps .elementor-widget-container{overflow:hidden}.elementor-widget-google_maps .elementor-custom-embed{line-height:0}.elementor-widget-google_maps iframe{height:300px}<\/style>\t\t<div class=\"elementor-custom-embed\">\n\t\t\t<iframe loading=\"lazy\"\n\t\t\t\t\tsrc=\"https:\/\/maps.google.com\/maps?q=CHRU%20Bretonneau%2037000%20Tours&#038;t=m&#038;z=15&#038;output=embed&#038;iwloc=near\"\n\t\t\t\t\ttitle=\"CHRU Bretonneau 37000 Tours\"\n\t\t\t\t\taria-label=\"CHRU Bretonneau 37000 Tours\"\n\t\t\t><\/iframe>\n\t\t<\/div>\n\t\t\t\t<\/div>\n\t\t\t\t<\/div>\n\t\t\t\t<div class=\"elementor-element elementor-element-1cd7345 elementor-widget elementor-widget-spacer\" data-id=\"1cd7345\" data-element_type=\"widget\" data-widget_type=\"spacer.default\">\n\t\t\t\t<div class=\"elementor-widget-container\">\n\t\t\t\t\t<div class=\"elementor-spacer\">\n\t\t\t<div class=\"elementor-spacer-inner\"><\/div>\n\t\t<\/div>\n\t\t\t\t<\/div>\n\t\t\t\t<\/div>\n\t\t\t\t\t<\/div>\n\t\t<\/div>\n\t\t\t\t\t<\/div>\n\t\t<\/section>\n\t\t\t\t<\/div>\n\t\t","protected":false},"excerpt":{"rendered":"<p>Qui sommes-nous ? Le Centre M\u00e9moire Ressources et Recherche est une unit\u00e9 transversale destin\u00e9e \u00e0 l\u2019\u00e9valuation et au suivi des patients adultes de tous \u00e2ges pr\u00e9sentant des troubles cognitifs, quelle que soit l\u2019origine suspect\u00e9e des difficult\u00e9s (post traumatique, troubles attentionnels, maladie chronique, pathologies neurod\u00e9g\u00e9n\u00e9ratives, pathologies psychiatriques\u2026). Consultations de premi\u00e8re ligne &#8211; dites consultations m\u00e9moire &#8211; [&hellip;]<\/p>\n","protected":false},"author":4,"featured_media":0,"parent":0,"menu_order":0,"comment_status":"closed","ping_status":"closed","template":"","meta":{"_seopress_robots_primary_cat":"","_seopress_titles_title":"CHRU de Tours. Centre M\u00e9moire Ressources et Recherche (CMRR).","_seopress_titles_desc":"Le Centre M\u00e9moire Ressources et Recherche est une unit\u00e9 transversale destin\u00e9e \u00e0 l\u2019\u00e9valuation et au suivi des patients adultes de tous \u00e2ges pr\u00e9sentant des troubles cognitifs, quelle que soit l\u2019origine suspect\u00e9e des difficult\u00e9s (post traumatique, troubles attentionnels, maladie chronique, pathologies neurod\u00e9g\u00e9n\u00e9ratives, pathologies psychiatriques\u2026).","_seopress_robots_index":"","_exactmetrics_skip_tracking":false,"_exactmetrics_sitenote_active":false,"_exactmetrics_sitenote_note":"","_exactmetrics_sitenote_category":0,"_genesis_hide_title":false,"_genesis_hide_breadcrumbs":false,"_genesis_hide_singular_image":false,"_genesis_hide_footer_widgets":false,"_genesis_custom_body_class":"","_genesis_custom_post_class":"","_genesis_layout":"","footnotes":""},"publishpress_future_action":{"enabled":false,"date":"2026-05-20 11:46:39","action":"change-status","newStatus":"draft","terms":[],"taxonomy":""},"_links":{"self":[{"href":"https:\/\/www.chu-tours.fr\/cmrr\/wp-json\/wp\/v2\/pages\/6"}],"collection":[{"href":"https:\/\/www.chu-tours.fr\/cmrr\/wp-json\/wp\/v2\/pages"}],"about":[{"href":"https:\/\/www.chu-tours.fr\/cmrr\/wp-json\/wp\/v2\/types\/page"}],"author":[{"embeddable":true,"href":"https:\/\/www.chu-tours.fr\/cmrr\/wp-json\/wp\/v2\/users\/4"}],"replies":[{"embeddable":true,"href":"https:\/\/www.chu-tours.fr\/cmrr\/wp-json\/wp\/v2\/comments?post=6"}],"version-history":[{"count":20,"href":"https:\/\/www.chu-tours.fr\/cmrr\/wp-json\/wp\/v2\/pages\/6\/revisions"}],"predecessor-version":[{"id":695,"href":"https:\/\/www.chu-tours.fr\/cmrr\/wp-json\/wp\/v2\/pages\/6\/revisions\/695"}],"wp:attachment":[{"href":"https:\/\/www.chu-tours.fr\/cmrr\/wp-json\/wp\/v2\/media?parent=6"}],"curies":[{"name":"wp","href":"https:\/\/api.w.org\/{rel}","templated":true}]}}