{"id":261,"date":"2024-06-21T13:04:43","date_gmt":"2024-06-21T11:04:43","guid":{"rendered":"https:\/\/www.chu-tours.fr\/cmrr\/?page_id=261"},"modified":"2024-12-11T11:23:16","modified_gmt":"2024-12-11T10:23:16","slug":"qui-peut-aider","status":"publish","type":"page","link":"https:\/\/www.chu-tours.fr\/cmrr\/qui-peut-aider\/","title":{"rendered":"Qui peut aider ?"},"content":{"rendered":"\t\t<div data-elementor-type=\"wp-page\" data-elementor-id=\"261\" class=\"elementor elementor-261\" data-elementor-post-type=\"page\">\n\t\t\t\t\t\t<section class=\"elementor-section elementor-top-section elementor-element elementor-element-98fef26 elementor-section-boxed elementor-section-height-default elementor-section-height-default\" data-id=\"98fef26\" data-element_type=\"section\">\n\t\t\t\t\t\t<div class=\"elementor-container elementor-column-gap-default\">\n\t\t\t\t\t<div class=\"elementor-column elementor-col-100 elementor-top-column elementor-element elementor-element-1e02571\" data-id=\"1e02571\" data-element_type=\"column\">\n\t\t\t<div class=\"elementor-widget-wrap elementor-element-populated\">\n\t\t\t\t\t\t<div class=\"elementor-element elementor-element-7e9421f elementor-widget elementor-widget-text-editor\" data-id=\"7e9421f\" data-element_type=\"widget\" data-widget_type=\"text-editor.default\">\n\t\t\t\t<div class=\"elementor-widget-container\">\n\t\t\t<style>\/*! elementor - v3.23.0 - 15-07-2024 *\/\n.elementor-widget-text-editor.elementor-drop-cap-view-stacked .elementor-drop-cap{background-color:#69727d;color:#fff}.elementor-widget-text-editor.elementor-drop-cap-view-framed .elementor-drop-cap{color:#69727d;border:3px solid;background-color:transparent}.elementor-widget-text-editor:not(.elementor-drop-cap-view-default) .elementor-drop-cap{margin-top:8px}.elementor-widget-text-editor:not(.elementor-drop-cap-view-default) .elementor-drop-cap-letter{width:1em;height:1em}.elementor-widget-text-editor .elementor-drop-cap{float:left;text-align:center;line-height:1;font-size:50px}.elementor-widget-text-editor .elementor-drop-cap-letter{display:inline-block}<\/style>\t\t\t\t<ul><li>Maisons d\u00e9partementales de la Solidarit\u00e9<\/li><li>Assistante Sociale de secteur<\/li><li>Plateforme Territoriale d&#8217;Appui<\/li><\/ul><p>La Plateforme Territoriale d\u2019Appui (PTA) est au service des professionnels d\u2019un territoire pour leur permettre de mieux r\u00e9pondre aux besoins des personnes \u00e2g\u00e9es. Des professionnels, appel\u00e9s \u00ab gestionnaires de cas \u00bb, leur sont attach\u00e9s afin d\u2019accompagner les personnes en situation complexe. Ces accompagnants sont sollicit\u00e9s par les autres professionnels du territoire (m\u00e9decin traitant, m\u00e9decin sp\u00e9cialiste, SSIAD\u2026).<\/p><ul><li>Les plateformes d\u2019accompagnement et de r\u00e9pit<\/li><\/ul><p>Les plateformes\u00a0 d\u2019accompagnement et de r\u00e9pit proposent un accompagnement du patient, un soutien et un r\u00e9pit pour l\u2019aidant, des activit\u00e9s pour le couple aidant-aid\u00e9. C\u2019est un service qui accueille les familles et les malades en jours ouvrables.<\/p><p>Elles informent et orientent les aidants vers les solutions de r\u00e9pit existantes. Les activit\u00e9s propos\u00e9es y sont souples et s\u2019adaptent aux besoins et aux demandes des personnes accueillies et \u00e0 l\u2019\u00e9volution de leur maladie. Elles organisent par exemple des sorties loisirs, des s\u00e9jours de vacances, des activit\u00e9s manuelles et artistiques, des activit\u00e9s de relaxation, des groupes de paroles, des formations des aidants \u2026.<\/p><p><em><strong>A qui s\u2019adressent-t-elles\u00a0?<\/strong><\/em><\/p><p>La plateforme d\u2019accompagnement et de r\u00e9pit s\u2019adresse aux aidants s\u2019occupant d\u2019une personne atteinte de la maladie d\u2019Alzheimer ou d\u2019une maladie apparent\u00e9e ou toute personne \u00e2g\u00e9e en perte d\u2019autonomie et \u00e0 la personne aid\u00e9e elle-m\u00eame.<\/p><p><em><strong>Quel est leur co\u00fbt\u00a0?<\/strong><\/em><\/p><p>La plupart des activit\u00e9s sont gratuites pour les familles. Cependant, pour certaines, une participation des familles peut \u00eatre demand\u00e9e.<\/p><p><strong>\u00a0<\/strong><em><strong>Comment en b\u00e9n\u00e9ficier\u00a0?<\/strong><\/em><\/p><p>Vous vous adressez directement \u00e0 la plateforme d\u2019accompagnement et de r\u00e9pit de votre secteur.<\/p>\t\t\t\t\t\t<\/div>\n\t\t\t\t<\/div>\n\t\t\t\t\t<\/div>\n\t\t<\/div>\n\t\t\t\t\t<\/div>\n\t\t<\/section>\n\t\t\t\t<section class=\"elementor-section elementor-top-section elementor-element elementor-element-ae055aa elementor-section-boxed elementor-section-height-default elementor-section-height-default\" data-id=\"ae055aa\" data-element_type=\"section\">\n\t\t\t\t\t\t<div class=\"elementor-container elementor-column-gap-default\">\n\t\t\t\t\t<div class=\"elementor-column elementor-col-100 elementor-top-column elementor-element elementor-element-2054dac\" data-id=\"2054dac\" data-element_type=\"column\">\n\t\t\t<div class=\"elementor-widget-wrap elementor-element-populated\">\n\t\t\t\t\t\t<div class=\"elementor-element elementor-element-a029c5a elementor-align-right elementor-widget elementor-widget-global elementor-global-481 elementor-widget-post-info\" data-id=\"a029c5a\" data-element_type=\"widget\" data-widget_type=\"post-info.default\">\n\t\t\t\t<div class=\"elementor-widget-container\">\n\t\t\t<link rel=\"stylesheet\" href=\"https:\/\/www.chu-tours.fr\/cmrr\/wp-content\/plugins\/elementor\/assets\/css\/widget-icon-list.min.css\"><link rel=\"stylesheet\" href=\"https:\/\/www.chu-tours.fr\/cmrr\/wp-content\/plugins\/elementor-pro\/assets\/css\/widget-theme-elements.min.css?ver=1721310483\">\t\t<ul class=\"elementor-inline-items elementor-icon-list-items elementor-post-info\">\n\t\t\t\t\t\t\t\t<li class=\"elementor-icon-list-item elementor-repeater-item-6146a60 elementor-inline-item\">\n\t\t\t\t\t\t\t\t\t\t<span class=\"elementor-icon-list-icon\">\n\t\t\t\t\t\t\t\t<i aria-hidden=\"true\" class=\"far fa-calendar-check\"><\/i>\t\t\t\t\t\t\t<\/span>\n\t\t\t\t\t\t\t\t\t<span class=\"elementor-icon-list-text elementor-post-info__item elementor-post-info__item--type-custom\">\n\t\t\t\t\t\t\t\t\t\tMis \u00e0 jour le 11 d\u00e9cembre 2024\t\t\t\t\t<\/span>\n\t\t\t\t\t\t\t\t<\/li>\n\t\t\t\t<\/ul>\n\t\t\t\t<\/div>\n\t\t\t\t<\/div>\n\t\t\t\t\t<\/div>\n\t\t<\/div>\n\t\t\t\t\t<\/div>\n\t\t<\/section>\n\t\t\t\t<\/div>\n\t\t","protected":false},"excerpt":{"rendered":"<p>Maisons d\u00e9partementales de la Solidarit\u00e9 Assistante Sociale de secteur Plateforme Territoriale d&#8217;Appui La Plateforme Territoriale d\u2019Appui (PTA) est au service des professionnels d\u2019un territoire pour leur permettre de mieux r\u00e9pondre aux besoins des personnes \u00e2g\u00e9es. Des professionnels, appel\u00e9s \u00ab gestionnaires de cas \u00bb, leur sont attach\u00e9s afin d\u2019accompagner les personnes en situation complexe. Ces accompagnants [&hellip;]<\/p>\n","protected":false},"author":4,"featured_media":0,"parent":0,"menu_order":0,"comment_status":"closed","ping_status":"closed","template":"","meta":{"_seopress_robots_primary_cat":"","_seopress_titles_title":"Centre M\u00e9moire Ressources et Recherche. Aides et ressources.","_seopress_titles_desc":"Qui peut aider ?","_seopress_robots_index":"","_exactmetrics_skip_tracking":false,"_exactmetrics_sitenote_active":false,"_exactmetrics_sitenote_note":"","_exactmetrics_sitenote_category":0,"_genesis_hide_title":false,"_genesis_hide_breadcrumbs":false,"_genesis_hide_singular_image":false,"_genesis_hide_footer_widgets":false,"_genesis_custom_body_class":"","_genesis_custom_post_class":"","_genesis_layout":"","footnotes":""},"publishpress_future_action":{"enabled":false,"date":"2026-05-20 11:59:18","action":"change-status","newStatus":"draft","terms":[],"taxonomy":""},"_links":{"self":[{"href":"https:\/\/www.chu-tours.fr\/cmrr\/wp-json\/wp\/v2\/pages\/261"}],"collection":[{"href":"https:\/\/www.chu-tours.fr\/cmrr\/wp-json\/wp\/v2\/pages"}],"about":[{"href":"https:\/\/www.chu-tours.fr\/cmrr\/wp-json\/wp\/v2\/types\/page"}],"author":[{"embeddable":true,"href":"https:\/\/www.chu-tours.fr\/cmrr\/wp-json\/wp\/v2\/users\/4"}],"replies":[{"embeddable":true,"href":"https:\/\/www.chu-tours.fr\/cmrr\/wp-json\/wp\/v2\/comments?post=261"}],"version-history":[{"count":10,"href":"https:\/\/www.chu-tours.fr\/cmrr\/wp-json\/wp\/v2\/pages\/261\/revisions"}],"predecessor-version":[{"id":617,"href":"https:\/\/www.chu-tours.fr\/cmrr\/wp-json\/wp\/v2\/pages\/261\/revisions\/617"}],"wp:attachment":[{"href":"https:\/\/www.chu-tours.fr\/cmrr\/wp-json\/wp\/v2\/media?parent=261"}],"curies":[{"name":"wp","href":"https:\/\/api.w.org\/{rel}","templated":true}]}}