{"id":241,"date":"2024-06-21T12:46:44","date_gmt":"2024-06-21T10:46:44","guid":{"rendered":"https:\/\/www.chu-tours.fr\/cmrr\/?page_id=241"},"modified":"2024-12-11T11:17:27","modified_gmt":"2024-12-11T10:17:27","slug":"la-protection-des-personnes","status":"publish","type":"page","link":"https:\/\/www.chu-tours.fr\/cmrr\/la-protection-des-personnes\/","title":{"rendered":"La protection des personnes"},"content":{"rendered":"\t\t<div data-elementor-type=\"wp-page\" data-elementor-id=\"241\" class=\"elementor elementor-241\" data-elementor-post-type=\"page\">\n\t\t\t\t\t\t<section class=\"elementor-section elementor-top-section elementor-element elementor-element-327da6e elementor-section-boxed elementor-section-height-default elementor-section-height-default\" data-id=\"327da6e\" data-element_type=\"section\">\n\t\t\t\t\t\t<div class=\"elementor-container elementor-column-gap-default\">\n\t\t\t\t\t<div class=\"elementor-column elementor-col-100 elementor-top-column elementor-element elementor-element-20ec244\" data-id=\"20ec244\" data-element_type=\"column\">\n\t\t\t<div class=\"elementor-widget-wrap elementor-element-populated\">\n\t\t\t\t\t\t<div class=\"elementor-element elementor-element-35f3445 elementor-widget elementor-widget-text-editor\" data-id=\"35f3445\" data-element_type=\"widget\" data-widget_type=\"text-editor.default\">\n\t\t\t\t<div class=\"elementor-widget-container\">\n\t\t\t<style>\/*! elementor - v3.23.0 - 15-07-2024 *\/\n.elementor-widget-text-editor.elementor-drop-cap-view-stacked .elementor-drop-cap{background-color:#69727d;color:#fff}.elementor-widget-text-editor.elementor-drop-cap-view-framed .elementor-drop-cap{color:#69727d;border:3px solid;background-color:transparent}.elementor-widget-text-editor:not(.elementor-drop-cap-view-default) .elementor-drop-cap{margin-top:8px}.elementor-widget-text-editor:not(.elementor-drop-cap-view-default) .elementor-drop-cap-letter{width:1em;height:1em}.elementor-widget-text-editor .elementor-drop-cap{float:left;text-align:center;line-height:1;font-size:50px}.elementor-widget-text-editor .elementor-drop-cap-letter{display:inline-block}<\/style>\t\t\t\t<p>La \u00ab protection (des majeurs) est instaur\u00e9e et assur\u00e9e dans le respect des libert\u00e9s individuelles, des droits fondamentaux et de la dignit\u00e9 de la personne. Elle a pour finalit\u00e9 l\u2019int\u00e9r\u00eat de la personne prot\u00e9g\u00e9e. Elle favorise, dans la mesure du possible, l\u2019autonomie de celle-ci. Elle est un devoir des familles et de la collectivit\u00e9 publique. \u00bb (article 415 du code civil)<\/p><p><strong>Tutelle, Curatelle, Sauvegarde de justice<\/strong> sont des mesures de protection judiciaire des personnes, d\u00e9cid\u00e9es par le juge des tutelles. Elles peuvent \u00eatre exerc\u00e9es par un membre de la famille ou par un Mandataire Judiciaire \u00e0 la Protection des Majeurs (MJPM). Le mandataire est un professionnel \u2014 personne physique ou morale ou pr\u00e9pos\u00e9 d\u2019un \u00e9tablissement sanitaire ou m\u00e9dico-social \u2014 d\u00e9sign\u00e9 par le Juge des Tutelles (Tribunal d\u2019Instance) lorsqu\u2019aucun membre de la famille ou proche de la personne vuln\u00e9rable ne peut exercer la mesure.<\/p><p>Il est aussi rappel\u00e9 qu\u2019entre conjoints ou membres directs de la famille, la mesure de protection juridique peut \u00eatre \u00e9vit\u00e9e par le biais du nouveau <strong>r\u00e9gime de l\u2019habilitation familiale<\/strong> (article 494-1 \u00e0 494-2 du code civil). Elle permet aux proches d\u2019une personne incapable de manifester sa volont\u00e9 de la repr\u00e9senter dans tous les actes de sa vie ou certains seulement, selon son \u00e9tat. Elle n\u00e9cessite uniquement l\u2019intervention d\u2019un juge pour acter que la personne d\u00e9sign\u00e9e peut recevoir l\u2019habilitation familiale.<\/p>\t\t\t\t\t\t<\/div>\n\t\t\t\t<\/div>\n\t\t\t\t<div class=\"elementor-element elementor-element-aeb23d6 elementor-widget elementor-widget-accordion\" data-id=\"aeb23d6\" data-element_type=\"widget\" data-widget_type=\"accordion.default\">\n\t\t\t\t<div class=\"elementor-widget-container\">\n\t\t\t<style>\/*! elementor - v3.23.0 - 15-07-2024 *\/\n.elementor-accordion{text-align:start}.elementor-accordion .elementor-accordion-item{border:1px solid #d5d8dc}.elementor-accordion .elementor-accordion-item+.elementor-accordion-item{border-top:none}.elementor-accordion .elementor-tab-title{margin:0;padding:15px 20px;font-weight:700;line-height:1;cursor:pointer;outline:none}.elementor-accordion .elementor-tab-title .elementor-accordion-icon{display:inline-block;width:1.5em}.elementor-accordion .elementor-tab-title .elementor-accordion-icon svg{width:1em;height:1em}.elementor-accordion .elementor-tab-title .elementor-accordion-icon.elementor-accordion-icon-right{float:right;text-align:right}.elementor-accordion .elementor-tab-title .elementor-accordion-icon.elementor-accordion-icon-left{float:left;text-align:left}.elementor-accordion .elementor-tab-title .elementor-accordion-icon .elementor-accordion-icon-closed{display:block}.elementor-accordion .elementor-tab-title .elementor-accordion-icon .elementor-accordion-icon-opened,.elementor-accordion .elementor-tab-title.elementor-active .elementor-accordion-icon-closed{display:none}.elementor-accordion .elementor-tab-title.elementor-active .elementor-accordion-icon-opened{display:block}.elementor-accordion .elementor-tab-content{display:none;padding:15px 20px;border-top:1px solid #d5d8dc}@media (max-width:767px){.elementor-accordion .elementor-tab-title{padding:12px 15px}.elementor-accordion .elementor-tab-title .elementor-accordion-icon{width:1.2em}.elementor-accordion .elementor-tab-content{padding:7px 15px}}.e-con-inner>.elementor-widget-accordion,.e-con>.elementor-widget-accordion{width:var(--container-widget-width);--flex-grow:var(--container-widget-flex-grow)}<\/style>\t\t<div class=\"elementor-accordion\">\n\t\t\t\t\t\t\t<div class=\"elementor-accordion-item\">\n\t\t\t\t\t<div id=\"elementor-tab-title-1831\" class=\"elementor-tab-title\" data-tab=\"1\" role=\"button\" aria-controls=\"elementor-tab-content-1831\" aria-expanded=\"false\">\n\t\t\t\t\t\t\t\t\t\t\t\t\t<span class=\"elementor-accordion-icon elementor-accordion-icon-left\" aria-hidden=\"true\">\n\t\t\t\t\t\t\t\t\t\t\t\t\t\t\t<span class=\"elementor-accordion-icon-closed\"><i class=\"fas fa-plus\"><\/i><\/span>\n\t\t\t\t\t\t\t\t<span class=\"elementor-accordion-icon-opened\"><i class=\"fas fa-minus\"><\/i><\/span>\n\t\t\t\t\t\t\t\t\t\t\t\t\t\t<\/span>\n\t\t\t\t\t\t\t\t\t\t\t\t<a class=\"elementor-accordion-title\" tabindex=\"0\">La tutelle et la curatelle<\/a>\n\t\t\t\t\t<\/div>\n\t\t\t\t\t<div id=\"elementor-tab-content-1831\" class=\"elementor-tab-content elementor-clearfix\" data-tab=\"1\" role=\"region\" aria-labelledby=\"elementor-tab-title-1831\"><p>Peut \u00eatre plac\u00e9e en tutelle ou curatelle la personne se trouvant dans l\u2019impossibilit\u00e9 de pourvoir seule \u00e0 ses int\u00e9r\u00eats en raison d\u2019une alt\u00e9ration m\u00e9dicalement constat\u00e9e, soit de ses facult\u00e9s mentales, soit de ses facult\u00e9s corporelles, de nature \u00e0 emp\u00eacher l\u2019expression de sa volont\u00e9 (art. 425 du code civil).<\/p><p>Une personne vuln\u00e9rable du fait de sa fragilit\u00e9 ou de son environnement, doit aussi concourir \u00e0 un besoin de protection.<\/p><p><u>Comment en faire la demande ?<\/u><\/p><p>Quatre cat\u00e9gories de personnes peuvent formuler une demande de protection aupr\u00e8s du Juge des Tutelles :<\/p><ul><li>La personne qu\u2019il y a lieu de prot\u00e9ger,<\/li><li>Son conjoint ou partenaire,<\/li><li>Un parent ou alli\u00e9,<\/li><li>Une personne exer\u00e7ant \u00e0 son \u00e9gard une mesure de protection juridique.<\/li><\/ul><p>Il faut obtenir un <a href=\"https:\/\/www.service-public.fr\/particuliers\/vosdroits\/F21667\" target=\"_blank\" rel=\"noopener\">certificat m\u00e9dical circonstanci\u00e9<\/a> aupr\u00e8s d&#8217;un m\u00e9decin choisi sur une liste \u00e9tablie par le procureur de la R\u00e9publique. Ce m\u00e9decin peut solliciter l&#8217;avis du m\u00e9decin traitant de la personne qu&#8217;il y a lieu de prot\u00e9ger.<\/p><p>La liste des m\u00e9decins comp\u00e9tents peut \u00eatre obtenue au tribunal du domicile de la personne \u00e0 prot\u00e9ger, aupr\u00e8s du greffe du juge des contentieux de la protection ou \u00a0sur le site https:\/\/www.touraine-reperage.fr<\/p><p>Toute personne \u00ab tiers \u00bb peut par ailleurs formuler un signalement au Procureur de la R\u00e9publique qui appr\u00e9ciera l\u2019opportunit\u00e9 de la saisine du Juge des Tutelles.<\/p><p><b><u>La curatelle<\/u><\/b><\/p><p>La curatelle est une mesure de protection juridique destin\u00e9e \u00e0 prot\u00e9ger une personne majeure qui, sans \u00eatre hors d\u2019\u00e9tat d\u2019agir elle-m\u00eame, a besoin d\u2019\u00eatre conseill\u00e9e ou contr\u00f4l\u00e9e d\u2019une mani\u00e8re continue dans les actes importants de la vie civile. La curatelle peut \u00eatre <strong>\u00ab renforc\u00e9e \u00bb<\/strong> ou <strong>\u00ab simple \u00bb<\/strong> ou \u00ab am\u00e9nag\u00e9e \u00bb selon le degr\u00e9 de protection et d\u2019assistance n\u00e9cessaire. Le mandataire dans ce cas appel\u00e9 curateur, est d\u00e9sign\u00e9 par le juge des tutelles qui prend en compte le choix de la personne et la priorit\u00e9 familiale.<\/p><p><b><u>La tutelle<\/u><\/b><\/p><p>Lorsqu\u2019une mesure de curatelle ne suffit pas \u00e0 prot\u00e9ger la personne et\/ou ses biens, la tutelle permet \u00e0 la personne prot\u00e9g\u00e9e d\u2019\u00eatre repr\u00e9sent\u00e9e de mani\u00e8re continue dans de nombreux actes de la vie civile. Certains actes impliquent toujours un consentement strictement personnel et qui ne peut donner lieu \u00e0 repr\u00e9sentation (article 458 du code civile : liste non exhaustive). Sur tous les autres actes, le juge peut \u00e9num\u00e9rer, \u00e0 tout moment, les actes que la personne peut faire seule ou non, au cas par cas. Le mandataire, alors appel\u00e9 tuteur est d\u00e9sign\u00e9 par le juge des tutelles qui prend en compte le choix de la personne et la priorit\u00e9 familiale.<\/p><p>\u00a0<\/p><\/div>\n\t\t\t\t<\/div>\n\t\t\t\t\t\t\t<div class=\"elementor-accordion-item\">\n\t\t\t\t\t<div id=\"elementor-tab-title-1832\" class=\"elementor-tab-title\" data-tab=\"2\" role=\"button\" aria-controls=\"elementor-tab-content-1832\" aria-expanded=\"false\">\n\t\t\t\t\t\t\t\t\t\t\t\t\t<span class=\"elementor-accordion-icon elementor-accordion-icon-left\" aria-hidden=\"true\">\n\t\t\t\t\t\t\t\t\t\t\t\t\t\t\t<span class=\"elementor-accordion-icon-closed\"><i class=\"fas fa-plus\"><\/i><\/span>\n\t\t\t\t\t\t\t\t<span class=\"elementor-accordion-icon-opened\"><i class=\"fas fa-minus\"><\/i><\/span>\n\t\t\t\t\t\t\t\t\t\t\t\t\t\t<\/span>\n\t\t\t\t\t\t\t\t\t\t\t\t<a class=\"elementor-accordion-title\" tabindex=\"0\">La mesure d\u2019habilitation familiale<\/a>\n\t\t\t\t\t<\/div>\n\t\t\t\t\t<div id=\"elementor-tab-content-1832\" class=\"elementor-tab-content elementor-clearfix\" data-tab=\"2\" role=\"region\" aria-labelledby=\"elementor-tab-title-1832\"><p>L&#8217;habilitation familiale permet \u00e0 un proche (descendant, ascendant, fr\u00e8re ou s\u0153ur, \u00e9poux ou \u00e9pouse, concubin, partenaire de Pacs) de solliciter l&#8217;autorisation du juge pour repr\u00e9senter une personne qui ne peut pas manifester sa volont\u00e9.<\/p><p>L&#8217;habilitation familiale n&#8217;entre pas dans le cadre des mesures de protection judiciaire. Contrairement aux r\u00e9gimes de <a href=\"https:\/\/www.service-public.fr\/particuliers\/vosdroits\/F2075\" target=\"_blank\" rel=\"noopener\">sauvegarde de justice<\/a>,\u00a0<a href=\"https:\/\/www.service-public.fr\/particuliers\/vosdroits\/F2120\" target=\"_blank\" rel=\"noopener\">tutelle<\/a> ou <a href=\"https:\/\/www.service-public.fr\/particuliers\/vosdroits\/F2094\" target=\"_blank\" rel=\"noopener\">curatelle<\/a>, une fois la personne d\u00e9sign\u00e9e pour recevoir l&#8217;habilitation familiale, le juge n&#8217;intervient plus.<\/p><p>Comme pour une demande de mise sous protection judiciaire, il faut d&#8217;abord obtenir un <a href=\"https:\/\/www.service-public.fr\/particuliers\/vosdroits\/F21667\" target=\"_blank\" rel=\"noopener\">certificat m\u00e9dical circonstanci\u00e9<\/a> aupr\u00e8s d&#8217;un m\u00e9decin choisi sur une liste \u00e9tablie par le procureur de la R\u00e9publique. Ce m\u00e9decin peut solliciter l&#8217;avis du m\u00e9decin traitant de la personne qu&#8217;il y a lieu de prot\u00e9ger.<\/p><p>La liste des m\u00e9decins comp\u00e9tents peut \u00eatre obtenue au tribunal du domicile de la personne \u00e0 prot\u00e9ger, aupr\u00e8s du greffe du juge des contentieux de la protection ou \u00a0sur le site <a href=\"https:\/\/www.touraine-reperage.fr\" target=\"_blank\" rel=\"noopener\">https:\/\/www.touraine-reperage.fr<\/a>.<\/p><\/div>\n\t\t\t\t<\/div>\n\t\t\t\t\t\t\t<div class=\"elementor-accordion-item\">\n\t\t\t\t\t<div id=\"elementor-tab-title-1833\" class=\"elementor-tab-title\" data-tab=\"3\" role=\"button\" aria-controls=\"elementor-tab-content-1833\" aria-expanded=\"false\">\n\t\t\t\t\t\t\t\t\t\t\t\t\t<span class=\"elementor-accordion-icon elementor-accordion-icon-left\" aria-hidden=\"true\">\n\t\t\t\t\t\t\t\t\t\t\t\t\t\t\t<span class=\"elementor-accordion-icon-closed\"><i class=\"fas fa-plus\"><\/i><\/span>\n\t\t\t\t\t\t\t\t<span class=\"elementor-accordion-icon-opened\"><i class=\"fas fa-minus\"><\/i><\/span>\n\t\t\t\t\t\t\t\t\t\t\t\t\t\t<\/span>\n\t\t\t\t\t\t\t\t\t\t\t\t<a class=\"elementor-accordion-title\" tabindex=\"0\">La sauvegarde de justice<\/a>\n\t\t\t\t\t<\/div>\n\t\t\t\t\t<div id=\"elementor-tab-content-1833\" class=\"elementor-tab-content elementor-clearfix\" data-tab=\"3\" role=\"region\" aria-labelledby=\"elementor-tab-title-1833\"><p>La sauvegarde de justice est une mesure souple. Elle s\u2019adresse aux personnes ayant besoin d\u2019une protection temporaire et\/ou urgente. La sauvegarde de justice permet de prot\u00e9ger la personne contre des actes qu\u2019elle aurait accomplis ou au contraire n\u00e9glig\u00e9 d\u2019accomplir.<\/p><p>En effet, elle se distingue des autres mesures de protection par la possibilit\u00e9 offerte au m\u00e9decin traitant qui sollicite l\u2019avis d\u2019un m\u00e9decin psychiatre, de saisir le Procureur de la R\u00e9publique pour qu\u2019il prononce la mesure. Dans ce cas, sa dur\u00e9e de validit\u00e9 est 1 an renouvelable 1 seule fois. La personne prot\u00e9g\u00e9e garde cependant sa capacit\u00e9 juridique et la possibilit\u00e9 d\u2019organiser la gestion de ses int\u00e9r\u00eats.<\/p><\/div>\n\t\t\t\t<\/div>\n\t\t\t\t\t\t\t<div class=\"elementor-accordion-item\">\n\t\t\t\t\t<div id=\"elementor-tab-title-1834\" class=\"elementor-tab-title\" data-tab=\"4\" role=\"button\" aria-controls=\"elementor-tab-content-1834\" aria-expanded=\"false\">\n\t\t\t\t\t\t\t\t\t\t\t\t\t<span class=\"elementor-accordion-icon elementor-accordion-icon-left\" aria-hidden=\"true\">\n\t\t\t\t\t\t\t\t\t\t\t\t\t\t\t<span class=\"elementor-accordion-icon-closed\"><i class=\"fas fa-plus\"><\/i><\/span>\n\t\t\t\t\t\t\t\t<span class=\"elementor-accordion-icon-opened\"><i class=\"fas fa-minus\"><\/i><\/span>\n\t\t\t\t\t\t\t\t\t\t\t\t\t\t<\/span>\n\t\t\t\t\t\t\t\t\t\t\t\t<a class=\"elementor-accordion-title\" tabindex=\"0\">Le mandat de protection future<\/a>\n\t\t\t\t\t<\/div>\n\t\t\t\t\t<div id=\"elementor-tab-content-1834\" class=\"elementor-tab-content elementor-clearfix\" data-tab=\"4\" role=\"region\" aria-labelledby=\"elementor-tab-title-1834\"><p>Le mandat de protection future permet \u00e0 une personne (mandant) de d\u00e9signer \u00e0 l\u2019avance la ou les personnes (mandataires) charg\u00e9es de veiller sur sa personne et\/ou sur tout ou partie de son patrimoine, pour l\u2019\u00e9ventualit\u00e9 o\u00f9 elle ne serait plus en \u00e9tat, physique ou mental, de le faire seule.<\/p><p>Une personne sous curatelle peut r\u00e9aliser un mandat de protection future. Il permet aussi de d\u00e9signer une personne de confiance pour les actes de soins et le m\u00e9dico-social.<\/p><p><strong><u>Comment est d\u00e9sign\u00e9 ce mandataire ?<\/u><\/strong><\/p><p>C\u2019est le principe du contrat. Il peut \u00eatre r\u00e9alis\u00e9 sous seing notari\u00e9 (plus s\u00e9curisant) ou seing priv\u00e9 ou devant un avocat. Le mandataire futur est d\u00e9sign\u00e9 par le mandant. Le mandataire peut \u00eatre un proche, un ami, un alli\u00e9, un Mandataire Judiciaire \u00e0 la Protection des Majeurs\u00a0 professionnel en activit\u00e9&#8230; Le mandat de protection futur est enregistr\u00e9 et activ\u00e9 au greffe du tribunal. Le juge n\u2019intervient pas sauf en cas de contentieux.<\/p><p>Le mandat de protection est activ\u00e9 suite au constat de l\u2019alt\u00e9ration des facult\u00e9s du mandant (certificat m\u00e9dical circonstanci\u00e9 n\u00e9cessaire) et dure jusqu\u2019au r\u00e9tablissement des facult\u00e9s personnelles de l\u2019int\u00e9ress\u00e9, le d\u00e9c\u00e8s du mandant, le d\u00e9c\u00e8s du mandataire ou sa r\u00e9vocation judiciaire.<\/p><\/div>\n\t\t\t\t<\/div>\n\t\t\t\t\t\t\t<div class=\"elementor-accordion-item\">\n\t\t\t\t\t<div id=\"elementor-tab-title-1835\" class=\"elementor-tab-title\" data-tab=\"5\" role=\"button\" aria-controls=\"elementor-tab-content-1835\" aria-expanded=\"false\">\n\t\t\t\t\t\t\t\t\t\t\t\t\t<span class=\"elementor-accordion-icon elementor-accordion-icon-left\" aria-hidden=\"true\">\n\t\t\t\t\t\t\t\t\t\t\t\t\t\t\t<span class=\"elementor-accordion-icon-closed\"><i class=\"fas fa-plus\"><\/i><\/span>\n\t\t\t\t\t\t\t\t<span class=\"elementor-accordion-icon-opened\"><i class=\"fas fa-minus\"><\/i><\/span>\n\t\t\t\t\t\t\t\t\t\t\t\t\t\t<\/span>\n\t\t\t\t\t\t\t\t\t\t\t\t<a class=\"elementor-accordion-title\" tabindex=\"0\">\u25bc\tLa personne de confiance<\/a>\n\t\t\t\t\t<\/div>\n\t\t\t\t\t<div id=\"elementor-tab-content-1835\" class=\"elementor-tab-content elementor-clearfix\" data-tab=\"5\" role=\"region\" aria-labelledby=\"elementor-tab-title-1835\"><p>Le patient d\u00e9signe par \u00e9crit la personne de confiance. Cette d\u00e9signation est r\u00e9vocable \u00e0 tout moment. En cas de tutelle, la d\u00e9signation d\u2019une personne de confiance n\u2019est pas possible (elle reste possible en cas de curatelle). La personne de confiance est une personne nomm\u00e9ment choisie et d\u00e9sign\u00e9e par le patient. Elle ne peut pas \u00eatre confondue avec les visiteurs b\u00e9n\u00e9voles. Elle ne peut pas emp\u00eacher un patient de recevoir toute information qui lui est utile. Il s\u2019agit pour le patient d\u2019une possibilit\u00e9 d\u2019aide, pas d\u2019une obligation. Le patient reste seul \u00e0 d\u00e9cider dans la mesure o\u00f9 cela est possible.<\/p><\/div>\n\t\t\t\t<\/div>\n\t\t\t\t\t\t\t\t<\/div>\n\t\t\t\t<\/div>\n\t\t\t\t<\/div>\n\t\t\t\t\t<\/div>\n\t\t<\/div>\n\t\t\t\t\t<\/div>\n\t\t<\/section>\n\t\t\t\t<section class=\"elementor-section elementor-top-section elementor-element elementor-element-1a47bda elementor-section-boxed elementor-section-height-default elementor-section-height-default\" data-id=\"1a47bda\" data-element_type=\"section\">\n\t\t\t\t\t\t<div class=\"elementor-container elementor-column-gap-default\">\n\t\t\t\t\t<div class=\"elementor-column elementor-col-100 elementor-top-column elementor-element elementor-element-98e4b3e\" data-id=\"98e4b3e\" data-element_type=\"column\">\n\t\t\t<div class=\"elementor-widget-wrap elementor-element-populated\">\n\t\t\t\t\t\t<div class=\"elementor-element elementor-element-e0ac1bf elementor-align-right elementor-widget elementor-widget-global elementor-global-481 elementor-widget-post-info\" data-id=\"e0ac1bf\" data-element_type=\"widget\" data-widget_type=\"post-info.default\">\n\t\t\t\t<div class=\"elementor-widget-container\">\n\t\t\t<link rel=\"stylesheet\" href=\"https:\/\/www.chu-tours.fr\/cmrr\/wp-content\/plugins\/elementor\/assets\/css\/widget-icon-list.min.css\"><link rel=\"stylesheet\" href=\"https:\/\/www.chu-tours.fr\/cmrr\/wp-content\/plugins\/elementor-pro\/assets\/css\/widget-theme-elements.min.css?ver=1721310483\">\t\t<ul class=\"elementor-inline-items elementor-icon-list-items elementor-post-info\">\n\t\t\t\t\t\t\t\t<li class=\"elementor-icon-list-item elementor-repeater-item-6146a60 elementor-inline-item\">\n\t\t\t\t\t\t\t\t\t\t<span class=\"elementor-icon-list-icon\">\n\t\t\t\t\t\t\t\t<i aria-hidden=\"true\" class=\"far fa-calendar-check\"><\/i>\t\t\t\t\t\t\t<\/span>\n\t\t\t\t\t\t\t\t\t<span class=\"elementor-icon-list-text elementor-post-info__item elementor-post-info__item--type-custom\">\n\t\t\t\t\t\t\t\t\t\tMis \u00e0 jour le 11 d\u00e9cembre 2024\t\t\t\t\t<\/span>\n\t\t\t\t\t\t\t\t<\/li>\n\t\t\t\t<\/ul>\n\t\t\t\t<\/div>\n\t\t\t\t<\/div>\n\t\t\t\t\t<\/div>\n\t\t<\/div>\n\t\t\t\t\t<\/div>\n\t\t<\/section>\n\t\t\t\t<\/div>\n\t\t","protected":false},"excerpt":{"rendered":"<p>La \u00ab protection (des majeurs) est instaur\u00e9e et assur\u00e9e dans le respect des libert\u00e9s individuelles, des droits fondamentaux et de la dignit\u00e9 de la personne. Elle a pour finalit\u00e9 l\u2019int\u00e9r\u00eat de la personne prot\u00e9g\u00e9e. Elle favorise, dans la mesure du possible, l\u2019autonomie de celle-ci. Elle est un devoir des familles et de la collectivit\u00e9 publique. [&hellip;]<\/p>\n","protected":false},"author":4,"featured_media":0,"parent":0,"menu_order":0,"comment_status":"closed","ping_status":"closed","template":"","meta":{"_seopress_robots_primary_cat":"","_seopress_titles_title":"Centre M\u00e9moire Ressources et Recherche. Aides et ressources.","_seopress_titles_desc":"La protection des personnes","_seopress_robots_index":"","_exactmetrics_skip_tracking":false,"_exactmetrics_sitenote_active":false,"_exactmetrics_sitenote_note":"","_exactmetrics_sitenote_category":0,"_genesis_hide_title":false,"_genesis_hide_breadcrumbs":false,"_genesis_hide_singular_image":false,"_genesis_hide_footer_widgets":false,"_genesis_custom_body_class":"","_genesis_custom_post_class":"","_genesis_layout":"","footnotes":""},"publishpress_future_action":{"enabled":false,"date":"2026-05-20 12:00:36","action":"change-status","newStatus":"draft","terms":[],"taxonomy":""},"_links":{"self":[{"href":"https:\/\/www.chu-tours.fr\/cmrr\/wp-json\/wp\/v2\/pages\/241"}],"collection":[{"href":"https:\/\/www.chu-tours.fr\/cmrr\/wp-json\/wp\/v2\/pages"}],"about":[{"href":"https:\/\/www.chu-tours.fr\/cmrr\/wp-json\/wp\/v2\/types\/page"}],"author":[{"embeddable":true,"href":"https:\/\/www.chu-tours.fr\/cmrr\/wp-json\/wp\/v2\/users\/4"}],"replies":[{"embeddable":true,"href":"https:\/\/www.chu-tours.fr\/cmrr\/wp-json\/wp\/v2\/comments?post=241"}],"version-history":[{"count":11,"href":"https:\/\/www.chu-tours.fr\/cmrr\/wp-json\/wp\/v2\/pages\/241\/revisions"}],"predecessor-version":[{"id":605,"href":"https:\/\/www.chu-tours.fr\/cmrr\/wp-json\/wp\/v2\/pages\/241\/revisions\/605"}],"wp:attachment":[{"href":"https:\/\/www.chu-tours.fr\/cmrr\/wp-json\/wp\/v2\/media?parent=241"}],"curies":[{"name":"wp","href":"https:\/\/api.w.org\/{rel}","templated":true}]}}