{"id":236,"date":"2024-06-21T12:44:10","date_gmt":"2024-06-21T10:44:10","guid":{"rendered":"https:\/\/www.chu-tours.fr\/cmrr\/?page_id=236"},"modified":"2025-02-03T16:42:28","modified_gmt":"2025-02-03T15:42:28","slug":"les-hebergements","status":"publish","type":"page","link":"https:\/\/www.chu-tours.fr\/cmrr\/les-hebergements\/","title":{"rendered":"Les h\u00e9bergements"},"content":{"rendered":"\t\t<div data-elementor-type=\"wp-page\" data-elementor-id=\"236\" class=\"elementor elementor-236\" data-elementor-post-type=\"page\">\n\t\t\t\t\t\t<section class=\"elementor-section elementor-top-section elementor-element elementor-element-239c186 elementor-section-boxed elementor-section-height-default elementor-section-height-default\" data-id=\"239c186\" data-element_type=\"section\">\n\t\t\t\t\t\t<div class=\"elementor-container elementor-column-gap-default\">\n\t\t\t\t\t<div class=\"elementor-column elementor-col-50 elementor-top-column elementor-element elementor-element-9b8a07d\" data-id=\"9b8a07d\" data-element_type=\"column\">\n\t\t\t<div class=\"elementor-widget-wrap elementor-element-populated\">\n\t\t\t\t\t\t<div class=\"elementor-element elementor-element-8aee002 elementor-widget elementor-widget-accordion\" data-id=\"8aee002\" data-element_type=\"widget\" data-widget_type=\"accordion.default\">\n\t\t\t\t<div class=\"elementor-widget-container\">\n\t\t\t<style>\/*! elementor - v3.23.0 - 15-07-2024 *\/\n.elementor-accordion{text-align:start}.elementor-accordion .elementor-accordion-item{border:1px solid #d5d8dc}.elementor-accordion .elementor-accordion-item+.elementor-accordion-item{border-top:none}.elementor-accordion .elementor-tab-title{margin:0;padding:15px 20px;font-weight:700;line-height:1;cursor:pointer;outline:none}.elementor-accordion .elementor-tab-title .elementor-accordion-icon{display:inline-block;width:1.5em}.elementor-accordion .elementor-tab-title .elementor-accordion-icon svg{width:1em;height:1em}.elementor-accordion .elementor-tab-title .elementor-accordion-icon.elementor-accordion-icon-right{float:right;text-align:right}.elementor-accordion .elementor-tab-title .elementor-accordion-icon.elementor-accordion-icon-left{float:left;text-align:left}.elementor-accordion .elementor-tab-title .elementor-accordion-icon .elementor-accordion-icon-closed{display:block}.elementor-accordion .elementor-tab-title .elementor-accordion-icon .elementor-accordion-icon-opened,.elementor-accordion .elementor-tab-title.elementor-active .elementor-accordion-icon-closed{display:none}.elementor-accordion .elementor-tab-title.elementor-active .elementor-accordion-icon-opened{display:block}.elementor-accordion .elementor-tab-content{display:none;padding:15px 20px;border-top:1px solid #d5d8dc}@media (max-width:767px){.elementor-accordion .elementor-tab-title{padding:12px 15px}.elementor-accordion .elementor-tab-title .elementor-accordion-icon{width:1.2em}.elementor-accordion .elementor-tab-content{padding:7px 15px}}.e-con-inner>.elementor-widget-accordion,.e-con>.elementor-widget-accordion{width:var(--container-widget-width);--flex-grow:var(--container-widget-flex-grow)}<\/style>\t\t<div class=\"elementor-accordion\">\n\t\t\t\t\t\t\t<div class=\"elementor-accordion-item\">\n\t\t\t\t\t<div id=\"elementor-tab-title-1451\" class=\"elementor-tab-title\" data-tab=\"1\" role=\"button\" aria-controls=\"elementor-tab-content-1451\" aria-expanded=\"false\">\n\t\t\t\t\t\t\t\t\t\t\t\t\t<span class=\"elementor-accordion-icon elementor-accordion-icon-left\" aria-hidden=\"true\">\n\t\t\t\t\t\t\t\t\t\t\t\t\t\t\t<span class=\"elementor-accordion-icon-closed\"><i class=\"fas fa-plus\"><\/i><\/span>\n\t\t\t\t\t\t\t\t<span class=\"elementor-accordion-icon-opened\"><i class=\"fas fa-minus\"><\/i><\/span>\n\t\t\t\t\t\t\t\t\t\t\t\t\t\t<\/span>\n\t\t\t\t\t\t\t\t\t\t\t\t<a class=\"elementor-accordion-title\" tabindex=\"0\">Les Villages R\u00e9pit Famille <\/a>\n\t\t\t\t\t<\/div>\n\t\t\t\t\t<div id=\"elementor-tab-content-1451\" class=\"elementor-tab-content elementor-clearfix\" data-tab=\"1\" role=\"region\" aria-labelledby=\"elementor-tab-title-1451\"><p>Les villages r\u00e9pit famille (VRF) sont une solution innovante permettant d\u2019accueillir le couple aidant \/ aid\u00e9 ou la famille compl\u00e8te dans un village de vacances adoss\u00e9 \u00e0 une structure m\u00e9dico-sociale. Ces structures sont ouvertes toute l\u2019ann\u00e9e et proposent diverses activit\u00e9s de loisirs.<\/p><p>Des soignants assurent les soins quotidiens (douche, soins infirmiers, etc.), permettant \u00e0 l\u2019aidant de souffler le temps des vacances.<br \/>Vous pourrez faire des balades et des activit\u00e9s en famille, ou laisser la personne aid\u00e9e faire une activit\u00e9 adapt\u00e9e et encadr\u00e9e, pendant que le reste de la famille profite d\u2019une autre activit\u00e9.<\/p><p>Les structures existantes\u00a0:<\/p><ul><li>Les \u201cCizes\u201d, dans le Jura<\/li><li>La \u201cSalamandre\u201d dans la r\u00e9gion du Maine-et-Loire<\/li><li>Le village \u00ab Touraine \u00bb, pr\u00e8s de Tours (Fondettes)\u00a0<br \/><a href=\"mailto:contactvrf37@gmail.com\">contactvrf37@gmail.com<\/a><br \/>tel : 02 47 62 47 47<\/li><li>Le village\u00a0 \u00ab Savoie \u00bb dans les Alpes<\/li><\/ul><\/div>\n\t\t\t\t<\/div>\n\t\t\t\t\t\t\t<div class=\"elementor-accordion-item\">\n\t\t\t\t\t<div id=\"elementor-tab-title-1452\" class=\"elementor-tab-title\" data-tab=\"2\" role=\"button\" aria-controls=\"elementor-tab-content-1452\" aria-expanded=\"false\">\n\t\t\t\t\t\t\t\t\t\t\t\t\t<span class=\"elementor-accordion-icon elementor-accordion-icon-left\" aria-hidden=\"true\">\n\t\t\t\t\t\t\t\t\t\t\t\t\t\t\t<span class=\"elementor-accordion-icon-closed\"><i class=\"fas fa-plus\"><\/i><\/span>\n\t\t\t\t\t\t\t\t<span class=\"elementor-accordion-icon-opened\"><i class=\"fas fa-minus\"><\/i><\/span>\n\t\t\t\t\t\t\t\t\t\t\t\t\t\t<\/span>\n\t\t\t\t\t\t\t\t\t\t\t\t<a class=\"elementor-accordion-title\" tabindex=\"0\">Accueil temporaire<\/a>\n\t\t\t\t\t<\/div>\n\t\t\t\t\t<div id=\"elementor-tab-content-1452\" class=\"elementor-tab-content elementor-clearfix\" data-tab=\"2\" role=\"region\" aria-labelledby=\"elementor-tab-title-1452\"><p><strong>A qui s\u2019adresse-t-il\u00a0?<\/strong><\/p><p>Ce type d\u2019accueil s\u2019adresse aux personnes \u00e2g\u00e9es en perte d\u2019autonomie dont le maintien \u00e0 domicile est momentan\u00e9ment compromis du fait d\u2019une situation particuli\u00e8re (travaux dans la maison, transition entre une hospitalisation et le retour \u00e0 domicile, absence des aides \u00e0 domicile\u2026). Il peut aussi \u00eatre utilis\u00e9 pour soulager les familles et les aidants (vacances, maladies \u2026) et\/ou pr\u00e9parer l\u2019entr\u00e9e d\u00e9finitive en maison de retraite.<\/p><p><strong>Comment pr\u00e9parer son s\u00e9jour\u00a0? <\/strong><\/p><p>L\u2019h\u00e9bergement temporaire est souvent propos\u00e9 par les \u00e9tablissements d\u2019h\u00e9bergement pour personnes \u00e2g\u00e9es d\u00e9pendantes (EHPAD). L\u2019admission se fait sur dossier, \u00e0 adresser directement \u00e0 l\u2019\u00e9tablissement d\u2019accueil. Elle ne peut exc\u00e9der 90 jours par an (en un ou plusieurs s\u00e9jours) et doit faire l\u2019objet d\u2019un contrat pr\u00e9cisant sa dur\u00e9e de date \u00e0 date. Il est important de visiter l\u2019\u00e9tablissement avant (taille, cadre \u2026) de consulter son r\u00e8glement int\u00e9rieur, son projet de service, l\u2019accompagnement et les activit\u00e9s adapt\u00e9es propos\u00e9es.<\/p><p><strong>Quel est son co\u00fbt\u00a0?<\/strong><\/p><p>Les tarifs, en partie li\u00e9s aux prestations propos\u00e9es, sont variables d\u2019un \u00e9tablissement \u00e0 l\u2019autre. Ils prennent en compte les soins, la d\u00e9pendance et l\u2019h\u00e9bergement. Ils peuvent, sous certaines conditions de ressources, \u00eatre en partie financ\u00e9s par l\u2019Allocation Personnalis\u00e9e d\u2019Autonomie (APA) et\/ou l\u2019aide sociale \u00e0 l\u2019h\u00e9bergement \u00e0 demander au conseil g\u00e9n\u00e9ral, ou via la mairie ou les Maisons D\u00e9partementales de la Solidarit\u00e9.<\/p><p><strong>Comment en b\u00e9n\u00e9ficier\u00a0?<\/strong><\/p><p>Vous pouvez vous adresser directement \u00e0 l\u2019\u00e9tablissement de votre choix. Votre mairie, la plateforme de r\u00e9pit ou les Maisons D\u00e9partementales de la Solidarit\u00e9 de votre secteur peuvent vous communiquer la liste des h\u00e9bergements temporaires. Cette liste est \u00e9galement consultable sur le site internet du Conseil g\u00e9n\u00e9ral d\u2019Indre et Loire \u00ab\u00a0Touraine Reper\u2019Age\u00a0\u00bb<\/p><\/div>\n\t\t\t\t<\/div>\n\t\t\t\t\t\t\t<div class=\"elementor-accordion-item\">\n\t\t\t\t\t<div id=\"elementor-tab-title-1453\" class=\"elementor-tab-title\" data-tab=\"3\" role=\"button\" aria-controls=\"elementor-tab-content-1453\" aria-expanded=\"false\">\n\t\t\t\t\t\t\t\t\t\t\t\t\t<span class=\"elementor-accordion-icon elementor-accordion-icon-left\" aria-hidden=\"true\">\n\t\t\t\t\t\t\t\t\t\t\t\t\t\t\t<span class=\"elementor-accordion-icon-closed\"><i class=\"fas fa-plus\"><\/i><\/span>\n\t\t\t\t\t\t\t\t<span class=\"elementor-accordion-icon-opened\"><i class=\"fas fa-minus\"><\/i><\/span>\n\t\t\t\t\t\t\t\t\t\t\t\t\t\t<\/span>\n\t\t\t\t\t\t\t\t\t\t\t\t<a class=\"elementor-accordion-title\" tabindex=\"0\">Les Unit\u00e9s Cognitivo-Comportementales (UCC)<\/a>\n\t\t\t\t\t<\/div>\n\t\t\t\t\t<div id=\"elementor-tab-content-1453\" class=\"elementor-tab-content elementor-clearfix\" data-tab=\"3\" role=\"region\" aria-labelledby=\"elementor-tab-title-1453\"><p><strong>A qui s\u2019adresse-t-elle\u00a0?<\/strong><\/p><p>Les unit\u00e9s cognitivo-comportementales sont situ\u00e9es en \u00e9tablissement de sant\u00e9. Elles s\u2019adressent \u00e0 des patients pr\u00e9sentant les caract\u00e9ristiques suivantes : mobilit\u00e9 pr\u00e9serv\u00e9e (patient valide), agressivit\u00e9, troubles du comportement (hyper\u00e9motivit\u00e9, hallucinations, troubles moteurs, agitation, troubles du sommeil graves). Les patients arrivent essentiellement de leur domicile ou d\u2019EHPAD.<\/p><p><strong>Quel est son objectif ?<\/strong><\/p><p>Un programme d\u2019activit\u00e9s structur\u00e9 et adapt\u00e9 permet de stabiliser voire de diminuer les troubles du comportement, d\u2019assurer les soins pr\u00e9ventifs d\u2019une situation de crise et de maintenir voire d\u2019am\u00e9liorer l\u2019adaptation aux actes de la vie quotidienne.<\/p><p><strong>Quel est son co\u00fbt ?<\/strong><\/p><p>La prestation est prise en charge par l\u2019assurance maladie.<\/p><p><strong>Comment en b\u00e9n\u00e9ficier\u00a0?<\/strong><\/p><p>L\u2019orientation de patients en UCC est faite par le m\u00e9decin traitant quand le patient est \u00e0 domicile ou par le m\u00e9decin hospitalier quand le patient est hospitalis\u00e9.<\/p><p>La dur\u00e9e du s\u00e9jour est limit\u00e9e et elle est en moyenne d\u2019environ 30 jours. Les modalit\u00e9s de fin de prise en charge dans cette unit\u00e9 sp\u00e9cifique sont d\u00e9finies lors de l\u2019\u00e9laboration de chaque projet th\u00e9rapeutique \u00e0 l\u2019entr\u00e9e.<\/p><\/div>\n\t\t\t\t<\/div>\n\t\t\t\t\t\t\t<div class=\"elementor-accordion-item\">\n\t\t\t\t\t<div id=\"elementor-tab-title-1454\" class=\"elementor-tab-title\" data-tab=\"4\" role=\"button\" aria-controls=\"elementor-tab-content-1454\" aria-expanded=\"false\">\n\t\t\t\t\t\t\t\t\t\t\t\t\t<span class=\"elementor-accordion-icon elementor-accordion-icon-left\" aria-hidden=\"true\">\n\t\t\t\t\t\t\t\t\t\t\t\t\t\t\t<span class=\"elementor-accordion-icon-closed\"><i class=\"fas fa-plus\"><\/i><\/span>\n\t\t\t\t\t\t\t\t<span class=\"elementor-accordion-icon-opened\"><i class=\"fas fa-minus\"><\/i><\/span>\n\t\t\t\t\t\t\t\t\t\t\t\t\t\t<\/span>\n\t\t\t\t\t\t\t\t\t\t\t\t<a class=\"elementor-accordion-title\" tabindex=\"0\">Accueil permanent<\/a>\n\t\t\t\t\t<\/div>\n\t\t\t\t\t<div id=\"elementor-tab-content-1454\" class=\"elementor-tab-content elementor-clearfix\" data-tab=\"4\" role=\"region\" aria-labelledby=\"elementor-tab-title-1454\"><p>Lorsque le maintien \u00e0 domicile n\u2019est plus possible et qu\u2019une prise en charge permanente m\u00e9dicalis\u00e9e en \u00e9tablissement est n\u00e9cessaire, diff\u00e9rentes unit\u00e9s d\u2019accueil existent, pour recevoir la personne et proposer des solutions adapt\u00e9es \u00e0 son \u00e9tat, dans les EHPAD (Etablissements d\u2019H\u00e9bergement pour Personnes Ag\u00e9es D\u00e9pendantes) ou dans les USLD (Unit\u00e9s de Soins de Longue Dur\u00e9e).<\/p><p><strong>Pr\u00e9server les capacit\u00e9s restantes en EHPAD : les PASA (P\u00f4les d\u2019Activit\u00e9s et de Soins Adapt\u00e9s)<\/strong><\/p><p>Le PASA est un espace am\u00e9nag\u00e9 au sein d\u2019un EHPAD, dans lequel sont propos\u00e9s et organis\u00e9s durant la journ\u00e9e, des activit\u00e9s sociales et th\u00e9rapeutiques dans le but d\u2019une r\u00e9habilitation cognitive, une stimulation ou une pr\u00e9vention du d\u00e9sapprentissage des gestes de la vie quotidienne. Le PASA est dot\u00e9 d\u2019un environnement architectural adapt\u00e9 \u00e0 la maladie et identifi\u00e9 par rapport au reste de la structure.<\/p><p><strong>Qui peut en b\u00e9n\u00e9ficier ?<\/strong><\/p><p>Il s\u2019adresse aux r\u00e9sidents de l\u2019EHPAD atteints de la maladie d\u2019Alzheimer ou de maladies apparent\u00e9es, ayant des troubles du comportement mod\u00e9r\u00e9s qui alt\u00e8rent la s\u00e9curit\u00e9 et la qualit\u00e9 de vie de la personne et des autres r\u00e9sidents.<\/p><p><strong>Comment fonctionne un PASA ?<\/strong><\/p><p>Il accueille 12 \u00e0 14 r\u00e9sidents par jour. Les activit\u00e9s et les soins propos\u00e9s sont adapt\u00e9s en fonction des besoins de la personne et de son \u00e9tat de sant\u00e9. Chaque r\u00e9sident accueilli peut en b\u00e9n\u00e9ficier un ou plusieurs jours par semaine. Il dispose d\u2019un personnel qualifi\u00e9 et form\u00e9 \u00e0 la prise en charge de la maladie d\u2019Alzheimer et des maladies apparent\u00e9es. Les familles et les proches participent au projet de vie et de soins du patient. Le PASA est am\u00e9nag\u00e9 afin de permettre de d\u00e9ambuler en toute s\u00e9curit\u00e9.<\/p><p><strong>Quel est son co\u00fbt ?<\/strong><\/p><p>La participation aux activit\u00e9s du PASA est comprise dans le tarif de l\u2019EHPAD.<\/p><p><strong>Comment en b\u00e9n\u00e9ficier ?<\/strong> <\/p><p>C\u2019est le m\u00e9decin de l\u2019EHPAD, en collaboration avec son \u00e9quipe soignante, avec accord de la famille, qui propose la prise en charge dans ce p\u00f4le en journ\u00e9e.<\/p><p><strong>Des unit\u00e9s n\u00e9cessaires quand la maladie \u00e9volue : les UHR (unit\u00e9 d\u2019h\u00e9bergement renforc\u00e9e).<\/strong> <\/p><p>C\u2019est une petite unit\u00e9, un lieu de vie au sein d\u2019un EHPAD ou d\u2019une Unit\u00e9 de soins de longue dur\u00e9e (USLD), dot\u00e9e d\u2019un environnement architectural adapt\u00e9 et identifi\u00e9 par rapport au reste de la structure.<\/p><p><strong>A qui s\u2019adresse cette unit\u00e9 ?<\/strong><\/p><p>Elle propose et organise des soins, des activit\u00e9s sociales et th\u00e9rapeutiques pour des personnes ayant des troubles s\u00e9v\u00e8res li\u00e9s \u00e0 la maladie d\u2019Alzheimer ou \u00e0 des maladies apparent\u00e9es qui alt\u00e8rent la s\u00e9curit\u00e9 et la qualit\u00e9 de vie. Contrairement aux PASA, les UHR accueillent des patients 24 h\/24. Ces unit\u00e9s s\u2019adressent prioritairement \u00e0 des personnes d\u00e9j\u00e0 en EHPAD, en USLD ou hospitalis\u00e9es.<\/p><p><strong>Comment fonctionne-t-elle ?<\/strong> <\/p><p>La dur\u00e9e du s\u00e9jour n\u2019est pas limit\u00e9e dans le temps mais il existe des crit\u00e8res de sortie de cette unit\u00e9 li\u00e9s \u00e0 la r\u00e9duction des sympt\u00f4mes psycho-comportementaux pendant une dur\u00e9e significative ou \u00e0 une perte de mobilit\u00e9.<\/p><p><strong>Quel est son co\u00fbt ?<\/strong><\/p><p>Il est compris dans le prix de s\u00e9jour de l\u2019EHPAD ou de l\u2019USLD.<\/p><p><strong>Comment en b\u00e9n\u00e9ficier ?<\/strong> <\/p><p>C\u2019est le m\u00e9decin de la structure o\u00f9 r\u00e9side la personne ou son m\u00e9decin traitant qui fait la demande d\u2019admission, en accord avec la famille, aupr\u00e8s de son confr\u00e8re de l\u2019UHR. Celui-ci apr\u00e8s \u00e9valuation, juge de l\u2019opportunit\u00e9 d\u2019admettre la personne et d\u00e9finit un contrat de s\u00e9jour avec la famille. En effet, en fonction de l\u2019\u00e9volution de la maladie, (ex : am\u00e9lioration des troubles, apathie, perte de mobilit\u00e9 \u2026), la personne pourra \u00eatre r\u00e9orient\u00e9e vers une autre structure ou son EHPAD d\u2019origine.<\/p><\/div>\n\t\t\t\t<\/div>\n\t\t\t\t\t\t\t\t<\/div>\n\t\t\t\t<\/div>\n\t\t\t\t<\/div>\n\t\t\t\t\t<\/div>\n\t\t<\/div>\n\t\t\t\t<div class=\"elementor-column elementor-col-50 elementor-top-column elementor-element elementor-element-1633a87\" data-id=\"1633a87\" data-element_type=\"column\">\n\t\t\t<div class=\"elementor-widget-wrap elementor-element-populated\">\n\t\t\t\t\t\t<div class=\"elementor-element elementor-element-3afda53 elementor-widget elementor-widget-heading\" data-id=\"3afda53\" data-element_type=\"widget\" data-widget_type=\"heading.default\">\n\t\t\t\t<div class=\"elementor-widget-container\">\n\t\t\t<style>\/*! elementor - v3.23.0 - 15-07-2024 *\/\n.elementor-heading-title{padding:0;margin:0;line-height:1}.elementor-widget-heading .elementor-heading-title[class*=elementor-size-]>a{color:inherit;font-size:inherit;line-height:inherit}.elementor-widget-heading .elementor-heading-title.elementor-size-small{font-size:15px}.elementor-widget-heading .elementor-heading-title.elementor-size-medium{font-size:19px}.elementor-widget-heading .elementor-heading-title.elementor-size-large{font-size:29px}.elementor-widget-heading .elementor-heading-title.elementor-size-xl{font-size:39px}.elementor-widget-heading .elementor-heading-title.elementor-size-xxl{font-size:59px}<\/style><h3 class=\"elementor-heading-title elementor-size-default\">Documents<\/h3>\t\t<\/div>\n\t\t\t\t<\/div>\n\t\t\t\t<div class=\"elementor-element elementor-element-887e814 elementor-widget elementor-widget-text-editor\" data-id=\"887e814\" data-element_type=\"widget\" data-widget_type=\"text-editor.default\">\n\t\t\t\t<div class=\"elementor-widget-container\">\n\t\t\t<style>\/*! elementor - v3.23.0 - 15-07-2024 *\/\n.elementor-widget-text-editor.elementor-drop-cap-view-stacked .elementor-drop-cap{background-color:#69727d;color:#fff}.elementor-widget-text-editor.elementor-drop-cap-view-framed .elementor-drop-cap{color:#69727d;border:3px solid;background-color:transparent}.elementor-widget-text-editor:not(.elementor-drop-cap-view-default) .elementor-drop-cap{margin-top:8px}.elementor-widget-text-editor:not(.elementor-drop-cap-view-default) .elementor-drop-cap-letter{width:1em;height:1em}.elementor-widget-text-editor .elementor-drop-cap{float:left;text-align:center;line-height:1;font-size:50px}.elementor-widget-text-editor .elementor-drop-cap-letter{display:inline-block}<\/style>\t\t\t\t<ul><li><a href=\"https:\/\/www.chu-tours.fr\/cmrr\/wp-content\/uploads\/sites\/16\/2025\/02\/intercalaires_VRF_V6.pdf\" target=\"_blank\" rel=\"noopener\">Plaquette VRF (Village R\u00e9pit Famille)<\/a><\/li><\/ul>\t\t\t\t\t\t<\/div>\n\t\t\t\t<\/div>\n\t\t\t\t\t<\/div>\n\t\t<\/div>\n\t\t\t\t\t<\/div>\n\t\t<\/section>\n\t\t\t\t<section class=\"elementor-section elementor-top-section elementor-element elementor-element-59abcc9 elementor-section-boxed elementor-section-height-default elementor-section-height-default\" data-id=\"59abcc9\" data-element_type=\"section\">\n\t\t\t\t\t\t<div class=\"elementor-container elementor-column-gap-default\">\n\t\t\t\t\t<div class=\"elementor-column elementor-col-100 elementor-top-column elementor-element elementor-element-f2218ad\" data-id=\"f2218ad\" data-element_type=\"column\">\n\t\t\t<div class=\"elementor-widget-wrap elementor-element-populated\">\n\t\t\t\t\t\t<div class=\"elementor-element elementor-element-eb85eb2 elementor-align-right elementor-widget elementor-widget-global elementor-global-481 elementor-widget-post-info\" data-id=\"eb85eb2\" data-element_type=\"widget\" data-widget_type=\"post-info.default\">\n\t\t\t\t<div class=\"elementor-widget-container\">\n\t\t\t<link rel=\"stylesheet\" href=\"https:\/\/www.chu-tours.fr\/cmrr\/wp-content\/plugins\/elementor\/assets\/css\/widget-icon-list.min.css\"><link rel=\"stylesheet\" href=\"https:\/\/www.chu-tours.fr\/cmrr\/wp-content\/plugins\/elementor-pro\/assets\/css\/widget-theme-elements.min.css?ver=1721310483\">\t\t<ul class=\"elementor-inline-items elementor-icon-list-items elementor-post-info\">\n\t\t\t\t\t\t\t\t<li class=\"elementor-icon-list-item elementor-repeater-item-6146a60 elementor-inline-item\">\n\t\t\t\t\t\t\t\t\t\t<span class=\"elementor-icon-list-icon\">\n\t\t\t\t\t\t\t\t<i aria-hidden=\"true\" class=\"far fa-calendar-check\"><\/i>\t\t\t\t\t\t\t<\/span>\n\t\t\t\t\t\t\t\t\t<span class=\"elementor-icon-list-text elementor-post-info__item elementor-post-info__item--type-custom\">\n\t\t\t\t\t\t\t\t\t\tMis \u00e0 jour le 3 f\u00e9vrier 2025\t\t\t\t\t<\/span>\n\t\t\t\t\t\t\t\t<\/li>\n\t\t\t\t<\/ul>\n\t\t\t\t<\/div>\n\t\t\t\t<\/div>\n\t\t\t\t\t<\/div>\n\t\t<\/div>\n\t\t\t\t\t<\/div>\n\t\t<\/section>\n\t\t\t\t<\/div>\n\t\t","protected":false},"excerpt":{"rendered":"<p>Les Villages R\u00e9pit Famille Les villages r\u00e9pit famille (VRF) sont une solution innovante permettant d\u2019accueillir le couple aidant \/ aid\u00e9 ou la famille compl\u00e8te dans un village de vacances adoss\u00e9 \u00e0 une structure m\u00e9dico-sociale. Ces structures sont ouvertes toute l\u2019ann\u00e9e et proposent diverses activit\u00e9s de loisirs. Des soignants assurent les soins quotidiens (douche, soins infirmiers, [&hellip;]<\/p>\n","protected":false},"author":4,"featured_media":0,"parent":0,"menu_order":0,"comment_status":"closed","ping_status":"closed","template":"","meta":{"_seopress_robots_primary_cat":"","_seopress_titles_title":"Centre M\u00e9moire Ressources et Recherche. Aides et ressources.","_seopress_titles_desc":"Les h\u00e9bergements","_seopress_robots_index":"","_exactmetrics_skip_tracking":false,"_exactmetrics_sitenote_active":false,"_exactmetrics_sitenote_note":"","_exactmetrics_sitenote_category":0,"_genesis_hide_title":false,"_genesis_hide_breadcrumbs":false,"_genesis_hide_singular_image":false,"_genesis_hide_footer_widgets":false,"_genesis_custom_body_class":"","_genesis_custom_post_class":"","_genesis_layout":"","footnotes":""},"publishpress_future_action":{"enabled":false,"date":"2026-05-20 12:00:02","action":"change-status","newStatus":"draft","terms":[],"taxonomy":""},"_links":{"self":[{"href":"https:\/\/www.chu-tours.fr\/cmrr\/wp-json\/wp\/v2\/pages\/236"}],"collection":[{"href":"https:\/\/www.chu-tours.fr\/cmrr\/wp-json\/wp\/v2\/pages"}],"about":[{"href":"https:\/\/www.chu-tours.fr\/cmrr\/wp-json\/wp\/v2\/types\/page"}],"author":[{"embeddable":true,"href":"https:\/\/www.chu-tours.fr\/cmrr\/wp-json\/wp\/v2\/users\/4"}],"replies":[{"embeddable":true,"href":"https:\/\/www.chu-tours.fr\/cmrr\/wp-json\/wp\/v2\/comments?post=236"}],"version-history":[{"count":16,"href":"https:\/\/www.chu-tours.fr\/cmrr\/wp-json\/wp\/v2\/pages\/236\/revisions"}],"predecessor-version":[{"id":665,"href":"https:\/\/www.chu-tours.fr\/cmrr\/wp-json\/wp\/v2\/pages\/236\/revisions\/665"}],"wp:attachment":[{"href":"https:\/\/www.chu-tours.fr\/cmrr\/wp-json\/wp\/v2\/media?parent=236"}],"curies":[{"name":"wp","href":"https:\/\/api.w.org\/{rel}","templated":true}]}}