{"id":229,"date":"2024-06-21T12:40:57","date_gmt":"2024-06-21T10:40:57","guid":{"rendered":"https:\/\/www.chu-tours.fr\/cmrr\/?page_id=229"},"modified":"2024-12-11T11:20:09","modified_gmt":"2024-12-11T10:20:09","slug":"les-aides-financieres","status":"publish","type":"page","link":"https:\/\/www.chu-tours.fr\/cmrr\/les-aides-financieres\/","title":{"rendered":"Les aides financi\u00e8res"},"content":{"rendered":"\t\t<div data-elementor-type=\"wp-page\" data-elementor-id=\"229\" class=\"elementor elementor-229\" data-elementor-post-type=\"page\">\n\t\t\t\t\t\t<section class=\"elementor-section elementor-top-section elementor-element elementor-element-ccee74d elementor-section-boxed elementor-section-height-default elementor-section-height-default\" data-id=\"ccee74d\" data-element_type=\"section\">\n\t\t\t\t\t\t<div class=\"elementor-container elementor-column-gap-default\">\n\t\t\t\t\t<div class=\"elementor-column elementor-col-100 elementor-top-column elementor-element elementor-element-e9505c2\" data-id=\"e9505c2\" data-element_type=\"column\">\n\t\t\t<div class=\"elementor-widget-wrap elementor-element-populated\">\n\t\t\t\t\t\t<div class=\"elementor-element elementor-element-a7382f2 elementor-widget elementor-widget-accordion\" data-id=\"a7382f2\" data-element_type=\"widget\" data-widget_type=\"accordion.default\">\n\t\t\t\t<div class=\"elementor-widget-container\">\n\t\t\t<style>\/*! elementor - v3.23.0 - 15-07-2024 *\/\n.elementor-accordion{text-align:start}.elementor-accordion .elementor-accordion-item{border:1px solid #d5d8dc}.elementor-accordion .elementor-accordion-item+.elementor-accordion-item{border-top:none}.elementor-accordion .elementor-tab-title{margin:0;padding:15px 20px;font-weight:700;line-height:1;cursor:pointer;outline:none}.elementor-accordion .elementor-tab-title .elementor-accordion-icon{display:inline-block;width:1.5em}.elementor-accordion .elementor-tab-title .elementor-accordion-icon svg{width:1em;height:1em}.elementor-accordion .elementor-tab-title .elementor-accordion-icon.elementor-accordion-icon-right{float:right;text-align:right}.elementor-accordion .elementor-tab-title .elementor-accordion-icon.elementor-accordion-icon-left{float:left;text-align:left}.elementor-accordion .elementor-tab-title .elementor-accordion-icon .elementor-accordion-icon-closed{display:block}.elementor-accordion .elementor-tab-title .elementor-accordion-icon .elementor-accordion-icon-opened,.elementor-accordion .elementor-tab-title.elementor-active .elementor-accordion-icon-closed{display:none}.elementor-accordion .elementor-tab-title.elementor-active .elementor-accordion-icon-opened{display:block}.elementor-accordion .elementor-tab-content{display:none;padding:15px 20px;border-top:1px solid #d5d8dc}@media (max-width:767px){.elementor-accordion .elementor-tab-title{padding:12px 15px}.elementor-accordion .elementor-tab-title .elementor-accordion-icon{width:1.2em}.elementor-accordion .elementor-tab-content{padding:7px 15px}}.e-con-inner>.elementor-widget-accordion,.e-con>.elementor-widget-accordion{width:var(--container-widget-width);--flex-grow:var(--container-widget-flex-grow)}<\/style>\t\t<div class=\"elementor-accordion\">\n\t\t\t\t\t\t\t<div class=\"elementor-accordion-item\">\n\t\t\t\t\t<div id=\"elementor-tab-title-1751\" class=\"elementor-tab-title\" data-tab=\"1\" role=\"button\" aria-controls=\"elementor-tab-content-1751\" aria-expanded=\"false\">\n\t\t\t\t\t\t\t\t\t\t\t\t\t<span class=\"elementor-accordion-icon elementor-accordion-icon-left\" aria-hidden=\"true\">\n\t\t\t\t\t\t\t\t\t\t\t\t\t\t\t<span class=\"elementor-accordion-icon-closed\"><i class=\"fas fa-plus\"><\/i><\/span>\n\t\t\t\t\t\t\t\t<span class=\"elementor-accordion-icon-opened\"><i class=\"fas fa-minus\"><\/i><\/span>\n\t\t\t\t\t\t\t\t\t\t\t\t\t\t<\/span>\n\t\t\t\t\t\t\t\t\t\t\t\t<a class=\"elementor-accordion-title\" tabindex=\"0\">Mise sous ALD 15<\/a>\n\t\t\t\t\t<\/div>\n\t\t\t\t\t<div id=\"elementor-tab-content-1751\" class=\"elementor-tab-content elementor-clearfix\" data-tab=\"1\" role=\"region\" aria-labelledby=\"elementor-tab-title-1751\"><p>La maladie d\u2019Alzheimer et les maladies apparent\u00e9es font partie des Affections de Longue Dur\u00e9e dont les soins en lien avec la pathologie sont pris en charge \u00e0 100 % par l\u2019Assurance Maladie.<\/p><p>La prise en charge au titre de l\u2019ALD ne dispense pas de l\u2019avance du co\u00fbt de l\u2019acte de soin lors de consultations aupr\u00e8s de m\u00e9decins lib\u00e9raux exer\u00e7ant \u00ab en ville \u00bb par exemple. D\u2019autre part, si le praticien exerce en secteur 2, le patient aura \u00e0 sa charge la diff\u00e9rence entre le tarif de base et les honoraires demand\u00e9s. Le reste sera \u00e0 sa charge totalement ou en partie, selon les conditions de sa mutuelle (s\u2019il en a une). L\u2019absence de<br \/>paiement est g\u00e9n\u00e9ralement appliqu\u00e9e pour la d\u00e9livrance de m\u00e9dicaments, les consultations hospitali\u00e8res, certains actes co\u00fbteux (analyses m\u00e9dicales, radio, scanner\u2026).<\/p><p><strong>Comment en b\u00e9n\u00e9ficier ?<\/strong><\/p><p>L\u2019ALD est constat\u00e9e par le m\u00e9decin traitant qui remplit un protocole de soins d\u00e9finissant la pathologie qui peut \u00eatre prise en charge dans le cadre d\u2019une ALD. Celui-ci envoie ensuite le document au m\u00e9decin conseil de la Caisse d\u2019Assurance Maladie dont d\u00e9pend l\u2019assur\u00e9. <\/p><\/div>\n\t\t\t\t<\/div>\n\t\t\t\t\t\t\t<div class=\"elementor-accordion-item\">\n\t\t\t\t\t<div id=\"elementor-tab-title-1752\" class=\"elementor-tab-title\" data-tab=\"2\" role=\"button\" aria-controls=\"elementor-tab-content-1752\" aria-expanded=\"false\">\n\t\t\t\t\t\t\t\t\t\t\t\t\t<span class=\"elementor-accordion-icon elementor-accordion-icon-left\" aria-hidden=\"true\">\n\t\t\t\t\t\t\t\t\t\t\t\t\t\t\t<span class=\"elementor-accordion-icon-closed\"><i class=\"fas fa-plus\"><\/i><\/span>\n\t\t\t\t\t\t\t\t<span class=\"elementor-accordion-icon-opened\"><i class=\"fas fa-minus\"><\/i><\/span>\n\t\t\t\t\t\t\t\t\t\t\t\t\t\t<\/span>\n\t\t\t\t\t\t\t\t\t\t\t\t<a class=\"elementor-accordion-title\" tabindex=\"0\">La Prestation de Compensation du Handicap (PCH)  pour les moins de 60 ans<\/a>\n\t\t\t\t\t<\/div>\n\t\t\t\t\t<div id=\"elementor-tab-content-1752\" class=\"elementor-tab-content elementor-clearfix\" data-tab=\"2\" role=\"region\" aria-labelledby=\"elementor-tab-title-1752\"><p><strong>Qui peut b\u00e9n\u00e9ficier de la PCH ?<\/strong><\/p><p>Toute personne handicap\u00e9e de moins de 60 ans peut b\u00e9n\u00e9ficier de la Prestation de Compensation du Handicap (PCH) si elle remplit des conditions de r\u00e9sidence sp\u00e9cifiques et que son handicap g\u00e9n\u00e8re de fa\u00e7on d\u00e9finitive ou pour une dur\u00e9e pr\u00e9visible d\u2019au moins 1 an :<\/p><ul><li>Une difficult\u00e9 absolue (ne plus pouvoir faire) pour r\u00e9aliser au moins une activit\u00e9 essentielle, ou<\/li><li>Une difficult\u00e9 grave (faire difficilement ou incompl\u00e8tement) pour r\u00e9aliser au moins deux activit\u00e9s essentielles<\/li><\/ul><p>La demande peut \u00eatre effectu\u00e9e jusqu\u2019\u00e0 75 ans d\u00e8s lors que les crit\u00e8res \u00e9taient remplis avant 60 ans.<br \/>Les activit\u00e9s concern\u00e9es sont d\u00e9finies dans un r\u00e9f\u00e9rentiel et portent sur la mobilit\u00e9, l\u2019entretien personnel, la communication et les relations avec autrui.<\/p><p><strong>O\u00f9 demander cette aide ?<\/strong><\/p><p>La demande de PCH doit \u00eatre faite aupr\u00e8s de la Maison d\u00e9partementale des Personnes Handicap\u00e9es (MDPH) dont d\u00e9pend votre lieu de r\u00e9sidence.<\/p><\/div>\n\t\t\t\t<\/div>\n\t\t\t\t\t\t\t<div class=\"elementor-accordion-item\">\n\t\t\t\t\t<div id=\"elementor-tab-title-1753\" class=\"elementor-tab-title\" data-tab=\"3\" role=\"button\" aria-controls=\"elementor-tab-content-1753\" aria-expanded=\"false\">\n\t\t\t\t\t\t\t\t\t\t\t\t\t<span class=\"elementor-accordion-icon elementor-accordion-icon-left\" aria-hidden=\"true\">\n\t\t\t\t\t\t\t\t\t\t\t\t\t\t\t<span class=\"elementor-accordion-icon-closed\"><i class=\"fas fa-plus\"><\/i><\/span>\n\t\t\t\t\t\t\t\t<span class=\"elementor-accordion-icon-opened\"><i class=\"fas fa-minus\"><\/i><\/span>\n\t\t\t\t\t\t\t\t\t\t\t\t\t\t<\/span>\n\t\t\t\t\t\t\t\t\t\t\t\t<a class=\"elementor-accordion-title\" tabindex=\"0\">APA<\/a>\n\t\t\t\t\t<\/div>\n\t\t\t\t\t<div id=\"elementor-tab-content-1753\" class=\"elementor-tab-content elementor-clearfix\" data-tab=\"3\" role=\"region\" aria-labelledby=\"elementor-tab-title-1753\"><p><strong>L\u2019Allocation Personnalis\u00e9e pour l\u2019Autonomie (APA) est une aide financi\u00e8re accord\u00e9e par le Conseil G\u00e9n\u00e9ral aux personnes de plus de 60 ans en perte d\u2019autonomie pour couvrir les d\u00e9penses d&#8217;aide \u00e0 la vie quotidienne, \u00e0 domicile ou en \u00e9tablissement.<\/strong><\/p><p><strong>Pour qui<\/strong> : <\/p><ul><li>\u00catre \u00e2g\u00e9 d\u2019au moins 60 ans<\/li><li>Justifier d\u2019un certain degr\u00e9 de perte d\u2019autonomie : avoir besoin d&#8217;aide pour l&#8217;accomplissement des actes essentiels de la vie (toilette, courses, repas\u2026) ou \u00eatre dans un \u00e9tat qui n\u00e9cessite une surveillance r\u00e9guli\u00e8re <\/li><\/ul><p>Il n\u2019y a pas de plafond de ressources pour obtenir l\u2019APA mais une participation financi\u00e8re reste \u00e0 la charge du b\u00e9n\u00e9ficiaire en fonction de ses revenus, selon un bar\u00e8me national. L\u2019APA n\u2019est pas r\u00e9cup\u00e9rable sur la succession.<\/p><p><strong>Comment la demander ?<\/strong><\/p><p>Le dossier peut \u00eatre retir\u00e9 aupr\u00e8s : <\/p><ul><li>du Centre Communal d\u2019Action sociale (CCAS) de votre commune <\/li><li>d\u2019une Maison D\u00e9partementale de la Solidarit\u00e9<\/li><li>le dossier est t\u00e9l\u00e9chargeable sur le site internet <a href=\"https:\/\/www.touraine-reperage.fr\" target=\"_blank\" rel=\"noopener\">https:\/\/www.touraine-reperage.fr<\/a><\/li><\/ul><p>Le m\u00e9decin traitant ou le m\u00e9decin sp\u00e9cialiste remplira le certificat m\u00e9dical comportant la grille AGGIR qui \u00e9value la perte d\u2019autonomie. Le dossier administratif sera rempli par le patient et son aidant. Une fois compl\u00e9t\u00e9, le dossier est adress\u00e9 au Conseil D\u00e9partemental. Une assistante sociale du Conseil D\u00e9partemental rendra ensuite visite au patient et \u00e0 sa famille pour appr\u00e9cier le niveau de d\u00e9pendance, donner des conseils et envisager un plan d\u2019aides adapt\u00e9 aux besoins. La d\u00e9cision de classement et les conditions de financement seront communiqu\u00e9es environ 2 mois plus tard. Il existe 6 niveaux d\u2019autonomie appel\u00e9s GIR et allant de 1 (d\u00e9pendance totale) \u00e0 6 (autonomie totale) ; seuls les niveaux 1 \u00e0 4 donnent droit une aide financi\u00e8re.<\/p><p><strong>A quoi sert l\u2019APA ?<\/strong> <\/p><p>L\u2019allocation permet : <\/p><ul><li>de faire appel \u00e0 un service d&#8217;aide \u00e0 domicile agr\u00e9\u00e9 <\/li><li>d\u2019employer directement une personne, y compris un membre de sa famille, \u00e0 l&#8217;exclusion de son conjoint, concubin ou partenaire de PACS<\/li><li>de financer des frais de portage de repas <\/li><li>de financer des frais d&#8217;accueil de jour <\/li><li>de financer des frais &#8220;annexes&#8221; (t\u00e9l\u00e9alarme, frais de protection \u00e0 usage unique&#8230;)<\/li><li>de proc\u00e9der \u00e0 des am\u00e9nagements de son logement<\/li><li>de financer un h\u00e9bergement temporaire ou permanent en EHPAD. <\/li><\/ul><\/div>\n\t\t\t\t<\/div>\n\t\t\t\t\t\t\t\t<\/div>\n\t\t\t\t<\/div>\n\t\t\t\t<\/div>\n\t\t\t\t\t<\/div>\n\t\t<\/div>\n\t\t\t\t\t<\/div>\n\t\t<\/section>\n\t\t\t\t<section class=\"elementor-section elementor-top-section elementor-element elementor-element-df7a3be elementor-section-boxed elementor-section-height-default elementor-section-height-default\" data-id=\"df7a3be\" data-element_type=\"section\">\n\t\t\t\t\t\t<div class=\"elementor-container elementor-column-gap-default\">\n\t\t\t\t\t<div class=\"elementor-column elementor-col-100 elementor-top-column elementor-element elementor-element-8b02d99\" data-id=\"8b02d99\" data-element_type=\"column\">\n\t\t\t<div class=\"elementor-widget-wrap elementor-element-populated\">\n\t\t\t\t\t\t<div class=\"elementor-element elementor-element-56d9610 elementor-align-right elementor-widget elementor-widget-global elementor-global-481 elementor-widget-post-info\" data-id=\"56d9610\" data-element_type=\"widget\" data-widget_type=\"post-info.default\">\n\t\t\t\t<div class=\"elementor-widget-container\">\n\t\t\t<link rel=\"stylesheet\" href=\"https:\/\/www.chu-tours.fr\/cmrr\/wp-content\/plugins\/elementor\/assets\/css\/widget-icon-list.min.css\"><link rel=\"stylesheet\" href=\"https:\/\/www.chu-tours.fr\/cmrr\/wp-content\/plugins\/elementor-pro\/assets\/css\/widget-theme-elements.min.css?ver=1721310483\">\t\t<ul class=\"elementor-inline-items elementor-icon-list-items elementor-post-info\">\n\t\t\t\t\t\t\t\t<li class=\"elementor-icon-list-item elementor-repeater-item-6146a60 elementor-inline-item\">\n\t\t\t\t\t\t\t\t\t\t<span class=\"elementor-icon-list-icon\">\n\t\t\t\t\t\t\t\t<i aria-hidden=\"true\" class=\"far fa-calendar-check\"><\/i>\t\t\t\t\t\t\t<\/span>\n\t\t\t\t\t\t\t\t\t<span class=\"elementor-icon-list-text elementor-post-info__item elementor-post-info__item--type-custom\">\n\t\t\t\t\t\t\t\t\t\tMis \u00e0 jour le 11 d\u00e9cembre 2024\t\t\t\t\t<\/span>\n\t\t\t\t\t\t\t\t<\/li>\n\t\t\t\t<\/ul>\n\t\t\t\t<\/div>\n\t\t\t\t<\/div>\n\t\t\t\t\t<\/div>\n\t\t<\/div>\n\t\t\t\t\t<\/div>\n\t\t<\/section>\n\t\t\t\t<\/div>\n\t\t","protected":false},"excerpt":{"rendered":"<p>Mise sous ALD 15 La maladie d\u2019Alzheimer et les maladies apparent\u00e9es font partie des Affections de Longue Dur\u00e9e dont les soins en lien avec la pathologie sont pris en charge \u00e0 100 % par l\u2019Assurance Maladie. La prise en charge au titre de l\u2019ALD ne dispense pas de l\u2019avance du co\u00fbt de l\u2019acte de soin [&hellip;]<\/p>\n","protected":false},"author":4,"featured_media":0,"parent":0,"menu_order":0,"comment_status":"closed","ping_status":"closed","template":"","meta":{"_seopress_robots_primary_cat":"","_seopress_titles_title":"Centre M\u00e9moire Ressources et Recherche. Aides et ressources.","_seopress_titles_desc":"Les aides financi\u00e8res","_seopress_robots_index":"","_exactmetrics_skip_tracking":false,"_exactmetrics_sitenote_active":false,"_exactmetrics_sitenote_note":"","_exactmetrics_sitenote_category":0,"_genesis_hide_title":false,"_genesis_hide_breadcrumbs":false,"_genesis_hide_singular_image":false,"_genesis_hide_footer_widgets":false,"_genesis_custom_body_class":"","_genesis_custom_post_class":"","_genesis_layout":"","footnotes":""},"publishpress_future_action":{"enabled":false,"date":"2026-05-20 12:00:02","action":"change-status","newStatus":"draft","terms":[],"taxonomy":""},"_links":{"self":[{"href":"https:\/\/www.chu-tours.fr\/cmrr\/wp-json\/wp\/v2\/pages\/229"}],"collection":[{"href":"https:\/\/www.chu-tours.fr\/cmrr\/wp-json\/wp\/v2\/pages"}],"about":[{"href":"https:\/\/www.chu-tours.fr\/cmrr\/wp-json\/wp\/v2\/types\/page"}],"author":[{"embeddable":true,"href":"https:\/\/www.chu-tours.fr\/cmrr\/wp-json\/wp\/v2\/users\/4"}],"replies":[{"embeddable":true,"href":"https:\/\/www.chu-tours.fr\/cmrr\/wp-json\/wp\/v2\/comments?post=229"}],"version-history":[{"count":7,"href":"https:\/\/www.chu-tours.fr\/cmrr\/wp-json\/wp\/v2\/pages\/229\/revisions"}],"predecessor-version":[{"id":611,"href":"https:\/\/www.chu-tours.fr\/cmrr\/wp-json\/wp\/v2\/pages\/229\/revisions\/611"}],"wp:attachment":[{"href":"https:\/\/www.chu-tours.fr\/cmrr\/wp-json\/wp\/v2\/media?parent=229"}],"curies":[{"name":"wp","href":"https:\/\/api.w.org\/{rel}","templated":true}]}}