{"id":221,"date":"2024-06-21T12:36:44","date_gmt":"2024-06-21T10:36:44","guid":{"rendered":"https:\/\/www.chu-tours.fr\/cmrr\/?page_id=221"},"modified":"2024-12-11T11:18:38","modified_gmt":"2024-12-11T10:18:38","slug":"les-aides-a-domicile","status":"publish","type":"page","link":"https:\/\/www.chu-tours.fr\/cmrr\/les-aides-a-domicile\/","title":{"rendered":"Les aides \u00e0 domicile"},"content":{"rendered":"\t\t<div data-elementor-type=\"wp-page\" data-elementor-id=\"221\" class=\"elementor elementor-221\" data-elementor-post-type=\"page\">\n\t\t\t\t\t\t<section class=\"elementor-section elementor-top-section elementor-element elementor-element-7b90f36 elementor-section-boxed elementor-section-height-default elementor-section-height-default\" data-id=\"7b90f36\" data-element_type=\"section\">\n\t\t\t\t\t\t<div class=\"elementor-container elementor-column-gap-default\">\n\t\t\t\t\t<div class=\"elementor-column elementor-col-100 elementor-top-column elementor-element elementor-element-572c79b\" data-id=\"572c79b\" data-element_type=\"column\">\n\t\t\t<div class=\"elementor-widget-wrap elementor-element-populated\">\n\t\t\t\t\t\t<div class=\"elementor-element elementor-element-c70b286 elementor-widget elementor-widget-text-editor\" data-id=\"c70b286\" data-element_type=\"widget\" data-widget_type=\"text-editor.default\">\n\t\t\t\t<div class=\"elementor-widget-container\">\n\t\t\t<style>\/*! elementor - v3.23.0 - 15-07-2024 *\/\n.elementor-widget-text-editor.elementor-drop-cap-view-stacked .elementor-drop-cap{background-color:#69727d;color:#fff}.elementor-widget-text-editor.elementor-drop-cap-view-framed .elementor-drop-cap{color:#69727d;border:3px solid;background-color:transparent}.elementor-widget-text-editor:not(.elementor-drop-cap-view-default) .elementor-drop-cap{margin-top:8px}.elementor-widget-text-editor:not(.elementor-drop-cap-view-default) .elementor-drop-cap-letter{width:1em;height:1em}.elementor-widget-text-editor .elementor-drop-cap{float:left;text-align:center;line-height:1;font-size:50px}.elementor-widget-text-editor .elementor-drop-cap-letter{display:inline-block}<\/style>\t\t\t\t<h3>SERVICES DE SOINS INFIRMIERS \u00c0 DOMICILE (SSIAD)<\/h3><p>Les SSIAD interviennent \u00e0 domicile pour dispenser des soins m\u00e9dicaux (pr\u00e9parer le pilulier, distribuer les traitements, pansements, injection\u2026) et assurer des soins de nursing. Leurs interventions sont prises en charge par l\u2019Assurance maladie. Elles se font sur ordonnance et peuvent \u00eatre prescrites directement par le m\u00e9decin traitant.<\/p><p><strong>O\u00f9 s\u2019informer ?<\/strong><\/p><ul><li>Votre m\u00e9decin traitant, L\u2019Agence r\u00e9gionale de la sant\u00e9 (ARS), Le Centre communal d\u2019action sociale (CCAS) de votre mairie.<\/li><\/ul><p><strong>Quelles sont les aides financi\u00e8res possibles ?<\/strong><\/p><ul><li>Les aides de la Caisse primaire d\u2019assurance maladie (CPAM), Les aides de la MSA, Les aides des mutuelles.<\/li><\/ul><h3>SERVICES D\u2019AIDE ET D\u2019ACCOMPAGNEMENT \u00c0 DOMICILE (SAAD) : auxiliaire de vie<\/h3><p>Ces services interviennent au domicile des personnes pour les aider dans les activit\u00e9s et actes essentiels de la vie quotidienne : se laver, s\u2019habiller, faire les courses, faire les t\u00e2ches m\u00e9nag\u00e8res, pr\u00e9parer les repas\u2026 Des aides financi\u00e8res peuvent \u00eatre allou\u00e9es par l\u2019Allocation personnalis\u00e9e d\u2019autonomie \u00e0 domicile (APA), les caisses de retraite, les compl\u00e9mentaires sant\u00e9s ainsi que des aides fiscales via le cr\u00e9dit d\u2019imp\u00f4t ou le paiement en CESU (Ch\u00e8que Emploi Service Universel).<\/p><p><strong>O\u00f9 s\u2019informer ?<\/strong><\/p><ul><li>Le Conseil d\u00e9partemental, Le Centre communal d\u2019action sociale (CCAS) de votre mairie.<\/li><\/ul><p><strong>Quelles sont les aides financi\u00e8res possibles ?<\/strong><\/p><ul><li>L\u2019Allocation personnalis\u00e9e d\u2019autonomie \u00e0 domicile (APA), Les aides des caisses de retraite, Les aides des compl\u00e9mentaires sant\u00e9s, Les aides fiscales via le cr\u00e9dit d\u2019imp\u00f4t ou le paiement en CESU (Ch\u00e8que Emploi Service Universel).<\/li><\/ul><h3>PORTAGE DES REPAS A DOMICILE<\/h3><p>Ce service permet de continuer \u00e0 manger des repas \u00e9quilibr\u00e9s sans avoir \u00e0 faire les courses ou la cuisine. Plusieurs types d\u2019organismes sont susceptibles de proposer un service de portage de repas : votre commune ou communaut\u00e9 de communes, certains services d\u2019aide \u00e0 domicile, des organismes de services \u00e0 la personne associatifs ou priv\u00e9s commerciaux.<\/p><p><strong>O\u00f9 s\u2019informer ?<\/strong><\/p><ul><li>Le Centre communal d\u2019action sociale (CCAS) de votre mairie, Le Conseil d\u00e9partemental.<\/li><\/ul><p><strong>Quelles sont les aides financi\u00e8res possibles ?<\/strong><\/p><ul><li>L\u2019Allocation personnalis\u00e9e d\u2019autonomie \u00e0 domicile (APA), Les aides des caisses de retraite, Les aides des mutuelles.<\/li><\/ul>\t\t\t\t\t\t<\/div>\n\t\t\t\t<\/div>\n\t\t\t\t\t<\/div>\n\t\t<\/div>\n\t\t\t\t\t<\/div>\n\t\t<\/section>\n\t\t\t\t<section class=\"elementor-section elementor-top-section elementor-element elementor-element-4dc2a46 elementor-section-boxed elementor-section-height-default elementor-section-height-default\" data-id=\"4dc2a46\" data-element_type=\"section\">\n\t\t\t\t\t\t<div class=\"elementor-container elementor-column-gap-default\">\n\t\t\t\t\t<div class=\"elementor-column elementor-col-100 elementor-top-column elementor-element elementor-element-cafa086\" data-id=\"cafa086\" data-element_type=\"column\">\n\t\t\t<div class=\"elementor-widget-wrap elementor-element-populated\">\n\t\t\t\t\t\t<div class=\"elementor-element elementor-element-3bae4f7 elementor-align-right elementor-widget elementor-widget-global elementor-global-481 elementor-widget-post-info\" data-id=\"3bae4f7\" data-element_type=\"widget\" data-widget_type=\"post-info.default\">\n\t\t\t\t<div class=\"elementor-widget-container\">\n\t\t\t<link rel=\"stylesheet\" href=\"https:\/\/www.chu-tours.fr\/cmrr\/wp-content\/plugins\/elementor\/assets\/css\/widget-icon-list.min.css\"><link rel=\"stylesheet\" href=\"https:\/\/www.chu-tours.fr\/cmrr\/wp-content\/plugins\/elementor-pro\/assets\/css\/widget-theme-elements.min.css?ver=1721310483\">\t\t<ul class=\"elementor-inline-items elementor-icon-list-items elementor-post-info\">\n\t\t\t\t\t\t\t\t<li class=\"elementor-icon-list-item elementor-repeater-item-6146a60 elementor-inline-item\">\n\t\t\t\t\t\t\t\t\t\t<span class=\"elementor-icon-list-icon\">\n\t\t\t\t\t\t\t\t<i aria-hidden=\"true\" class=\"far fa-calendar-check\"><\/i>\t\t\t\t\t\t\t<\/span>\n\t\t\t\t\t\t\t\t\t<span class=\"elementor-icon-list-text elementor-post-info__item elementor-post-info__item--type-custom\">\n\t\t\t\t\t\t\t\t\t\tMis \u00e0 jour le 11 d\u00e9cembre 2024\t\t\t\t\t<\/span>\n\t\t\t\t\t\t\t\t<\/li>\n\t\t\t\t<\/ul>\n\t\t\t\t<\/div>\n\t\t\t\t<\/div>\n\t\t\t\t\t<\/div>\n\t\t<\/div>\n\t\t\t\t\t<\/div>\n\t\t<\/section>\n\t\t\t\t<\/div>\n\t\t","protected":false},"excerpt":{"rendered":"<p>SERVICES DE SOINS INFIRMIERS \u00c0 DOMICILE (SSIAD) Les SSIAD interviennent \u00e0 domicile pour dispenser des soins m\u00e9dicaux (pr\u00e9parer le pilulier, distribuer les traitements, pansements, injection\u2026) et assurer des soins de nursing. Leurs interventions sont prises en charge par l\u2019Assurance maladie. Elles se font sur ordonnance et peuvent \u00eatre prescrites directement par le m\u00e9decin traitant. O\u00f9 [&hellip;]<\/p>\n","protected":false},"author":4,"featured_media":0,"parent":0,"menu_order":0,"comment_status":"closed","ping_status":"closed","template":"","meta":{"_seopress_robots_primary_cat":"","_seopress_titles_title":"Centre M\u00e9moire Ressources et Recherche. Aides et ressources.","_seopress_titles_desc":"Les aides \u00e0 domicile","_seopress_robots_index":"","_exactmetrics_skip_tracking":false,"_exactmetrics_sitenote_active":false,"_exactmetrics_sitenote_note":"","_exactmetrics_sitenote_category":0,"_genesis_hide_title":false,"_genesis_hide_breadcrumbs":false,"_genesis_hide_singular_image":false,"_genesis_hide_footer_widgets":false,"_genesis_custom_body_class":"","_genesis_custom_post_class":"","_genesis_layout":"","footnotes":""},"publishpress_future_action":{"enabled":false,"date":"2026-05-20 12:00:57","action":"change-status","newStatus":"draft","terms":[],"taxonomy":""},"_links":{"self":[{"href":"https:\/\/www.chu-tours.fr\/cmrr\/wp-json\/wp\/v2\/pages\/221"}],"collection":[{"href":"https:\/\/www.chu-tours.fr\/cmrr\/wp-json\/wp\/v2\/pages"}],"about":[{"href":"https:\/\/www.chu-tours.fr\/cmrr\/wp-json\/wp\/v2\/types\/page"}],"author":[{"embeddable":true,"href":"https:\/\/www.chu-tours.fr\/cmrr\/wp-json\/wp\/v2\/users\/4"}],"replies":[{"embeddable":true,"href":"https:\/\/www.chu-tours.fr\/cmrr\/wp-json\/wp\/v2\/comments?post=221"}],"version-history":[{"count":11,"href":"https:\/\/www.chu-tours.fr\/cmrr\/wp-json\/wp\/v2\/pages\/221\/revisions"}],"predecessor-version":[{"id":608,"href":"https:\/\/www.chu-tours.fr\/cmrr\/wp-json\/wp\/v2\/pages\/221\/revisions\/608"}],"wp:attachment":[{"href":"https:\/\/www.chu-tours.fr\/cmrr\/wp-json\/wp\/v2\/media?parent=221"}],"curies":[{"name":"wp","href":"https:\/\/api.w.org\/{rel}","templated":true}]}}