{"id":205,"date":"2024-06-21T11:43:28","date_gmt":"2024-06-21T09:43:28","guid":{"rendered":"https:\/\/www.chu-tours.fr\/cmrr\/?page_id=205"},"modified":"2024-12-11T11:14:52","modified_gmt":"2024-12-11T10:14:52","slug":"aidants","status":"publish","type":"page","link":"https:\/\/www.chu-tours.fr\/cmrr\/aidants\/","title":{"rendered":"Aidants"},"content":{"rendered":"\t\t<div data-elementor-type=\"wp-page\" data-elementor-id=\"205\" class=\"elementor elementor-205\" data-elementor-post-type=\"page\">\n\t\t\t\t\t\t<section class=\"elementor-section elementor-top-section elementor-element elementor-element-16c9a41 elementor-section-boxed elementor-section-height-default elementor-section-height-default\" data-id=\"16c9a41\" data-element_type=\"section\">\n\t\t\t\t\t\t<div class=\"elementor-container elementor-column-gap-default\">\n\t\t\t\t\t<div class=\"elementor-column elementor-col-50 elementor-top-column elementor-element elementor-element-186e98c\" data-id=\"186e98c\" data-element_type=\"column\">\n\t\t\t<div class=\"elementor-widget-wrap elementor-element-populated\">\n\t\t\t\t\t\t<div class=\"elementor-element elementor-element-087b500 elementor-widget elementor-widget-text-editor\" data-id=\"087b500\" data-element_type=\"widget\" data-widget_type=\"text-editor.default\">\n\t\t\t\t<div class=\"elementor-widget-container\">\n\t\t\t<style>\/*! elementor - v3.23.0 - 15-07-2024 *\/\n.elementor-widget-text-editor.elementor-drop-cap-view-stacked .elementor-drop-cap{background-color:#69727d;color:#fff}.elementor-widget-text-editor.elementor-drop-cap-view-framed .elementor-drop-cap{color:#69727d;border:3px solid;background-color:transparent}.elementor-widget-text-editor:not(.elementor-drop-cap-view-default) .elementor-drop-cap{margin-top:8px}.elementor-widget-text-editor:not(.elementor-drop-cap-view-default) .elementor-drop-cap-letter{width:1em;height:1em}.elementor-widget-text-editor .elementor-drop-cap{float:left;text-align:center;line-height:1;font-size:50px}.elementor-widget-text-editor .elementor-drop-cap-letter{display:inline-block}<\/style>\t\t\t\t<ul><li>Plate-forme de r\u00e9pit<\/li><li>Bistro m\u00e9moire<\/li><li>Formation des aidants (calendrier\/organismes)<\/li><li>Association France Alzheimer<\/li><\/ul><p>L\u2019aidant principal est le plus souvent un parent direct\u2014 conjoint, enfant, fratrie \u2014 mais pas exclusivement : il est parfois un ami ou un voisin. Cette aide est multidimensionnelle : mat\u00e9rielle, morale, physique, financi\u00e8re\u2026<\/p><p>Cet accompagnement s\u2019inscrit le plus souvent dans la dur\u00e9e au prix parfois d\u2019un authentique \u00e9puisement qui impacte physiquement et psychologiquement l\u2019aidant et, par ricochet, le patient, les autres membres de sa famille, son entourage ou son travail.<\/p><p>Ce contexte favorise un risque accru de rupture sociale, d\u2019isolement et de n\u00e9gligence de sa propre sant\u00e9. C\u2019est pourquoi, l\u2019aidant doit \u00eatre accompagn\u00e9 au regard des besoins \u00e9valu\u00e9s de chacun afin d\u2019\u00e9viter l\u2019enlisement dans des situations devenant trop difficiles \u00e0 g\u00e9rer.<\/p><h3>Plate-forme de r\u00e9pit<\/h3><p><strong>Les plateformes\u00a0 d\u2019accompagnement et de r\u00e9pit<\/strong>\u00a0apportent du soutien aux proches aidants de personnes \u00e2g\u00e9es en perte d\u2019autonomie.<\/p><p>Elles offrent ainsi toute une palette de formules : accueils de jour, r\u00e9pit \u00e0 domicile, ateliers de r\u00e9habilitation, rencontres d\u2019aidants, activit\u00e9s sociales et culturelles. Elles r\u00e9pondent ainsi \u00e0 4 objectifs :<\/p><ul><li>du r\u00e9pit pour l\u2019aidant, \u00e0 domicile ou hors domicile, pour lui donner du temps libre,<\/li><li>du soutien pour l\u2019aidant (qui peut \u00eatre individuel ou en groupe pour partager les exp\u00e9riences et v\u00e9cus avec d\u2019autres aidants),<\/li><li>un accompagnement adapt\u00e9 et stimu\u00aclant pour la personne malade,<\/li><li>une vie en soci\u00e9t\u00e9 pour le couple.<\/li><\/ul><p><strong>A qui s\u2019adresse-t-elle\u00a0? <\/strong><\/p><p>La plateforme d\u2019accompagnement et de r\u00e9pit s\u2019adresse aux aidants s\u2019occupant d\u2019une personne atteinte de la maladie d\u2019Alzheimer ou d\u2019une maladie apparent\u00e9e ou toute personne \u00e2g\u00e9e en perte d\u2019autonomie et \u00e0 la personne aid\u00e9e elle-m\u00eame.<\/p><p><strong>Quel est son co\u00fbt\u00a0? <\/strong><\/p><p>La plupart des activit\u00e9s sont gratuites pour les familles. Cependant, pour certaines, une participation des familles peut \u00eatre demand\u00e9e.<\/p><p><strong>\u00a0<\/strong><strong>Comment en b\u00e9n\u00e9ficier\u00a0? <\/strong><\/p><p>Vous vous adressez directement \u00e0 la plateforme d\u2019accompagnement et de r\u00e9pit de votre secteur.<\/p><h3>Formation des aidants (calendrier\/organismes)<\/h3><p>La maladie d\u2019Alzheimer et les maladies apparent\u00e9es retentissent souvent de mani\u00e8re importante sur la vie quotidienne des aidants qui ne sont pas toujours bien inform\u00e9s des manifestations de la maladie. Ils ne connaissent pas les comportements adapt\u00e9s qui permettront de limiter- autant que possible- certains impacts de la maladie.<\/p><p><u>Quel est l\u2019objectif de ces formations ?<\/u><\/p><p>Des rencontres sont organis\u00e9es pour offrir aux familles, qui accompagnent un parent atteint d\u2019une maladie d\u2019Alzheimer ou d\u2019une maladie apparent\u00e9e, des connaissances en leur apportant des outils essentiels \u00e0 la compr\u00e9hension des difficult\u00e9s de la personne, \u00e0 l\u2019adaptation de l\u2019environnement et au maintien de la relation.<\/p><p><u>Quel est son co\u00fbt ?<\/u><\/p><p>La plupart des formations sont gratuites pour les familles. Cependant pour certaines, une participation peut \u00eatre demand\u00e9e.<\/p><p><u>Comment en b\u00e9n\u00e9ficier\u00a0? <\/u><\/p><p>Vous pouvez contacter les plateformes d\u2019accompagnement et de r\u00e9pit pour conna\u00eetre les organismes et le calendrier des formations \u00e0 venir ou l\u2019association France Alzheimer.<\/p><p><span style=\"color: #27a4ad; font-size: 20px; font-weight: bold;\">Association France Alzheimer<\/span><\/p><p>L\u2019Association France Alzheimer existe depuis 1985 et est reconnue d\u2019Utilit\u00e9 Publique depuis 1991.<\/p><p><u>Quel est son objectif ?<\/u><\/p><ul><li>Soutenir les familles de personnes atteintes de maladie d\u2019Alzheimer ou de maladies apparent\u00e9es,<\/li><li>Sensibiliser l\u2019opinion publique et impliquer les pouvoirs publics,<\/li><li>Contribuer aux progr\u00e8s de la recherche,<\/li><li>Former les aidants familiaux, les b\u00e9n\u00e9voles et les professionnels.<\/li><\/ul><p>Localement, les principales activit\u00e9s des associations sont bas\u00e9es sur l\u2019\u00e9coute, le conseil, le soutien psychologique gr\u00e2ce \u00e0 des permanences, des groupes de parole, des entretiens psychologiques individuels.<\/p><p><u>Que propose-telle ?<\/u><\/p><p>Depuis le plan Alzheimer 2008\/2012, les associations d\u00e9partementales proposent de nombreuses sessions de formations gratuites aux aidants familiaux. Elles proposent aussi des activit\u00e9s gratuites diverses,<\/p><p>soit pour les personnes malades seules : halte animation, chant choral etc.,<\/p><p>soit pour les couples personne malade et aidant familial : ateliers artistiques dans des Mus\u00e9es, s\u00e9ances de Ta\u00ef Chi, caf\u00e9-m\u00e9moire, etc.<\/p><p>En majorit\u00e9, ces associations fonctionnent gr\u00e2ce \u00e0 des b\u00e9n\u00e9voles.<\/p>\t\t\t\t\t\t<\/div>\n\t\t\t\t<\/div>\n\t\t\t\t\t<\/div>\n\t\t<\/div>\n\t\t\t\t<div class=\"elementor-column elementor-col-50 elementor-top-column elementor-element elementor-element-8fe8ce1\" data-id=\"8fe8ce1\" data-element_type=\"column\">\n\t\t\t<div class=\"elementor-widget-wrap elementor-element-populated\">\n\t\t\t\t\t\t<div class=\"elementor-element elementor-element-b7dfe20 elementor-widget elementor-widget-heading\" data-id=\"b7dfe20\" data-element_type=\"widget\" data-widget_type=\"heading.default\">\n\t\t\t\t<div class=\"elementor-widget-container\">\n\t\t\t<style>\/*! elementor - v3.23.0 - 15-07-2024 *\/\n.elementor-heading-title{padding:0;margin:0;line-height:1}.elementor-widget-heading .elementor-heading-title[class*=elementor-size-]>a{color:inherit;font-size:inherit;line-height:inherit}.elementor-widget-heading .elementor-heading-title.elementor-size-small{font-size:15px}.elementor-widget-heading .elementor-heading-title.elementor-size-medium{font-size:19px}.elementor-widget-heading .elementor-heading-title.elementor-size-large{font-size:29px}.elementor-widget-heading .elementor-heading-title.elementor-size-xl{font-size:39px}.elementor-widget-heading .elementor-heading-title.elementor-size-xxl{font-size:59px}<\/style><h3 class=\"elementor-heading-title elementor-size-default\">Documents<\/h3>\t\t<\/div>\n\t\t\t\t<\/div>\n\t\t\t\t<div class=\"elementor-element elementor-element-7d69864 elementor-widget elementor-widget-text-editor\" data-id=\"7d69864\" data-element_type=\"widget\" data-widget_type=\"text-editor.default\">\n\t\t\t\t<div class=\"elementor-widget-container\">\n\t\t\t\t\t\t\t<ul><li><a href=\"https:\/\/www.chu-tours.fr\/cmrr\/wp-content\/uploads\/sites\/16\/2024\/10\/Plateformes-de-repit-Indre-et-Loire.pdf\" target=\"_blank\" rel=\"noopener\">Plateformes de r\u00e9pit Indre-et-Loire<\/a><\/li><\/ul>\t\t\t\t\t\t<\/div>\n\t\t\t\t<\/div>\n\t\t\t\t\t<\/div>\n\t\t<\/div>\n\t\t\t\t\t<\/div>\n\t\t<\/section>\n\t\t\t\t<section class=\"elementor-section elementor-top-section elementor-element elementor-element-c905c81 elementor-section-boxed elementor-section-height-default elementor-section-height-default\" data-id=\"c905c81\" data-element_type=\"section\">\n\t\t\t\t\t\t<div class=\"elementor-container elementor-column-gap-default\">\n\t\t\t\t\t<div class=\"elementor-column elementor-col-100 elementor-top-column elementor-element elementor-element-ac7d00e\" data-id=\"ac7d00e\" data-element_type=\"column\">\n\t\t\t<div class=\"elementor-widget-wrap elementor-element-populated\">\n\t\t\t\t\t\t<div class=\"elementor-element elementor-element-7a8aca4 elementor-align-right elementor-widget elementor-widget-global elementor-global-481 elementor-widget-post-info\" data-id=\"7a8aca4\" data-element_type=\"widget\" data-widget_type=\"post-info.default\">\n\t\t\t\t<div class=\"elementor-widget-container\">\n\t\t\t<link rel=\"stylesheet\" href=\"https:\/\/www.chu-tours.fr\/cmrr\/wp-content\/plugins\/elementor\/assets\/css\/widget-icon-list.min.css\"><link rel=\"stylesheet\" href=\"https:\/\/www.chu-tours.fr\/cmrr\/wp-content\/plugins\/elementor-pro\/assets\/css\/widget-theme-elements.min.css?ver=1721310483\">\t\t<ul class=\"elementor-inline-items elementor-icon-list-items elementor-post-info\">\n\t\t\t\t\t\t\t\t<li class=\"elementor-icon-list-item elementor-repeater-item-6146a60 elementor-inline-item\">\n\t\t\t\t\t\t\t\t\t\t<span class=\"elementor-icon-list-icon\">\n\t\t\t\t\t\t\t\t<i aria-hidden=\"true\" class=\"far fa-calendar-check\"><\/i>\t\t\t\t\t\t\t<\/span>\n\t\t\t\t\t\t\t\t\t<span class=\"elementor-icon-list-text elementor-post-info__item elementor-post-info__item--type-custom\">\n\t\t\t\t\t\t\t\t\t\tMis \u00e0 jour le 11 d\u00e9cembre 2024\t\t\t\t\t<\/span>\n\t\t\t\t\t\t\t\t<\/li>\n\t\t\t\t<\/ul>\n\t\t\t\t<\/div>\n\t\t\t\t<\/div>\n\t\t\t\t\t<\/div>\n\t\t<\/div>\n\t\t\t\t\t<\/div>\n\t\t<\/section>\n\t\t\t\t<\/div>\n\t\t","protected":false},"excerpt":{"rendered":"<p>Plate-forme de r\u00e9pit Bistro m\u00e9moire Formation des aidants (calendrier\/organismes) Association France Alzheimer L\u2019aidant principal est le plus souvent un parent direct\u2014 conjoint, enfant, fratrie \u2014 mais pas exclusivement : il est parfois un ami ou un voisin. Cette aide est multidimensionnelle : mat\u00e9rielle, morale, physique, financi\u00e8re\u2026 Cet accompagnement s\u2019inscrit le plus souvent dans la dur\u00e9e [&hellip;]<\/p>\n","protected":false},"author":4,"featured_media":0,"parent":0,"menu_order":0,"comment_status":"closed","ping_status":"closed","template":"","meta":{"_seopress_robots_primary_cat":"","_seopress_titles_title":"Centre M\u00e9moire Ressources et Recherche. Aidants.","_seopress_titles_desc":"La prise en charge au Centre M\u00e9moire Ressources et Recherche. Les aidants.","_seopress_robots_index":"","_exactmetrics_skip_tracking":false,"_exactmetrics_sitenote_active":false,"_exactmetrics_sitenote_note":"","_exactmetrics_sitenote_category":0,"_genesis_hide_title":false,"_genesis_hide_breadcrumbs":false,"_genesis_hide_singular_image":false,"_genesis_hide_footer_widgets":false,"_genesis_custom_body_class":"","_genesis_custom_post_class":"","_genesis_layout":"","footnotes":""},"publishpress_future_action":{"enabled":false,"date":"2026-05-20 12:00:03","action":"change-status","newStatus":"draft","terms":[],"taxonomy":""},"_links":{"self":[{"href":"https:\/\/www.chu-tours.fr\/cmrr\/wp-json\/wp\/v2\/pages\/205"}],"collection":[{"href":"https:\/\/www.chu-tours.fr\/cmrr\/wp-json\/wp\/v2\/pages"}],"about":[{"href":"https:\/\/www.chu-tours.fr\/cmrr\/wp-json\/wp\/v2\/types\/page"}],"author":[{"embeddable":true,"href":"https:\/\/www.chu-tours.fr\/cmrr\/wp-json\/wp\/v2\/users\/4"}],"replies":[{"embeddable":true,"href":"https:\/\/www.chu-tours.fr\/cmrr\/wp-json\/wp\/v2\/comments?post=205"}],"version-history":[{"count":20,"href":"https:\/\/www.chu-tours.fr\/cmrr\/wp-json\/wp\/v2\/pages\/205\/revisions"}],"predecessor-version":[{"id":599,"href":"https:\/\/www.chu-tours.fr\/cmrr\/wp-json\/wp\/v2\/pages\/205\/revisions\/599"}],"wp:attachment":[{"href":"https:\/\/www.chu-tours.fr\/cmrr\/wp-json\/wp\/v2\/media?parent=205"}],"curies":[{"name":"wp","href":"https:\/\/api.w.org\/{rel}","templated":true}]}}