{"id":174,"date":"2024-06-21T11:10:25","date_gmt":"2024-06-21T09:10:25","guid":{"rendered":"https:\/\/www.chu-tours.fr\/cmrr\/?page_id=174"},"modified":"2024-11-05T14:43:56","modified_gmt":"2024-11-05T13:43:56","slug":"la-maladie-dalzheimer","status":"publish","type":"page","link":"https:\/\/www.chu-tours.fr\/cmrr\/la-maladie-dalzheimer\/","title":{"rendered":"La maladie d&#8217;Alzheimer"},"content":{"rendered":"\t\t<div data-elementor-type=\"wp-page\" data-elementor-id=\"174\" class=\"elementor elementor-174\" data-elementor-post-type=\"page\">\n\t\t\t\t\t\t<section class=\"elementor-section elementor-top-section elementor-element elementor-element-7b90f36 elementor-section-boxed elementor-section-height-default elementor-section-height-default\" data-id=\"7b90f36\" data-element_type=\"section\">\n\t\t\t\t\t\t<div class=\"elementor-container elementor-column-gap-default\">\n\t\t\t\t\t<div class=\"elementor-column elementor-col-100 elementor-top-column elementor-element elementor-element-572c79b\" data-id=\"572c79b\" data-element_type=\"column\">\n\t\t\t<div class=\"elementor-widget-wrap elementor-element-populated\">\n\t\t\t\t\t\t<div class=\"elementor-element elementor-element-cd7f85c elementor-widget elementor-widget-text-editor\" data-id=\"cd7f85c\" data-element_type=\"widget\" data-widget_type=\"text-editor.default\">\n\t\t\t\t<div class=\"elementor-widget-container\">\n\t\t\t<style>\/*! elementor - v3.23.0 - 15-07-2024 *\/\n.elementor-widget-text-editor.elementor-drop-cap-view-stacked .elementor-drop-cap{background-color:#69727d;color:#fff}.elementor-widget-text-editor.elementor-drop-cap-view-framed .elementor-drop-cap{color:#69727d;border:3px solid;background-color:transparent}.elementor-widget-text-editor:not(.elementor-drop-cap-view-default) .elementor-drop-cap{margin-top:8px}.elementor-widget-text-editor:not(.elementor-drop-cap-view-default) .elementor-drop-cap-letter{width:1em;height:1em}.elementor-widget-text-editor .elementor-drop-cap{float:left;text-align:center;line-height:1;font-size:50px}.elementor-widget-text-editor .elementor-drop-cap-letter{display:inline-block}<\/style>\t\t\t\t<h3><strong>Qu\u2019est-ce que la maladie d\u2019Alzheimer\u00a0?<\/strong><\/h3><p>La maladie d\u2019Alzheimer est une maladie neurod\u00e9g\u00e9n\u00e9rative qui atteint pr\u00e8s de 900 000 personnes en France. L\u2019\u00e2ge est le principal facteur de risque de la maladie avec une augmentation de la fr\u00e9quence de la maladie avec le vieillissement. Elle touche environ 15% de la population \u00e0 85 ans mais on peut vieillir sans jamais d\u00e9velopper la maladie d\u2019Alzheimer. De m\u00eame, la maladie peut d\u00e9buter chez des sujets plus jeunes et touche environ 2% de la population avant 65 ans.<\/p><p>La maladie d\u2019Alzheimer n\u2019est pas une cons\u00e9quence du processus normal de vieillissement mais bien une maladie neurologique caract\u00e9ris\u00e9e par la perte progressive des cellules du cerveau (neurones). Elle est li\u00e9e \u00e0 une accumulation anormale de prot\u00e9ines dans le cerveau (prot\u00e9ine b\u00eata-amylo\u00efde et prot\u00e9ine tau), responsables de 2 types de l\u00e9sions c\u00e9r\u00e9brales, appel\u00e9es les plaques amylo\u00efdes et les d\u00e9g\u00e9n\u00e9rescences neuro-fibrillaires. On sait aujourd\u2019hui que ces l\u00e9sions c\u00e9r\u00e9brales peuvent se former 15 \u00e0 20 ans avant l\u2019apparition des premiers sympt\u00f4mes.<\/p><p>Les personnes atteintes de maladie d&#8217;Alzheimer pr\u00e9sentent une alt\u00e9ration progressive des fonctions cognitives d\u00e9butant classiquement par un trouble de la m\u00e9moire des faits r\u00e9cents. Les fonctions cognitives sont repr\u00e9sent\u00e9es par la m\u00e9moire, l&#8217;orientation dans le temps et dans l&#8217;espace, le langage et les capacit\u00e9s de communication et de compr\u00e9hension, le raisonnement, les capacit\u00e9s d&#8217;initiation d&#8217;activit\u00e9, la concentration et l&#8217;attention, la reconnaissance des visages et des objets ainsi que la r\u00e9alisation de gestes et l&#8217;utilisation d&#8217;outils du quotidien.<\/p><p>Ainsi, l\u2019atteinte des fonctions cognitives peut rendre plus difficile la r\u00e9alisation des activit\u00e9s du quotidien et conduire \u00e0 une perte d\u2019autonomie progressive.<\/p><p>La maladie d&#8217;Alzheimer peut \u00eatre fr\u00e9quemment associ\u00e9e \u00e0 des modifications du comportement dont les plus fr\u00e9quentes sont les changements d&#8217;humeur et de personnalit\u00e9.<\/p>\t\t\t\t\t\t<\/div>\n\t\t\t\t<\/div>\n\t\t\t\t<div class=\"elementor-element elementor-element-42d4b12 elementor-widget elementor-widget-image\" data-id=\"42d4b12\" data-element_type=\"widget\" data-widget_type=\"image.default\">\n\t\t\t\t<div class=\"elementor-widget-container\">\n\t\t\t<style>\/*! elementor - v3.23.0 - 15-07-2024 *\/\n.elementor-widget-image{text-align:center}.elementor-widget-image a{display:inline-block}.elementor-widget-image a img[src$=\".svg\"]{width:48px}.elementor-widget-image img{vertical-align:middle;display:inline-block}<\/style>\t\t\t\t\t\t\t\t\t\t<img fetchpriority=\"high\" decoding=\"async\" width=\"768\" height=\"338\" src=\"https:\/\/www.chu-tours.fr\/cmrr\/wp-content\/uploads\/sites\/16\/2024\/07\/imagerie2_web-768x338.jpg\" class=\"attachment-medium_large size-medium_large wp-image-400\" alt=\"\" srcset=\"https:\/\/www.chu-tours.fr\/cmrr\/wp-content\/uploads\/sites\/16\/2024\/07\/imagerie2_web-768x338.jpg 768w, https:\/\/www.chu-tours.fr\/cmrr\/wp-content\/uploads\/sites\/16\/2024\/07\/imagerie2_web-300x132.jpg 300w, https:\/\/www.chu-tours.fr\/cmrr\/wp-content\/uploads\/sites\/16\/2024\/07\/imagerie2_web.jpg 1011w\" sizes=\"(max-width: 768px) 100vw, 768px\" \/>\t\t\t\t\t\t\t\t\t\t\t\t\t<\/div>\n\t\t\t\t<\/div>\n\t\t\t\t\t<\/div>\n\t\t<\/div>\n\t\t\t\t\t<\/div>\n\t\t<\/section>\n\t\t\t\t<section class=\"elementor-section elementor-top-section elementor-element elementor-element-55014e7 elementor-section-boxed elementor-section-height-default elementor-section-height-default\" data-id=\"55014e7\" data-element_type=\"section\">\n\t\t\t\t\t\t<div class=\"elementor-container elementor-column-gap-default\">\n\t\t\t\t\t<div class=\"elementor-column elementor-col-100 elementor-top-column elementor-element elementor-element-c5ebb2c\" data-id=\"c5ebb2c\" data-element_type=\"column\">\n\t\t\t<div class=\"elementor-widget-wrap elementor-element-populated\">\n\t\t\t\t\t\t<div class=\"elementor-element elementor-element-b1c0624 elementor-widget elementor-widget-text-editor\" data-id=\"b1c0624\" data-element_type=\"widget\" data-widget_type=\"text-editor.default\">\n\t\t\t\t<div class=\"elementor-widget-container\">\n\t\t\t\t\t\t\t<h3><strong>Comment diagnostique-t-on la maladie d\u2019Alzheimer ?<\/strong><\/h3><p>Le diagnostic de maladie d\u2019Alzheimer repose sur :<\/p><ul><li><u>L\u2019interrogatoire du patient et de son entourage<\/u> \u00e0 l\u2019occasion d\u2019une premi\u00e8re consultation m\u00e9dicale<\/li><li>La r\u00e9alisation d\u2019un <u>bilan neuropsychologique<\/u> avec des tests permettant d\u2019\u00e9valuer la m\u00e9moire et les autres fonctions cognitives<\/li><li>Un <u>bilan biologique<\/u> pour rechercher d\u2019autres maladies pouvant retentir sur le fonctionnement cognitif (il n\u2019existe pas \u00e0 l\u2019heure actuelle de test sanguin diagnostique pour la maladie d\u2019Alzheimer)<\/li><li>Une <u>imagerie c\u00e9r\u00e9brale (IRM ou scanner<\/u>). Cet examen seul ne suffit pas pour \u00e9tablir le diagnostic d\u2019une maladie d\u2019Alzheimer. De m\u00eame, un examen normal n\u2019\u00e9limine pas le diagnostic. L\u2019imagerie c\u00e9r\u00e9brale montre souvent une atrophie des r\u00e9gions c\u00e9r\u00e9brales, principalement impliqu\u00e9es dans la m\u00e9moire (hippocampe). L\u2019atrophie c\u00e9r\u00e9brale n\u2019est pas sp\u00e9cifique de la maladie d\u2019Alzheimer et peut \u00eatre observ\u00e9e dans le vieillissement normal. L\u2019imagerie permet aussi d\u2019\u00e9liminer d\u2019autres maladies du cerveau pouvant, selon la localisation, mimer les sympt\u00f4mes d\u2019une maladie d\u2019Alzheimer (AVC, tumeur, s\u00e9quelles de traumatisme cr\u00e2nien \u2026)<\/li><\/ul><p>Isol\u00e9ment, aucun de ces \u00e9l\u00e9ments ne peut affirmer le diagnostic d\u2019une maladie d\u2019Alzheimer : c\u2019est leur combinaison qui aboutit au diagnostic final. Cependant, il n\u2019existe pas \u00e0 l\u2019heure actuelle de marqueur de diagnostic de certitude. Il faut aussi tenir compte de certains m\u00e9dicaments ou de certaines maladies associ\u00e9es (alcoolisme, maladies psychiatriques, AVC) qui compliquent le diagnostic.<\/p><p>En cas de difficult\u00e9s diagnostiques, de pr\u00e9sentations atypiques, de sujets jeunes ou de formes tr\u00e8s pr\u00e9coces de la maladie, d\u2019autres examens compl\u00e9mentaires peuvent parfois \u00eatre propos\u00e9s comme le PET-scan et la ponction lombaire. Le PET-scan est une technique d\u2019imagerie particuli\u00e8re qui permet d\u2019\u00e9tudier le fonctionnement du cerveau. La ponction lombaire permet de doser la prot\u00e9ine amylo\u00efde et la prot\u00e9ine tau dans une petite quantit\u00e9 de liquide c\u00e9phalo-rachidien.<\/p><p>Apr\u00e8s que soit port\u00e9 le diagnostic de maladie d\u2019Alzheimer, un plan de soins et d\u2019aides est propos\u00e9. La prise en charge de la maladie concerne aussi bien l\u2019entourage que le patient. Elle est destin\u00e9e \u00e0 tous les sympt\u00f4mes de la maladie et est possible \u00e0 tous les stades de la maladie.<\/p>\t\t\t\t\t\t<\/div>\n\t\t\t\t<\/div>\n\t\t\t\t<div class=\"elementor-element elementor-element-1e9b55a elementor-widget elementor-widget-image\" data-id=\"1e9b55a\" data-element_type=\"widget\" data-widget_type=\"image.default\">\n\t\t\t\t<div class=\"elementor-widget-container\">\n\t\t\t\t\t\t\t\t\t\t\t\t\t<img decoding=\"async\" width=\"768\" height=\"1151\" src=\"https:\/\/www.chu-tours.fr\/cmrr\/wp-content\/uploads\/sites\/16\/2024\/10\/test-neuropsy-web-768x1151.jpg\" class=\"attachment-medium_large size-medium_large wp-image-471\" alt=\"\" srcset=\"https:\/\/www.chu-tours.fr\/cmrr\/wp-content\/uploads\/sites\/16\/2024\/10\/test-neuropsy-web-768x1151.jpg 768w, https:\/\/www.chu-tours.fr\/cmrr\/wp-content\/uploads\/sites\/16\/2024\/10\/test-neuropsy-web-200x300.jpg 200w, https:\/\/www.chu-tours.fr\/cmrr\/wp-content\/uploads\/sites\/16\/2024\/10\/test-neuropsy-web-683x1024.jpg 683w, https:\/\/www.chu-tours.fr\/cmrr\/wp-content\/uploads\/sites\/16\/2024\/10\/test-neuropsy-web-1025x1536.jpg 1025w, https:\/\/www.chu-tours.fr\/cmrr\/wp-content\/uploads\/sites\/16\/2024\/10\/test-neuropsy-web.jpg 1254w\" sizes=\"(max-width: 768px) 100vw, 768px\" \/>\t\t\t\t\t\t\t\t\t\t\t\t\t<\/div>\n\t\t\t\t<\/div>\n\t\t\t\t\t<\/div>\n\t\t<\/div>\n\t\t\t\t\t<\/div>\n\t\t<\/section>\n\t\t\t\t<section class=\"elementor-section elementor-top-section elementor-element elementor-element-66a78b1 elementor-section-boxed elementor-section-height-default elementor-section-height-default\" data-id=\"66a78b1\" data-element_type=\"section\">\n\t\t\t\t\t\t<div class=\"elementor-container elementor-column-gap-default\">\n\t\t\t\t\t<div class=\"elementor-column elementor-col-100 elementor-top-column elementor-element elementor-element-2387b31\" data-id=\"2387b31\" data-element_type=\"column\">\n\t\t\t<div class=\"elementor-widget-wrap elementor-element-populated\">\n\t\t\t\t\t\t<div class=\"elementor-element elementor-element-278e40c elementor-widget elementor-widget-text-editor\" data-id=\"278e40c\" data-element_type=\"widget\" data-widget_type=\"text-editor.default\">\n\t\t\t\t<div class=\"elementor-widget-container\">\n\t\t\t\t\t\t\t<h3><strong><u>Les maladies apparent\u00e9es<\/u><\/strong><\/h3><ul><li><strong>Maladie \u00e0 corps de Lewy<\/strong><\/li><\/ul><p style=\"padding-left: 40px;\">La maladie \u00e0 corps de Lewy est une pathologie neurod\u00e9g\u00e9n\u00e9rative complexe, moins connue que la maladie d\u2019Alzheimer ou la maladie de Parkinson. Elle est pourtant fr\u00e9quente (20% des cas de maladies neurod\u00e9g\u00e9n\u00e9ratives). Habituellement, elle d\u00e9bute apr\u00e8s 50 ans. Classiquement, la maladie \u00e0 corps de Lewy associe des troubles cognitifs (souvent des difficult\u00e9s dans la perception visuelle et spatiale), des fluctuations, des illusions ou hallucinations, des troubles du sommeil, un ralentissement ou des troubles de la marche et parfois des changements du comportement ou de l\u2019humeur. Elle est due \u00e0 l\u2019<strong>accumulation de la prot\u00e9ine alpha-synucl\u00e9ine \u00e0 l\u2019int\u00e9rieur des neurones.<\/strong> Actuellement, il n\u2019existe pas de traitement curatif, seulement des traitements symptomatiques capables de ralentir la progression.<\/p><ul><li><strong>\u00a0<\/strong><strong>D\u00e9g\u00e9n\u00e9rescence lobaire frontotemporale<\/strong><\/li><\/ul><p style=\"padding-left: 40px;\">La d\u00e9g\u00e9n\u00e9rescence lobaire fronto temporale est une maladie neurod\u00e9g\u00e9n\u00e9rative. Cette affection est due \u00e0 une accumulation anormale de la prot\u00e9ine TDP-43 ou de la prot\u00e9ine Tau dans les neurones. Elles touchent principalement les personnes entre 50 et 65 ans. Les principaux sympt\u00f4mes rencontr\u00e9s sont des modifications comportementales telles que la perte d\u2019int\u00e9r\u00eat et d\u2019initiative, la d\u00e9sinhibition sociale,\u00a0l\u2019impulsivit\u00e9,\u00a0les troubles du comportement alimentaire ou un manque d\u2019empathie. Contrairement \u00e0 la maladie d\u2019Alzheimer, les troubles de la m\u00e9moire sont peu pr\u00e9sents. Le diagnostic est port\u00e9 sur la base de tests neuropsychologiques et d\u2019imagerie c\u00e9r\u00e9brale. A ce jour, il n\u2019existe pas de traitement curatif. Des traitements symptomatiques peuvent \u00eatre propos\u00e9s pour\u00a0 certains troubles du comportement.<\/p>\t\t\t\t\t\t<\/div>\n\t\t\t\t<\/div>\n\t\t\t\t\t<\/div>\n\t\t<\/div>\n\t\t\t\t\t<\/div>\n\t\t<\/section>\n\t\t\t\t<section class=\"elementor-section elementor-top-section elementor-element elementor-element-3bf4c9d elementor-section-boxed elementor-section-height-default elementor-section-height-default\" data-id=\"3bf4c9d\" data-element_type=\"section\">\n\t\t\t\t\t\t<div class=\"elementor-container elementor-column-gap-default\">\n\t\t\t\t\t<div class=\"elementor-column elementor-col-100 elementor-top-column elementor-element elementor-element-e6e1f6c\" data-id=\"e6e1f6c\" data-element_type=\"column\">\n\t\t\t<div class=\"elementor-widget-wrap elementor-element-populated\">\n\t\t\t\t\t\t<div class=\"elementor-element elementor-element-85d910a elementor-align-right elementor-widget elementor-widget-global elementor-global-481 elementor-widget-post-info\" data-id=\"85d910a\" data-element_type=\"widget\" data-widget_type=\"post-info.default\">\n\t\t\t\t<div class=\"elementor-widget-container\">\n\t\t\t<link rel=\"stylesheet\" href=\"https:\/\/www.chu-tours.fr\/cmrr\/wp-content\/plugins\/elementor\/assets\/css\/widget-icon-list.min.css\"><link rel=\"stylesheet\" href=\"https:\/\/www.chu-tours.fr\/cmrr\/wp-content\/plugins\/elementor-pro\/assets\/css\/widget-theme-elements.min.css?ver=1721310483\">\t\t<ul class=\"elementor-inline-items elementor-icon-list-items elementor-post-info\">\n\t\t\t\t\t\t\t\t<li class=\"elementor-icon-list-item elementor-repeater-item-6146a60 elementor-inline-item\">\n\t\t\t\t\t\t\t\t\t\t<span class=\"elementor-icon-list-icon\">\n\t\t\t\t\t\t\t\t<i aria-hidden=\"true\" class=\"far fa-calendar-check\"><\/i>\t\t\t\t\t\t\t<\/span>\n\t\t\t\t\t\t\t\t\t<span class=\"elementor-icon-list-text elementor-post-info__item elementor-post-info__item--type-custom\">\n\t\t\t\t\t\t\t\t\t\tMis \u00e0 jour le 5 novembre 2024\t\t\t\t\t<\/span>\n\t\t\t\t\t\t\t\t<\/li>\n\t\t\t\t<\/ul>\n\t\t\t\t<\/div>\n\t\t\t\t<\/div>\n\t\t\t\t\t<\/div>\n\t\t<\/div>\n\t\t\t\t\t<\/div>\n\t\t<\/section>\n\t\t\t\t<\/div>\n\t\t","protected":false},"excerpt":{"rendered":"<p>Qu\u2019est-ce que la maladie d\u2019Alzheimer\u00a0? La maladie d\u2019Alzheimer est une maladie neurod\u00e9g\u00e9n\u00e9rative qui atteint pr\u00e8s de 900 000 personnes en France. L\u2019\u00e2ge est le principal facteur de risque de la maladie avec une augmentation de la fr\u00e9quence de la maladie avec le vieillissement. Elle touche environ 15% de la population \u00e0 85 ans mais on [&hellip;]<\/p>\n","protected":false},"author":4,"featured_media":0,"parent":0,"menu_order":0,"comment_status":"closed","ping_status":"closed","template":"","meta":{"_seopress_robots_primary_cat":"","_seopress_titles_title":"Centre M\u00e9moire Ressources et Recherche. La maladie d&#039;Alzheimer.","_seopress_titles_desc":"La plainte de m\u00e9moire, les troubles cognitifs vasculaires, la maladie d&#039;Alzheimer, les maladies apparent\u00e9es, les troubles psychocomportementaux...","_seopress_robots_index":"","_exactmetrics_skip_tracking":false,"_exactmetrics_sitenote_active":false,"_exactmetrics_sitenote_note":"","_exactmetrics_sitenote_category":0,"_genesis_hide_title":false,"_genesis_hide_breadcrumbs":false,"_genesis_hide_singular_image":false,"_genesis_hide_footer_widgets":false,"_genesis_custom_body_class":"","_genesis_custom_post_class":"","_genesis_layout":"","footnotes":""},"publishpress_future_action":{"enabled":false,"date":"2026-05-20 12:00:17","action":"change-status","newStatus":"draft","terms":[],"taxonomy":""},"_links":{"self":[{"href":"https:\/\/www.chu-tours.fr\/cmrr\/wp-json\/wp\/v2\/pages\/174"}],"collection":[{"href":"https:\/\/www.chu-tours.fr\/cmrr\/wp-json\/wp\/v2\/pages"}],"about":[{"href":"https:\/\/www.chu-tours.fr\/cmrr\/wp-json\/wp\/v2\/types\/page"}],"author":[{"embeddable":true,"href":"https:\/\/www.chu-tours.fr\/cmrr\/wp-json\/wp\/v2\/users\/4"}],"replies":[{"embeddable":true,"href":"https:\/\/www.chu-tours.fr\/cmrr\/wp-json\/wp\/v2\/comments?post=174"}],"version-history":[{"count":20,"href":"https:\/\/www.chu-tours.fr\/cmrr\/wp-json\/wp\/v2\/pages\/174\/revisions"}],"predecessor-version":[{"id":543,"href":"https:\/\/www.chu-tours.fr\/cmrr\/wp-json\/wp\/v2\/pages\/174\/revisions\/543"}],"wp:attachment":[{"href":"https:\/\/www.chu-tours.fr\/cmrr\/wp-json\/wp\/v2\/media?parent=174"}],"curies":[{"name":"wp","href":"https:\/\/api.w.org\/{rel}","templated":true}]}}