{"id":159,"date":"2024-06-21T10:34:35","date_gmt":"2024-06-21T08:34:35","guid":{"rendered":"https:\/\/www.chu-tours.fr\/cmrr\/?page_id=159"},"modified":"2024-12-11T11:02:50","modified_gmt":"2024-12-11T10:02:50","slug":"collaborations","status":"publish","type":"page","link":"https:\/\/www.chu-tours.fr\/cmrr\/collaborations\/","title":{"rendered":"Collaborations"},"content":{"rendered":"\t\t<div data-elementor-type=\"wp-page\" data-elementor-id=\"159\" class=\"elementor elementor-159\" data-elementor-post-type=\"page\">\n\t\t\t\t\t\t<section class=\"elementor-section elementor-top-section elementor-element elementor-element-3bf4c9d elementor-section-boxed elementor-section-height-default elementor-section-height-default\" data-id=\"3bf4c9d\" data-element_type=\"section\">\n\t\t\t\t\t\t<div class=\"elementor-container elementor-column-gap-default\">\n\t\t\t\t\t<div class=\"elementor-column elementor-col-100 elementor-top-column elementor-element elementor-element-e6e1f6c\" data-id=\"e6e1f6c\" data-element_type=\"column\">\n\t\t\t<div class=\"elementor-widget-wrap elementor-element-populated\">\n\t\t\t\t\t\t<div class=\"elementor-element elementor-element-76bd4d7 elementor-widget elementor-widget-heading\" data-id=\"76bd4d7\" data-element_type=\"widget\" data-widget_type=\"heading.default\">\n\t\t\t\t<div class=\"elementor-widget-container\">\n\t\t\t<style>\/*! elementor - v3.23.0 - 15-07-2024 *\/\n.elementor-heading-title{padding:0;margin:0;line-height:1}.elementor-widget-heading .elementor-heading-title[class*=elementor-size-]>a{color:inherit;font-size:inherit;line-height:inherit}.elementor-widget-heading .elementor-heading-title.elementor-size-small{font-size:15px}.elementor-widget-heading .elementor-heading-title.elementor-size-medium{font-size:19px}.elementor-widget-heading .elementor-heading-title.elementor-size-large{font-size:29px}.elementor-widget-heading .elementor-heading-title.elementor-size-xl{font-size:39px}.elementor-widget-heading .elementor-heading-title.elementor-size-xxl{font-size:59px}<\/style><h2 class=\"elementor-heading-title elementor-size-default\">Collaborations transversales<\/h2>\t\t<\/div>\n\t\t\t\t<\/div>\n\t\t\t\t<div class=\"elementor-element elementor-element-8d4ede0 elementor-widget elementor-widget-text-editor\" data-id=\"8d4ede0\" data-element_type=\"widget\" data-widget_type=\"text-editor.default\">\n\t\t\t\t<div class=\"elementor-widget-container\">\n\t\t\t<style>\/*! elementor - v3.23.0 - 15-07-2024 *\/\n.elementor-widget-text-editor.elementor-drop-cap-view-stacked .elementor-drop-cap{background-color:#69727d;color:#fff}.elementor-widget-text-editor.elementor-drop-cap-view-framed .elementor-drop-cap{color:#69727d;border:3px solid;background-color:transparent}.elementor-widget-text-editor:not(.elementor-drop-cap-view-default) .elementor-drop-cap{margin-top:8px}.elementor-widget-text-editor:not(.elementor-drop-cap-view-default) .elementor-drop-cap-letter{width:1em;height:1em}.elementor-widget-text-editor .elementor-drop-cap{float:left;text-align:center;line-height:1;font-size:50px}.elementor-widget-text-editor .elementor-drop-cap-letter{display:inline-block}<\/style>\t\t\t\t<ul><li>Service de M\u00e9decine nucl\u00e9aire in vitro : <br \/>&#8211; <strong>Dr Dufour<\/strong><\/li><li>Service de M\u00e9decine nucl\u00e9aire in vivo : <br \/>&#8211; <strong>Pr Ribeiro Santiago<\/strong><\/li><li>Neurologie :<ul><li>Centre expert SLA :<br \/>\u00a0&#8211; <strong>Pr Corcia<\/strong><\/li><li>Centre expert Parkinson : <br \/>&#8211; <strong>Dr Belin<\/strong><\/li><li>Centre expert Scl\u00e9rose en Plaques : <br \/>&#8211; <strong>Dr Doghri<\/strong><\/li><\/ul><\/li><li>Psychiatrie de la personne \u00e2g\u00e9e<\/li><li>Centre recherche source autisme &#8211; CRA<\/li><li>G\u00e9riatrie \u2013 Equipe ERVMA<\/li><li>Centre d\u2019Investigation Clinique<\/li><li>Centre d\u2019Innovation Technologique CIC IT 1415<\/li><\/ul>\t\t\t\t\t\t<\/div>\n\t\t\t\t<\/div>\n\t\t\t\t\t<\/div>\n\t\t<\/div>\n\t\t\t\t\t<\/div>\n\t\t<\/section>\n\t\t\t\t<section class=\"elementor-section elementor-top-section elementor-element elementor-element-30b39ef elementor-section-boxed elementor-section-height-default elementor-section-height-default\" data-id=\"30b39ef\" data-element_type=\"section\">\n\t\t\t\t\t\t<div class=\"elementor-container elementor-column-gap-default\">\n\t\t\t\t\t<div class=\"elementor-column elementor-col-100 elementor-top-column elementor-element elementor-element-d0a5d4b\" data-id=\"d0a5d4b\" data-element_type=\"column\">\n\t\t\t<div class=\"elementor-widget-wrap elementor-element-populated\">\n\t\t\t\t\t\t<div class=\"elementor-element elementor-element-594d7f3 elementor-align-right elementor-widget elementor-widget-global elementor-global-481 elementor-widget-post-info\" data-id=\"594d7f3\" data-element_type=\"widget\" data-widget_type=\"post-info.default\">\n\t\t\t\t<div class=\"elementor-widget-container\">\n\t\t\t<link rel=\"stylesheet\" href=\"https:\/\/www.chu-tours.fr\/cmrr\/wp-content\/plugins\/elementor\/assets\/css\/widget-icon-list.min.css\"><link rel=\"stylesheet\" href=\"https:\/\/www.chu-tours.fr\/cmrr\/wp-content\/plugins\/elementor-pro\/assets\/css\/widget-theme-elements.min.css?ver=1721310483\">\t\t<ul class=\"elementor-inline-items elementor-icon-list-items elementor-post-info\">\n\t\t\t\t\t\t\t\t<li class=\"elementor-icon-list-item elementor-repeater-item-6146a60 elementor-inline-item\">\n\t\t\t\t\t\t\t\t\t\t<span class=\"elementor-icon-list-icon\">\n\t\t\t\t\t\t\t\t<i aria-hidden=\"true\" class=\"far fa-calendar-check\"><\/i>\t\t\t\t\t\t\t<\/span>\n\t\t\t\t\t\t\t\t\t<span class=\"elementor-icon-list-text elementor-post-info__item elementor-post-info__item--type-custom\">\n\t\t\t\t\t\t\t\t\t\tMis \u00e0 jour le 11 d\u00e9cembre 2024\t\t\t\t\t<\/span>\n\t\t\t\t\t\t\t\t<\/li>\n\t\t\t\t<\/ul>\n\t\t\t\t<\/div>\n\t\t\t\t<\/div>\n\t\t\t\t\t<\/div>\n\t\t<\/div>\n\t\t\t\t\t<\/div>\n\t\t<\/section>\n\t\t\t\t<\/div>\n\t\t","protected":false},"excerpt":{"rendered":"<p>Collaborations transversales Service de M\u00e9decine nucl\u00e9aire in vitro : &#8211; Dr Dufour Service de M\u00e9decine nucl\u00e9aire in vivo : &#8211; Pr Ribeiro Santiago Neurologie : Centre expert SLA :\u00a0&#8211; Pr Corcia Centre expert Parkinson : &#8211; Dr Belin Centre expert Scl\u00e9rose en Plaques : &#8211; Dr Doghri Psychiatrie de la personne \u00e2g\u00e9e Centre recherche source [&hellip;]<\/p>\n","protected":false},"author":4,"featured_media":0,"parent":0,"menu_order":0,"comment_status":"closed","ping_status":"closed","template":"","meta":{"_seopress_robots_primary_cat":"","_seopress_titles_title":"Centre M\u00e9moire Ressources et Recherche. Collaborations transversales.","_seopress_titles_desc":"Les collaborations du CMRR du CHRU de Tours.","_seopress_robots_index":"","_exactmetrics_skip_tracking":false,"_exactmetrics_sitenote_active":false,"_exactmetrics_sitenote_note":"","_exactmetrics_sitenote_category":0,"_genesis_hide_title":false,"_genesis_hide_breadcrumbs":false,"_genesis_hide_singular_image":false,"_genesis_hide_footer_widgets":false,"_genesis_custom_body_class":"","_genesis_custom_post_class":"","_genesis_layout":"","footnotes":""},"publishpress_future_action":{"enabled":false,"date":"2026-05-20 11:56:02","action":"change-status","newStatus":"draft","terms":[],"taxonomy":""},"_links":{"self":[{"href":"https:\/\/www.chu-tours.fr\/cmrr\/wp-json\/wp\/v2\/pages\/159"}],"collection":[{"href":"https:\/\/www.chu-tours.fr\/cmrr\/wp-json\/wp\/v2\/pages"}],"about":[{"href":"https:\/\/www.chu-tours.fr\/cmrr\/wp-json\/wp\/v2\/types\/page"}],"author":[{"embeddable":true,"href":"https:\/\/www.chu-tours.fr\/cmrr\/wp-json\/wp\/v2\/users\/4"}],"replies":[{"embeddable":true,"href":"https:\/\/www.chu-tours.fr\/cmrr\/wp-json\/wp\/v2\/comments?post=159"}],"version-history":[{"count":11,"href":"https:\/\/www.chu-tours.fr\/cmrr\/wp-json\/wp\/v2\/pages\/159\/revisions"}],"predecessor-version":[{"id":581,"href":"https:\/\/www.chu-tours.fr\/cmrr\/wp-json\/wp\/v2\/pages\/159\/revisions\/581"}],"wp:attachment":[{"href":"https:\/\/www.chu-tours.fr\/cmrr\/wp-json\/wp\/v2\/media?parent=159"}],"curies":[{"name":"wp","href":"https:\/\/api.w.org\/{rel}","templated":true}]}}