{"id":151,"date":"2024-06-21T10:31:58","date_gmt":"2024-06-21T08:31:58","guid":{"rendered":"https:\/\/www.chu-tours.fr\/cmrr\/?page_id=151"},"modified":"2026-04-20T14:21:32","modified_gmt":"2026-04-20T12:21:32","slug":"lequipe-du-cmrr-de-tours","status":"publish","type":"page","link":"https:\/\/www.chu-tours.fr\/cmrr\/lequipe-du-cmrr-de-tours\/","title":{"rendered":"L&#8217;\u00e9quipe du CMRR de Tours"},"content":{"rendered":"\t\t<div data-elementor-type=\"wp-page\" data-elementor-id=\"151\" class=\"elementor elementor-151\" data-elementor-post-type=\"page\">\n\t\t\t\t\t\t<section class=\"elementor-section elementor-top-section elementor-element elementor-element-c87fea4 elementor-section-boxed elementor-section-height-default elementor-section-height-default\" data-id=\"c87fea4\" data-element_type=\"section\">\n\t\t\t\t\t\t<div class=\"elementor-container elementor-column-gap-default\">\n\t\t\t\t\t<div class=\"elementor-column elementor-col-50 elementor-top-column elementor-element elementor-element-3892823\" data-id=\"3892823\" data-element_type=\"column\">\n\t\t\t<div class=\"elementor-widget-wrap elementor-element-populated\">\n\t\t\t\t\t\t<div class=\"elementor-element elementor-element-cd9391a elementor-widget elementor-widget-text-editor\" data-id=\"cd9391a\" data-element_type=\"widget\" data-widget_type=\"text-editor.default\">\n\t\t\t\t<div class=\"elementor-widget-container\">\n\t\t\t<style>\/*! elementor - v3.23.0 - 15-07-2024 *\/\n.elementor-widget-text-editor.elementor-drop-cap-view-stacked .elementor-drop-cap{background-color:#69727d;color:#fff}.elementor-widget-text-editor.elementor-drop-cap-view-framed .elementor-drop-cap{color:#69727d;border:3px solid;background-color:transparent}.elementor-widget-text-editor:not(.elementor-drop-cap-view-default) .elementor-drop-cap{margin-top:8px}.elementor-widget-text-editor:not(.elementor-drop-cap-view-default) .elementor-drop-cap-letter{width:1em;height:1em}.elementor-widget-text-editor .elementor-drop-cap{float:left;text-align:center;line-height:1;font-size:50px}.elementor-widget-text-editor .elementor-drop-cap-letter{display:inline-block}<\/style>\t\t\t\t<p><strong>M\u00e9decins<\/strong> :<\/p><ul><li>Dr BALAGEAS Anna-Chlo\u00e9 (neurologue)<\/li><li>Dr LEROY Victoire (g\u00e9riatre)<\/li><li>Dr BLANC Pascal (g\u00e9riatre)<\/li><li>Pr CAMUS Vincent (psychiatre)<\/li><li>Pr DESMIDT Thomas (psychiatre)<\/li><li>Dr LEONARD Thomas (psychiatre)<\/li><\/ul><p><strong>Orthophonistes<\/strong> :<\/p><ul><li>Mme GAGNOT Aude<\/li><li>Mme IMBERT M\u00e9lanie<\/li><li>Mme JOLLY Virginie<\/li><\/ul><p><strong>Psychologues<\/strong> :<\/p><ul><li>Mme BRAULT Florence<\/li><li>Mme LAUNAY Alix<\/li><li>Mme MATYSIAK Aur\u00e9lie<\/li><li>Mme PERDEREAU Audrey<\/li><\/ul><p><strong>Ergoth\u00e9rapeute<\/strong> :<\/p><ul><li>Mme ROBILLARD Julie\u00a0<\/li><\/ul><p><strong>Attach\u00e9e de recherche clinique<\/strong> :<\/p><ul><li>Mme BOMIA Dominique<\/li><\/ul>\t\t\t\t\t\t<\/div>\n\t\t\t\t<\/div>\n\t\t\t\t\t<\/div>\n\t\t<\/div>\n\t\t\t\t<div class=\"elementor-column elementor-col-50 elementor-top-column elementor-element elementor-element-a5a197d\" data-id=\"a5a197d\" data-element_type=\"column\">\n\t\t\t<div class=\"elementor-widget-wrap elementor-element-populated\">\n\t\t\t\t\t\t<div class=\"elementor-element elementor-element-365a8e8 elementor-widget elementor-widget-image\" data-id=\"365a8e8\" data-element_type=\"widget\" data-widget_type=\"image.default\">\n\t\t\t\t<div class=\"elementor-widget-container\">\n\t\t\t<style>\/*! elementor - v3.23.0 - 15-07-2024 *\/\n.elementor-widget-image{text-align:center}.elementor-widget-image a{display:inline-block}.elementor-widget-image a img[src$=\".svg\"]{width:48px}.elementor-widget-image img{vertical-align:middle;display:inline-block}<\/style>\t\t\t\t\t\t\t\t\t\t<img fetchpriority=\"high\" decoding=\"async\" width=\"1440\" height=\"960\" src=\"https:\/\/www.chu-tours.fr\/cmrr\/wp-content\/uploads\/sites\/16\/2025\/10\/photo-equipe-cmrr_102025.jpg\" class=\"attachment-full size-full wp-image-673\" alt=\"L&#039;\u00e9quipe du CMRR de Tours\" srcset=\"https:\/\/www.chu-tours.fr\/cmrr\/wp-content\/uploads\/sites\/16\/2025\/10\/photo-equipe-cmrr_102025.jpg 1440w, https:\/\/www.chu-tours.fr\/cmrr\/wp-content\/uploads\/sites\/16\/2025\/10\/photo-equipe-cmrr_102025-300x200.jpg 300w, https:\/\/www.chu-tours.fr\/cmrr\/wp-content\/uploads\/sites\/16\/2025\/10\/photo-equipe-cmrr_102025-1024x683.jpg 1024w, https:\/\/www.chu-tours.fr\/cmrr\/wp-content\/uploads\/sites\/16\/2025\/10\/photo-equipe-cmrr_102025-768x512.jpg 768w\" sizes=\"(max-width: 1440px) 100vw, 1440px\" \/>\t\t\t\t\t\t\t\t\t\t\t\t\t<\/div>\n\t\t\t\t<\/div>\n\t\t\t\t<div class=\"elementor-element elementor-element-8a370c0 elementor-widget elementor-widget-text-editor\" data-id=\"8a370c0\" data-element_type=\"widget\" data-widget_type=\"text-editor.default\">\n\t\t\t\t<div class=\"elementor-widget-container\">\n\t\t\t\t\t\t\t<p><strong>Cadre de Sant\u00e9<\/strong><\/p><ul><li>Mme BARIL Val\u00e9rie\u00a0<\/li><\/ul><p><strong>Infirmi\u00e8re en Pratique Avanc\u00e9e (IPA)<\/strong><\/p><ul><li>Mme LEMAILE Marie<\/li><\/ul><p><strong>Secr\u00e9taires<\/strong><\/p><ul><li>Mme ROINSARD Fabienne<\/li><li>Mme PREVAULT Isabelle<\/li><\/ul><p><strong>Assistante sociale <\/strong><\/p><ul><li>Mme HALTEAU Corinne\u00a0<\/li><\/ul>\t\t\t\t\t\t<\/div>\n\t\t\t\t<\/div>\n\t\t\t\t\t<\/div>\n\t\t<\/div>\n\t\t\t\t\t<\/div>\n\t\t<\/section>\n\t\t\t\t<section class=\"elementor-section elementor-top-section elementor-element elementor-element-41e3d23 elementor-section-boxed elementor-section-height-default elementor-section-height-default\" data-id=\"41e3d23\" data-element_type=\"section\">\n\t\t\t\t\t\t<div class=\"elementor-container elementor-column-gap-default\">\n\t\t\t\t\t<div class=\"elementor-column elementor-col-100 elementor-top-column elementor-element elementor-element-047a01e\" data-id=\"047a01e\" data-element_type=\"column\">\n\t\t\t<div class=\"elementor-widget-wrap elementor-element-populated\">\n\t\t\t\t\t\t<div class=\"elementor-element elementor-element-34b5a9d elementor-align-right elementor-widget elementor-widget-global elementor-global-481 elementor-widget-post-info\" data-id=\"34b5a9d\" data-element_type=\"widget\" data-widget_type=\"post-info.default\">\n\t\t\t\t<div class=\"elementor-widget-container\">\n\t\t\t<link rel=\"stylesheet\" href=\"https:\/\/www.chu-tours.fr\/cmrr\/wp-content\/plugins\/elementor\/assets\/css\/widget-icon-list.min.css\"><link rel=\"stylesheet\" href=\"https:\/\/www.chu-tours.fr\/cmrr\/wp-content\/plugins\/elementor-pro\/assets\/css\/widget-theme-elements.min.css?ver=1721310483\">\t\t<ul class=\"elementor-inline-items elementor-icon-list-items elementor-post-info\">\n\t\t\t\t\t\t\t\t<li class=\"elementor-icon-list-item elementor-repeater-item-6146a60 elementor-inline-item\">\n\t\t\t\t\t\t\t\t\t\t<span class=\"elementor-icon-list-icon\">\n\t\t\t\t\t\t\t\t<i aria-hidden=\"true\" class=\"far fa-calendar-check\"><\/i>\t\t\t\t\t\t\t<\/span>\n\t\t\t\t\t\t\t\t\t<span class=\"elementor-icon-list-text elementor-post-info__item elementor-post-info__item--type-custom\">\n\t\t\t\t\t\t\t\t\t\tMis \u00e0 jour le 20 avril 2026\t\t\t\t\t<\/span>\n\t\t\t\t\t\t\t\t<\/li>\n\t\t\t\t<\/ul>\n\t\t\t\t<\/div>\n\t\t\t\t<\/div>\n\t\t\t\t\t<\/div>\n\t\t<\/div>\n\t\t\t\t\t<\/div>\n\t\t<\/section>\n\t\t\t\t<\/div>\n\t\t","protected":false},"excerpt":{"rendered":"<p>M\u00e9decins : Dr BALAGEAS Anna-Chlo\u00e9 (neurologue) Dr LEROY Victoire (g\u00e9riatre) Dr BLANC Pascal (g\u00e9riatre) Pr CAMUS Vincent (psychiatre) Pr DESMIDT Thomas (psychiatre) Dr LEONARD Thomas (psychiatre) Orthophonistes : Mme GAGNOT Aude Mme IMBERT M\u00e9lanie Mme JOLLY Virginie Psychologues : Mme BRAULT Florence Mme LAUNAY Alix Mme MATYSIAK Aur\u00e9lie Mme PERDEREAU Audrey Ergoth\u00e9rapeute : Mme ROBILLARD [&hellip;]<\/p>\n","protected":false},"author":4,"featured_media":0,"parent":0,"menu_order":0,"comment_status":"closed","ping_status":"closed","template":"","meta":{"_seopress_robots_primary_cat":"","_seopress_titles_title":"Centre M\u00e9moire Ressources et Recherche. L&#039;\u00e9quipe.","_seopress_titles_desc":"Pr\u00e9sentation de l&#039;\u00e9quipe pluridisciplinaire du CMRR de Tours.","_seopress_robots_index":"","_exactmetrics_skip_tracking":false,"_exactmetrics_sitenote_active":false,"_exactmetrics_sitenote_note":"","_exactmetrics_sitenote_category":0,"_genesis_hide_title":false,"_genesis_hide_breadcrumbs":false,"_genesis_hide_singular_image":false,"_genesis_hide_footer_widgets":false,"_genesis_custom_body_class":"","_genesis_custom_post_class":"","_genesis_layout":"","footnotes":""},"publishpress_future_action":{"enabled":false,"date":"2026-05-20 11:58:54","action":"change-status","newStatus":"draft","terms":[],"taxonomy":""},"_links":{"self":[{"href":"https:\/\/www.chu-tours.fr\/cmrr\/wp-json\/wp\/v2\/pages\/151"}],"collection":[{"href":"https:\/\/www.chu-tours.fr\/cmrr\/wp-json\/wp\/v2\/pages"}],"about":[{"href":"https:\/\/www.chu-tours.fr\/cmrr\/wp-json\/wp\/v2\/types\/page"}],"author":[{"embeddable":true,"href":"https:\/\/www.chu-tours.fr\/cmrr\/wp-json\/wp\/v2\/users\/4"}],"replies":[{"embeddable":true,"href":"https:\/\/www.chu-tours.fr\/cmrr\/wp-json\/wp\/v2\/comments?post=151"}],"version-history":[{"count":20,"href":"https:\/\/www.chu-tours.fr\/cmrr\/wp-json\/wp\/v2\/pages\/151\/revisions"}],"predecessor-version":[{"id":701,"href":"https:\/\/www.chu-tours.fr\/cmrr\/wp-json\/wp\/v2\/pages\/151\/revisions\/701"}],"wp:attachment":[{"href":"https:\/\/www.chu-tours.fr\/cmrr\/wp-json\/wp\/v2\/media?parent=151"}],"curies":[{"name":"wp","href":"https:\/\/api.w.org\/{rel}","templated":true}]}}