{"id":146,"date":"2024-06-21T10:29:10","date_gmt":"2024-06-21T08:29:10","guid":{"rendered":"https:\/\/www.chu-tours.fr\/cmrr\/?page_id=146"},"modified":"2024-12-11T11:01:09","modified_gmt":"2024-12-11T10:01:09","slug":"nos-missions","status":"publish","type":"page","link":"https:\/\/www.chu-tours.fr\/cmrr\/nos-missions\/","title":{"rendered":"Nos missions"},"content":{"rendered":"\t\t<div data-elementor-type=\"wp-page\" data-elementor-id=\"146\" class=\"elementor elementor-146\" data-elementor-post-type=\"page\">\n\t\t\t\t\t\t<section class=\"elementor-section elementor-top-section elementor-element elementor-element-3bf4c9d elementor-section-boxed elementor-section-height-default elementor-section-height-default\" data-id=\"3bf4c9d\" data-element_type=\"section\">\n\t\t\t\t\t\t<div class=\"elementor-container elementor-column-gap-default\">\n\t\t\t\t\t<div class=\"elementor-column elementor-col-100 elementor-top-column elementor-element elementor-element-e6e1f6c\" data-id=\"e6e1f6c\" data-element_type=\"column\">\n\t\t\t<div class=\"elementor-widget-wrap elementor-element-populated\">\n\t\t\t\t\t\t<div class=\"elementor-element elementor-element-76bd4d7 elementor-widget elementor-widget-heading\" data-id=\"76bd4d7\" data-element_type=\"widget\" data-widget_type=\"heading.default\">\n\t\t\t\t<div class=\"elementor-widget-container\">\n\t\t\t<style>\/*! elementor - v3.23.0 - 15-07-2024 *\/\n.elementor-heading-title{padding:0;margin:0;line-height:1}.elementor-widget-heading .elementor-heading-title[class*=elementor-size-]>a{color:inherit;font-size:inherit;line-height:inherit}.elementor-widget-heading .elementor-heading-title.elementor-size-small{font-size:15px}.elementor-widget-heading .elementor-heading-title.elementor-size-medium{font-size:19px}.elementor-widget-heading .elementor-heading-title.elementor-size-large{font-size:29px}.elementor-widget-heading .elementor-heading-title.elementor-size-xl{font-size:39px}.elementor-widget-heading .elementor-heading-title.elementor-size-xxl{font-size:59px}<\/style><h2 class=\"elementor-heading-title elementor-size-default\">Les missions du CMRR<\/h2>\t\t<\/div>\n\t\t\t\t<\/div>\n\t\t\t\t<div class=\"elementor-element elementor-element-e8e0b06 elementor-widget elementor-widget-text-editor\" data-id=\"e8e0b06\" data-element_type=\"widget\" data-widget_type=\"text-editor.default\">\n\t\t\t\t<div class=\"elementor-widget-container\">\n\t\t\t<style>\/*! elementor - v3.23.0 - 15-07-2024 *\/\n.elementor-widget-text-editor.elementor-drop-cap-view-stacked .elementor-drop-cap{background-color:#69727d;color:#fff}.elementor-widget-text-editor.elementor-drop-cap-view-framed .elementor-drop-cap{color:#69727d;border:3px solid;background-color:transparent}.elementor-widget-text-editor:not(.elementor-drop-cap-view-default) .elementor-drop-cap{margin-top:8px}.elementor-widget-text-editor:not(.elementor-drop-cap-view-default) .elementor-drop-cap-letter{width:1em;height:1em}.elementor-widget-text-editor .elementor-drop-cap{float:left;text-align:center;line-height:1;font-size:50px}.elementor-widget-text-editor .elementor-drop-cap-letter{display:inline-block}<\/style>\t\t\t\t<ul><li>Recevoir en consultation les personnes du secteur g\u00e9ographique de Tours, adress\u00e9es par leur m\u00e9decin traitant.<\/li><li>Aider les m\u00e9decins sp\u00e9cialistes de la r\u00e9gion Centre Val de Loire<ul><li>Participer au suivi des personnes et de leur entourage, en lien avec les professionnels de sant\u00e9 (m\u00e9decin traitant, orthophoniste, infirmi\u00e8re, \u2026) et les \u00e9quipes m\u00e9dico-sociales (\u00e9quipe mobile, accueil de jour, \u2026).<\/li><li>D\u00e9velopper des activit\u00e9s de recherche.<\/li><li>Assurer des missions de formation et d&#8217;enseignement.<\/li><li>Assurer l\u2019\u00c9ducation th\u00e9rapeutique du patient (ETP)<\/li><li>Animer un dispositif r\u00e9gional ou inter-r\u00e9gional en partenariat avec les consultations m\u00e9moire.<\/li><li>Mener une r\u00e9flexion \u00e9thique.<\/li><\/ul><\/li><\/ul>\t\t\t\t\t\t<\/div>\n\t\t\t\t<\/div>\n\t\t\t\t\t<\/div>\n\t\t<\/div>\n\t\t\t\t\t<\/div>\n\t\t<\/section>\n\t\t\t\t<section class=\"elementor-section elementor-top-section elementor-element elementor-element-a765ce0 elementor-section-boxed elementor-section-height-default elementor-section-height-default\" data-id=\"a765ce0\" data-element_type=\"section\">\n\t\t\t\t\t\t<div class=\"elementor-container elementor-column-gap-default\">\n\t\t\t\t\t<div class=\"elementor-column elementor-col-100 elementor-top-column elementor-element elementor-element-fbc5081\" data-id=\"fbc5081\" data-element_type=\"column\">\n\t\t\t<div class=\"elementor-widget-wrap elementor-element-populated\">\n\t\t\t\t\t\t<div class=\"elementor-element elementor-element-6f0dc76 elementor-align-right elementor-widget elementor-widget-global elementor-global-481 elementor-widget-post-info\" data-id=\"6f0dc76\" data-element_type=\"widget\" data-widget_type=\"post-info.default\">\n\t\t\t\t<div class=\"elementor-widget-container\">\n\t\t\t<link rel=\"stylesheet\" href=\"https:\/\/www.chu-tours.fr\/cmrr\/wp-content\/plugins\/elementor\/assets\/css\/widget-icon-list.min.css\"><link rel=\"stylesheet\" href=\"https:\/\/www.chu-tours.fr\/cmrr\/wp-content\/plugins\/elementor-pro\/assets\/css\/widget-theme-elements.min.css?ver=1721310483\">\t\t<ul class=\"elementor-inline-items elementor-icon-list-items elementor-post-info\">\n\t\t\t\t\t\t\t\t<li class=\"elementor-icon-list-item elementor-repeater-item-6146a60 elementor-inline-item\">\n\t\t\t\t\t\t\t\t\t\t<span class=\"elementor-icon-list-icon\">\n\t\t\t\t\t\t\t\t<i aria-hidden=\"true\" class=\"far fa-calendar-check\"><\/i>\t\t\t\t\t\t\t<\/span>\n\t\t\t\t\t\t\t\t\t<span class=\"elementor-icon-list-text elementor-post-info__item elementor-post-info__item--type-custom\">\n\t\t\t\t\t\t\t\t\t\tMis \u00e0 jour le 11 d\u00e9cembre 2024\t\t\t\t\t<\/span>\n\t\t\t\t\t\t\t\t<\/li>\n\t\t\t\t<\/ul>\n\t\t\t\t<\/div>\n\t\t\t\t<\/div>\n\t\t\t\t\t<\/div>\n\t\t<\/div>\n\t\t\t\t\t<\/div>\n\t\t<\/section>\n\t\t\t\t<\/div>\n\t\t","protected":false},"excerpt":{"rendered":"<p>Les missions du CMRR Recevoir en consultation les personnes du secteur g\u00e9ographique de Tours, adress\u00e9es par leur m\u00e9decin traitant. Aider les m\u00e9decins sp\u00e9cialistes de la r\u00e9gion Centre Val de Loire Participer au suivi des personnes et de leur entourage, en lien avec les professionnels de sant\u00e9 (m\u00e9decin traitant, orthophoniste, infirmi\u00e8re, \u2026) et les \u00e9quipes m\u00e9dico-sociales [&hellip;]<\/p>\n","protected":false},"author":4,"featured_media":0,"parent":0,"menu_order":0,"comment_status":"closed","ping_status":"closed","template":"","meta":{"_seopress_robots_primary_cat":"","_seopress_titles_title":"Centre M\u00e9moire Ressources et Recherche. Nos missions.","_seopress_titles_desc":"Le CMRR est un lieu de consultation au sein du CHRU de Tours, compos\u00e9 d\u2019une \u00e9quipe pluridisciplinaire. Quelles sont ses missions ?","_seopress_robots_index":"","_exactmetrics_skip_tracking":false,"_exactmetrics_sitenote_active":false,"_exactmetrics_sitenote_note":"","_exactmetrics_sitenote_category":0,"_genesis_hide_title":false,"_genesis_hide_breadcrumbs":false,"_genesis_hide_singular_image":false,"_genesis_hide_footer_widgets":false,"_genesis_custom_body_class":"","_genesis_custom_post_class":"","_genesis_layout":"","footnotes":""},"publishpress_future_action":{"enabled":false,"date":"2026-05-20 11:54:23","action":"change-status","newStatus":"draft","terms":[],"taxonomy":""},"_links":{"self":[{"href":"https:\/\/www.chu-tours.fr\/cmrr\/wp-json\/wp\/v2\/pages\/146"}],"collection":[{"href":"https:\/\/www.chu-tours.fr\/cmrr\/wp-json\/wp\/v2\/pages"}],"about":[{"href":"https:\/\/www.chu-tours.fr\/cmrr\/wp-json\/wp\/v2\/types\/page"}],"author":[{"embeddable":true,"href":"https:\/\/www.chu-tours.fr\/cmrr\/wp-json\/wp\/v2\/users\/4"}],"replies":[{"embeddable":true,"href":"https:\/\/www.chu-tours.fr\/cmrr\/wp-json\/wp\/v2\/comments?post=146"}],"version-history":[{"count":7,"href":"https:\/\/www.chu-tours.fr\/cmrr\/wp-json\/wp\/v2\/pages\/146\/revisions"}],"predecessor-version":[{"id":575,"href":"https:\/\/www.chu-tours.fr\/cmrr\/wp-json\/wp\/v2\/pages\/146\/revisions\/575"}],"wp:attachment":[{"href":"https:\/\/www.chu-tours.fr\/cmrr\/wp-json\/wp\/v2\/media?parent=146"}],"curies":[{"name":"wp","href":"https:\/\/api.w.org\/{rel}","templated":true}]}}