{"id":534,"date":"2020-10-28T13:56:03","date_gmt":"2020-10-28T12:56:03","guid":{"rendered":"https:\/\/www.chu-tours.fr\/cancerologie\/?page_id=534"},"modified":"2020-10-28T14:03:21","modified_gmt":"2020-10-28T13:03:21","slug":"liens-utiles-referentiels","status":"publish","type":"page","link":"https:\/\/www.chu-tours.fr\/cancerologie\/liens-utiles-referentiels\/","title":{"rendered":"Liens utiles &#8211; R\u00e9f\u00e9rentiels"},"content":{"rendered":"\t\t<div data-elementor-type=\"wp-page\" data-elementor-id=\"534\" class=\"elementor elementor-534\" data-elementor-post-type=\"page\">\n\t\t\t\t\t\t<section class=\"elementor-section elementor-top-section elementor-element elementor-element-7c511dd elementor-section-boxed elementor-section-height-default elementor-section-height-default\" data-id=\"7c511dd\" data-element_type=\"section\">\n\t\t\t\t\t\t<div class=\"elementor-container elementor-column-gap-default\">\n\t\t\t\t\t<div class=\"elementor-column elementor-col-100 elementor-top-column elementor-element elementor-element-e8e687f\" data-id=\"e8e687f\" data-element_type=\"column\">\n\t\t\t<div class=\"elementor-widget-wrap\">\n\t\t\t\t\t\t\t<\/div>\n\t\t<\/div>\n\t\t\t\t\t<\/div>\n\t\t<\/section>\n\t\t\t\t<section class=\"elementor-section elementor-top-section elementor-element elementor-element-5e14ddb elementor-section-boxed elementor-section-height-default elementor-section-height-default\" data-id=\"5e14ddb\" data-element_type=\"section\">\n\t\t\t\t\t\t<div class=\"elementor-container elementor-column-gap-default\">\n\t\t\t\t\t<div class=\"elementor-column elementor-col-50 elementor-top-column elementor-element elementor-element-b6d4d38\" data-id=\"b6d4d38\" data-element_type=\"column\">\n\t\t\t<div class=\"elementor-widget-wrap elementor-element-populated\">\n\t\t\t\t\t\t<div class=\"elementor-element elementor-element-68706a02 elementor-widget elementor-widget-text-editor\" data-id=\"68706a02\" data-element_type=\"widget\" data-widget_type=\"text-editor.default\">\n\t\t\t\t<div class=\"elementor-widget-container\">\n\t\t\t\t\t\t\t<ul><li><strong>L&#8217;Institut national du cancer<\/strong> (INCa)<\/li><\/ul><p style=\"padding-left: 40px;\">Dans le cadre de ses missions, l\u2019Institut national du cancer a mis en place une proc\u00e9dure de labellisation de r\u00e9f\u00e9rentiels nationaux et de recommandations de bonnes pratiques en canc\u00e9rologie. Son objectif est de permettre le d\u00e9veloppement coordonn\u00e9 de recommandations et r\u00e9f\u00e9rentiels nationaux, par les acteurs impliqu\u00e9s, notamment les soci\u00e9t\u00e9s savantes et les r\u00e9seaux r\u00e9gionaux de canc\u00e9rologie, selon les principes de qualit\u00e9, de transparence et d\u2019ind\u00e9pendance de l\u2019expertise sanitaire.<\/p><ul><li><strong>Association Francophone des Soins Oncologiques de Support<\/strong><\/li><\/ul><p style=\"padding-left: 40px;\">D\u00e9clinaison pratique des recommandations destin\u00e9e \u00e0 harmoniser les pratiques habituelles, les r\u00e9f\u00e9rentiels inter-r\u00e9seaux (RIR) en soins oncologiques de support sont \u00e9labor\u00e9s et actualis\u00e9s \u00e0 partir des recommandations existantes dans le cadre d\u2019une collaboration entre l\u2019AFSOS et les r\u00e9seaux de canc\u00e9rologie.<\/p>\t\t\t\t\t\t<\/div>\n\t\t\t\t<\/div>\n\t\t\t\t\t<\/div>\n\t\t<\/div>\n\t\t\t\t<div class=\"elementor-column elementor-col-50 elementor-top-column elementor-element elementor-element-4a57214\" data-id=\"4a57214\" data-element_type=\"column\">\n\t\t\t<div class=\"elementor-widget-wrap elementor-element-populated\">\n\t\t\t\t\t\t<div class=\"elementor-element elementor-element-82bdfe5 elementor-icon-list--layout-traditional elementor-list-item-link-full_width elementor-widget elementor-widget-icon-list\" data-id=\"82bdfe5\" data-element_type=\"widget\" data-widget_type=\"icon-list.default\">\n\t\t\t\t<div class=\"elementor-widget-container\">\n\t\t\t\t\t<ul class=\"elementor-icon-list-items\">\n\t\t\t\t\t\t\t<li class=\"elementor-icon-list-item\">\n\t\t\t\t\t\t\t\t\t\t\t<span class=\"elementor-icon-list-icon\">\n\t\t\t\t\t\t\t<i aria-hidden=\"true\" class=\"fas fa-info-circle\"><\/i>\t\t\t\t\t\t<\/span>\n\t\t\t\t\t\t\t\t\t\t<span class=\"elementor-icon-list-text\">Informations<\/span>\n\t\t\t\t\t\t\t\t\t<\/li>\n\t\t\t\t\t\t<\/ul>\n\t\t\t\t<\/div>\n\t\t\t\t<\/div>\n\t\t\t\t<div class=\"elementor-element elementor-element-8e99e08 elementor-widget elementor-widget-text-editor\" data-id=\"8e99e08\" data-element_type=\"widget\" data-widget_type=\"text-editor.default\">\n\t\t\t\t<div class=\"elementor-widget-container\">\n\t\t\t\t\t\t\t<ul><li><i class=\"fas fa-link\"><\/i>\u00a0<a href=\"https:\/\/www.e-cancer.fr\/Institut-national-du-cancer\/Labellisation-des-recommandations-et-referentiels\" target=\"_blank\" rel=\"noopener\">L&#8217;institut national du cancer &#8211; Labellisation des recommandations et r\u00e9f\u00e9rentiels<\/a><\/li><\/ul>\t\t\t\t\t\t<\/div>\n\t\t\t\t<\/div>\n\t\t\t\t<div class=\"elementor-element elementor-element-fbc0953 elementor-widget elementor-widget-text-editor\" data-id=\"fbc0953\" data-element_type=\"widget\" data-widget_type=\"text-editor.default\">\n\t\t\t\t<div class=\"elementor-widget-container\">\n\t\t\t\t\t\t\t<ul><li><i class=\"fas fa-link\"><\/i>\u00a0<a href=\"https:\/\/www.afsos.org\/referentiels-recommandations\/decouvrir-tous-les-referentiels\/\" target=\"_blank\" rel=\"noopener\">AFSOS &#8211; Les r\u00e9f\u00e9rentiels en soins oncologiques de support<\/a><\/li><\/ul>\t\t\t\t\t\t<\/div>\n\t\t\t\t<\/div>\n\t\t\t\t\t<\/div>\n\t\t<\/div>\n\t\t\t\t\t<\/div>\n\t\t<\/section>\n\t\t\t\t<\/div>\n\t\t","protected":false},"excerpt":{"rendered":"<p>Home L&#8217;Institut national du cancer (INCa) Dans le cadre de ses missions, l\u2019Institut national du cancer a mis en place une proc\u00e9dure de labellisation de r\u00e9f\u00e9rentiels nationaux et de recommandations de bonnes pratiques en canc\u00e9rologie. Son objectif est de permettre le d\u00e9veloppement coordonn\u00e9 de recommandations et r\u00e9f\u00e9rentiels nationaux, par les acteurs impliqu\u00e9s, notamment les soci\u00e9t\u00e9s [&hellip;]<\/p>\n","protected":false},"author":4,"featured_media":0,"parent":0,"menu_order":0,"comment_status":"closed","ping_status":"closed","template":"","meta":{"_seopress_robots_primary_cat":"","_seopress_titles_title":"CHRU de Tours. Canc\u00e9rologie. Liens utiles - R\u00e9f\u00e9rentiels.","_seopress_titles_desc":"R\u00e9f\u00e9rentiels","_seopress_robots_index":"","_exactmetrics_skip_tracking":false,"_exactmetrics_sitenote_active":false,"_exactmetrics_sitenote_note":"","_exactmetrics_sitenote_category":0,"_genesis_hide_title":false,"_genesis_hide_breadcrumbs":false,"_genesis_hide_singular_image":false,"_genesis_hide_footer_widgets":false,"_genesis_custom_body_class":"","_genesis_custom_post_class":"","_genesis_layout":"","footnotes":""},"publishpress_future_action":{"enabled":false,"date":"2026-05-08 12:20:53","action":"change-status","newStatus":"draft","terms":[],"taxonomy":""},"_links":{"self":[{"href":"https:\/\/www.chu-tours.fr\/cancerologie\/wp-json\/wp\/v2\/pages\/534"}],"collection":[{"href":"https:\/\/www.chu-tours.fr\/cancerologie\/wp-json\/wp\/v2\/pages"}],"about":[{"href":"https:\/\/www.chu-tours.fr\/cancerologie\/wp-json\/wp\/v2\/types\/page"}],"author":[{"embeddable":true,"href":"https:\/\/www.chu-tours.fr\/cancerologie\/wp-json\/wp\/v2\/users\/4"}],"replies":[{"embeddable":true,"href":"https:\/\/www.chu-tours.fr\/cancerologie\/wp-json\/wp\/v2\/comments?post=534"}],"version-history":[{"count":3,"href":"https:\/\/www.chu-tours.fr\/cancerologie\/wp-json\/wp\/v2\/pages\/534\/revisions"}],"predecessor-version":[{"id":538,"href":"https:\/\/www.chu-tours.fr\/cancerologie\/wp-json\/wp\/v2\/pages\/534\/revisions\/538"}],"wp:attachment":[{"href":"https:\/\/www.chu-tours.fr\/cancerologie\/wp-json\/wp\/v2\/media?parent=534"}],"curies":[{"name":"wp","href":"https:\/\/api.w.org\/{rel}","templated":true}]}}