{"id":527,"date":"2020-10-28T12:59:05","date_gmt":"2020-10-28T11:59:05","guid":{"rendered":"https:\/\/www.chu-tours.fr\/cancerologie\/?page_id=527"},"modified":"2020-10-28T13:04:35","modified_gmt":"2020-10-28T12:04:35","slug":"liens-utiles-le-plan-cancer","status":"publish","type":"page","link":"https:\/\/www.chu-tours.fr\/cancerologie\/liens-utiles-le-plan-cancer\/","title":{"rendered":"Liens utiles &#8211; Le plan cancer"},"content":{"rendered":"\t\t<div data-elementor-type=\"wp-page\" data-elementor-id=\"527\" class=\"elementor elementor-527\" data-elementor-post-type=\"page\">\n\t\t\t\t\t\t<section class=\"elementor-section elementor-top-section elementor-element elementor-element-7c511dd elementor-section-boxed elementor-section-height-default elementor-section-height-default\" data-id=\"7c511dd\" data-element_type=\"section\">\n\t\t\t\t\t\t<div class=\"elementor-container elementor-column-gap-default\">\n\t\t\t\t\t<div class=\"elementor-column elementor-col-100 elementor-top-column elementor-element elementor-element-e8e687f\" data-id=\"e8e687f\" data-element_type=\"column\">\n\t\t\t<div class=\"elementor-widget-wrap\">\n\t\t\t\t\t\t\t<\/div>\n\t\t<\/div>\n\t\t\t\t\t<\/div>\n\t\t<\/section>\n\t\t\t\t<section class=\"elementor-section elementor-top-section elementor-element elementor-element-5e14ddb elementor-section-boxed elementor-section-height-default elementor-section-height-default\" data-id=\"5e14ddb\" data-element_type=\"section\">\n\t\t\t\t\t\t<div class=\"elementor-container elementor-column-gap-default\">\n\t\t\t\t\t<div class=\"elementor-column elementor-col-50 elementor-top-column elementor-element elementor-element-b6d4d38\" data-id=\"b6d4d38\" data-element_type=\"column\">\n\t\t\t<div class=\"elementor-widget-wrap elementor-element-populated\">\n\t\t\t\t\t\t<div class=\"elementor-element elementor-element-68706a02 elementor-widget elementor-widget-text-editor\" data-id=\"68706a02\" data-element_type=\"widget\" data-widget_type=\"text-editor.default\">\n\t\t\t\t<div class=\"elementor-widget-container\">\n\t\t\t\t\t\t\t<h2>L&#8217;institut national du cancer<\/h2><p>L&#8217;Institut national du cancer (INCa) est l\u2019agence d&#8217;expertise sanitaire et scientifique en canc\u00e9rologie de l\u2019\u00c9tat charg\u00e9e de coordonner les actions de lutte contre le cancer.<\/p><p>Cr\u00e9\u00e9e par la loi de sant\u00e9 publique du 9 ao\u00fbt 2004, elle est plac\u00e9e sous la tutelle conjointe du minist\u00e8re des Solidarit\u00e9s et de la Sant\u00e9 d&#8217;une part, et du minist\u00e8re de l&#8217;Enseignement sup\u00e9rieur, de la Recherche et de l&#8217;Innovation d&#8217;autre part.<\/p>\t\t\t\t\t\t<\/div>\n\t\t\t\t<\/div>\n\t\t\t\t\t<\/div>\n\t\t<\/div>\n\t\t\t\t<div class=\"elementor-column elementor-col-50 elementor-top-column elementor-element elementor-element-4a57214\" data-id=\"4a57214\" data-element_type=\"column\">\n\t\t\t<div class=\"elementor-widget-wrap elementor-element-populated\">\n\t\t\t\t\t\t<div class=\"elementor-element elementor-element-82bdfe5 elementor-icon-list--layout-traditional elementor-list-item-link-full_width elementor-widget elementor-widget-icon-list\" data-id=\"82bdfe5\" data-element_type=\"widget\" data-widget_type=\"icon-list.default\">\n\t\t\t\t<div class=\"elementor-widget-container\">\n\t\t\t\t\t<ul class=\"elementor-icon-list-items\">\n\t\t\t\t\t\t\t<li class=\"elementor-icon-list-item\">\n\t\t\t\t\t\t\t\t\t\t\t<span class=\"elementor-icon-list-icon\">\n\t\t\t\t\t\t\t<i aria-hidden=\"true\" class=\"fas fa-info-circle\"><\/i>\t\t\t\t\t\t<\/span>\n\t\t\t\t\t\t\t\t\t\t<span class=\"elementor-icon-list-text\">Informations<\/span>\n\t\t\t\t\t\t\t\t\t<\/li>\n\t\t\t\t\t\t<\/ul>\n\t\t\t\t<\/div>\n\t\t\t\t<\/div>\n\t\t\t\t<div class=\"elementor-element elementor-element-8e99e08 elementor-widget elementor-widget-text-editor\" data-id=\"8e99e08\" data-element_type=\"widget\" data-widget_type=\"text-editor.default\">\n\t\t\t\t<div class=\"elementor-widget-container\">\n\t\t\t\t\t\t\t<ul><li><i class=\"fas fa-link\"><\/i>\u00a0<a href=\"http:\/\/www.e-cancer.fr\/\" target=\"_blank\" rel=\"noopener\">L&#8217;institut national du cancer<\/a><\/li><\/ul>\t\t\t\t\t\t<\/div>\n\t\t\t\t<\/div>\n\t\t\t\t\t<\/div>\n\t\t<\/div>\n\t\t\t\t\t<\/div>\n\t\t<\/section>\n\t\t\t\t<\/div>\n\t\t","protected":false},"excerpt":{"rendered":"<p>Home L&#8217;institut national du cancer L&#8217;Institut national du cancer (INCa) est l\u2019agence d&#8217;expertise sanitaire et scientifique en canc\u00e9rologie de l\u2019\u00c9tat charg\u00e9e de coordonner les actions de lutte contre le cancer. Cr\u00e9\u00e9e par la loi de sant\u00e9 publique du 9 ao\u00fbt 2004, elle est plac\u00e9e sous la tutelle conjointe du minist\u00e8re des Solidarit\u00e9s et de la [&hellip;]<\/p>\n","protected":false},"author":4,"featured_media":0,"parent":0,"menu_order":0,"comment_status":"closed","ping_status":"closed","template":"","meta":{"_seopress_robots_primary_cat":"","_seopress_titles_title":"CHRU de Tours. Canc\u00e9rologie. Liens utiles - Le plan cancer.","_seopress_titles_desc":"L&#039;Institut national du cancer (INCa) est l\u2019agence d&#039;expertise sanitaire et scientifique en canc\u00e9rologie de l\u2019\u00c9tat charg\u00e9e de coordonner les actions de lutte contre le cancer.","_seopress_robots_index":"","_exactmetrics_skip_tracking":false,"_exactmetrics_sitenote_active":false,"_exactmetrics_sitenote_note":"","_exactmetrics_sitenote_category":0,"_genesis_hide_title":false,"_genesis_hide_breadcrumbs":false,"_genesis_hide_singular_image":false,"_genesis_hide_footer_widgets":false,"_genesis_custom_body_class":"","_genesis_custom_post_class":"","_genesis_layout":"","footnotes":""},"publishpress_future_action":{"enabled":false,"date":"2026-05-01 17:54:57","action":"change-status","newStatus":"draft","terms":[],"taxonomy":""},"_links":{"self":[{"href":"https:\/\/www.chu-tours.fr\/cancerologie\/wp-json\/wp\/v2\/pages\/527"}],"collection":[{"href":"https:\/\/www.chu-tours.fr\/cancerologie\/wp-json\/wp\/v2\/pages"}],"about":[{"href":"https:\/\/www.chu-tours.fr\/cancerologie\/wp-json\/wp\/v2\/types\/page"}],"author":[{"embeddable":true,"href":"https:\/\/www.chu-tours.fr\/cancerologie\/wp-json\/wp\/v2\/users\/4"}],"replies":[{"embeddable":true,"href":"https:\/\/www.chu-tours.fr\/cancerologie\/wp-json\/wp\/v2\/comments?post=527"}],"version-history":[{"count":3,"href":"https:\/\/www.chu-tours.fr\/cancerologie\/wp-json\/wp\/v2\/pages\/527\/revisions"}],"predecessor-version":[{"id":533,"href":"https:\/\/www.chu-tours.fr\/cancerologie\/wp-json\/wp\/v2\/pages\/527\/revisions\/533"}],"wp:attachment":[{"href":"https:\/\/www.chu-tours.fr\/cancerologie\/wp-json\/wp\/v2\/media?parent=527"}],"curies":[{"name":"wp","href":"https:\/\/api.w.org\/{rel}","templated":true}]}}