{"id":517,"date":"2020-10-28T12:46:31","date_gmt":"2020-10-28T11:46:31","guid":{"rendered":"https:\/\/www.chu-tours.fr\/cancerologie\/?page_id=517"},"modified":"2020-10-28T13:00:07","modified_gmt":"2020-10-28T12:00:07","slug":"liens-utiles-les-associations-en-cancerologie","status":"publish","type":"page","link":"https:\/\/www.chu-tours.fr\/cancerologie\/liens-utiles-les-associations-en-cancerologie\/","title":{"rendered":"Liens utiles &#8211; Les Associations en canc\u00e9rologie"},"content":{"rendered":"\t\t<div data-elementor-type=\"wp-page\" data-elementor-id=\"517\" class=\"elementor elementor-517\" data-elementor-post-type=\"page\">\n\t\t\t\t\t\t<section class=\"elementor-section elementor-top-section elementor-element elementor-element-7c511dd elementor-section-boxed elementor-section-height-default elementor-section-height-default\" data-id=\"7c511dd\" data-element_type=\"section\">\n\t\t\t\t\t\t<div class=\"elementor-container elementor-column-gap-default\">\n\t\t\t\t\t<div class=\"elementor-column elementor-col-100 elementor-top-column elementor-element elementor-element-e8e687f\" data-id=\"e8e687f\" data-element_type=\"column\">\n\t\t\t<div class=\"elementor-widget-wrap\">\n\t\t\t\t\t\t\t<\/div>\n\t\t<\/div>\n\t\t\t\t\t<\/div>\n\t\t<\/section>\n\t\t\t\t<section class=\"elementor-section elementor-top-section elementor-element elementor-element-5e14ddb elementor-section-boxed elementor-section-height-default elementor-section-height-default\" data-id=\"5e14ddb\" data-element_type=\"section\">\n\t\t\t\t\t\t<div class=\"elementor-container elementor-column-gap-default\">\n\t\t\t\t\t<div class=\"elementor-column elementor-col-50 elementor-top-column elementor-element elementor-element-b6d4d38\" data-id=\"b6d4d38\" data-element_type=\"column\">\n\t\t\t<div class=\"elementor-widget-wrap elementor-element-populated\">\n\t\t\t\t\t\t<div class=\"elementor-element elementor-element-68706a02 elementor-widget elementor-widget-text-editor\" data-id=\"68706a02\" data-element_type=\"widget\" data-widget_type=\"text-editor.default\">\n\t\t\t\t<div class=\"elementor-widget-container\">\n\t\t\t\t\t\t\t<h2>L&#8217;association CANCEN<\/h2><p>CANCEN est une association dynamique qui, avec le soutien de partenaires, met en oeuvre plusieurs manifestations annuelles :<\/p><ul><li>Repr\u00e9sentations th\u00e9\u00e2trales<\/li><li>Organisation d\u2019un loto<\/li><li>Tenue d\u2019un stand \u00e0 la Foire de Tours<\/li><li>Bal annuel<\/li><\/ul><h2>Ligue Nationale Contre le Cancer<\/h2><p>Cr\u00e9\u00e9e en 1918, la Ligue contre le cancer est une association loi 1901\u00a0reconnue d\u2019utilit\u00e9 publique\u00a0reposant sur la g\u00e9n\u00e9rosit\u00e9 du public et sur l\u2019engagement de ses b\u00e9n\u00e9voles et salari\u00e9s form\u00e9s gr\u00e2ce \u00e0 une \u00e9cole de formation agr\u00e9\u00e9e pour r\u00e9pondre aux besoins des personnes concern\u00e9es par le cancer.<\/p><p>Notre f\u00e9d\u00e9ration, compos\u00e9e de\u00a0103\u00a0Comit\u00e9s d\u00e9partementaux\u00a0pr\u00e9sents sur tout le territoire national, est apolitique et ind\u00e9pendante financi\u00e8rement.<br \/><br \/><\/p>\t\t\t\t\t\t<\/div>\n\t\t\t\t<\/div>\n\t\t\t\t\t<\/div>\n\t\t<\/div>\n\t\t\t\t<div class=\"elementor-column elementor-col-50 elementor-top-column elementor-element elementor-element-4a57214\" data-id=\"4a57214\" data-element_type=\"column\">\n\t\t\t<div class=\"elementor-widget-wrap elementor-element-populated\">\n\t\t\t\t\t\t<div class=\"elementor-element elementor-element-82bdfe5 elementor-icon-list--layout-traditional elementor-list-item-link-full_width elementor-widget elementor-widget-icon-list\" data-id=\"82bdfe5\" data-element_type=\"widget\" data-widget_type=\"icon-list.default\">\n\t\t\t\t<div class=\"elementor-widget-container\">\n\t\t\t\t\t<ul class=\"elementor-icon-list-items\">\n\t\t\t\t\t\t\t<li class=\"elementor-icon-list-item\">\n\t\t\t\t\t\t\t\t\t\t\t<span class=\"elementor-icon-list-icon\">\n\t\t\t\t\t\t\t<i aria-hidden=\"true\" class=\"fas fa-info-circle\"><\/i>\t\t\t\t\t\t<\/span>\n\t\t\t\t\t\t\t\t\t\t<span class=\"elementor-icon-list-text\">Informations<\/span>\n\t\t\t\t\t\t\t\t\t<\/li>\n\t\t\t\t\t\t<\/ul>\n\t\t\t\t<\/div>\n\t\t\t\t<\/div>\n\t\t\t\t<div class=\"elementor-element elementor-element-8e99e08 elementor-widget elementor-widget-text-editor\" data-id=\"8e99e08\" data-element_type=\"widget\" data-widget_type=\"text-editor.default\">\n\t\t\t\t<div class=\"elementor-widget-container\">\n\t\t\t\t\t\t\t<ul><li><i class=\"fas fa-link\"><\/i>\u00a0<a href=\"http:\/\/www.cancen.fr\/\" target=\"_blank\" rel=\"noopener\">CANCEN<\/a><\/li><li><i class=\"fas fa-link\"><\/i>\u00a0<a href=\"https:\/\/www.ligue-cancer.net\/\" target=\"_blank\" rel=\"noopener\">Ligue Nationale Contre le Cancer<\/a><\/li><\/ul>\t\t\t\t\t\t<\/div>\n\t\t\t\t<\/div>\n\t\t\t\t\t<\/div>\n\t\t<\/div>\n\t\t\t\t\t<\/div>\n\t\t<\/section>\n\t\t\t\t<\/div>\n\t\t","protected":false},"excerpt":{"rendered":"<p>Home L&#8217;association CANCEN CANCEN est une association dynamique qui, avec le soutien de partenaires, met en oeuvre plusieurs manifestations annuelles : Repr\u00e9sentations th\u00e9\u00e2trales Organisation d\u2019un loto Tenue d\u2019un stand \u00e0 la Foire de Tours Bal annuel Ligue Nationale Contre le Cancer Cr\u00e9\u00e9e en 1918, la Ligue contre le cancer est une association loi 1901\u00a0reconnue d\u2019utilit\u00e9 [&hellip;]<\/p>\n","protected":false},"author":4,"featured_media":0,"parent":0,"menu_order":0,"comment_status":"closed","ping_status":"closed","template":"","meta":{"_seopress_robots_primary_cat":"","_seopress_titles_title":"CHRU de Tours. Canc\u00e9rologie. Liens utiles - Les Associations en canc\u00e9rologie.","_seopress_titles_desc":"Les Associations en canc\u00e9rologie.","_seopress_robots_index":"","_exactmetrics_skip_tracking":false,"_exactmetrics_sitenote_active":false,"_exactmetrics_sitenote_note":"","_exactmetrics_sitenote_category":0,"_genesis_hide_title":false,"_genesis_hide_breadcrumbs":false,"_genesis_hide_singular_image":false,"_genesis_hide_footer_widgets":false,"_genesis_custom_body_class":"","_genesis_custom_post_class":"","_genesis_layout":"","footnotes":""},"publishpress_future_action":{"enabled":false,"date":"2026-04-24 09:38:16","action":"change-status","newStatus":"draft","terms":[],"taxonomy":""},"_links":{"self":[{"href":"https:\/\/www.chu-tours.fr\/cancerologie\/wp-json\/wp\/v2\/pages\/517"}],"collection":[{"href":"https:\/\/www.chu-tours.fr\/cancerologie\/wp-json\/wp\/v2\/pages"}],"about":[{"href":"https:\/\/www.chu-tours.fr\/cancerologie\/wp-json\/wp\/v2\/types\/page"}],"author":[{"embeddable":true,"href":"https:\/\/www.chu-tours.fr\/cancerologie\/wp-json\/wp\/v2\/users\/4"}],"replies":[{"embeddable":true,"href":"https:\/\/www.chu-tours.fr\/cancerologie\/wp-json\/wp\/v2\/comments?post=517"}],"version-history":[{"count":11,"href":"https:\/\/www.chu-tours.fr\/cancerologie\/wp-json\/wp\/v2\/pages\/517\/revisions"}],"predecessor-version":[{"id":530,"href":"https:\/\/www.chu-tours.fr\/cancerologie\/wp-json\/wp\/v2\/pages\/517\/revisions\/530"}],"wp:attachment":[{"href":"https:\/\/www.chu-tours.fr\/cancerologie\/wp-json\/wp\/v2\/media?parent=517"}],"curies":[{"name":"wp","href":"https:\/\/api.w.org\/{rel}","templated":true}]}}